{"id":15283,"date":"2021-05-24T15:51:34","date_gmt":"2021-05-24T13:51:34","guid":{"rendered":"https:\/\/guil.es\/?post_type=product&#038;p=15283"},"modified":"2025-07-18T09:54:38","modified_gmt":"2025-07-18T07:54:38","slug":"trolley-to-transport-and-store-music-stands-ref-cro-02","status":"publish","type":"product","link":"https:\/\/guil.es\/en\/products\/trolley-to-transport-and-store-music-stands-ref-cro-02\/","title":{"rendered":"Trolley for music stands"},"content":{"rendered":"<p>[vc_row el_id=&#8221;tabs_componenetes&#8221;][vc_column][vc_column_text el_id=&#8221;edit-text&#8221; el_class=&#8221;edit-text&#8221;]<span style=\"font-size: 11pt; color: #000000; font-family: 'Open Sans';\">Fitted with 5 wheels. Maximum manoeuvrability<\/span>[\/vc_column_text][\/vc_column][\/vc_row][vc_row full_width=&#8221;stretch_row_content_no_spaces&#8221; preset=&#8221;preset_112&#8243; content_preset=&#8221;_preset_112&#8243;][vc_column]<div id=\"mpc_tabs-6269e7bf01a04a3\" class=\"mpc-tabs mpc-init mpc-transition mpc-tabs--top mpc-tabs--decor-line tab-decorat\"  data-active=\"1\"><div class=\"mpc-tabs__nav mpc-align--left\"><ul><li class=\"mpc-tabs__nav-item mpc-parent-hover mpc-active\" data-tab_id=\"1752566432-1-52\"><div data-id=\"mpc_button-9969e7bf01a05b6\" class=\"mpc-button mpc-init mpc-transition mpc-typography--mpc_preset_37 \" ><div class=\"mpc-button__content mpc-effect-type--none mpc-effect-side--none\"><span class=\"mpc-button__title mpc-transition\">VIDEO<\/span><\/div><div class=\"mpc-button__background mpc-transition mpc-effect-type--expand mpc-effect-side--horizontal\"><\/div><\/div><\/li><li class=\"mpc-tabs__nav-item mpc-parent-hover\" data-tab_id=\"1752566443389-1-7\"><div data-id=\"mpc_button-269e7bf01a0660\" class=\"mpc-button mpc-init mpc-transition mpc-typography--mpc_preset_37 \" ><div class=\"mpc-button__content mpc-effect-type--none mpc-effect-side--none\"><span class=\"mpc-button__title mpc-transition\">DOWNLOADS<\/span><\/div><div class=\"mpc-button__background mpc-transition mpc-effect-type--expand mpc-effect-side--horizontal\"><\/div><\/div><\/li><\/ul><\/div><div class=\"mpc-tabs__content mpc-transition\"><div class=\"mpc-tab mpc-container mpc-transition \" id=\"1752566432-1-52\" data-active=\"true\"><div class=\"mpc-tab__content\">[vc_row_inner][vc_column_inner width=&#8221;1\/4&#8243;][vc_video link=&#8221;https:\/\/youtu.be\/hNHlPZ3Lr4o?si=sQ1GnYDnZJWOaMgs&#8221; el_width=&#8221;90&#8243;][\/vc_column_inner][vc_column_inner width=&#8221;1\/4&#8243;][\/vc_column_inner][vc_column_inner width=&#8221;1\/4&#8243;][\/vc_column_inner][vc_column_inner width=&#8221;1\/4&#8243;][\/vc_column_inner][\/vc_row_inner]<\/div><\/div><div class=\"mpc-tab mpc-container mpc-transition \" id=\"1752566443389-1-7\" data-active=\"false\"><div class=\"mpc-tab__content\">[vc_row_inner][vc_column_inner width=&#8221;1\/3&#8243; css=&#8221;.vc_custom_1752566551399{padding-top: 20px !important;}&#8221;][vc_column_text]<\/p>\n<div class='w3eden'><!-- WPDM Link Template: Default Template -->\r\n\r\n\r\n<div class=\"link-template-default card mb-2\">\r\n    <div class=\"card-body\">\r\n        <div class=\"media stack-xs\">\r\n            <div class=\"media-body\">\r\n                <div class=\"media\">\r\n                    <div class=\"mr-3 img-48\"><img class=\"wpdm_icon\" alt=\"Icon\" src=\"https:\/\/guil.es\/wp-content\/plugins\/download-manager\/assets\/file-type-icons\/pdf.svg\" \/><\/div>\r\n                    <div class=\"media-body\">\r\n                        <h3 class=\"package-title\">\r\n                            <a class=\"wpdm-download-link download-on-click\" rel='nofollow' target=\"_blank\" data-downloadurl=\"https:\/\/guil.es\/en\/download\/guil-cro-02-technical-specifications\/?wpdmdl=247110&refresh=69e7bf01a25c61776795393\" href=\"#\">GUIL Trolley for music stands CRO-02<br>- Technical Specifications -<\/a>\r\n                        <\/h3>\r\n                        <div class=\"text-muted text-small\" ><i class=\"fa fa-copy\"><\/i> 1 file(s) <i class=\"fa fa-hdd-o ml-3\"><\/i> 739.85 KB<\/div>\r\n                    <\/div>\r\n                <\/div>\r\n            <\/div>\r\n            <!--<div class=\"ml-3 wpdmdl-btn\">\r\n                <a class='wpdm-download-link download-on-click btn btn-danger btn-sm' rel='nofollow' href='#' data-downloadurl=\"https:\/\/guil.es\/en\/download\/guil-cro-02-technical-specifications\/?wpdmdl=247110&refresh=69e7bf01a25c61776795393\">Download<\/a>\r\n            <\/div>-->\r\n        <\/div>\r\n    <\/div>\r\n<\/div>\r\n\r\n\r\n<\/div>\n<p>[\/vc_column_text][vc_empty_space height=&#8221;100&#8243;][\/vc_column_inner][vc_column_inner width=&#8221;1\/3&#8243;][\/vc_column_inner][vc_column_inner width=&#8221;1\/3&#8243;][\/vc_column_inner][\/vc_row_inner]<\/div><\/div><\/div><\/div>[\/vc_column][vc_column][vc_column_text el_class=&#8221;edit-text&#8221;]<span style=\"font-size: 11pt; color: #000000; font-family: 'Open Sans';\">Fitted with 5 wheels. Maximum manoeuvrability<\/span>[\/vc_column_text][\/vc_column][\/vc_row][vc_section full_width=&#8221;stretch_row&#8221; css_animation=&#8221;none&#8221; css=&#8221;.vc_custom_1752566620722{background-color: #eaeaea !important;}&#8221;][vc_row full_width=&#8221;stretch_row&#8221; css=&#8221;.vc_custom_1602172635003{margin-top: 50px !important;}&#8221;][vc_column preset=&#8221;mpc_preset_74&#8243; content_preset=&#8221;_mpc_preset_74&#8243;][vc_row_inner preset=&#8221;preset_3&#8243; content_preset=&#8221;_preset_3&#8243; css=&#8221;.vc_custom_1608205596066{margin-top: 0px !important;margin-bottom: 0px !important;padding-top: 0px !important;padding-bottom: 15px !important;}&#8221; el_class=&#8221;force-center&#8221;][vc_column_inner css=&#8221;.vc_custom_1608217831566{padding-bottom: 0px !important;}&#8221; offset=&#8221;vc_hidden-sm vc_hidden-xs&#8221;]<div id=\"mpc_textblock-5269e7bf01b230f\" class=\"mpc-textblock mpc-init mpc-typography--preset_5 \"><p>RELATED PRODUCTS<\/p>\n<\/div>[\/vc_column_inner][\/vc_row_inner][vc_row_inner preset=&#8221;preset_3&#8243; content_preset=&#8221;_preset_3&#8243; css=&#8221;.vc_custom_1608205596066{margin-top: 0px !important;margin-bottom: 0px !important;padding-top: 0px !important;padding-bottom: 15px !important;}&#8221; el_class=&#8221;force-center&#8221;][vc_column_inner css=&#8221;.vc_custom_1608218722547{padding-bottom: 0px !important;}&#8221; offset=&#8221;vc_hidden-lg vc_hidden-md&#8221;]<div id=\"mpc_textblock-1369e7bf01b23cc\" class=\"mpc-textblock mpc-init mpc-typography--preset_5 \"><p>RELATED PRODUCTS<\/p>\n<\/div>[\/vc_column_inner][\/vc_row_inner][vc_row_inner preset=&#8221;preset_3&#8243; content_preset=&#8221;_preset_3&#8243; css=&#8221;.vc_custom_1604673108690{margin-top: 5px !important;margin-bottom: 60px !important;padding-top: 0px !important;}&#8221; el_class=&#8221;force-center&#8221;][vc_column_inner width=&#8221;1\/5&#8243; css=&#8221;.vc_custom_1608205646743{margin-top: 0px !important;margin-bottom: 0px !important;padding-top: 0px !important;padding-bottom: 0px !important;}&#8221;][\/vc_column_inner][vc_column_inner width=&#8221;3\/5&#8243; css=&#8221;.vc_custom_1604665675829{margin-top: 0px !important;padding-top: 0px !important;}&#8221;]<div data-id=\"mpc_image-4969e7bf01b2cff\" onclick=\"\" class=\"mpc-image mpc-init mpc-fullwidth \" ><div class=\"mpc-item mpc-transition\"><img width=\"1370\" height=\"155\" src=\"https:\/\/guil.es\/wp-content\/uploads\/2020\/09\/pngocean1.png\" class=\"mpc-transition attachment-full\" alt=\"pngocean1\" loading=\"lazy\" srcset=\"https:\/\/guil.es\/wp-content\/uploads\/2020\/09\/pngocean1.png 1370w, https:\/\/guil.es\/wp-content\/uploads\/2020\/09\/pngocean1-900x102.png 900w, https:\/\/guil.es\/wp-content\/uploads\/2020\/09\/pngocean1-1024x116.png 1024w, https:\/\/guil.es\/wp-content\/uploads\/2020\/09\/pngocean1-768x87.png 768w, https:\/\/guil.es\/wp-content\/uploads\/2020\/09\/pngocean1-260x29.png 260w, https:\/\/guil.es\/wp-content\/uploads\/2020\/09\/pngocean1-50x6.png 50w, https:\/\/guil.es\/wp-content\/uploads\/2020\/09\/pngocean1-150x17.png 150w, https:\/\/guil.es\/wp-content\/uploads\/2020\/09\/pngocean1-950x107.png 950w\" sizes=\"(max-width: 1370px) 100vw, 1370px\" \/><\/div><\/div>[\/vc_column_inner][vc_column_inner width=&#8221;1\/5&#8243;][\/vc_column_inner][\/vc_row_inner][\/vc_column][\/vc_row][vc_row full_width=&#8221;stretch_row_content&#8221; preset=&#8221;preset_3&#8243; content_preset=&#8221;_preset_3&#8243; css=&#8221;.vc_custom_1605174064718{margin-top: 0px !important;margin-bottom: 0px !important;border-bottom-width: 0px !important;padding-right: 30px !important;padding-bottom: 0px !important;padding-left: 30px !important;}&#8221;][vc_column]<div class=\"mpc-carousel__wrapper mpc-waypoint\"><div id=\"mpc_wc_carousel_products-1869e7bf01b4570\" class=\"mpc-wc-carousel-products mpc-init mpc-carousel--stretched mpc-init mpc-transition mpc-buttons--on-hover mpc--force-replace mpc--floating-box \"  data-mpcslick='{\"infinite\":true,\"autoplay\":true,\"slidesToShow\":5,\"slidesToScroll\":1,\"centerMode\":false,\"initialSlide\":0,\"autoplaySpeed\":15000}' data-slick-cols=\"5\" data-buttons-effect=\"slide-down\" data-content-effect=\"fade-in\" data-buttons=\"middle-center|vertical\" data-thumb-effects=\"none|slide-down\" data-thumb-positions=\"middle:center|middle:center\"><div class=\"mpc-wc-product\"><div class=\"mpc-product__wrapper\"><div class=\"mpc-product__thumb-wrap\" style=\"\"><div data-mpc_link=\"https:\/\/guil.es\/en\/products\/orchestra-music-stand-for-professional-use-ref-at-12\/\" class=\"mpc-product__thumb mpc-effect--target\" data-mpc_src=\"https:\/\/guil.es\/wp-content\/uploads\/2021\/05\/Atril-orquesta-bandeja-metalica-AT-12-4.jpg\" style=\"background-image: url(https:\/\/guil.es\/wp-content\/uploads\/2021\/05\/Atril-orquesta-bandeja-metalica-AT-12-4.jpg)\"><\/div><div class=\"mpc-thumb__buttons mpc-transition\"><a href=\"https:\/\/guil.es\/en\/products\/orchestra-music-stand-for-professional-use-ref-at-12\/\" title=\"Purchase: Orchestra music stand for professional use\" class=\"mpc-url mpc-icon-anchor\"><i class=\"mpc-product__icon mpc-type--url mi mi-open_in_new\"><\/i><\/a><\/div><div class=\"mpc-thumb__content-wrap\"><div data-mpc_link=\"https:\/\/guil.es\/en\/products\/orchestra-music-stand-for-professional-use-ref-at-12\/\" class=\"mpc-thumb__content-hover mpc-transition\"><div class=\"mpc-inline-box\"><span class=\"mpc-product__atc\"><\/span><\/div><\/div><\/div><\/div><div class=\"mpc-flex\"><div class=\"mpc-product__content mpc-transition\"><span class=\"ref-related\"><a href=\"https:\/\/guil.es\/en\/products\/orchestra-music-stand-for-professional-use-ref-at-12\/\" class=\"ref-related\" title=\"AT-12\">AT-12<\/a><\/span><span class=\"mpc-product__heading mpc-transition mpc-typography--mpc_preset_111 mpc-text-overflow\"><a href=\"https:\/\/guil.es\/en\/products\/orchestra-music-stand-for-professional-use-ref-at-12\/\" title=\"Orchestra music stand for professional use\">Orchestra music stand for professional use<\/a><\/span><\/div><\/div><div class='attr_table' style='margin-bottom: 0px; background: white;'><\/div><\/div><\/div><div class=\"mpc-wc-product\"><div class=\"mpc-product__wrapper\"><div class=\"mpc-product__thumb-wrap\" style=\"\"><div data-mpc_link=\"https:\/\/guil.es\/en\/products\/orchestra-music-stand-for-professional-use-ref-at-13\/\" class=\"mpc-product__thumb mpc-effect--target\" data-mpc_src=\"https:\/\/guil.es\/wp-content\/uploads\/2021\/05\/Atril-orquesta-bandeja-metalica-AT-13.jpg\" style=\"background-image: url(https:\/\/guil.es\/wp-content\/uploads\/2021\/05\/Atril-orquesta-bandeja-metalica-AT-13.jpg)\"><\/div><div class=\"mpc-thumb__buttons mpc-transition\"><a href=\"https:\/\/guil.es\/en\/products\/orchestra-music-stand-for-professional-use-ref-at-13\/\" title=\"Purchase: Orchestra music stand for professional use\" class=\"mpc-url mpc-icon-anchor\"><i class=\"mpc-product__icon mpc-type--url mi mi-open_in_new\"><\/i><\/a><\/div><div class=\"mpc-thumb__content-wrap\"><div data-mpc_link=\"https:\/\/guil.es\/en\/products\/orchestra-music-stand-for-professional-use-ref-at-13\/\" class=\"mpc-thumb__content-hover mpc-transition\"><div class=\"mpc-inline-box\"><span class=\"mpc-product__atc\"><\/span><\/div><\/div><\/div><\/div><div class=\"mpc-flex\"><div class=\"mpc-product__content mpc-transition\"><span class=\"ref-related\"><a href=\"https:\/\/guil.es\/en\/products\/orchestra-music-stand-for-professional-use-ref-at-13\/\" class=\"ref-related\" title=\"AT-13\">AT-13<\/a><\/span><span class=\"mpc-product__heading mpc-transition mpc-typography--mpc_preset_111 mpc-text-overflow\"><a href=\"https:\/\/guil.es\/en\/products\/orchestra-music-stand-for-professional-use-ref-at-13\/\" title=\"Orchestra music stand for professional use\">Orchestra music stand for professional use<\/a><\/span><\/div><\/div><div class='attr_table' style='margin-bottom: 0px; background: white;'><\/div><\/div><\/div><\/div><div class=\"mpc-navigation mpc-init mpc-align--left mpc-navigation--style_5  mpc-nav-preset--mpc_preset_40\" data-mpcslider=\"mpc_wc_carousel_products-1869e7bf01b4570\"><div class=\"mpc-nav__arrow mpcslick-prev\"><div class=\"mpc-nav__icon mpc-transition\"><i class=\" eti eti_arrow_carrot-left\"><div class=\"mpc-nav__background mpc-transition mpc-effect-type--fade mpc-effect-side--in\"><\/div><\/i><\/div><\/div><\/div><div class=\"mpc-navigation mpc-init mpc-align--left mpc-navigation--style_5  mpc-nav-preset--mpc_preset_40\" data-mpcslider=\"mpc_wc_carousel_products-1869e7bf01b4570\"><div class=\"mpc-nav__arrow mpcslick-next\"><div class=\"mpc-nav__icon mpc-transition\"><i class=\" eti eti_arrow_carrot-right\"><div class=\"mpc-nav__background mpc-transition mpc-effect-type--fade mpc-effect-side--in\"><\/div><\/i><\/div><\/div><\/div><\/div>[vc_empty_space height=&#8221;80px&#8221;][\/vc_column][\/vc_row][\/vc_section][vc_row full_width=&#8221;stretch_row_content_no_spaces&#8221; first_background_type=&#8221;gradient&#8221; first_background_gradient=&#8221;#ffffff||#000000||75;98||circle||radial&#8221; css=&#8221;.vc_custom_1604655756422{margin-top: 0px !important;border-top-width: 0px !important;padding-top: 0px !important;}&#8221;][vc_column css=&#8221;.vc_custom_1604501523362{margin-top: 0px !important;border-top-width: 0px !important;padding-top: 0px !important;}&#8221;]<div data-id=\"mpc_image-5569e7bf01b8d24\" onclick=\"\" class=\"mpc-image mpc-init mpc-fullwidth \" ><div class=\"mpc-item mpc-transition\"><img width=\"1800\" height=\"146\" src=\"https:\/\/guil.es\/wp-content\/uploads\/2020\/09\/Fondo-Ficha-tarimas-Tarimas_V2.png\" class=\"mpc-transition attachment-full\" alt=\"Fondo Ficha tarimas Tarimas_V2\" loading=\"lazy\" srcset=\"https:\/\/guil.es\/wp-content\/uploads\/2020\/09\/Fondo-Ficha-tarimas-Tarimas_V2.png 1800w, https:\/\/guil.es\/wp-content\/uploads\/2020\/09\/Fondo-Ficha-tarimas-Tarimas_V2-900x73.png 900w, https:\/\/guil.es\/wp-content\/uploads\/2020\/09\/Fondo-Ficha-tarimas-Tarimas_V2-1024x83.png 1024w, https:\/\/guil.es\/wp-content\/uploads\/2020\/09\/Fondo-Ficha-tarimas-Tarimas_V2-768x62.png 768w, https:\/\/guil.es\/wp-content\/uploads\/2020\/09\/Fondo-Ficha-tarimas-Tarimas_V2-1536x125.png 1536w, https:\/\/guil.es\/wp-content\/uploads\/2020\/09\/Fondo-Ficha-tarimas-Tarimas_V2-260x21.png 260w, https:\/\/guil.es\/wp-content\/uploads\/2020\/09\/Fondo-Ficha-tarimas-Tarimas_V2-50x4.png 50w, https:\/\/guil.es\/wp-content\/uploads\/2020\/09\/Fondo-Ficha-tarimas-Tarimas_V2-150x12.png 150w, https:\/\/guil.es\/wp-content\/uploads\/2020\/09\/Fondo-Ficha-tarimas-Tarimas_V2-950x77.png 950w\" sizes=\"(max-width: 1800px) 100vw, 1800px\" \/><\/div><\/div>[\/vc_column][\/vc_row]<\/p>\n","protected":false},"excerpt":{"rendered":"<p><span style=\"color: #000000;\">Heavy-duty trolley to transport and store music stands and protection screens, even in small spaces. Ideal to use in music conservatories, music halls, theatres, schools, academies, etc.<\/span><\/p>\n<p><span style=\"color: #000000;\">It has a<strong> special and UNIQUE design that permits its management by a single person, offering great mobility even in small spaces.<\/strong> It is fitted with 5 wheels: three swivel wheels, two of them with brakes (\u00d8 100 mm) and two \u00d8 200 mm wheels. The <strong>two \u00d8 200 mm wheels allow you to turn the trolley on a central axis<\/strong> meaning it can be turned around in reduced spaces and making it easily manoeuvrable for a single person.<\/span><\/p>\n<p><span style=\"color: #000000;\">CRO-02 trolley is <strong>compatible with music stands from other brands<\/strong>.<\/span><\/p>\n<p><span style=\"color: #000000;\">It includes a blocking system that stops the music stands from slipping while being moved around (keeping music stands in place). Its special \u201cCage design\u201d guarantees the protection of the music stands and protection screens where they are being transported. All contact points are covered with foam\/rubber to protect the stands.<\/span><\/p>\n<p><span style=\"color: #000000;\">This trolley can transport and storage up to:<\/span><\/p>\n<ul>\n<li><span style=\"color: #000000;\">15 units x music stands ref. AT-12<\/span><\/li>\n<li><span style=\"color: #000000;\">20 units x music stands ref. AT-13<\/span><\/li>\n<\/ul>\n<p>&nbsp;<\/p>\n<p><span style=\"color: #000000;\">This practical trolley can be <strong>fully dismantled for an easy storage<\/strong>. It is made in steel with an anti-scratch paint finish for maximum durability. Its <strong>ergonomic handles<\/strong> are covered with non-slip rubber.<\/span><\/p>\n<p><span style=\"color: #000000;\">Note:<strong> As manufacturers, we can produce special sizes made to order.<\/strong><\/span><\/p>\n<p>&nbsp;<\/p>\n<table id=\"table\" style=\"border-collapse: collapse; width: 101.003%; height: 154px;\">\n<thead>\n<tr style=\"height: 25px; background-color: #cdced3;\">\n<td class=\"no_borde\" style=\"width: 43.7248%; height: 25px; text-align: left;\"><span style=\"color: #000000;\"> SPECIFICATIONS<\/span><\/td>\n<td class=\"no_borde\" style=\"width: 58.4995%; height: 25px; text-align: left;\"><span style=\"color: #000000; font-size: 16pt;\"><strong style=\"padding-right: 6px;\">CRO-02<\/strong><\/span><\/td>\n<\/tr>\n<\/thead>\n<tbody>\n<tr style=\"height: 29px;\">\n<td style=\"width: 43.7248%; height: 29px; text-align: left;\" width=\"206\"><span style=\"color: #000000;\">Measures:<\/span><\/td>\n<td style=\"width: 58.4995%; height: 29px; text-align: left;\" width=\"408\"><span style=\"color: #000000;\">Base: 212 x 60 cm \/ Height: 116 cm<\/span><\/td>\n<\/tr>\n<tr>\n<td style=\"width: 43.7248%; text-align: left;\"><span style=\"color: #000000;\">Net weight:<\/span><\/td>\n<td style=\"width: 58.4995%; text-align: left;\"><span style=\"color: #000000;\">30 kg<\/span><\/td>\n<\/tr>\n<tr>\n<td style=\"width: 43.7248%; text-align: left;\"><span style=\"color: #000000;\">Detachable:<\/span><\/td>\n<td style=\"width: 58.4995%; text-align: left;\"><span style=\"color: #000000;\">Yes<\/span><\/td>\n<\/tr>\n<tr style=\"height: 22px;\">\n<td style=\"width: 43.7248%; text-align: left; height: 22px;\"><span style=\"color: #000000;\">Wheels:<\/span><\/td>\n<td style=\"width: 58.4995%; text-align: left; height: 22px;\"><span style=\"color: #000000;\">5 (2 x \u00d8 200 mm &amp; 3 x \u00d8 100 mm) <\/span><\/td>\n<\/tr>\n<tr style=\"height: 22px;\">\n<td style=\"width: 43.7248%; text-align: left; height: 22px;\"><span style=\"color: #000000;\">Colour:<\/span><\/td>\n<td style=\"width: 58.4995%; text-align: left; height: 22px;\"><span style=\"color: #000000;\">Black<\/span><\/td>\n<\/tr>\n<tr style=\"height: 22px;\">\n<td style=\"width: 43.7248%; text-align: left; height: 22px;\"><span style=\"color: #000000;\">Material:<\/span><\/td>\n<td style=\"width: 58.4995%; text-align: left; height: 22px;\"><span style=\"color: #000000;\">Steel<\/span><\/td>\n<\/tr>\n<\/tbody>\n<\/table>\n","protected":false},"featured_media":208055,"comment_status":"closed","ping_status":"closed","template":"","meta":[],"yoast_head":"<!-- This site is optimized with the Yoast SEO plugin v16.0.2 - https:\/\/yoast.com\/wordpress\/plugins\/seo\/ -->\n<title>Trolley to transport and store music stands - Ref. CRO-02 | GUIL<\/title>\n<meta name=\"description\" content=\"Heavy-duty trolley to transport and store music stands even in small spaces. Ideal to use in music conservatories, music halls, etc.\" \/>\n<link rel=\"canonical\" href=\"https:\/\/guil.es\/en\/products\/trolley-to-transport-and-store-music-stands-ref-cro-02\/\" \/>\n<meta property=\"og:locale\" content=\"en_US\" \/>\n<meta property=\"og:type\" content=\"article\" \/>\n<meta property=\"og:title\" content=\"Trolley to transport and store music stands - Ref. CRO-02 | GUIL\" \/>\n<meta property=\"og:description\" content=\"Heavy-duty trolley to transport and store music stands even in small spaces. Ideal to use in music conservatories, music halls, etc.\" \/>\n<meta property=\"og:url\" content=\"https:\/\/guil.es\/en\/products\/trolley-to-transport-and-store-music-stands-ref-cro-02\/\" \/>\n<meta property=\"og:site_name\" content=\"GUIL\" \/>\n<meta property=\"article:modified_time\" content=\"2025-07-18T07:54:38+00:00\" \/>\n<meta property=\"og:image\" content=\"https:\/\/guil.es\/wp-content\/uploads\/2021\/05\/Carro-atriles-pantallas-proteccion-CRO-02-2.jpg\" \/>\n\t<meta property=\"og:image:width\" content=\"300\" \/>\n\t<meta property=\"og:image:height\" content=\"300\" \/>\n<meta name=\"twitter:card\" content=\"summary_large_image\" \/>\n<meta name=\"twitter:label1\" content=\"Est. reading time\">\n\t<meta name=\"twitter:data1\" content=\"2 minutes\">\n<!-- \/ Yoast SEO plugin. -->","_links":{"self":[{"href":"https:\/\/guil.es\/en\/wp-json\/wp\/v2\/product\/15283"}],"collection":[{"href":"https:\/\/guil.es\/en\/wp-json\/wp\/v2\/product"}],"about":[{"href":"https:\/\/guil.es\/en\/wp-json\/wp\/v2\/types\/product"}],"replies":[{"embeddable":true,"href":"https:\/\/guil.es\/en\/wp-json\/wp\/v2\/comments?post=15283"}],"wp:featuredmedia":[{"embeddable":true,"href":"https:\/\/guil.es\/en\/wp-json\/wp\/v2\/media\/208055"}],"wp:attachment":[{"href":"https:\/\/guil.es\/en\/wp-json\/wp\/v2\/media?parent=15283"}],"curies":[{"name":"wp","href":"https:\/\/api.w.org\/{rel}","templated":true}]}}