{"id":138632,"date":"2025-09-22T13:20:08","date_gmt":"2025-09-22T11:20:08","guid":{"rendered":"https:\/\/guil.es\/lifters\/?post_type=product&#038;p=138632"},"modified":"2025-09-22T13:54:02","modified_gmt":"2025-09-22T11:54:02","slug":"multipurpose-adaptor-with-o28-mm-terminal-ref-adt-28-35","status":"publish","type":"product","link":"https:\/\/guil.es\/lifters\/en\/products\/multipurpose-adaptor-with-o28-mm-terminal-ref-adt-28-35\/","title":{"rendered":"Multipurpose adaptor with \u00f8 28 mm terminal"},"content":{"rendered":"","protected":false},"excerpt":{"rendered":"<p>Multipurpose adaptor for stands or towers with a \u00d8 35 mm insertion spigot.<br \/>\nFitted with \u00f8 16 mm tv spigot.<\/p>\n<p>This versatile adapter allows you to:<br \/>\n&#8211; Used to install a spotlight<br \/>\n&#8211; Convert a stand\/tower with \u00d8 35 mm male terminal to a \u00d8 28 mm terminal, etc.<\/p>\n<p>At the top of the adaptor there are two hole, of \u00d8 28 mm and \u00d8 17 mm, making it a very practical accessory in the sector. This spigot included in the \u00d8 17 mm hole allows the devices to be lifted.<\/p>\n<p>This useful multi-purpose lighting adaptor ref. ADT-28\/35 is manufactured in aluminium and finished in black anti-scratch paint.<\/p>\n","protected":false},"featured_media":138640,"template":"","meta":[],"product_cat":[209,570,464],"product_tag":[],"yoast_head":"<!-- This site is optimized with the Yoast SEO plugin v19.7.1 - https:\/\/yoast.com\/wordpress\/plugins\/seo\/ -->\n<title>Multipurpose adaptor with \u00f8 28 mm terminal - Ref. ADT-28\/35 | GUIL<\/title>\n<meta name=\"description\" content=\"Multipurpose adaptor for stands or towers with a \u00d8 35 mm insertion spigot. Fitted with \u00f8 16 mm tv spigot. Material: Aluminium\" \/>\n<meta name=\"robots\" content=\"index, follow, max-snippet:-1, max-image-preview:large, max-video-preview:-1\" \/>\n<link rel=\"canonical\" href=\"https:\/\/guil.es\/lifters\/en\/products\/multipurpose-adaptor-with-o28-mm-terminal-ref-adt-28-35\/\" \/>\n<meta property=\"og:locale\" content=\"en_US\" \/>\n<meta property=\"og:type\" content=\"article\" \/>\n<meta property=\"og:title\" content=\"Multipurpose adaptor with \u00f8 28 mm terminal - Ref. ADT-28\/35 | GUIL\" \/>\n<meta property=\"og:description\" content=\"Multipurpose adaptor for stands or towers with a \u00d8 35 mm insertion spigot. Fitted with \u00f8 16 mm tv spigot. Material: Aluminium\" \/>\n<meta property=\"og:url\" content=\"https:\/\/guil.es\/lifters\/en\/products\/multipurpose-adaptor-with-o28-mm-terminal-ref-adt-28-35\/\" \/>\n<meta property=\"og:site_name\" content=\"GUIL\" \/>\n<meta property=\"article:publisher\" content=\"https:\/\/www.facebook.com\/GUIL-lifters-1595855663880679\/?ref=br_rs\" \/>\n<meta property=\"article:modified_time\" content=\"2025-09-22T11:54:02+00:00\" \/>\n<meta property=\"og:image\" content=\"https:\/\/guil.es\/lifters\/wp-content\/uploads\/2025\/09\/Adaptador-multiusos-ADT-28_35.jpg\" \/>\n\t<meta property=\"og:image:width\" content=\"300\" \/>\n\t<meta property=\"og:image:height\" content=\"300\" \/>\n\t<meta property=\"og:image:type\" content=\"image\/jpeg\" \/>\n<meta name=\"twitter:card\" content=\"summary_large_image\" \/>\n<!-- \/ Yoast SEO plugin. -->","yoast_head_json":{"title":"Multipurpose adaptor with \u00f8 28 mm terminal - Ref. ADT-28\/35 | GUIL","description":"Multipurpose adaptor for stands or towers with a \u00d8 35 mm insertion spigot. Fitted with \u00f8 16 mm tv spigot. Material: Aluminium","robots":{"index":"index","follow":"follow","max-snippet":"max-snippet:-1","max-image-preview":"max-image-preview:large","max-video-preview":"max-video-preview:-1"},"canonical":"https:\/\/guil.es\/lifters\/en\/products\/multipurpose-adaptor-with-o28-mm-terminal-ref-adt-28-35\/","og_locale":"en_US","og_type":"article","og_title":"Multipurpose adaptor with \u00f8 28 mm terminal - Ref. ADT-28\/35 | GUIL","og_description":"Multipurpose adaptor for stands or towers with a \u00d8 35 mm insertion spigot. Fitted with \u00f8 16 mm tv spigot. Material: Aluminium","og_url":"https:\/\/guil.es\/lifters\/en\/products\/multipurpose-adaptor-with-o28-mm-terminal-ref-adt-28-35\/","og_site_name":"GUIL","article_publisher":"https:\/\/www.facebook.com\/GUIL-lifters-1595855663880679\/?ref=br_rs","article_modified_time":"2025-09-22T11:54:02+00:00","og_image":[{"width":300,"height":300,"url":"https:\/\/guil.es\/lifters\/wp-content\/uploads\/2025\/09\/Adaptador-multiusos-ADT-28_35.jpg","type":"image\/jpeg"}],"twitter_card":"summary_large_image","schema":{"@context":"https:\/\/schema.org","@graph":[{"@type":"WebPage","@id":"https:\/\/guil.es\/lifters\/en\/products\/multipurpose-adaptor-with-o28-mm-terminal-ref-adt-28-35\/","url":"https:\/\/guil.es\/lifters\/en\/products\/multipurpose-adaptor-with-o28-mm-terminal-ref-adt-28-35\/","name":"Multipurpose adaptor with \u00f8 28 mm terminal - Ref. ADT-28\/35 | GUIL","isPartOf":{"@id":"https:\/\/guil.es\/lifters\/en\/#website"},"datePublished":"2025-09-22T11:20:08+00:00","dateModified":"2025-09-22T11:54:02+00:00","description":"Multipurpose adaptor for stands or towers with a \u00d8 35 mm insertion spigot. Fitted with \u00f8 16 mm tv spigot. Material: Aluminium","breadcrumb":{"@id":"https:\/\/guil.es\/lifters\/en\/products\/multipurpose-adaptor-with-o28-mm-terminal-ref-adt-28-35\/#breadcrumb"},"inLanguage":"en-US","potentialAction":[{"@type":"ReadAction","target":["https:\/\/guil.es\/lifters\/en\/products\/multipurpose-adaptor-with-o28-mm-terminal-ref-adt-28-35\/"]}]},{"@type":"BreadcrumbList","@id":"https:\/\/guil.es\/lifters\/en\/products\/multipurpose-adaptor-with-o28-mm-terminal-ref-adt-28-35\/#breadcrumb","itemListElement":[{"@type":"ListItem","position":1,"name":"Portada","item":"https:\/\/guil.es\/lifters\/en\/"},{"@type":"ListItem","position":2,"name":"Comparing models","item":"https:\/\/guil.es\/lifters\/en\/comparing-models\/"},{"@type":"ListItem","position":3,"name":"Multipurpose adaptor with \u00f8 28 mm terminal"}]},{"@type":"WebSite","@id":"https:\/\/guil.es\/lifters\/en\/#website","url":"https:\/\/guil.es\/lifters\/en\/","name":"GUIL","description":"Ingenier\u00eda para la industria","publisher":{"@id":"https:\/\/guil.es\/lifters\/en\/#organization"},"potentialAction":[{"@type":"SearchAction","target":{"@type":"EntryPoint","urlTemplate":"https:\/\/guil.es\/lifters\/en\/?s={search_term_string}"},"query-input":"required name=search_term_string"}],"inLanguage":"en-US"},{"@type":"Organization","@id":"https:\/\/guil.es\/lifters\/en\/#organization","name":"GUIL","url":"https:\/\/guil.es\/lifters\/en\/","sameAs":["https:\/\/www.linkedin.com\/company\/guil-lifters\/","https:\/\/www.youtube.com\/channel\/UCPO_ySVpLlTabFUBnqaL48w\/videos?view_as=subscriber","https:\/\/www.instagram.com\/guil_lifters\/","https:\/\/www.facebook.com\/GUIL-lifters-1595855663880679\/?ref=br_rs"],"logo":{"@type":"ImageObject","inLanguage":"en-US","@id":"https:\/\/guil.es\/lifters\/en\/#\/schema\/logo\/image\/","url":"https:\/\/new.guil.es\/wp-content\/uploads\/2019\/05\/GUIL-TORO-Negro.jpg","contentUrl":"https:\/\/new.guil.es\/wp-content\/uploads\/2019\/05\/GUIL-TORO-Negro.jpg","width":2056,"height":498,"caption":"GUIL"},"image":{"@id":"https:\/\/guil.es\/lifters\/en\/#\/schema\/logo\/image\/"}}]}},"_links":{"self":[{"href":"https:\/\/guil.es\/lifters\/en\/wp-json\/wp\/v2\/product\/138632"}],"collection":[{"href":"https:\/\/guil.es\/lifters\/en\/wp-json\/wp\/v2\/product"}],"about":[{"href":"https:\/\/guil.es\/lifters\/en\/wp-json\/wp\/v2\/types\/product"}],"version-history":[{"count":3,"href":"https:\/\/guil.es\/lifters\/en\/wp-json\/wp\/v2\/product\/138632\/revisions"}],"predecessor-version":[{"id":138644,"href":"https:\/\/guil.es\/lifters\/en\/wp-json\/wp\/v2\/product\/138632\/revisions\/138644"}],"wp:featuredmedia":[{"embeddable":true,"href":"https:\/\/guil.es\/lifters\/en\/wp-json\/wp\/v2\/media\/138640"}],"wp:attachment":[{"href":"https:\/\/guil.es\/lifters\/en\/wp-json\/wp\/v2\/media?parent=138632"}],"wp:term":[{"taxonomy":"product_cat","embeddable":true,"href":"https:\/\/guil.es\/lifters\/en\/wp-json\/wp\/v2\/product_cat?post=138632"},{"taxonomy":"product_tag","embeddable":true,"href":"https:\/\/guil.es\/lifters\/en\/wp-json\/wp\/v2\/product_tag?post=138632"}],"curies":[{"name":"wp","href":"https:\/\/api.w.org\/{rel}","templated":true}]}}