{"id":1002,"date":"2015-07-22T17:19:41","date_gmt":"2015-07-22T17:19:41","guid":{"rendered":"http:\/\/arkahost.com\/?page_id=1002"},"modified":"2026-02-25T13:56:58","modified_gmt":"2026-02-25T12:56:58","slug":"contacto","status":"publish","type":"page","link":"https:\/\/guil.es\/lifters\/contacto\/","title":{"rendered":"Contacto"},"content":{"rendered":"<p>[vc_row king_bg_repeat=\u00bbcover\u00bb css=\u00bb.vc_custom_1575904730798{background-color: #efefef !important;background-position: center !important;background-repeat: no-repeat !important;background-size: cover !important;}\u00bb king_id=\u00bbbod_contained\u00bb bg_color=\u00bb#efefef\u00bb][vc_column width=\u00bb1\/4&#8243;]<div class=\"clearfix margin_top2\"><\/div>[vc_column_text]<strong><span style=\"color: #000000;\">GUIL, S.L.<\/span><\/strong><br \/>\n<span style=\"color: #454545;\">P. I. La Creu C\/ Ismael Tomas Alacreu, 28-30<\/span><br \/>\n<span style=\"color: #454545;\">46250 L\u00b4Alc\u00fadia \u2013 VALENCIA \u2013 ESPA\u00d1A<\/span><\/p>\n<hr \/>\n<p><strong><span class=\"texto_gris\" style=\"color: #000000;\">Horarios de atenci\u00f3n al cliente:<\/span><\/strong><br \/>\n<span style=\"color: #454545;\"><span class=\"texto_gris\">De lunes a viernes de 7:00 a 15:00 h<br \/>\n<\/span><\/span><span style=\"color: #454545;\"><span class=\"texto_gris\">Martes tambi\u00e9n de 16:00 a 18:00 h<\/span><\/span><\/p>\n<hr \/>\n<p><span style=\"color: #000000;\"><strong>Tel\u00e9fonos:<\/strong><br \/>\n<\/span><span style=\"color: #000000;\">Oficina:\u00a0 \u00a0 \u00a0 \u00a0\u00a0<\/span><span style=\"color: #454545;\">(+34) 96 299 65 00<\/span><br \/>\n<span style=\"color: #454545;\">\u00a0 \u00a0 \u00a0 \u00a0 \u00a0 \u00a0 \u00a0 \u00a0 \u00a0 \u00a0 \u00a0 (+34) 96 254 30 44<\/span><span style=\"color: #000000;\"><br \/>\n<\/span><span style=\"color: #000000;\">FAX:\u00a0 \u00a0 \u00a0 \u00a0 \u00a0 \u00a0 \u00a0<\/span><span style=\"color: #454545;\">\u00a0(+34) 96 254 08 33<\/span><\/p>\n<hr \/>\n<p style=\"text-align: justify;\"><span style=\"color: #000000;\"><strong>E-mails:<\/strong><br \/>\n<\/span><span style=\"color: #000000;\">Dpto. Comercial:\u00a0 \u00a0 \u00a0 \u00a0 <\/span><span style=\"color: #000000;\">\u00a0 \u00a0\u00a0<\/span><span style=\"color: #454545;\"><a style=\"color: #454545;\" href=\"mailto:info@guil.es\">info@guil.es<\/a><\/span><br \/>\n<span style=\"color: #454545;\">\u00a0 \u00a0 \u00a0 \u00a0 \u00a0 \u00a0 \u00a0 \u00a0 \u00a0 \u00a0 \u00a0 \u00a0 \u00a0 \u00a0 \u00a0 \u00a0 \u00a0 \u00a0 \u00a0 \u00a0 \u00a0\u00a0<a style=\"color: #454545;\" href=\"mailto:comercial@guil.es\">comercial@guil.es<\/a><\/span><br \/>\n<span style=\"color: #000000;\">Dpto. Exportaci\u00f3n:<\/span>\u00a0 \u00a0 \u00a0 \u00a0 \u00a0<span style=\"color: #454545;\"><a style=\"color: #454545;\" href=\"mailto:sales@guil.es\">sales@guil.es<\/a><\/span><br \/>\n<span style=\"color: #000000;\">Dpto. T\u00e9cnico:<\/span>\u00a0 \u00a0 \u00a0 \u00a0 \u00a0 \u00a0 \u00a0 \u00a0 \u00a0<span style=\"color: #454545;\"><a style=\"color: #454545;\" href=\"mailto:proyectos@guil.es\">proyectos@guil.es<\/a><\/span><br \/>\n<span style=\"color: #000000;\">Dpto. Administraci\u00f3n:<\/span>\u00a0 <span style=\"color: #454545;\">\u00a0 <a style=\"color: #454545;\" href=\"mailto:guil@guil.es\">guil@guil.es<\/a><\/span><\/p>\n<p>[\/vc_column_text][vc_gmaps link=\u00bb#E-8_JTNDaWZyYW1lJTIwc3JjJTNEJTIyaHR0cHMlM0ElMkYlMkZ3d3cuZ29vZ2xlLmNvbSUyRm1hcHMlMkZlbWJlZCUzRnBiJTNEJTIxMW0xOCUyMTFtMTIlMjExbTMlMjExZDMwOTEuNjM5NTUzMjk2NDE3NSUyMTJkLTAuNTA1MDM1MDg0NjQwNTI3OCUyMTNkMzkuMjA1NjM4Mjc5NTI0MjklMjEybTMlMjExZjAlMjEyZjAlMjEzZjAlMjEzbTIlMjExaTEwMjQlMjEyaTc2OCUyMTRmMTMuMSUyMTNtMyUyMTFtMiUyMTFzMHhkNjFhZjM4NzkwMTA1MzklMjUzQTB4NTIzZjIzYjQwZDYyNzQzMSUyMTJzR1VJTCUyNTIwTWF0ZXJpYWwlMjUyMExpZnRlcnMlMjUyMERpdmlzaW9uJTIxNWUwJTIxM20yJTIxMXNlcyUyMTJzZXMlMjE0djE2MjMxNDA0OTU4NzElMjE1bTIlMjExc2VzJTIxMnNlcyUyMiUyMHdpZHRoJTNEJTIyNjAwJTIyJTIwaGVpZ2h0JTNEJTIyNDUwJTIyJTIwc3R5bGUlM0QlMjJib3JkZXIlM0EwJTNCJTIyJTIwYWxsb3dmdWxsc2NyZWVuJTNEJTIyJTIyJTIwbG9hZGluZyUzRCUyMmxhenklMjIlM0UlM0MlMkZpZnJhbWUlM0U=\u00bb size=\u00bb250&#8243; css=\u00bb.vc_custom_1623140518644{margin-top: 30px !important;margin-bottom: 20px !important;}\u00bb][\/vc_column][vc_column width=\u00bb1\/6&#8243; css=\u00bb.vc_custom_1557391841376{margin-right: 20px !important;}\u00bb][\/vc_column][vc_column width=\u00bb1\/4&#8243; el_class=\u00bbtwo_third\u00bb css=\u00bb.vc_custom_1557417307915{margin-left: 60px !important;}\u00bb]<div role=\"form\" class=\"wpcf7\" id=\"wpcf7-f2145-o1\" lang=\"en-US\" dir=\"ltr\">\n<div class=\"screen-reader-response\"><p role=\"status\" aria-live=\"polite\" aria-atomic=\"true\"><\/p> <ul><\/ul><\/div>\n<form action=\"\/lifters\/wp-json\/wp\/v2\/pages\/1002#wpcf7-f2145-o1\" method=\"post\" class=\"wpcf7-form init\" novalidate=\"novalidate\" data-status=\"init\">\n<div style=\"display: none;\">\n<input type=\"hidden\" name=\"_wpcf7\" value=\"2145\" \/>\n<input type=\"hidden\" name=\"_wpcf7_version\" value=\"5.6.3\" \/>\n<input type=\"hidden\" name=\"_wpcf7_locale\" value=\"en_US\" \/>\n<input type=\"hidden\" name=\"_wpcf7_unit_tag\" value=\"wpcf7-f2145-o1\" \/>\n<input type=\"hidden\" name=\"_wpcf7_container_post\" value=\"0\" \/>\n<input type=\"hidden\" name=\"_wpcf7_posted_data_hash\" value=\"\" \/>\n<input type=\"hidden\" name=\"_wpcf7_recaptcha_response\" value=\"\" \/>\n<\/div>\n<p>[vc_column width=\"1\/3\"]<\/p>\n<p>Empresa*<br \/>\n    <span class=\"wpcf7-form-control-wrap\" data-name=\"your-empresa\"><input type=\"text\" name=\"your-empresa\" value=\"\" size=\"40\" class=\"wpcf7-form-control wpcf7-text wpcf7-validates-as-required\" aria-required=\"true\" aria-invalid=\"false\" \/><\/span><\/p>\n<p>Poblaci\u00f3n*<br \/>\n<span class=\"wpcf7-form-control-wrap\" data-name=\"poblacion\"><input type=\"text\" name=\"poblacion\" value=\"\" size=\"40\" class=\"wpcf7-form-control wpcf7-text\" aria-invalid=\"false\" \/><\/span><\/p>\n<p>Nombre<br \/>\n<span class=\"wpcf7-form-control-wrap\" data-name=\"nombre\"><input type=\"text\" name=\"nombre\" value=\"\" size=\"40\" class=\"wpcf7-form-control wpcf7-text\" aria-invalid=\"false\" \/><\/span><\/p>\n<p>Web<br \/>\n<span class=\"wpcf7-form-control-wrap\" data-name=\"web\"><input type=\"text\" name=\"web\" value=\"\" size=\"40\" class=\"wpcf7-form-control wpcf7-text\" aria-invalid=\"false\" \/><\/span><\/p>\n<p>[\/vc_column]<\/p>\n<p>[vc_column width=\"1\/3\"]<\/p>\n<p>Direcci\u00f3n<br \/>\n    <span class=\"wpcf7-form-control-wrap\" data-name=\"your-direccion\"><input type=\"text\" name=\"your-direccion\" value=\"\" size=\"40\" class=\"wpcf7-form-control wpcf7-text\" aria-invalid=\"false\" \/><\/span><\/p>\n<p>Provincia<br \/>\n    <span class=\"wpcf7-form-control-wrap\" data-name=\"your-provincia\"><input type=\"text\" name=\"your-provincia\" value=\"\" size=\"40\" class=\"wpcf7-form-control wpcf7-text\" aria-invalid=\"false\" \/><\/span> <\/p>\n<p>Tel\u00e9fono*<br \/>\n<span class=\"wpcf7-form-control-wrap\" data-name=\"telefono\"><input type=\"tel\" name=\"telefono\" value=\"\" size=\"40\" class=\"wpcf7-form-control wpcf7-text wpcf7-tel wpcf7-validates-as-required wpcf7-validates-as-tel\" aria-required=\"true\" aria-invalid=\"false\" \/><\/span><\/p>\n<p>CIF\/NIF<br \/>\n    <span class=\"wpcf7-form-control-wrap\" data-name=\"cif-nif\"><input type=\"text\" name=\"cif-nif\" value=\"\" size=\"40\" class=\"wpcf7-form-control wpcf7-text\" aria-invalid=\"false\" \/><\/span><\/p>\n<p>[\/vc_column]<\/p>\n<p>[vc_column width=\"1\/3\"]<\/p>\n<p>Codigo Postal<br \/>\n<span class=\"wpcf7-form-control-wrap\" data-name=\"codigo-postal\"><input type=\"text\" name=\"codigo-postal\" value=\"\" size=\"40\" class=\"wpcf7-form-control wpcf7-text\" aria-invalid=\"false\" \/><\/span><\/p>\n<p>Pais*<br \/>\n    <span class=\"wpcf7-form-control-wrap\" data-name=\"pais\"><input type=\"text\" name=\"pais\" value=\"\" size=\"40\" class=\"wpcf7-form-control wpcf7-text wpcf7-validates-as-required\" aria-required=\"true\" aria-invalid=\"false\" \/><\/span><\/p>\n<p>E-mail*<br \/>\n    <span class=\"wpcf7-form-control-wrap\" data-name=\"your-email\"><input type=\"email\" name=\"your-email\" value=\"\" size=\"40\" class=\"wpcf7-form-control wpcf7-text wpcf7-email wpcf7-validates-as-required wpcf7-validates-as-email\" aria-required=\"true\" aria-invalid=\"false\" \/><\/span> <\/p>\n<p>Skype<br \/>\n    <span class=\"wpcf7-form-control-wrap\" data-name=\"skype\"><input type=\"text\" name=\"skype\" value=\"\" size=\"40\" class=\"wpcf7-form-control wpcf7-text\" aria-invalid=\"false\" \/><\/span> <\/p>\n<p>[\/vc_column]<\/p>\n<p>[vc_column width=\"100%\" ]<\/p>\n<p>Sector<br \/>\n<span class=\"wpcf7-form-control-wrap\" data-name=\"Sector\"><span class=\"wpcf7-form-control wpcf7-checkbox\"><span class=\"wpcf7-list-item first\"><label><input type=\"checkbox\" name=\"Sector[]\" value=\"Climatizaci\u00f3n\" \/><span class=\"wpcf7-list-item-label\">Climatizaci\u00f3n<\/span><\/label><\/span><span class=\"wpcf7-list-item\"><label><input type=\"checkbox\" name=\"Sector[]\" value=\"Vidrio\" \/><span class=\"wpcf7-list-item-label\">Vidrio<\/span><\/label><\/span><span class=\"wpcf7-list-item\"><label><input type=\"checkbox\" name=\"Sector[]\" value=\"Construcci\u00f3n\" \/><span class=\"wpcf7-list-item-label\">Construcci\u00f3n<\/span><\/label><\/span><span class=\"wpcf7-list-item\"><label><input type=\"checkbox\" name=\"Sector[]\" value=\"Montaje stands\/Ferias\" \/><span class=\"wpcf7-list-item-label\">Montaje stands\/Ferias<\/span><\/label><\/span><span class=\"wpcf7-list-item\"><label><input type=\"checkbox\" name=\"Sector[]\" value=\"Mantenimiento\" \/><span class=\"wpcf7-list-item-label\">Mantenimiento<\/span><\/label><\/span><span class=\"wpcf7-list-item\"><label><input type=\"checkbox\" name=\"Sector[]\" value=\"Ferreter\u00eda industrial\" \/><span class=\"wpcf7-list-item-label\">Ferreter\u00eda industrial<\/span><\/label><\/span><span class=\"wpcf7-list-item\"><label><input type=\"checkbox\" name=\"Sector[]\" value=\"Eventos\" \/><span class=\"wpcf7-list-item-label\">Eventos<\/span><\/label><\/span><span class=\"wpcf7-list-item\"><label><input type=\"checkbox\" name=\"Sector[]\" value=\"Toldos\/Persianas\" \/><span class=\"wpcf7-list-item-label\">Toldos\/Persianas<\/span><\/label><\/span><span class=\"wpcf7-list-item last\"><label><input type=\"checkbox\" name=\"Sector[]\" value=\"Otros\" \/><span class=\"wpcf7-list-item-label\">Otros<\/span><\/label><\/span><\/span><\/span><span style=\"margin-left:1%;\"><span class=\"wpcf7-form-control-wrap\" data-name=\"otro-sector\"><input type=\"text\" name=\"otro-sector\" value=\"\" size=\"40\" class=\"wpcf7-form-control wpcf7-text\" aria-invalid=\"false\" placeholder=\"Especifica\" \/><\/span><\/span><\/p>\n<p>Actividad*<br \/>\n<span class=\"wpcf7-form-control-wrap\" data-name=\"Actividad\"><span class=\"wpcf7-form-control wpcf7-checkbox wpcf7-validates-as-required\"><span class=\"wpcf7-list-item first\"><label><input type=\"checkbox\" name=\"Actividad[]\" value=\"Distribuidor\" \/><span class=\"wpcf7-list-item-label\">Distribuidor<\/span><\/label><\/span><span class=\"wpcf7-list-item\"><label><input type=\"checkbox\" name=\"Actividad[]\" value=\"Instalador\" \/><span class=\"wpcf7-list-item-label\">Instalador<\/span><\/label><\/span><span class=\"wpcf7-list-item\"><label><input type=\"checkbox\" name=\"Actividad[]\" value=\"Minorista\" \/><span class=\"wpcf7-list-item-label\">Minorista<\/span><\/label><\/span><span class=\"wpcf7-list-item last\"><label><input type=\"checkbox\" name=\"Actividad[]\" value=\"Otros\" \/><span class=\"wpcf7-list-item-label\">Otros<\/span><\/label><\/span><\/span><\/span><span style=\"margin-left: 1%;\"><span class=\"wpcf7-form-control-wrap\" data-name=\"otro-Actividad\"><input type=\"text\" name=\"otro-Actividad\" value=\"\" size=\"40\" class=\"wpcf7-form-control wpcf7-text\" aria-invalid=\"false\" placeholder=\"Especifica\" \/><\/span><\/span><\/p>\n<p>Mensaje*<br \/>\n    <span class=\"wpcf7-form-control-wrap\" data-name=\"your-message\"><textarea name=\"your-message\" cols=\"40\" rows=\"5\" class=\"wpcf7-form-control wpcf7-textarea wpcf7-validates-as-required\" aria-required=\"true\" aria-invalid=\"false\"><\/textarea><\/span> <\/p>\n<p>[\/vc_column]<\/p>\n<div style=\"width: 100%;text-align: justify;font-size: 12px; padding-bottom:2%;\" class=\"column \">\n    <small>Informaci\u00f3n b\u00e1sica sobre Protecci\u00f3n de datos | Responsable: GUIL ACCESORIOS DE M\u00daSICA, S.L. | Finalidad: Atenci\u00f3n solicitudes de informaci\u00f3n, env\u00edo de presupuestos y contacto con distribuidores| Legitimaci\u00f3n: Consentimiento del interesado. Derechos: acceso, rectificaci\u00f3n, supresi\u00f3n, limitaci\u00f3n de tratamiento, u oposici\u00f3n al tratamiento, as\u00ed como el derecho a la portabilidad de los datos | Informaci\u00f3n adicional: Disponible la informaci\u00f3n adicional y detallada sobre la Protecci\u00f3n de Datos Personales en nuestra <a href=\"https:\/\/guil.es\/lifters\/wp-content\/uploads\/2021\/12\/Politica-privacidad_Diciembre-2021-GUIL.pdf\"><strong><u>pol\u00edtica de privacidad<\/u><\/strong><\/a><\/small><\/div>\n<p><span class=\"wpcf7-form-control-wrap\" data-name=\"AceptoPolitica\"><span class=\"wpcf7-form-control wpcf7-acceptance\"><span class=\"wpcf7-list-item\"><input type=\"checkbox\" name=\"AceptoPolitica\" value=\"1\" aria-invalid=\"false\" \/><\/span><\/span><\/span> He le\u00eddo y acepto la <a target=\"_blank\" href=\"https:\/\/guil.es\/lifters\/wp-content\/uploads\/2021\/12\/Politica-privacidad_Diciembre-2021-GUIL.pdf\">pol\u00edtica de privacidad<\/a> *  <span style=\"margin-left: 30%;\">* Campos obligatorios<\/span><\/p>\n\n<div class=\"column one-second\" align=\"right\"><input type=\"submit\" value=\"Enviar consulta\" class=\"wpcf7-form-control has-spinner wpcf7-submit\" \/><\/div>\n<div class=\"wpcf7-response-output\" aria-hidden=\"true\"><\/div><\/form><\/div><div class=\"clearfix margin_bottom5\"><\/div>[\/vc_column][\/vc_row][vc_row king_class=\u00bbfeature_section401&#8243; bg_color=\u00bb#000000&#8243;][vc_column el_animate=\u00bbanimated eff-fadeIn\u00bb width=\u00bb1\/3&#8243; el_class=\u00bbone_third\u00bb el_delay=\u00bb200&#8243;]\n\t\t<div class=\"king-elements \">\n\t\t\t<div class=\"king-elements-inner\">\n        \t<img  src=\"https:\/\/guil.es\/lifters\/wp-content\/uploads\/2019\/01\/icono3-1.png\" class=\"element-icon \" alt=\"\"\/><h4 class=\"white caps\">MARCA DE GARANT\u00cdA<\/h4>\n<p style=\"text-align: justify;\">M\u00e1s de 35 a\u00f1os dedicados a la industria del metal, especializados en la fabricaci\u00f3n y el desarrollo de productos en el campo de la elevaci\u00f3n de cargas, ofreciendo al usuario productos de ingenier\u00eda de la m\u00e1s alta calidad.<\/p>\t\t\t<\/div>\n        <\/div>\n\n\t[\/vc_column][vc_column el_animate=\u00bbanimated eff-fadeIn\u00bb width=\u00bb1\/3&#8243; el_class=\u00bbone_third\u00bb el_delay=\u00bb300&#8243;]\n\t\t<div class=\"king-elements \">\n\t\t\t<div class=\"king-elements-inner\">\n        \t<img  src=\"https:\/\/guil.es\/lifters\/wp-content\/uploads\/2018\/07\/robot-industrial-e1542199506962.png\" class=\"element-icon \" alt=\"\"\/><h4 class=\"white caps\">TECNOLOG\u00cdA<\/h4>\n<p style=\"text-align: justify;\">El dise\u00f1o de nuestros Elevadores se realiza utilizando la tecnolog\u00eda m\u00e1s avanzada. El ensamblado de las partes y los protocolos de inspecci\u00f3n se llevan a cabo partiendo de un enfoque meticuloso y centrado en la calidad. <\/p>\n\t\t\t<\/div>\n        <\/div>\n\n\t[\/vc_column][vc_column el_animate=\u00bbanimated eff-fadeIn\u00bb width=\u00bb1\/3&#8243; el_class=\u00bbone_third last\u00bb el_delay=\u00bb400&#8243;]\n\t\t<div class=\"king-elements \">\n\t\t\t<div class=\"king-elements-inner\">\n        \t<i aria-hidden=\"true\" class=\"icon-like element-icon \"><\/i><h4 class=\"white caps\">OBJETIVOS<\/h4>\n<p style=\"text-align: justify;\">La b\u00fasqueda de la eficiencia y seguridad es la piedra angular de GUIL, con el fin de poder ofrecer una amplia gama de soluciones para la elevaci\u00f3n y manutenci\u00f3n de cargas.<\/p>\t\t\t<\/div>\n        <\/div>\n\n\t[\/vc_column][\/vc_row][vc_row king_class=\u00bbfeature_section401&#8243; bg_color=\u00bb#000000&#8243; king_padding_top=\u00bb0&#8243; king_padding_bottom=\u00bb0&#8243; css=\u00bb.vc_custom_1542624437719{background-color: #000000 !important;}\u00bb][vc_column el_animate=\u00bbanimated eff-fadeIn\u00bb width=\u00bb1\/3&#8243; el_class=\u00bbone_third\u00bb el_delay=\u00bb200&#8243;]\n\t\t<div class=\"king-elements \">\n\t\t\t<div class=\"king-elements-inner\">\n        \t\t\t\t<\/div>\n        <\/div>\n\n\t[\/vc_column][vc_column el_animate=\u00bbanimated eff-fadeIn\u00bb width=\u00bb1\/3&#8243; el_class=\u00bbone_third\u00bb el_delay=\u00bb300&#8243;]\n\t\t<div class=\"king-elements \">\n\t\t\t<div class=\"king-elements-inner\">\n        \t<div class=\"linearoja\"><\/div>\n\t\t\t<\/div>\n        <\/div>\n\n\t[\/vc_column][vc_column el_animate=\u00bbanimated eff-fadeIn\u00bb width=\u00bb1\/3&#8243; el_class=\u00bbone_third last\u00bb el_delay=\u00bb400&#8243;]\n\t\t<div class=\"king-elements \">\n\t\t\t<div class=\"king-elements-inner\">\n        \t\t\t\t<\/div>\n        <\/div>\n\n\t[\/vc_column][vc_column css=\u00bb.vc_custom_1557391480019{margin-top: 20px !important;margin-bottom: 20px !important;}\u00bb][vc_column_text]<\/p>\n<p style=\"text-align: center;\"><span style=\"color: #ff0000;\"><a class=\"button two\" style=\"color: #ff0000;\" href=\"https:\/\/guil.es\/lifters\/trabaja-con-nosotros\/\">TRABAJA CON NOSOTROS<\/a><\/span><\/p>\n<p>[\/vc_column_text][\/vc_column][\/vc_row]<\/p>\n","protected":false},"excerpt":{"rendered":"<p>[vc_row king_bg_repeat=\u00bbcover\u00bb css=\u00bb.vc_custom_1575904730798{background-color: #efefef !important;background-position: center !important;background-repeat: no-repeat !important;background-size: cover !important;}\u00bb king_id=\u00bbbod_contained\u00bb bg_color=\u00bb#efefef\u00bb][vc_column width=\u00bb1\/4&#8243;][vc_column_text]GUIL, S.L. P. I. La Creu C\/ Ismael Tomas Alacreu, 28-30 46250 L\u00b4Alc\u00fadia \u2013 VALENCIA \u2013 ESPA\u00d1A Horarios de atenci\u00f3n al cliente: De lunes a viernes de 7:00 a 15:00 h Martes tambi\u00e9n de 16:00 a 18:00 h Tel\u00e9fonos: Oficina:\u00a0 \u00a0 \u00a0 [&hellip;]<\/p>\n","protected":false},"author":2,"featured_media":0,"parent":0,"menu_order":9,"comment_status":"closed","ping_status":"open","template":"templates\/page-full.php","meta":[],"yoast_head":"<!-- This site is optimized with the Yoast SEO plugin v19.7.1 - https:\/\/yoast.com\/wordpress\/plugins\/seo\/ -->\n<title>Contacto | GUIL<\/title>\n<meta name=\"robots\" content=\"index, follow, max-snippet:-1, max-image-preview:large, max-video-preview:-1\" \/>\n<link rel=\"canonical\" href=\"https:\/\/guil.es\/lifters\/contacto\/\" \/>\n<meta property=\"og:locale\" content=\"es_ES\" \/>\n<meta property=\"og:type\" content=\"article\" \/>\n<meta property=\"og:title\" content=\"Contacto | GUIL\" \/>\n<meta property=\"og:description\" content=\"[vc_row king_bg_repeat=\u00bbcover\u00bb css=\u00bb.vc_custom_1575904730798{background-color: #efefef !important;background-position: center !important;background-repeat: no-repeat !important;background-size: cover !important;}\u00bb king_id=\u00bbbod_contained\u00bb bg_color=\u00bb#efefef\u00bb][vc_column width=\u00bb1\/4&#8243;][vc_column_text]GUIL, S.L. P. I. La Creu C\/ Ismael Tomas Alacreu, 28-30 46250 L\u00b4Alc\u00fadia \u2013 VALENCIA \u2013 ESPA\u00d1A Horarios de atenci\u00f3n al cliente: De lunes a viernes de 7:00 a 15:00 h Martes tambi\u00e9n de 16:00 a 18:00 h Tel\u00e9fonos: Oficina:\u00a0 \u00a0 \u00a0 [&hellip;]\" \/>\n<meta property=\"og:url\" content=\"https:\/\/guil.es\/lifters\/contacto\/\" \/>\n<meta property=\"og:site_name\" content=\"GUIL\" \/>\n<meta property=\"article:publisher\" content=\"https:\/\/www.facebook.com\/GUIL-lifters-1595855663880679\/?ref=br_rs\" \/>\n<meta property=\"article:modified_time\" content=\"2026-02-25T12:56:58+00:00\" \/>\n<meta name=\"twitter:card\" content=\"summary_large_image\" \/>\n<meta name=\"twitter:label1\" content=\"Tiempo de lectura\" \/>\n\t<meta name=\"twitter:data1\" content=\"1 minuto\" \/>\n<!-- \/ Yoast SEO plugin. -->","yoast_head_json":{"title":"Contacto | GUIL","robots":{"index":"index","follow":"follow","max-snippet":"max-snippet:-1","max-image-preview":"max-image-preview:large","max-video-preview":"max-video-preview:-1"},"canonical":"https:\/\/guil.es\/lifters\/contacto\/","og_locale":"es_ES","og_type":"article","og_title":"Contacto | GUIL","og_description":"[vc_row king_bg_repeat=\u00bbcover\u00bb css=\u00bb.vc_custom_1575904730798{background-color: #efefef !important;background-position: center !important;background-repeat: no-repeat !important;background-size: cover !important;}\u00bb king_id=\u00bbbod_contained\u00bb bg_color=\u00bb#efefef\u00bb][vc_column width=\u00bb1\/4&#8243;][vc_column_text]GUIL, S.L. P. I. La Creu C\/ Ismael Tomas Alacreu, 28-30 46250 L\u00b4Alc\u00fadia \u2013 VALENCIA \u2013 ESPA\u00d1A Horarios de atenci\u00f3n al cliente: De lunes a viernes de 7:00 a 15:00 h Martes tambi\u00e9n de 16:00 a 18:00 h Tel\u00e9fonos: Oficina:\u00a0 \u00a0 \u00a0 [&hellip;]","og_url":"https:\/\/guil.es\/lifters\/contacto\/","og_site_name":"GUIL","article_publisher":"https:\/\/www.facebook.com\/GUIL-lifters-1595855663880679\/?ref=br_rs","article_modified_time":"2026-02-25T12:56:58+00:00","twitter_card":"summary_large_image","twitter_misc":{"Tiempo de lectura":"1 minuto"},"schema":{"@context":"https:\/\/schema.org","@graph":[{"@type":"WebPage","@id":"https:\/\/guil.es\/lifters\/contacto\/","url":"https:\/\/guil.es\/lifters\/contacto\/","name":"Contacto | GUIL","isPartOf":{"@id":"https:\/\/guil.es\/lifters\/#website"},"datePublished":"2015-07-22T17:19:41+00:00","dateModified":"2026-02-25T12:56:58+00:00","breadcrumb":{"@id":"https:\/\/guil.es\/lifters\/contacto\/#breadcrumb"},"inLanguage":"es","potentialAction":[{"@type":"ReadAction","target":["https:\/\/guil.es\/lifters\/contacto\/"]}]},{"@type":"BreadcrumbList","@id":"https:\/\/guil.es\/lifters\/contacto\/#breadcrumb","itemListElement":[{"@type":"ListItem","position":1,"name":"Portada","item":"https:\/\/guil.es\/lifters\/"},{"@type":"ListItem","position":2,"name":"Contacto"}]},{"@type":"WebSite","@id":"https:\/\/guil.es\/lifters\/#website","url":"https:\/\/guil.es\/lifters\/","name":"GUIL","description":"Ingenier\u00eda para la industria","publisher":{"@id":"https:\/\/guil.es\/lifters\/#organization"},"potentialAction":[{"@type":"SearchAction","target":{"@type":"EntryPoint","urlTemplate":"https:\/\/guil.es\/lifters\/?s={search_term_string}"},"query-input":"required name=search_term_string"}],"inLanguage":"es"},{"@type":"Organization","@id":"https:\/\/guil.es\/lifters\/#organization","name":"GUIL","url":"https:\/\/guil.es\/lifters\/","sameAs":["https:\/\/www.linkedin.com\/company\/guil-lifters\/","https:\/\/www.youtube.com\/channel\/UCPO_ySVpLlTabFUBnqaL48w\/videos?view_as=subscriber","https:\/\/www.instagram.com\/guil_lifters\/","https:\/\/www.facebook.com\/GUIL-lifters-1595855663880679\/?ref=br_rs"],"logo":{"@type":"ImageObject","inLanguage":"es","@id":"https:\/\/guil.es\/lifters\/#\/schema\/logo\/image\/","url":"https:\/\/new.guil.es\/wp-content\/uploads\/2019\/05\/GUIL-TORO-Negro.jpg","contentUrl":"https:\/\/new.guil.es\/wp-content\/uploads\/2019\/05\/GUIL-TORO-Negro.jpg","width":2056,"height":498,"caption":"GUIL"},"image":{"@id":"https:\/\/guil.es\/lifters\/#\/schema\/logo\/image\/"}}]}},"_links":{"self":[{"href":"https:\/\/guil.es\/lifters\/wp-json\/wp\/v2\/pages\/1002"}],"collection":[{"href":"https:\/\/guil.es\/lifters\/wp-json\/wp\/v2\/pages"}],"about":[{"href":"https:\/\/guil.es\/lifters\/wp-json\/wp\/v2\/types\/page"}],"author":[{"embeddable":true,"href":"https:\/\/guil.es\/lifters\/wp-json\/wp\/v2\/users\/2"}],"replies":[{"embeddable":true,"href":"https:\/\/guil.es\/lifters\/wp-json\/wp\/v2\/comments?post=1002"}],"version-history":[{"count":6,"href":"https:\/\/guil.es\/lifters\/wp-json\/wp\/v2\/pages\/1002\/revisions"}],"predecessor-version":[{"id":139260,"href":"https:\/\/guil.es\/lifters\/wp-json\/wp\/v2\/pages\/1002\/revisions\/139260"}],"wp:attachment":[{"href":"https:\/\/guil.es\/lifters\/wp-json\/wp\/v2\/media?parent=1002"}],"curies":[{"name":"wp","href":"https:\/\/api.w.org\/{rel}","templated":true}]}}