{"id":18957,"date":"2022-09-29T11:55:04","date_gmt":"2022-09-29T09:55:04","guid":{"rendered":"https:\/\/new.guil.es\/?page_id=18957"},"modified":"2025-11-17T09:33:31","modified_gmt":"2025-11-17T08:33:31","slug":"aplicaciones","status":"publish","type":"page","link":"https:\/\/guil.es\/lifters\/aplicaciones\/","title":{"rendered":"Aplicaciones"},"content":{"rendered":"<p>[vc_row king_row_type=\u00bbcontainer_full\u00bb css=\u00bb.vc_custom_1730881348684{padding-right: 70px !important;padding-left: 70px !important;background-color: #eeeeee !important;}\u00bb][vc_column]<div class=\"clearfix margin_top2\"><\/div>[vc_column_text]<\/p>\n<h4>ELIGE UN MODELO Y ELEVA TU CARGA<\/h4>\n<p>[\/vc_column_text]<div class=\"clearfix margin_top2\"><\/div>[\/vc_column][\/vc_row][vc_row king_row_type=\u00bbcontainer_full\u00bb css=\u00bb.vc_custom_1730881340010{padding-right: 70px !important;padding-left: 70px !important;background-color: #eeeeee !important;}\u00bb][vc_column]\n\t\t<div class=\"king-elements \">\n\t\t\t<div class=\"king-elements-inner\">\n        \t<a id=\"refrigeracion\"><\/a>\t\t\t<\/div>\n        <\/div>\n\n\t[vc_column_text]En GUIL nos dedicamos al dise\u00f1o y fabricaci\u00f3n de ELEVADORES DE CARGA y auxiliares para la colocaci\u00f3n y elevaci\u00f3n de infinidad de materiales. Gracias a la amplia gama de modelos, adaptadores y accesorios nuestros elevadores se utilizan en multitud de sectores, gozando de un gran reconocimiento mundial por su alta calidad y resistencia.[\/vc_column_text]<div class=\"clearfix margin_top2\"><\/div>[\/vc_column][\/vc_row][vc_row king_row_type=\u00bbcontainer_full\u00bb css=\u00bb.vc_custom_1730881055236{border-bottom-width: 50px !important;padding-top: 25px !important;padding-right: 50px !important;padding-left: 50px !important;background-color: #eeeeee !important;}\u00bb king_id=\u00bbaplicaciones\u00bb][vc_column width=\u00bb1\/6&#8243; offset=\u00bbvc_col-lg-2 vc_col-md-3 vc_col-xs-12&#8243; css=\u00bb.vc_custom_1730881225534{padding-right: 25px !important;padding-left: 25px !important;}\u00bb][vc_column_text]<\/p>\n<h6>CLIMATIZACI\u00d3N \/ REFRIGERACI\u00d3N<\/h6>\n<p>[\/vc_column_text][vc_column_text]<img loading=\"lazy\" class=\"alignnone wp-image-19033 size-medium\" src=\"https:\/\/new.guil.es\/wp-content\/uploads\/2022\/10\/apl_page_climatizacion-259x300.jpg\" alt=\"\" width=\"259\" height=\"300\" srcset=\"https:\/\/guil.es\/lifters\/wp-content\/uploads\/2022\/10\/apl_page_climatizacion-259x300.jpg 259w, https:\/\/guil.es\/lifters\/wp-content\/uploads\/2022\/10\/apl_page_climatizacion.jpg 309w\" sizes=\"(max-width: 259px) 100vw, 259px\" \/><span style=\"font-size: 10pt;\"><a href=\"\/lifters\/comparativa\/?filters=sectores%5B805%5D\" target=\"_blank\" rel=\"noopener\">Ver elevadores<\/a><a href=\"https:\/\/guil.es\/lifters\/elevadores-para-calefaccion-ventilacion-y-aire-acondicionado\/\" target=\"_blank\" rel=\"noopener\">Galer\u00eda<\/a><\/span>[\/vc_column_text][vc_empty_space][\/vc_column][vc_column width=\u00bb1\/6&#8243; offset=\u00bbvc_col-lg-2 vc_col-md-3 vc_col-xs-12&#8243; css=\u00bb.vc_custom_1730881233529{padding-right: 25px !important;padding-left: 25px !important;}\u00bb][vc_column_text]<\/p>\n<h6>VIDRIO<\/h6>\n<p>[\/vc_column_text][vc_column_text]<img loading=\"lazy\" class=\"alignnone wp-image-19025 size-medium\" src=\"https:\/\/new.guil.es\/wp-content\/uploads\/2022\/10\/apl_page_vidrio-259x300.jpg\" alt=\"\" width=\"259\" height=\"300\" srcset=\"https:\/\/guil.es\/lifters\/wp-content\/uploads\/2022\/10\/apl_page_vidrio-259x300.jpg 259w, https:\/\/guil.es\/lifters\/wp-content\/uploads\/2022\/10\/apl_page_vidrio.jpg 309w\" sizes=\"(max-width: 259px) 100vw, 259px\" \/><a href=\"https:\/\/guil.es\/lifters\/comparativa\/?filters=sectores%5B806%5D\" target=\"_blank\" rel=\"noopener\">Ver elevadores<\/a><a href=\"https:\/\/guil.es\/lifters\/elevadores-para-vidrio\/\" target=\"_blank\" rel=\"noopener\">Galer\u00eda<\/a>[\/vc_column_text][vc_empty_space][\/vc_column][vc_column width=\u00bb1\/6&#8243; offset=\u00bbvc_col-lg-2 vc_col-md-3 vc_col-xs-12&#8243; css=\u00bb.vc_custom_1730881241041{padding-right: 25px !important;padding-left: 25px !important;}\u00bb][vc_column_text]<\/p>\n<h6>TOLDOS Y PERGOLAS<\/h6>\n<p>[\/vc_column_text][vc_column_text]<img loading=\"lazy\" class=\"alignnone wp-image-19023 size-medium\" src=\"https:\/\/new.guil.es\/wp-content\/uploads\/2022\/10\/apl_page_toldos-259x300.jpg\" alt=\"\" width=\"259\" height=\"300\" srcset=\"https:\/\/guil.es\/lifters\/wp-content\/uploads\/2022\/10\/apl_page_toldos-259x300.jpg 259w, https:\/\/guil.es\/lifters\/wp-content\/uploads\/2022\/10\/apl_page_toldos.jpg 309w\" sizes=\"(max-width: 259px) 100vw, 259px\" \/><a href=\"https:\/\/guil.es\/lifters\/comparativa\/?filters=sectores%5B807%5D\" target=\"_blank\" rel=\"noopener\">Ver elevadores<\/a><a href=\"https:\/\/guil.es\/lifters\/elevadores-para-toldos-y-pergolas\/\" target=\"_blank\" rel=\"noopener\">Galer\u00eda<\/a>[\/vc_column_text][vc_empty_space][\/vc_column][vc_column width=\u00bb1\/6&#8243; offset=\u00bbvc_col-lg-2 vc_col-md-3 vc_col-xs-12&#8243; css=\u00bb.vc_custom_1730881253490{padding-right: 25px !important;padding-left: 25px !important;}\u00bb][vc_column_text]<\/p>\n<h6>CONSTRUCCI\u00d3N<\/h6>\n<p>[\/vc_column_text][vc_column_text]<img loading=\"lazy\" class=\"alignnone wp-image-138788 size-full\" src=\"https:\/\/guil.es\/lifters\/wp-content\/uploads\/2025\/11\/Construccion-2.jpg\" alt=\"\" width=\"259\" height=\"300\" \/><a href=\"https:\/\/guil.es\/lifters\/comparativa\/?filters=sectores%5B808%5D\" target=\"_blank\" rel=\"noopener\">Ver elevadores<\/a><a href=\"https:\/\/guil.es\/lifters\/elevadores-para-construccion\/\" target=\"_blank\" rel=\"noopener\">Galer\u00eda<\/a>[\/vc_column_text][vc_empty_space][\/vc_column][vc_column width=\u00bb1\/6&#8243; offset=\u00bbvc_col-lg-2 vc_col-md-3 vc_col-xs-12&#8243; css=\u00bb.vc_custom_1730881264114{padding-right: 25px !important;padding-left: 25px !important;}\u00bb][vc_column_text]<\/p>\n<h6>STANDS DE FERIA<\/h6>\n<p>[\/vc_column_text][vc_column_text]<img loading=\"lazy\" class=\"alignnone wp-image-19021 size-medium\" src=\"https:\/\/new.guil.es\/wp-content\/uploads\/2022\/10\/apl_page_stands-259x300.jpg\" alt=\"\" width=\"259\" height=\"300\" srcset=\"https:\/\/guil.es\/lifters\/wp-content\/uploads\/2022\/10\/apl_page_stands-259x300.jpg 259w, https:\/\/guil.es\/lifters\/wp-content\/uploads\/2022\/10\/apl_page_stands.jpg 309w\" sizes=\"(max-width: 259px) 100vw, 259px\" \/><a href=\"https:\/\/guil.es\/lifters\/comparativa\/?filters=sectores%5B809%5D\" target=\"_blank\" rel=\"noopener\">Ver elevadores<\/a><a href=\"https:\/\/guil.es\/lifters\/elevadores-para-stands-de-feria\/\" target=\"_blank\" rel=\"noopener\">Galer\u00eda<\/a>[\/vc_column_text][vc_empty_space][\/vc_column][vc_column width=\u00bb1\/6&#8243; offset=\u00bbvc_col-lg-2 vc_col-md-3 vc_col-xs-12&#8243; css=\u00bb.vc_custom_1730881274194{padding-right: 25px !important;padding-left: 25px !important;}\u00bb][vc_column_text]<\/p>\n<h6>CARPINTER\u00cdA \/ CERRAJER\u00cdA<\/h6>\n<p>[\/vc_column_text][vc_column_text]<img loading=\"lazy\" class=\"alignnone wp-image-19029 size-medium\" src=\"https:\/\/new.guil.es\/wp-content\/uploads\/2022\/10\/apl_page_carpinteria-cerrajeria-259x300.jpg\" alt=\"\" width=\"259\" height=\"300\" srcset=\"https:\/\/guil.es\/lifters\/wp-content\/uploads\/2022\/10\/apl_page_carpinteria-cerrajeria-259x300.jpg 259w, https:\/\/guil.es\/lifters\/wp-content\/uploads\/2022\/10\/apl_page_carpinteria-cerrajeria.jpg 309w\" sizes=\"(max-width: 259px) 100vw, 259px\" \/><a href=\"https:\/\/guil.es\/lifters\/comparativa\/?filters=sectores%5B810%5D\" target=\"_blank\" rel=\"noopener\">Ver elevadores<\/a><a href=\"https:\/\/guil.es\/lifters\/elevadores-para-carpinteria-y-cerrajeria\/\" target=\"_blank\" rel=\"noopener\">Galer\u00eda<\/a>[\/vc_column_text][vc_empty_space][\/vc_column][\/vc_row][vc_row king_row_type=\u00bbcontainer_full\u00bb css=\u00bb.vc_custom_1730881424671{border-bottom-width: 50px !important;padding-top: 25px !important;padding-right: 50px !important;padding-left: 50px !important;background-color: #eeeeee !important;}\u00bb king_id=\u00bbaplicaciones\u00bb][vc_column width=\u00bb1\/6&#8243; offset=\u00bbvc_col-lg-2 vc_col-md-3 vc_col-xs-12&#8243; css=\u00bb.vc_custom_1730881364474{padding-right: 25px !important;padding-left: 25px !important;}\u00bb][vc_column_text]<\/p>\n<h6>PERSIANAS \/ PUERTAS<\/h6>\n<p>[\/vc_column_text][vc_column_text]<img loading=\"lazy\" class=\"alignnone wp-image-19019 size-medium\" src=\"https:\/\/new.guil.es\/wp-content\/uploads\/2022\/10\/apl_page_puertas-enrollables-259x300.jpg\" alt=\"\" width=\"259\" height=\"300\" srcset=\"https:\/\/guil.es\/lifters\/wp-content\/uploads\/2022\/10\/apl_page_puertas-enrollables-259x300.jpg 259w, https:\/\/guil.es\/lifters\/wp-content\/uploads\/2022\/10\/apl_page_puertas-enrollables.jpg 309w\" sizes=\"(max-width: 259px) 100vw, 259px\" \/><a href=\"https:\/\/guil.es\/lifters\/comparativa\/?filters=sectores%5B811%5D\" target=\"_blank\" rel=\"noopener\">Ver elevadores<\/a><a href=\"https:\/\/guil.es\/lifters\/elevadores-para-puertas-enrollables\/\" target=\"_blank\" rel=\"noopener\">Galer\u00eda<\/a>[\/vc_column_text][vc_empty_space][\/vc_column][vc_column width=\u00bb1\/6&#8243; offset=\u00bbvc_col-lg-2 vc_col-md-3 vc_col-xs-12&#8243; css=\u00bb.vc_custom_1730881372773{padding-right: 25px !important;padding-left: 25px !important;}\u00bb][vc_column_text]<\/p>\n<h6>R\u00d3TULOS DE ILUMINACI\u00d3N<\/h6>\n<p>[\/vc_column_text][vc_column_text]<img loading=\"lazy\" class=\"alignnone wp-image-19031 size-medium\" src=\"https:\/\/new.guil.es\/wp-content\/uploads\/2022\/10\/apl_page_carteles-rotulos-259x300.jpg\" alt=\"\" width=\"259\" height=\"300\" srcset=\"https:\/\/guil.es\/lifters\/wp-content\/uploads\/2022\/10\/apl_page_carteles-rotulos-259x300.jpg 259w, https:\/\/guil.es\/lifters\/wp-content\/uploads\/2022\/10\/apl_page_carteles-rotulos.jpg 309w\" sizes=\"(max-width: 259px) 100vw, 259px\" \/><a href=\"https:\/\/guil.es\/lifters\/comparativa\/?filters=sectores%5B812%5D\" target=\"_blank\" rel=\"noopener\">Ver elevadores<\/a><a href=\"https:\/\/guil.es\/lifters\/elevadores-para-rotulos-y-carteleria\/\" target=\"_blank\" rel=\"noopener\">Galer\u00eda<\/a>[\/vc_column_text][vc_empty_space][\/vc_column][vc_column width=\u00bb1\/6&#8243; offset=\u00bbvc_col-lg-2 vc_col-md-3 vc_col-xs-12&#8243; css=\u00bb.vc_custom_1730881385374{padding-right: 25px !important;padding-left: 25px !important;}\u00bb][vc_column_text]<\/p>\n<h6>MANTENIMIENTO \/ INSTALACIONES<\/h6>\n<p>[\/vc_column_text][vc_column_text]<img loading=\"lazy\" class=\"alignnone wp-image-19017 size-medium\" src=\"https:\/\/new.guil.es\/wp-content\/uploads\/2022\/10\/apl_page_mantenimiento-259x300.jpg\" alt=\"\" width=\"259\" height=\"300\" srcset=\"https:\/\/guil.es\/lifters\/wp-content\/uploads\/2022\/10\/apl_page_mantenimiento-259x300.jpg 259w, https:\/\/guil.es\/lifters\/wp-content\/uploads\/2022\/10\/apl_page_mantenimiento.jpg 309w\" sizes=\"(max-width: 259px) 100vw, 259px\" \/><a href=\"https:\/\/guil.es\/lifters\/comparativa\/?filters=sectores%5B813%5D\" target=\"_blank\" rel=\"noopener\">Ver elevadores<\/a><a href=\"https:\/\/guil.es\/lifters\/elevadores-para-mantenimiento-e-instalaciones\/\" target=\"_blank\" rel=\"noopener\">Galer\u00eda<\/a>[\/vc_column_text][vc_empty_space][\/vc_column][vc_column width=\u00bb1\/6&#8243; offset=\u00bbvc_col-lg-2 vc_col-md-3 vc_col-xs-12&#8243; css=\u00bb.vc_custom_1730881394038{padding-right: 25px !important;padding-left: 25px !important;}\u00bb][vc_column_text]<\/p>\n<h6>FERRETER\u00cdA INDUSTRIAL<\/h6>\n<p>[\/vc_column_text][vc_column_text]<img loading=\"lazy\" class=\"alignnone wp-image-19015 size-medium\" src=\"https:\/\/new.guil.es\/wp-content\/uploads\/2022\/10\/apl_page_ferreteria-industrial-259x300.jpg\" alt=\"\" width=\"259\" height=\"300\" srcset=\"https:\/\/guil.es\/lifters\/wp-content\/uploads\/2022\/10\/apl_page_ferreteria-industrial-259x300.jpg 259w, https:\/\/guil.es\/lifters\/wp-content\/uploads\/2022\/10\/apl_page_ferreteria-industrial.jpg 309w\" sizes=\"(max-width: 259px) 100vw, 259px\" \/><a href=\"https:\/\/guil.es\/lifters\/comparativa\/?filters=sectores%5B814%5D\" target=\"_blank\" rel=\"noopener\">Ver elevadores<\/a><a href=\"https:\/\/guil.es\/lifters\/elevadores-para-suministros-industriales\/\" target=\"_blank\" rel=\"noopener\">Galer\u00eda<\/a>[\/vc_column_text][vc_empty_space][\/vc_column][vc_column width=\u00bb1\/6&#8243; offset=\u00bbvc_col-lg-2 vc_col-md-3 vc_col-xs-12&#8243; css=\u00bb.vc_custom_1730881402919{padding-right: 25px !important;padding-left: 25px !important;}\u00bb][vc_column_text]<\/p>\n<h6>ALMACENAJE<\/h6>\n<p>[\/vc_column_text][vc_column_text]<img loading=\"lazy\" class=\"alignnone wp-image-136739 size-medium\" src=\"https:\/\/guil.es\/lifters\/wp-content\/uploads\/2024\/11\/Almacen-259x300.jpg\" alt=\"\" width=\"259\" height=\"300\" srcset=\"https:\/\/guil.es\/lifters\/wp-content\/uploads\/2024\/11\/Almacen-259x300.jpg 259w, https:\/\/guil.es\/lifters\/wp-content\/uploads\/2024\/11\/Almacen.jpg 309w\" sizes=\"(max-width: 259px) 100vw, 259px\" \/><a href=\"https:\/\/guil.es\/lifters\/comparativa\/?filters=sectores%5B815%5D\" target=\"_blank\" rel=\"noopener\">Ver elevadores<\/a><a href=\"https:\/\/guil.es\/lifters\/elevadores-para-almacenaje-y-logistica\/\" target=\"_blank\" rel=\"noopener\">Galer\u00eda<\/a>[\/vc_column_text][vc_empty_space][\/vc_column][vc_column width=\u00bb1\/6&#8243; offset=\u00bbvc_col-lg-2 vc_col-md-3 vc_col-xs-12&#8243; css=\u00bb.vc_custom_1730881412437{padding-right: 25px !important;padding-left: 25px !important;}\u00bb][vc_column_text]<\/p>\n<h6>EVENTOS<\/h6>\n<p>[\/vc_column_text][vc_column_text]<img loading=\"lazy\" class=\"alignnone wp-image-19037 size-medium\" src=\"https:\/\/new.guil.es\/wp-content\/uploads\/2022\/10\/apl_page_eventos-259x300.jpg\" alt=\"\" width=\"259\" height=\"300\" srcset=\"https:\/\/guil.es\/lifters\/wp-content\/uploads\/2022\/10\/apl_page_eventos-259x300.jpg 259w, https:\/\/guil.es\/lifters\/wp-content\/uploads\/2022\/10\/apl_page_eventos.jpg 309w\" sizes=\"(max-width: 259px) 100vw, 259px\" \/><a href=\"https:\/\/guil.es\/categoria-productos\/torres-para-sonido-iluminacion-y-led\/\" target=\"_blank\" rel=\"noopener\">Ver elevadores<\/a><a href=\"https:\/\/guil.es\/lifters\/elevadores-para-eventos\/\" target=\"_blank\" rel=\"noopener\">Galer\u00eda<\/a>[\/vc_column_text][vc_empty_space][\/vc_column][\/vc_row][vc_row css=\u00bb.vc_custom_1665409947996{background-color: #eeeeee !important;}\u00bb][vc_column][vc_empty_space height=\u00bb50&#8243;][\/vc_column][\/vc_row]<\/p>\n","protected":false},"excerpt":{"rendered":"<p>[vc_row king_row_type=\u00bbcontainer_full\u00bb css=\u00bb.vc_custom_1730881348684{padding-right: 70px !important;padding-left: 70px !important;background-color: #eeeeee !important;}\u00bb][vc_column][vc_column_text] ELIGE UN MODELO Y ELEVA TU CARGA [\/vc_column_text][\/vc_column][\/vc_row][vc_row king_row_type=\u00bbcontainer_full\u00bb css=\u00bb.vc_custom_1730881340010{padding-right: 70px !important;padding-left: 70px !important;background-color: #eeeeee !important;}\u00bb][vc_column][vc_column_text]En GUIL nos dedicamos al dise\u00f1o y fabricaci\u00f3n de ELEVADORES DE CARGA y auxiliares para la colocaci\u00f3n y elevaci\u00f3n de infinidad de materiales. Gracias a la amplia gama de modelos, adaptadores [&hellip;]<\/p>\n","protected":false},"author":1,"featured_media":0,"parent":0,"menu_order":5,"comment_status":"closed","ping_status":"closed","template":"templates\/page-full.php","meta":[],"yoast_head":"<!-- This site is optimized with the Yoast SEO plugin v19.7.1 - https:\/\/yoast.com\/wordpress\/plugins\/seo\/ -->\n<title>Aplicaciones | GUIL<\/title>\n<meta name=\"robots\" content=\"index, follow, max-snippet:-1, max-image-preview:large, max-video-preview:-1\" \/>\n<link rel=\"canonical\" href=\"https:\/\/guil.es\/lifters\/aplicaciones\/\" \/>\n<meta property=\"og:locale\" content=\"es_ES\" \/>\n<meta property=\"og:type\" content=\"article\" \/>\n<meta property=\"og:title\" content=\"Aplicaciones | GUIL\" \/>\n<meta property=\"og:description\" content=\"[vc_row king_row_type=\u00bbcontainer_full\u00bb css=\u00bb.vc_custom_1730881348684{padding-right: 70px !important;padding-left: 70px !important;background-color: #eeeeee !important;}\u00bb][vc_column][vc_column_text] ELIGE UN MODELO Y ELEVA TU CARGA [\/vc_column_text][\/vc_column][\/vc_row][vc_row king_row_type=\u00bbcontainer_full\u00bb css=\u00bb.vc_custom_1730881340010{padding-right: 70px !important;padding-left: 70px !important;background-color: #eeeeee !important;}\u00bb][vc_column][vc_column_text]En GUIL nos dedicamos al dise\u00f1o y fabricaci\u00f3n de ELEVADORES DE CARGA y auxiliares para la colocaci\u00f3n y elevaci\u00f3n de infinidad de materiales. Gracias a la amplia gama de modelos, adaptadores [&hellip;]\" \/>\n<meta property=\"og:url\" content=\"https:\/\/guil.es\/lifters\/aplicaciones\/\" \/>\n<meta property=\"og:site_name\" content=\"GUIL\" \/>\n<meta property=\"article:publisher\" content=\"https:\/\/www.facebook.com\/GUIL-lifters-1595855663880679\/?ref=br_rs\" \/>\n<meta property=\"article:modified_time\" content=\"2025-11-17T08:33:31+00:00\" \/>\n<meta property=\"og:image\" content=\"https:\/\/new.guil.es\/wp-content\/uploads\/2022\/10\/apl_page_climatizacion-259x300.jpg\" \/>\n<meta name=\"twitter:card\" content=\"summary_large_image\" \/>\n<meta name=\"twitter:label1\" content=\"Tiempo de lectura\" \/>\n\t<meta name=\"twitter:data1\" content=\"4 minutos\" \/>\n<!-- \/ Yoast SEO plugin. -->","yoast_head_json":{"title":"Aplicaciones | GUIL","robots":{"index":"index","follow":"follow","max-snippet":"max-snippet:-1","max-image-preview":"max-image-preview:large","max-video-preview":"max-video-preview:-1"},"canonical":"https:\/\/guil.es\/lifters\/aplicaciones\/","og_locale":"es_ES","og_type":"article","og_title":"Aplicaciones | GUIL","og_description":"[vc_row king_row_type=\u00bbcontainer_full\u00bb css=\u00bb.vc_custom_1730881348684{padding-right: 70px !important;padding-left: 70px !important;background-color: #eeeeee !important;}\u00bb][vc_column][vc_column_text] ELIGE UN MODELO Y ELEVA TU CARGA [\/vc_column_text][\/vc_column][\/vc_row][vc_row king_row_type=\u00bbcontainer_full\u00bb css=\u00bb.vc_custom_1730881340010{padding-right: 70px !important;padding-left: 70px !important;background-color: #eeeeee !important;}\u00bb][vc_column][vc_column_text]En GUIL nos dedicamos al dise\u00f1o y fabricaci\u00f3n de ELEVADORES DE CARGA y auxiliares para la colocaci\u00f3n y elevaci\u00f3n de infinidad de materiales. Gracias a la amplia gama de modelos, adaptadores [&hellip;]","og_url":"https:\/\/guil.es\/lifters\/aplicaciones\/","og_site_name":"GUIL","article_publisher":"https:\/\/www.facebook.com\/GUIL-lifters-1595855663880679\/?ref=br_rs","article_modified_time":"2025-11-17T08:33:31+00:00","og_image":[{"url":"https:\/\/new.guil.es\/wp-content\/uploads\/2022\/10\/apl_page_climatizacion-259x300.jpg"}],"twitter_card":"summary_large_image","twitter_misc":{"Tiempo de lectura":"4 minutos"},"schema":{"@context":"https:\/\/schema.org","@graph":[{"@type":"WebPage","@id":"https:\/\/guil.es\/lifters\/aplicaciones\/","url":"https:\/\/guil.es\/lifters\/aplicaciones\/","name":"Aplicaciones | GUIL","isPartOf":{"@id":"https:\/\/guil.es\/lifters\/#website"},"datePublished":"2022-09-29T09:55:04+00:00","dateModified":"2025-11-17T08:33:31+00:00","breadcrumb":{"@id":"https:\/\/guil.es\/lifters\/aplicaciones\/#breadcrumb"},"inLanguage":"es","potentialAction":[{"@type":"ReadAction","target":["https:\/\/guil.es\/lifters\/aplicaciones\/"]}]},{"@type":"BreadcrumbList","@id":"https:\/\/guil.es\/lifters\/aplicaciones\/#breadcrumb","itemListElement":[{"@type":"ListItem","position":1,"name":"Portada","item":"https:\/\/guil.es\/lifters\/"},{"@type":"ListItem","position":2,"name":"Aplicaciones"}]},{"@type":"WebSite","@id":"https:\/\/guil.es\/lifters\/#website","url":"https:\/\/guil.es\/lifters\/","name":"GUIL","description":"Ingenier\u00eda para la industria","publisher":{"@id":"https:\/\/guil.es\/lifters\/#organization"},"potentialAction":[{"@type":"SearchAction","target":{"@type":"EntryPoint","urlTemplate":"https:\/\/guil.es\/lifters\/?s={search_term_string}"},"query-input":"required name=search_term_string"}],"inLanguage":"es"},{"@type":"Organization","@id":"https:\/\/guil.es\/lifters\/#organization","name":"GUIL","url":"https:\/\/guil.es\/lifters\/","sameAs":["https:\/\/www.linkedin.com\/company\/guil-lifters\/","https:\/\/www.youtube.com\/channel\/UCPO_ySVpLlTabFUBnqaL48w\/videos?view_as=subscriber","https:\/\/www.instagram.com\/guil_lifters\/","https:\/\/www.facebook.com\/GUIL-lifters-1595855663880679\/?ref=br_rs"],"logo":{"@type":"ImageObject","inLanguage":"es","@id":"https:\/\/guil.es\/lifters\/#\/schema\/logo\/image\/","url":"https:\/\/new.guil.es\/wp-content\/uploads\/2019\/05\/GUIL-TORO-Negro.jpg","contentUrl":"https:\/\/new.guil.es\/wp-content\/uploads\/2019\/05\/GUIL-TORO-Negro.jpg","width":2056,"height":498,"caption":"GUIL"},"image":{"@id":"https:\/\/guil.es\/lifters\/#\/schema\/logo\/image\/"}}]}},"_links":{"self":[{"href":"https:\/\/guil.es\/lifters\/wp-json\/wp\/v2\/pages\/18957"}],"collection":[{"href":"https:\/\/guil.es\/lifters\/wp-json\/wp\/v2\/pages"}],"about":[{"href":"https:\/\/guil.es\/lifters\/wp-json\/wp\/v2\/types\/page"}],"author":[{"embeddable":true,"href":"https:\/\/guil.es\/lifters\/wp-json\/wp\/v2\/users\/1"}],"replies":[{"embeddable":true,"href":"https:\/\/guil.es\/lifters\/wp-json\/wp\/v2\/comments?post=18957"}],"version-history":[{"count":15,"href":"https:\/\/guil.es\/lifters\/wp-json\/wp\/v2\/pages\/18957\/revisions"}],"predecessor-version":[{"id":138790,"href":"https:\/\/guil.es\/lifters\/wp-json\/wp\/v2\/pages\/18957\/revisions\/138790"}],"wp:attachment":[{"href":"https:\/\/guil.es\/lifters\/wp-json\/wp\/v2\/media?parent=18957"}],"curies":[{"name":"wp","href":"https:\/\/api.w.org\/{rel}","templated":true}]}}