{"id":4583,"date":"2019-01-03T09:40:16","date_gmt":"2019-01-03T08:40:16","guid":{"rendered":"http:\/\/guil-lifters.com\/?page_id=4583"},"modified":"2024-11-08T14:02:20","modified_gmt":"2024-11-08T13:02:20","slug":"porque-guil","status":"publish","type":"page","link":"https:\/\/guil.es\/lifters\/porque-guil\/","title":{"rendered":"\u00bfPor qu\u00e9 GUIL?"},"content":{"rendered":"<p>[vc_row equal_height=\u00bb1&#8243; king_bg_repeat=\u00bbcover\u00bb king_row_type=\u00bbcontainer_full\u00bb css=\u00bb.vc_custom_1731067766232{padding-right: 20px !important;padding-left: 20px !important;background-position: center !important;background-repeat: no-repeat !important;background-size: cover !important;}\u00bb][vc_column el_animate=\u00bbanimated eff-fadeInRight\u00bb el_delay=\u00bb100&#8243;][vc_empty_space][\/vc_column][\/vc_row][vc_row king_bg_repeat=\u00bbcover\u00bb king_row_type=\u00bbcontainer_full\u00bb css=\u00bb.vc_custom_1731067732664{margin-right: 23px !important;margin-left: 23px !important;border-right-width: 20px !important;border-left-width: 20px !important;background-position: center !important;background-repeat: no-repeat !important;background-size: cover !important;}\u00bb][vc_column el_animate=\u00bbanimated eff-fadeInRight\u00bb width=\u00bb1\/4&#8243; el_delay=\u00bb100&#8243;][vc_single_image image=\u00bb11691&#8243; img_size=\u00bbfull\u00bb css_animation=\u00bbnone\u00bb][vc_column_text css=\u00bb.vc_custom_1731070751253{padding-top: 15px !important;padding-right: 15px !important;padding-bottom: 15px !important;padding-left: 15px !important;background-color: #ededed !important;}\u00bb el_class=\u00bbpq_guil_text\u00bb]<\/p>\n<p style=\"text-align: justify;\"><span style=\"color: #000000;\"><strong>DISE\u00d1O \u00daNICO: DOS ELEVADORES EN UNO<\/strong>. Las patas se pueden colocar en la parte delantera o trasera de la base dependiendo de la carga a subir; lo que permite colocar el elevador junto a paredes y espacios de trabajo.<\/span><\/p>\n<p>[\/vc_column_text][\/vc_column][vc_column el_animate=\u00bbanimated eff-fadeInRight\u00bb width=\u00bb1\/4&#8243; el_delay=\u00bb200&#8243;][vc_single_image image=\u00bb11693&#8243; img_size=\u00bbfull\u00bb][vc_column_text css=\u00bb.vc_custom_1731066308248{padding-top: 15px !important;padding-right: 15px !important;padding-bottom: 15px !important;padding-left: 15px !important;background-color: #ededed !important;}\u00bb el_class=\u00bbpq_guil_text\u00bb]<\/p>\n<p style=\"text-align: justify;\"><span style=\"color: #000000;\"><strong>Elevadores TODO INCLUIDO:<\/strong><\/span><br \/>\n<span style=\"color: #000000;\">Horquillas, Estabilizadores laterales, 12 ruedas, Niveladores, Cabrestantes sobredimensionados, Doble sistema de freno).<\/span><\/p>\n<p>[\/vc_column_text][\/vc_column][vc_column el_animate=\u00bbanimated eff-fadeInRight\u00bb width=\u00bb1\/4&#8243; el_delay=\u00bb300&#8243;][vc_single_image image=\u00bb11695&#8243; img_size=\u00bbfull\u00bb][vc_column_text css=\u00bb.vc_custom_1731066317031{padding-top: 15px !important;padding-right: 15px !important;padding-bottom: 15px !important;padding-left: 15px !important;background-color: #ededed !important;}\u00bb el_class=\u00bbpq_guil_text\u00bb]<\/p>\n<p style=\"text-align: justify;\"><span style=\"color: #000000;\"><strong>Elevadores certificados bajo las normativas europeas de la CE<\/strong>. Todos los modelos TORO est\u00e1n provistos de doble sistema de seguridad: IPB System (Freno Pendular System) y cabrestantes autofrenables.<\/span><\/p>\n<p>[\/vc_column_text][\/vc_column][vc_column width=\u00bb1\/4&#8243;][vc_single_image image=\u00bb11697&#8243; img_size=\u00bbfull\u00bb][vc_column_text css=\u00bb.vc_custom_1731066325911{padding-top: 15px !important;padding-right: 15px !important;padding-bottom: 15px !important;padding-left: 15px !important;background-color: #ededed !important;}\u00bb el_class=\u00bbpq_guil_text\u00bb]<\/p>\n<p style=\"text-align: justify;\"><span style=\"color: #000000;\">GR\u00daAS con la posibilidad de ser elevadas mediante sistema manual y sistema el\u00e9ctrico. Simplemente instalando el sistema ELECTRIC, <strong>CONVERTIMOS LAS TORRES MANUALES EN ELEVADORES EL\u00c9CTRICOS.<\/strong><\/span><\/p>\n<p>[\/vc_column_text][\/vc_column][\/vc_row][vc_row king_row_type=\u00bbcontainer_full\u00bb king_class=\u00bbfeatures_sec40&#8243; bg_color=\u00bb#2a363f\u00bb css=\u00bb.vc_custom_1636460461419{margin-left: 23px !important;background-color: #ffffff !important;}\u00bb][vc_column el_animate=\u00bbanimated eff-fadeInRight\u00bb width=\u00bb1\/4&#8243; el_delay=\u00bb100&#8243;][vc_single_image image=\u00bb11699&#8243; img_size=\u00bb425&#215;293&#8243; css_animation=\u00bbnone\u00bb][vc_column_text css=\u00bb.vc_custom_1637318864803{padding-top: 15px !important;padding-right: 15px !important;padding-bottom: 15px !important;padding-left: 15px !important;background-color: #000000 !important;}\u00bb el_class=\u00bbpq_guil_text\u00bb]<\/p>\n<p style=\"text-align: justify;\"><strong>Elevadores provistos de MSU System<\/strong>: Sistema \u00fanico de desbloqueo de tramos.<\/p>\n<p>[\/vc_column_text][\/vc_column][vc_column el_animate=\u00bbanimated eff-fadeInRight\u00bb width=\u00bb1\/4&#8243; el_delay=\u00bb200&#8243;][vc_single_image image=\u00bb11701&#8243; img_size=\u00bb425&#215;293&#8243;][vc_column_text css=\u00bb.vc_custom_1637318815004{padding-top: 15px !important;padding-right: 15px !important;padding-bottom: 15px !important;padding-left: 15px !important;}\u00bb el_class=\u00bbpq_guil_text\u00bb]<\/p>\n<p style=\"text-align: justify;\"><strong>M\u00c1XIMA FUNCIONALIDAD<\/strong>: fabricamos una amplia gama de accesorios\/adaptadores para dar al elevador m\u00faltiples utilidades.<\/p>\n<p>[\/vc_column_text][\/vc_column][vc_column el_animate=\u00bbanimated eff-fadeInRight\u00bb width=\u00bb1\/4&#8243; el_delay=\u00bb300&#8243;][vc_single_image image=\u00bb11703&#8243; img_size=\u00bb425&#215;293&#8243;][vc_column_text css=\u00bb.vc_custom_1637318824052{padding-top: 15px !important;padding-right: 15px !important;padding-bottom: 15px !important;padding-left: 15px !important;}\u00bb el_class=\u00bbpq_guil_text\u00bb]<\/p>\n<p style=\"text-align: justify;\">Incluyen<strong> ESTABILIZADORES laterales abatibles<\/strong> provistos de <strong>RUEDAS NIVELADORAS<\/strong> con freno.<\/p>\n<p>[\/vc_column_text][\/vc_column][vc_column width=\u00bb1\/4&#8243;][vc_single_image image=\u00bb11705&#8243; img_size=\u00bb425&#215;293&#8243;][vc_column_text css=\u00bb.vc_custom_1637318838403{padding-top: 15px !important;padding-right: 15px !important;padding-bottom: 15px !important;padding-left: 15px !important;}\u00bb el_class=\u00bbpq_guil_text\u00bb]<\/p>\n<p style=\"text-align: justify;\">Los Elevadores<strong> INCLUYEN 12 RUEDAS<\/strong> para su transporte en vertical, horizontal y su carga en veh\u00edculos.<\/p>\n<p>[\/vc_column_text][\/vc_column][\/vc_row][vc_row][vc_column][vc_empty_space height=\u00bb50px\u00bb][\/vc_column][\/vc_row][vc_row king_row_type=\u00bbcontainer_full\u00bb king_class=\u00bbfeatures_sec40&#8243; bg_color=\u00bb#2a363f\u00bb css=\u00bb.vc_custom_1636460461419{margin-left: 23px !important;background-color: #ffffff !important;}\u00bb][vc_column el_animate=\u00bbanimated eff-fadeInRight\u00bb width=\u00bb1\/4&#8243; el_delay=\u00bb100&#8243;][vc_single_image image=\u00bb11724&#8243; img_size=\u00bb425&#215;293&#8243; css_animation=\u00bbnone\u00bb][vc_column_text css=\u00bb.vc_custom_1637318803228{padding-top: 15px !important;padding-right: 15px !important;padding-bottom: 15px !important;padding-left: 15px !important;background-color: #000000 !important;}\u00bb el_class=\u00bbpq_guil_text\u00bb]<\/p>\n<p style=\"text-align: justify;\"><strong>PATAS TELESC\u00d3PICAS DESMONTABLES<\/strong> equipadas con<strong> RUEDAS NIVELADORAS<\/strong> con freno <strong>Y SISTEMA DE BLOQUEO.<\/strong><\/p>\n<p>[\/vc_column_text][\/vc_column][vc_column el_animate=\u00bbanimated eff-fadeInRight\u00bb width=\u00bb1\/4&#8243; el_delay=\u00bb200&#8243;][vc_single_image image=\u00bb11726&#8243; img_size=\u00bb425&#215;293&#8243;][vc_column_text css=\u00bb.vc_custom_1637318793789{padding-top: 15px !important;padding-right: 15px !important;padding-bottom: 15px !important;padding-left: 15px !important;}\u00bb el_class=\u00bbpq_guil_text\u00bb]<\/p>\n<p style=\"text-align: justify;\"><strong>HORQUILLAS REFORZADAS INCLUIDAS<\/strong>. DISE\u00d1O REVERSILBLE para ganar altura, AJUSTABLES para conseguir un mejor posicionamiento de la carga y DESMONTABLES para un mejor transporte y almacenamiento del Elevador.<\/p>\n<p>[\/vc_column_text][\/vc_column][vc_column el_animate=\u00bbanimated eff-fadeInRight\u00bb width=\u00bb1\/4&#8243; el_delay=\u00bb300&#8243;][vc_single_image image=\u00bb11728&#8243; img_size=\u00bb425&#215;293&#8243;][vc_column_text css=\u00bb.vc_custom_1637318898983{padding-top: 15px !important;padding-right: 15px !important;padding-bottom: 15px !important;padding-left: 15px !important;}\u00bb el_class=\u00bbpq_guil_text\u00bb]<\/p>\n<p style=\"text-align: justify;\"><strong>Elevadores de DISE\u00d1O COMPACTO<\/strong> para su uso en espacios de reducidas dimensiones.<\/p>\n<p>[\/vc_column_text][\/vc_column][vc_column width=\u00bb1\/4&#8243;][vc_single_image image=\u00bb11730&#8243; img_size=\u00bb425&#215;293&#8243;][vc_column_text css=\u00bb.vc_custom_1637318911488{padding-top: 15px !important;padding-right: 15px !important;padding-bottom: 15px !important;padding-left: 15px !important;}\u00bb el_class=\u00bbpq_guil_text\u00bb]Bases provistas de un <strong>SEGURO REGULABLE<\/strong> que bloquea los perfiles durante el transporte del elevador en horizontal.[\/vc_column_text][\/vc_column][\/vc_row][vc_row][vc_column][vc_empty_space height=\u00bb50px\u00bb][\/vc_column][\/vc_row][vc_row king_row_type=\u00bbcontainer_full\u00bb king_class=\u00bbfeatures_sec40&#8243; bg_color=\u00bb#2a363f\u00bb css=\u00bb.vc_custom_1636460461419{margin-left: 23px !important;background-color: #ffffff !important;}\u00bb][vc_column el_animate=\u00bbanimated eff-fadeInRight\u00bb width=\u00bb1\/4&#8243; el_delay=\u00bb100&#8243;][vc_single_image image=\u00bb11732&#8243; img_size=\u00bb425&#215;293&#8243; css_animation=\u00bbnone\u00bb][vc_column_text css=\u00bb.vc_custom_1637319031674{padding-top: 15px !important;padding-right: 15px !important;padding-bottom: 15px !important;padding-left: 15px !important;background-color: #000000 !important;}\u00bb el_class=\u00bbpq_guil_text\u00bb]<\/p>\n<p style=\"text-align: justify;\">Fabricamos una <strong>AMPLIA GAMA DE ELEVADORES DE CARGA SUPERIOR<\/strong> de gran resistencia. Desde los m\u00e1s compactos y ligeros hasta los m\u00e1s potentes.<\/p>\n<p>[\/vc_column_text][\/vc_column][vc_column el_animate=\u00bbanimated eff-fadeInRight\u00bb width=\u00bb1\/4&#8243; el_delay=\u00bb200&#8243;][vc_single_image image=\u00bb11738&#8243; img_size=\u00bb425&#215;293&#8243;][vc_column_text css=\u00bb.vc_custom_1637319167570{padding-top: 15px !important;padding-right: 15px !important;padding-bottom: 15px !important;padding-left: 15px !important;}\u00bb el_class=\u00bbpq_guil_text\u00bb]<\/p>\n<p style=\"text-align: justify;\">Provistos de <strong>DOBLE SISTEMA DE SEGURIDAD<\/strong>, mediante cabrestante autofrenable y el sistema de tiradores <strong>ASB System<\/strong> (Sistema de Seguridad de bloqueo autom\u00e1tico).<\/p>\n<p>[\/vc_column_text][\/vc_column][vc_column el_animate=\u00bbanimated eff-fadeInRight\u00bb width=\u00bb1\/4&#8243; el_delay=\u00bb300&#8243;][vc_single_image image=\u00bb11736&#8243; img_size=\u00bb425&#215;293&#8243;][vc_column_text css=\u00bb.vc_custom_1637319121186{padding-top: 15px !important;padding-right: 15px !important;padding-bottom: 15px !important;padding-left: 15px !important;}\u00bb el_class=\u00bbpq_guil_text\u00bb]<\/p>\n<p style=\"text-align: justify;\">Elevadores de r\u00e1pido y sencillo montaje sin necesidad de herramientas para una mayor <strong>RAPIDEZ Y COMODIDAD EN SUS INSTALACIONES.<\/strong><\/p>\n<p>[\/vc_column_text][\/vc_column][vc_column width=\u00bb1\/4&#8243;][vc_single_image image=\u00bb11734&#8243; img_size=\u00bb425&#215;293&#8243;][vc_column_text css=\u00bb.vc_custom_1637319080042{padding-top: 15px !important;padding-right: 15px !important;padding-bottom: 15px !important;padding-left: 15px !important;}\u00bb el_class=\u00bbpq_guil_text\u00bb]<\/p>\n<p style=\"text-align: justify;\">Gran <strong>VARIEDAD DE ADAPTADORES<\/strong> que permiten elevar diferentes tipos de carga.<\/p>\n<p>[\/vc_column_text][\/vc_column][\/vc_row][vc_row][vc_column][vc_empty_space height=\u00bb50px\u00bb][\/vc_column][\/vc_row]<\/p>\n","protected":false},"excerpt":{"rendered":"<p>[vc_row equal_height=\u00bb1&#8243; king_bg_repeat=\u00bbcover\u00bb king_row_type=\u00bbcontainer_full\u00bb css=\u00bb.vc_custom_1731067766232{padding-right: 20px !important;padding-left: 20px !important;background-position: center !important;background-repeat: no-repeat !important;background-size: cover !important;}\u00bb][vc_column el_animate=\u00bbanimated eff-fadeInRight\u00bb el_delay=\u00bb100&#8243;][vc_empty_space][\/vc_column][\/vc_row][vc_row king_bg_repeat=\u00bbcover\u00bb king_row_type=\u00bbcontainer_full\u00bb css=\u00bb.vc_custom_1731067732664{margin-right: 23px !important;margin-left: 23px !important;border-right-width: 20px !important;border-left-width: 20px !important;background-position: center !important;background-repeat: no-repeat !important;background-size: cover !important;}\u00bb][vc_column el_animate=\u00bbanimated eff-fadeInRight\u00bb width=\u00bb1\/4&#8243; el_delay=\u00bb100&#8243;][vc_single_image image=\u00bb11691&#8243; img_size=\u00bbfull\u00bb css_animation=\u00bbnone\u00bb][vc_column_text css=\u00bb.vc_custom_1731070751253{padding-top: 15px !important;padding-right: 15px !important;padding-bottom: 15px !important;padding-left: 15px !important;background-color: #ededed !important;}\u00bb el_class=\u00bbpq_guil_text\u00bb] DISE\u00d1O [&hellip;]<\/p>\n","protected":false},"author":2,"featured_media":0,"parent":0,"menu_order":5,"comment_status":"closed","ping_status":"closed","template":"templates\/page-full.php","meta":[],"yoast_head":"<!-- This site is optimized with the Yoast SEO plugin v19.7.1 - https:\/\/yoast.com\/wordpress\/plugins\/seo\/ -->\n<title>\u00bfPor qu\u00e9 GUIL? | GUIL<\/title>\n<meta name=\"robots\" content=\"index, follow, max-snippet:-1, max-image-preview:large, max-video-preview:-1\" \/>\n<link rel=\"canonical\" href=\"https:\/\/guil.es\/lifters\/porque-guil\/\" \/>\n<meta property=\"og:locale\" content=\"es_ES\" \/>\n<meta property=\"og:type\" content=\"article\" \/>\n<meta property=\"og:title\" content=\"\u00bfPor qu\u00e9 GUIL? | GUIL\" \/>\n<meta property=\"og:description\" content=\"[vc_row equal_height=\u00bb1&#8243; king_bg_repeat=\u00bbcover\u00bb king_row_type=\u00bbcontainer_full\u00bb css=\u00bb.vc_custom_1731067766232{padding-right: 20px !important;padding-left: 20px !important;background-position: center !important;background-repeat: no-repeat !important;background-size: cover !important;}\u00bb][vc_column el_animate=\u00bbanimated eff-fadeInRight\u00bb el_delay=\u00bb100&#8243;][vc_empty_space][\/vc_column][\/vc_row][vc_row king_bg_repeat=\u00bbcover\u00bb king_row_type=\u00bbcontainer_full\u00bb css=\u00bb.vc_custom_1731067732664{margin-right: 23px !important;margin-left: 23px !important;border-right-width: 20px !important;border-left-width: 20px !important;background-position: center !important;background-repeat: no-repeat !important;background-size: cover !important;}\u00bb][vc_column el_animate=\u00bbanimated eff-fadeInRight\u00bb width=\u00bb1\/4&#8243; el_delay=\u00bb100&#8243;][vc_single_image image=\u00bb11691&#8243; img_size=\u00bbfull\u00bb css_animation=\u00bbnone\u00bb][vc_column_text css=\u00bb.vc_custom_1731070751253{padding-top: 15px !important;padding-right: 15px !important;padding-bottom: 15px !important;padding-left: 15px !important;background-color: #ededed !important;}\u00bb el_class=\u00bbpq_guil_text\u00bb] DISE\u00d1O [&hellip;]\" \/>\n<meta property=\"og:url\" content=\"https:\/\/guil.es\/lifters\/porque-guil\/\" \/>\n<meta property=\"og:site_name\" content=\"GUIL\" \/>\n<meta property=\"article:publisher\" content=\"https:\/\/www.facebook.com\/GUIL-lifters-1595855663880679\/?ref=br_rs\" \/>\n<meta property=\"article:modified_time\" content=\"2024-11-08T13:02:20+00:00\" \/>\n<meta name=\"twitter:card\" content=\"summary_large_image\" \/>\n<meta name=\"twitter:label1\" content=\"Tiempo de lectura\" \/>\n\t<meta name=\"twitter:data1\" content=\"3 minutos\" \/>\n<!-- \/ Yoast SEO plugin. -->","yoast_head_json":{"title":"\u00bfPor qu\u00e9 GUIL? | GUIL","robots":{"index":"index","follow":"follow","max-snippet":"max-snippet:-1","max-image-preview":"max-image-preview:large","max-video-preview":"max-video-preview:-1"},"canonical":"https:\/\/guil.es\/lifters\/porque-guil\/","og_locale":"es_ES","og_type":"article","og_title":"\u00bfPor qu\u00e9 GUIL? | GUIL","og_description":"[vc_row equal_height=\u00bb1&#8243; king_bg_repeat=\u00bbcover\u00bb king_row_type=\u00bbcontainer_full\u00bb css=\u00bb.vc_custom_1731067766232{padding-right: 20px !important;padding-left: 20px !important;background-position: center !important;background-repeat: no-repeat !important;background-size: cover !important;}\u00bb][vc_column el_animate=\u00bbanimated eff-fadeInRight\u00bb el_delay=\u00bb100&#8243;][vc_empty_space][\/vc_column][\/vc_row][vc_row king_bg_repeat=\u00bbcover\u00bb king_row_type=\u00bbcontainer_full\u00bb css=\u00bb.vc_custom_1731067732664{margin-right: 23px !important;margin-left: 23px !important;border-right-width: 20px !important;border-left-width: 20px !important;background-position: center !important;background-repeat: no-repeat !important;background-size: cover !important;}\u00bb][vc_column el_animate=\u00bbanimated eff-fadeInRight\u00bb width=\u00bb1\/4&#8243; el_delay=\u00bb100&#8243;][vc_single_image image=\u00bb11691&#8243; img_size=\u00bbfull\u00bb css_animation=\u00bbnone\u00bb][vc_column_text css=\u00bb.vc_custom_1731070751253{padding-top: 15px !important;padding-right: 15px !important;padding-bottom: 15px !important;padding-left: 15px !important;background-color: #ededed !important;}\u00bb el_class=\u00bbpq_guil_text\u00bb] DISE\u00d1O [&hellip;]","og_url":"https:\/\/guil.es\/lifters\/porque-guil\/","og_site_name":"GUIL","article_publisher":"https:\/\/www.facebook.com\/GUIL-lifters-1595855663880679\/?ref=br_rs","article_modified_time":"2024-11-08T13:02:20+00:00","twitter_card":"summary_large_image","twitter_misc":{"Tiempo de lectura":"3 minutos"},"schema":{"@context":"https:\/\/schema.org","@graph":[{"@type":"WebPage","@id":"https:\/\/guil.es\/lifters\/porque-guil\/","url":"https:\/\/guil.es\/lifters\/porque-guil\/","name":"\u00bfPor qu\u00e9 GUIL? | GUIL","isPartOf":{"@id":"https:\/\/guil.es\/lifters\/#website"},"datePublished":"2019-01-03T08:40:16+00:00","dateModified":"2024-11-08T13:02:20+00:00","breadcrumb":{"@id":"https:\/\/guil.es\/lifters\/porque-guil\/#breadcrumb"},"inLanguage":"es","potentialAction":[{"@type":"ReadAction","target":["https:\/\/guil.es\/lifters\/porque-guil\/"]}]},{"@type":"BreadcrumbList","@id":"https:\/\/guil.es\/lifters\/porque-guil\/#breadcrumb","itemListElement":[{"@type":"ListItem","position":1,"name":"Portada","item":"https:\/\/guil.es\/lifters\/"},{"@type":"ListItem","position":2,"name":"\u00bfPor qu\u00e9 GUIL?"}]},{"@type":"WebSite","@id":"https:\/\/guil.es\/lifters\/#website","url":"https:\/\/guil.es\/lifters\/","name":"GUIL","description":"Ingenier\u00eda para la industria","publisher":{"@id":"https:\/\/guil.es\/lifters\/#organization"},"potentialAction":[{"@type":"SearchAction","target":{"@type":"EntryPoint","urlTemplate":"https:\/\/guil.es\/lifters\/?s={search_term_string}"},"query-input":"required name=search_term_string"}],"inLanguage":"es"},{"@type":"Organization","@id":"https:\/\/guil.es\/lifters\/#organization","name":"GUIL","url":"https:\/\/guil.es\/lifters\/","sameAs":["https:\/\/www.linkedin.com\/company\/guil-lifters\/","https:\/\/www.youtube.com\/channel\/UCPO_ySVpLlTabFUBnqaL48w\/videos?view_as=subscriber","https:\/\/www.instagram.com\/guil_lifters\/","https:\/\/www.facebook.com\/GUIL-lifters-1595855663880679\/?ref=br_rs"],"logo":{"@type":"ImageObject","inLanguage":"es","@id":"https:\/\/guil.es\/lifters\/#\/schema\/logo\/image\/","url":"https:\/\/new.guil.es\/wp-content\/uploads\/2019\/05\/GUIL-TORO-Negro.jpg","contentUrl":"https:\/\/new.guil.es\/wp-content\/uploads\/2019\/05\/GUIL-TORO-Negro.jpg","width":2056,"height":498,"caption":"GUIL"},"image":{"@id":"https:\/\/guil.es\/lifters\/#\/schema\/logo\/image\/"}}]}},"_links":{"self":[{"href":"https:\/\/guil.es\/lifters\/wp-json\/wp\/v2\/pages\/4583"}],"collection":[{"href":"https:\/\/guil.es\/lifters\/wp-json\/wp\/v2\/pages"}],"about":[{"href":"https:\/\/guil.es\/lifters\/wp-json\/wp\/v2\/types\/page"}],"author":[{"embeddable":true,"href":"https:\/\/guil.es\/lifters\/wp-json\/wp\/v2\/users\/2"}],"replies":[{"embeddable":true,"href":"https:\/\/guil.es\/lifters\/wp-json\/wp\/v2\/comments?post=4583"}],"version-history":[{"count":53,"href":"https:\/\/guil.es\/lifters\/wp-json\/wp\/v2\/pages\/4583\/revisions"}],"predecessor-version":[{"id":136789,"href":"https:\/\/guil.es\/lifters\/wp-json\/wp\/v2\/pages\/4583\/revisions\/136789"}],"wp:attachment":[{"href":"https:\/\/guil.es\/lifters\/wp-json\/wp\/v2\/media?parent=4583"}],"curies":[{"name":"wp","href":"https:\/\/api.w.org\/{rel}","templated":true}]}}