{"id":4693,"date":"2019-01-04T12:40:42","date_gmt":"2019-01-04T11:40:42","guid":{"rendered":"http:\/\/guil-lifters.com\/?page_id=4693"},"modified":"2024-11-11T11:11:56","modified_gmt":"2024-11-11T10:11:56","slug":"equipo","status":"publish","type":"page","link":"https:\/\/guil.es\/lifters\/equipo\/","title":{"rendered":"Equipo"},"content":{"rendered":"<p>[vc_row king_row_type=\u00bbcontainer_full\u00bb king_class=\u00bbfeatures_sec40&#8243; bg_color=\u00bb#2a363f\u00bb css=\u00bb.vc_custom_1731319651391{background-color: #ffffff !important;}\u00bb][vc_column css=\u00bb.vc_custom_1731319811993{margin-right: 50px !important;margin-bottom: 40px !important;margin-left: 50px !important;}\u00bb][vc_column_text]El coraz\u00f3n de la empresa es nuestro equipo humano que dedica sus esfuerzos en desarrollar Elevadores con el m\u00e1s alto nivel de calidad y eficacia, ofreciendo un servicio r\u00e1pido, \u00e1gil y profesional.[\/vc_column_text][\/vc_column][vc_column css=\u00bb.vc_custom_1731319803074{margin-right: 50px !important;margin-bottom: 40px !important;margin-left: 50px !important;}\u00bb][vc_single_image image=\u00bb7215&#8243; img_size=\u00bblarge\u00bb css=\u00bb.vc_custom_1731319901958{padding-right: 50px !important;padding-left: 50px !important;}\u00bb][\/vc_column][vc_column css=\u00bb.vc_custom_1731319829185{margin-right: 50px !important;margin-left: 50px !important;}\u00bb][vc_column_text]Estamos a su disposici\u00f3n para asesorarles en lo que precisen, tanto en la elecci\u00f3n de los productos \u00f3ptimos, como en la utilizaci\u00f3n de los mismos; no dude en ponerse en contacto con nosotros.<\/p>\n<p><a class=\"button two\" href=\"https:\/\/guil.es\/lifters\/contacto\/\">CONTACTAR<\/a>[\/vc_column_text][\/vc_column][\/vc_row]<\/p>\n","protected":false},"excerpt":{"rendered":"<p>[vc_row king_row_type=\u00bbcontainer_full\u00bb king_class=\u00bbfeatures_sec40&#8243; bg_color=\u00bb#2a363f\u00bb css=\u00bb.vc_custom_1731319651391{background-color: #ffffff !important;}\u00bb][vc_column css=\u00bb.vc_custom_1731319811993{margin-right: 50px !important;margin-bottom: 40px !important;margin-left: 50px !important;}\u00bb][vc_column_text]El coraz\u00f3n de la empresa es nuestro equipo humano que dedica sus esfuerzos en desarrollar Elevadores con el m\u00e1s alto nivel de calidad y eficacia, ofreciendo un servicio r\u00e1pido, \u00e1gil y profesional.[\/vc_column_text][\/vc_column][vc_column css=\u00bb.vc_custom_1731319803074{margin-right: 50px !important;margin-bottom: 40px !important;margin-left: 50px !important;}\u00bb][vc_single_image image=\u00bb7215&#8243; img_size=\u00bblarge\u00bb css=\u00bb.vc_custom_1731319901958{padding-right: [&hellip;]<\/p>\n","protected":false},"author":2,"featured_media":0,"parent":0,"menu_order":5,"comment_status":"closed","ping_status":"closed","template":"templates\/page-full.php","meta":[],"yoast_head":"<!-- This site is optimized with the Yoast SEO plugin v19.7.1 - https:\/\/yoast.com\/wordpress\/plugins\/seo\/ -->\n<title>Equipo | GUIL<\/title>\n<meta name=\"robots\" content=\"index, follow, max-snippet:-1, max-image-preview:large, max-video-preview:-1\" \/>\n<link rel=\"canonical\" href=\"https:\/\/guil.es\/lifters\/equipo\/\" \/>\n<meta property=\"og:locale\" content=\"es_ES\" \/>\n<meta property=\"og:type\" content=\"article\" \/>\n<meta property=\"og:title\" content=\"Equipo | GUIL\" \/>\n<meta property=\"og:description\" content=\"[vc_row king_row_type=\u00bbcontainer_full\u00bb king_class=\u00bbfeatures_sec40&#8243; bg_color=\u00bb#2a363f\u00bb css=\u00bb.vc_custom_1731319651391{background-color: #ffffff !important;}\u00bb][vc_column css=\u00bb.vc_custom_1731319811993{margin-right: 50px !important;margin-bottom: 40px !important;margin-left: 50px !important;}\u00bb][vc_column_text]El coraz\u00f3n de la empresa es nuestro equipo humano que dedica sus esfuerzos en desarrollar Elevadores con el m\u00e1s alto nivel de calidad y eficacia, ofreciendo un servicio r\u00e1pido, \u00e1gil y profesional.[\/vc_column_text][\/vc_column][vc_column css=\u00bb.vc_custom_1731319803074{margin-right: 50px !important;margin-bottom: 40px !important;margin-left: 50px !important;}\u00bb][vc_single_image image=\u00bb7215&#8243; img_size=\u00bblarge\u00bb css=\u00bb.vc_custom_1731319901958{padding-right: [&hellip;]\" \/>\n<meta property=\"og:url\" content=\"https:\/\/guil.es\/lifters\/equipo\/\" \/>\n<meta property=\"og:site_name\" content=\"GUIL\" \/>\n<meta property=\"article:publisher\" content=\"https:\/\/www.facebook.com\/GUIL-lifters-1595855663880679\/?ref=br_rs\" \/>\n<meta property=\"article:modified_time\" content=\"2024-11-11T10:11:56+00:00\" \/>\n<meta name=\"twitter:card\" content=\"summary_large_image\" \/>\n<meta name=\"twitter:label1\" content=\"Tiempo de lectura\" \/>\n\t<meta name=\"twitter:data1\" content=\"1 minuto\" \/>\n<!-- \/ Yoast SEO plugin. -->","yoast_head_json":{"title":"Equipo | GUIL","robots":{"index":"index","follow":"follow","max-snippet":"max-snippet:-1","max-image-preview":"max-image-preview:large","max-video-preview":"max-video-preview:-1"},"canonical":"https:\/\/guil.es\/lifters\/equipo\/","og_locale":"es_ES","og_type":"article","og_title":"Equipo | GUIL","og_description":"[vc_row king_row_type=\u00bbcontainer_full\u00bb king_class=\u00bbfeatures_sec40&#8243; bg_color=\u00bb#2a363f\u00bb css=\u00bb.vc_custom_1731319651391{background-color: #ffffff !important;}\u00bb][vc_column css=\u00bb.vc_custom_1731319811993{margin-right: 50px !important;margin-bottom: 40px !important;margin-left: 50px !important;}\u00bb][vc_column_text]El coraz\u00f3n de la empresa es nuestro equipo humano que dedica sus esfuerzos en desarrollar Elevadores con el m\u00e1s alto nivel de calidad y eficacia, ofreciendo un servicio r\u00e1pido, \u00e1gil y profesional.[\/vc_column_text][\/vc_column][vc_column css=\u00bb.vc_custom_1731319803074{margin-right: 50px !important;margin-bottom: 40px !important;margin-left: 50px !important;}\u00bb][vc_single_image image=\u00bb7215&#8243; img_size=\u00bblarge\u00bb css=\u00bb.vc_custom_1731319901958{padding-right: [&hellip;]","og_url":"https:\/\/guil.es\/lifters\/equipo\/","og_site_name":"GUIL","article_publisher":"https:\/\/www.facebook.com\/GUIL-lifters-1595855663880679\/?ref=br_rs","article_modified_time":"2024-11-11T10:11:56+00:00","twitter_card":"summary_large_image","twitter_misc":{"Tiempo de lectura":"1 minuto"},"schema":{"@context":"https:\/\/schema.org","@graph":[{"@type":"WebPage","@id":"https:\/\/guil.es\/lifters\/equipo\/","url":"https:\/\/guil.es\/lifters\/equipo\/","name":"Equipo | GUIL","isPartOf":{"@id":"https:\/\/guil.es\/lifters\/#website"},"datePublished":"2019-01-04T11:40:42+00:00","dateModified":"2024-11-11T10:11:56+00:00","breadcrumb":{"@id":"https:\/\/guil.es\/lifters\/equipo\/#breadcrumb"},"inLanguage":"es","potentialAction":[{"@type":"ReadAction","target":["https:\/\/guil.es\/lifters\/equipo\/"]}]},{"@type":"BreadcrumbList","@id":"https:\/\/guil.es\/lifters\/equipo\/#breadcrumb","itemListElement":[{"@type":"ListItem","position":1,"name":"Portada","item":"https:\/\/guil.es\/lifters\/"},{"@type":"ListItem","position":2,"name":"Equipo"}]},{"@type":"WebSite","@id":"https:\/\/guil.es\/lifters\/#website","url":"https:\/\/guil.es\/lifters\/","name":"GUIL","description":"Ingenier\u00eda para la industria","publisher":{"@id":"https:\/\/guil.es\/lifters\/#organization"},"potentialAction":[{"@type":"SearchAction","target":{"@type":"EntryPoint","urlTemplate":"https:\/\/guil.es\/lifters\/?s={search_term_string}"},"query-input":"required name=search_term_string"}],"inLanguage":"es"},{"@type":"Organization","@id":"https:\/\/guil.es\/lifters\/#organization","name":"GUIL","url":"https:\/\/guil.es\/lifters\/","sameAs":["https:\/\/www.linkedin.com\/company\/guil-lifters\/","https:\/\/www.youtube.com\/channel\/UCPO_ySVpLlTabFUBnqaL48w\/videos?view_as=subscriber","https:\/\/www.instagram.com\/guil_lifters\/","https:\/\/www.facebook.com\/GUIL-lifters-1595855663880679\/?ref=br_rs"],"logo":{"@type":"ImageObject","inLanguage":"es","@id":"https:\/\/guil.es\/lifters\/#\/schema\/logo\/image\/","url":"https:\/\/new.guil.es\/wp-content\/uploads\/2019\/05\/GUIL-TORO-Negro.jpg","contentUrl":"https:\/\/new.guil.es\/wp-content\/uploads\/2019\/05\/GUIL-TORO-Negro.jpg","width":2056,"height":498,"caption":"GUIL"},"image":{"@id":"https:\/\/guil.es\/lifters\/#\/schema\/logo\/image\/"}}]}},"_links":{"self":[{"href":"https:\/\/guil.es\/lifters\/wp-json\/wp\/v2\/pages\/4693"}],"collection":[{"href":"https:\/\/guil.es\/lifters\/wp-json\/wp\/v2\/pages"}],"about":[{"href":"https:\/\/guil.es\/lifters\/wp-json\/wp\/v2\/types\/page"}],"author":[{"embeddable":true,"href":"https:\/\/guil.es\/lifters\/wp-json\/wp\/v2\/users\/2"}],"replies":[{"embeddable":true,"href":"https:\/\/guil.es\/lifters\/wp-json\/wp\/v2\/comments?post=4693"}],"version-history":[{"count":5,"href":"https:\/\/guil.es\/lifters\/wp-json\/wp\/v2\/pages\/4693\/revisions"}],"predecessor-version":[{"id":136911,"href":"https:\/\/guil.es\/lifters\/wp-json\/wp\/v2\/pages\/4693\/revisions\/136911"}],"wp:attachment":[{"href":"https:\/\/guil.es\/lifters\/wp-json\/wp\/v2\/media?parent=4693"}],"curies":[{"name":"wp","href":"https:\/\/api.w.org\/{rel}","templated":true}]}}