{"id":10750,"date":"2021-02-10T17:07:48","date_gmt":"2021-02-10T16:07:48","guid":{"rendered":"https:\/\/guil-lifters.com\/?post_type=product&#038;p=10750"},"modified":"2026-03-12T09:25:33","modified_gmt":"2026-03-12T08:25:33","slug":"adaptador-para-cargas-de-diseno-curvo-ref-cv-10","status":"publish","type":"product","link":"https:\/\/guil.es\/lifters\/producto\/adaptador-para-cargas-de-diseno-curvo-ref-cv-10\/","title":{"rendered":"Adaptador para cargas<BR>con dise\u00f1o curvo"},"content":{"rendered":"","protected":false},"excerpt":{"rendered":"<p>Adaptador para cargas de dise\u00f1o curvo<\/p>\n<p>&#8211; Ref. <strong>CV-10\/M<\/strong>: Adaptador con tubo de inserci\u00f3n de \u00d8 35 mm (macho). \u00a0Para elevadores de carga <a href=\"https:\/\/guil.es\/lifters\/producto\/elevador-de-carga-ref-elc-720\/\" target=\"_blank\" rel=\"noopener\">ELC-720<\/a>, <a href=\"https:\/\/guil.es\/lifters\/en\/products\/material-lifters-elc-730-r\/\" target=\"_blank\" rel=\"noopener\">ELC-730\/R<\/a>, <a href=\"https:\/\/guil.es\/lifters\/en\/products\/material-lifter-ref-elc-725\/\" target=\"_blank\" rel=\"noopener\">ELC-725<\/a>, <a href=\"https:\/\/guil.es\/lifters\/en\/products\/material-lifter-with-tray-ref-elc-725-d\/\" target=\"_blank\" rel=\"noopener\">ELC-725\/D<\/a> y\u00a0<a href=\"https:\/\/guil.es\/lifters\/producto\/elevador-carga-superior-ref-elc-755\/\" target=\"_blank\" rel=\"noopener\">ELC-755<\/a>. \u00a0(Peso Neto: 2 kg). El adaptador est\u00e1 fabricado en acero con acabado en pintura (EPOXI) antirrayadura.<\/p>\n<p>&#8211; Ref. <strong>CV-10\/H<\/strong>: Adaptador para tubo de inserci\u00f3n de \u00d8 35 mm (hembra). Para los elevadores de carga <a href=\"https:\/\/guil.es\/lifters\/producto\/elevador-de-carga-elc-710\/\" target=\"_blank\" rel=\"noopener\">ELC-710<\/a>\u00a0y\u00a0<a href=\"https:\/\/guil.es\/lifters\/producto\/elc-700\/\" target=\"_blank\" rel=\"noopener\">ELC-700<\/a>. (Peso Neto: 2 kg). El adaptador est\u00e1 fabricado en acero con acabado en pintura (EPOXI) antirrayadura.<\/p>\n<p><img loading=\"lazy\" class=\"aligncenter wp-image-23867 size-full\" src=\"https:\/\/guil.es\/lifters\/wp-content\/uploads\/2021\/02\/Adaptador-para-cargas-con-diseno-curvo-CV-10-7.jpg\" alt=\"\" width=\"713\" height=\"546\" srcset=\"https:\/\/guil.es\/lifters\/wp-content\/uploads\/2021\/02\/Adaptador-para-cargas-con-diseno-curvo-CV-10-7.jpg 713w, https:\/\/guil.es\/lifters\/wp-content\/uploads\/2021\/02\/Adaptador-para-cargas-con-diseno-curvo-CV-10-7-300x230.jpg 300w\" sizes=\"(max-width: 713px) 100vw, 713px\" \/><\/p>\n","protected":false},"featured_media":23851,"template":"","meta":[],"product_cat":[204,506,64,567,441,412,845,413,533],"product_tag":[],"yoast_head":"<!-- This site is optimized with the Yoast SEO plugin v19.7.1 - https:\/\/yoast.com\/wordpress\/plugins\/seo\/ -->\n<title>Adaptador para cargascon dise\u00f1o curvo - Ref. CV-10 | GUIL<\/title>\n<meta name=\"description\" content=\"Adaptador para la elevaci\u00f3n de cargas con dise\u00f1o curvo. V\u00e1lido para todas nuestras torres elevadoras de carga superior ref. ELC\" \/>\n<meta name=\"robots\" content=\"index, follow, max-snippet:-1, max-image-preview:large, max-video-preview:-1\" \/>\n<link rel=\"canonical\" href=\"https:\/\/guil.es\/lifters\/producto\/adaptador-para-cargas-de-diseno-curvo-ref-cv-10\/\" \/>\n<meta property=\"og:locale\" content=\"es_ES\" \/>\n<meta property=\"og:type\" content=\"article\" \/>\n<meta property=\"og:title\" content=\"Adaptador para cargascon dise\u00f1o curvo - Ref. CV-10 | GUIL\" \/>\n<meta property=\"og:description\" content=\"Adaptador para la elevaci\u00f3n de cargas con dise\u00f1o curvo. V\u00e1lido para todas nuestras torres elevadoras de carga superior ref. ELC\" \/>\n<meta property=\"og:url\" content=\"https:\/\/guil.es\/lifters\/producto\/adaptador-para-cargas-de-diseno-curvo-ref-cv-10\/\" \/>\n<meta property=\"og:site_name\" content=\"GUIL\" \/>\n<meta property=\"article:publisher\" content=\"https:\/\/www.facebook.com\/GUIL-lifters-1595855663880679\/?ref=br_rs\" \/>\n<meta property=\"article:modified_time\" content=\"2026-03-12T08:25:33+00:00\" \/>\n<meta property=\"og:image\" content=\"https:\/\/guil.es\/lifters\/wp-content\/uploads\/2021\/02\/Adaptador-para-cargas-con-diseno-curvo-CV-10.jpg\" \/>\n\t<meta property=\"og:image:width\" content=\"300\" \/>\n\t<meta property=\"og:image:height\" content=\"300\" \/>\n\t<meta property=\"og:image:type\" content=\"image\/jpeg\" \/>\n<meta name=\"twitter:card\" content=\"summary_large_image\" \/>\n<!-- \/ Yoast SEO plugin. -->","yoast_head_json":{"title":"Adaptador para cargascon dise\u00f1o curvo - Ref. CV-10 | GUIL","description":"Adaptador para la elevaci\u00f3n de cargas con dise\u00f1o curvo. V\u00e1lido para todas nuestras torres elevadoras de carga superior ref. ELC","robots":{"index":"index","follow":"follow","max-snippet":"max-snippet:-1","max-image-preview":"max-image-preview:large","max-video-preview":"max-video-preview:-1"},"canonical":"https:\/\/guil.es\/lifters\/producto\/adaptador-para-cargas-de-diseno-curvo-ref-cv-10\/","og_locale":"es_ES","og_type":"article","og_title":"Adaptador para cargascon dise\u00f1o curvo - Ref. CV-10 | GUIL","og_description":"Adaptador para la elevaci\u00f3n de cargas con dise\u00f1o curvo. V\u00e1lido para todas nuestras torres elevadoras de carga superior ref. ELC","og_url":"https:\/\/guil.es\/lifters\/producto\/adaptador-para-cargas-de-diseno-curvo-ref-cv-10\/","og_site_name":"GUIL","article_publisher":"https:\/\/www.facebook.com\/GUIL-lifters-1595855663880679\/?ref=br_rs","article_modified_time":"2026-03-12T08:25:33+00:00","og_image":[{"width":300,"height":300,"url":"https:\/\/guil.es\/lifters\/wp-content\/uploads\/2021\/02\/Adaptador-para-cargas-con-diseno-curvo-CV-10.jpg","type":"image\/jpeg"}],"twitter_card":"summary_large_image","schema":{"@context":"https:\/\/schema.org","@graph":[{"@type":"WebPage","@id":"https:\/\/guil.es\/lifters\/producto\/adaptador-para-cargas-de-diseno-curvo-ref-cv-10\/","url":"https:\/\/guil.es\/lifters\/producto\/adaptador-para-cargas-de-diseno-curvo-ref-cv-10\/","name":"Adaptador para cargas con dise\u00f1o curvo - Ref. CV-10 | GUIL","isPartOf":{"@id":"https:\/\/guil.es\/lifters\/#website"},"datePublished":"2021-02-10T16:07:48+00:00","dateModified":"2026-03-12T08:25:33+00:00","description":"Adaptador para la elevaci\u00f3n de cargas con dise\u00f1o curvo. V\u00e1lido para todas nuestras torres elevadoras de carga superior ref. ELC","breadcrumb":{"@id":"https:\/\/guil.es\/lifters\/producto\/adaptador-para-cargas-de-diseno-curvo-ref-cv-10\/#breadcrumb"},"inLanguage":"es","potentialAction":[{"@type":"ReadAction","target":["https:\/\/guil.es\/lifters\/producto\/adaptador-para-cargas-de-diseno-curvo-ref-cv-10\/"]}]},{"@type":"BreadcrumbList","@id":"https:\/\/guil.es\/lifters\/producto\/adaptador-para-cargas-de-diseno-curvo-ref-cv-10\/#breadcrumb","itemListElement":[{"@type":"ListItem","position":1,"name":"Portada","item":"https:\/\/guil.es\/lifters\/"},{"@type":"ListItem","position":2,"name":"Comparativa","item":"https:\/\/guil.es\/lifters\/comparativa\/"},{"@type":"ListItem","position":3,"name":"Adaptador para cargascon dise\u00f1o curvo"}]},{"@type":"WebSite","@id":"https:\/\/guil.es\/lifters\/#website","url":"https:\/\/guil.es\/lifters\/","name":"GUIL","description":"Ingenier\u00eda para la industria","publisher":{"@id":"https:\/\/guil.es\/lifters\/#organization"},"potentialAction":[{"@type":"SearchAction","target":{"@type":"EntryPoint","urlTemplate":"https:\/\/guil.es\/lifters\/?s={search_term_string}"},"query-input":"required name=search_term_string"}],"inLanguage":"es"},{"@type":"Organization","@id":"https:\/\/guil.es\/lifters\/#organization","name":"GUIL","url":"https:\/\/guil.es\/lifters\/","sameAs":["https:\/\/www.linkedin.com\/company\/guil-lifters\/","https:\/\/www.youtube.com\/channel\/UCPO_ySVpLlTabFUBnqaL48w\/videos?view_as=subscriber","https:\/\/www.instagram.com\/guil_lifters\/","https:\/\/www.facebook.com\/GUIL-lifters-1595855663880679\/?ref=br_rs"],"logo":{"@type":"ImageObject","inLanguage":"es","@id":"https:\/\/guil.es\/lifters\/#\/schema\/logo\/image\/","url":"https:\/\/new.guil.es\/wp-content\/uploads\/2019\/05\/GUIL-TORO-Negro.jpg","contentUrl":"https:\/\/new.guil.es\/wp-content\/uploads\/2019\/05\/GUIL-TORO-Negro.jpg","width":2056,"height":498,"caption":"GUIL"},"image":{"@id":"https:\/\/guil.es\/lifters\/#\/schema\/logo\/image\/"}}]}},"_links":{"self":[{"href":"https:\/\/guil.es\/lifters\/wp-json\/wp\/v2\/product\/10750"}],"collection":[{"href":"https:\/\/guil.es\/lifters\/wp-json\/wp\/v2\/product"}],"about":[{"href":"https:\/\/guil.es\/lifters\/wp-json\/wp\/v2\/types\/product"}],"version-history":[{"count":4,"href":"https:\/\/guil.es\/lifters\/wp-json\/wp\/v2\/product\/10750\/revisions"}],"predecessor-version":[{"id":139405,"href":"https:\/\/guil.es\/lifters\/wp-json\/wp\/v2\/product\/10750\/revisions\/139405"}],"wp:featuredmedia":[{"embeddable":true,"href":"https:\/\/guil.es\/lifters\/wp-json\/wp\/v2\/media\/23851"}],"wp:attachment":[{"href":"https:\/\/guil.es\/lifters\/wp-json\/wp\/v2\/media?parent=10750"}],"wp:term":[{"taxonomy":"product_cat","embeddable":true,"href":"https:\/\/guil.es\/lifters\/wp-json\/wp\/v2\/product_cat?post=10750"},{"taxonomy":"product_tag","embeddable":true,"href":"https:\/\/guil.es\/lifters\/wp-json\/wp\/v2\/product_tag?post=10750"}],"curies":[{"name":"wp","href":"https:\/\/api.w.org\/{rel}","templated":true}]}}