{"id":13453,"date":"2022-06-07T11:04:12","date_gmt":"2022-06-07T09:04:12","guid":{"rendered":"https:\/\/guil.es\/lifters\/?post_type=product&#038;p=13453"},"modified":"2024-10-28T11:59:06","modified_gmt":"2024-10-28T10:59:06","slug":"adaptador-para-montaje-de-carpas-adt-100","status":"publish","type":"product","link":"https:\/\/guil.es\/lifters\/producto\/adaptador-para-montaje-de-carpas-adt-100\/","title":{"rendered":"Adaptador para montaje de carpas"},"content":{"rendered":"<p>[vc_row king_row_type=\u00bbcontainer_full\u00bb bg_color=\u00bb#f4f4f4&#8243;][vc_column width=\u00bb1\/12&#8243;][\/vc_column][vc_column width=\u00bb1\/6&#8243;][vc_single_image image=\u00bb135749&#8243; img_size=\u00bbfull\u00bb alignment=\u00bbright\u00bb css=\u00bb.vc_custom_1725982974335{padding-right: 20px !important;padding-left: 20px !important;}\u00bb][\/vc_column][vc_column width=\u00bb5\/12&#8243;][vc_empty_space height=\u00bb50&#8243;][vc_column_text css=\u00bb.vc_custom_1730113066663{padding-right: 20px !important;padding-left: 20px !important;}\u00bb]<\/p>\n<p style=\"text-align: justify;\"><strong><span style=\"color: #000000;\"><strong style=\"color: #000000;\">Dise\u00f1o <\/strong><b>telesc\u00f3pico<\/b>: <\/span><\/strong><span style=\"color: #000000;\">El ADT-100 tiene <\/span><strong><span style=\"color: #000000;\"><strong style=\"color: #000000;\">tres ajustes de largo (90, 135 y 142 cm)<\/strong>, <\/span><\/strong><span style=\"color: #000000;\">lo que permite bajarlo para cargar el techo de la carpa desde el suelo, y subirlo hasta la altura m\u00e1xima necesaria para cada carpa.\u00a0 La secci\u00f3n ajustable se fija mediante un pomo ergon\u00f3mico met\u00e1lico.<\/span><\/p>\n<p style=\"text-align: justify;\"><strong>Montaje r\u00e1pido y sencillo<\/strong>: La preparaci\u00f3n de cualquier fiesta, boda, u otra clase de acto o evento se hace mucho m\u00e1s r\u00e1pida y f\u00e1cil cuando se utiliza el adaptador para el montaje de carpas ref. ADT-100.\u00a0 Conforme se sube el techo, se a\u00f1aden las secciones de las columnas a nivel del suelo, lo que elimina la necesidad de utilizar escaleras para esta tarea.<\/p>\n<p style=\"text-align: justify;\"><span style=\"color: #000000;\"><strong>Para utilizar con<\/strong>: El pr\u00e1ctico adaptador ADT-100 se utiliza con los elevadores con ruedas ref. <strong>ELC-730\/R, ELC-725, ELC-725\/D y ELC-720 con ruedas ref. R-720)<\/strong>, puesto que el elevador tendr\u00e1 que desplazarse conforme va subiendo el techo de la carpa, y para esto son imprescindibles las ruedas.\u00a0 El modelo m\u00e1s utilizado es el elevador ELC-730\/R, una torre compacta con ruedas en sus cuatro patas y 2 en su base que lo convierten en una herramienta perfecta para tareas donde resulta vital la movilidad durante el trabajo. Nuestro elevador compacto ELC-730\/R tiene una capacidad de carga de 125 kg a 4,60 metros de altura.<\/span><\/p>\n<p>[\/vc_column_text][\/vc_column][vc_column width=\u00bb1\/4&#8243;][vc_single_image image=\u00bb135751&#8243; img_size=\u00bbfull\u00bb css=\u00bb.vc_custom_1725982856542{padding-right: 20px !important;padding-left: 20px !important;}\u00bb][vc_empty_space height=\u00bb100&#8243;][\/vc_column][\/vc_row]<\/p>\n","protected":false},"excerpt":{"rendered":"<p>El adaptador ADT-100 est\u00e1 especialmente <strong>dise\u00f1ado para un r\u00e1pido y f\u00e1cil montaje de carpas<\/strong><strong>. <\/strong>Ayuda a ahorrar tiempo y esfuerzo al montar una carpa.<\/p>\n<p style=\"text-align: justify;\"><span style=\"color: #000000;\"><strong>\u00danico en su g\u00e9nero<\/strong>:\u00a0 GUIL ha dise\u00f1ado y fabricado el ADT-100 en respuesta a la demanda del mercado que requer\u00eda de una soluci\u00f3n para sus instalaciones. Somos el primer fabricante que ofrece un adaptador hecho espec\u00edficamente para el montaje de carpas.<\/span><\/p>\n<p style=\"text-align: justify;\"><span style=\"color: #000000;\"><strong>Ahorra tiempo en tus montajes<\/strong>:\u00a0 Un extremo del techo de la carpa se coloca sobre la sujeci\u00f3n en forma de \u201cU\u201d del adaptador, y se levanta a una altura que permita instalar las primeras secciones de la columnas en las esquinas.\u00a0 Se realiza el mismo procedimiento en el otro extremo del techo, y el proceso se repite hasta que se hayan a\u00f1adido todas las secciones de las columnas, y la carpa est\u00e9 a la altura deseada.\u00a0 Si hay columnas adicionales en otros puntos del per\u00edmetro del techo, estas secciones se a\u00f1adir\u00e1n despu\u00e9s de las secciones de las esquinas antes de subir otra vez el techo.<\/span><\/p>\n<p><strong>El uso del adaptador disminuir\u00e1 la capacidad de carga de cualquier elevador donde lo vayamos a utilizar a 60 kg.<\/strong><\/p>\n<table class=\"table_product\" style=\"width: 100%; height: 192px;\">\n<thead>\n<tr style=\"height: 24px;\">\n<td class=\"no_borde\" style=\"height: 24px;\">ESPECIFICACIONES<\/td>\n<td class=\"no_borde\" style=\"height: 24px;\"><strong>ADT-100<\/strong><\/td>\n<\/tr>\n<\/thead>\n<tbody>\n<tr style=\"height: 24px;\">\n<td style=\"height: 24px;\"><span style=\"color: #ff0000;\">Carga m\u00e1xima:<\/span><\/td>\n<td style=\"height: 24px;\"><span style=\"color: #ff0000;\"><strong>60 Kg<\/strong><\/span><\/td>\n<\/tr>\n<tr style=\"height: 24px;\">\n<td style=\"height: 24px;\">Largo ajustable:<\/td>\n<td style=\"height: 24px;\"><strong>90 \u2013 135 \u2013 142 cm<\/strong><\/td>\n<\/tr>\n<tr style=\"height: 24px;\">\n<td style=\"height: 24px;\">Para uso con Elevadores:<\/td>\n<td style=\"height: 24px;\">Ref.<strong>\u00a0ELC-730\/R<\/strong>, <strong>ELC-720<\/strong> con ruedas, <strong>ELC-725<\/strong> y<strong> ELC-725\/D<\/strong><\/td>\n<\/tr>\n<tr style=\"height: 24px;\">\n<td style=\"height: 24px;\">Largo de la sujeci\u00f3n en \u201cU\u201d:<\/td>\n<td style=\"height: 24px;\"><strong>160 mm<\/strong><\/td>\n<\/tr>\n<tr style=\"height: 24px;\">\n<td style=\"height: 24px;\">Color:<\/td>\n<td style=\"height: 24px;\"><strong>Negro<\/strong><\/td>\n<\/tr>\n<tr style=\"height: 24px;\">\n<td style=\"height: 24px;\">Material:<\/td>\n<td style=\"height: 24px;\"><strong>Acero<\/strong><\/td>\n<\/tr>\n<tr style=\"height: 24px;\">\n<td style=\"height: 24px;\">Peso Neto:<\/td>\n<td style=\"height: 24px;\"><strong>4,5 kg<\/strong><\/td>\n<\/tr>\n<\/tbody>\n<\/table>\n","protected":false},"featured_media":13469,"template":"","meta":[],"product_cat":[506,845,413],"product_tag":[],"yoast_head":"<!-- This site is optimized with the Yoast SEO plugin v19.7.1 - https:\/\/yoast.com\/wordpress\/plugins\/seo\/ -->\n<title>Adaptador para montaje de carpas - Ref. ADT-100 | GUIL<\/title>\n<meta name=\"description\" content=\"El adaptador ADT-100 est\u00e1 especialmente dise\u00f1ado para un r\u00e1pido y f\u00e1cil montaje de carpas. 100 tiene tres ajustes de largo (90, 135 y 142 cm).\" \/>\n<meta name=\"robots\" content=\"index, follow, max-snippet:-1, max-image-preview:large, max-video-preview:-1\" \/>\n<link rel=\"canonical\" href=\"https:\/\/guil.es\/lifters\/producto\/adaptador-para-montaje-de-carpas-adt-100\/\" \/>\n<meta property=\"og:locale\" content=\"es_ES\" \/>\n<meta property=\"og:type\" content=\"article\" \/>\n<meta property=\"og:title\" content=\"Adaptador para montaje de carpas - Ref. ADT-100 | GUIL\" \/>\n<meta property=\"og:description\" content=\"El adaptador ADT-100 est\u00e1 especialmente dise\u00f1ado para un r\u00e1pido y f\u00e1cil montaje de carpas. 100 tiene tres ajustes de largo (90, 135 y 142 cm).\" \/>\n<meta property=\"og:url\" content=\"https:\/\/guil.es\/lifters\/producto\/adaptador-para-montaje-de-carpas-adt-100\/\" \/>\n<meta property=\"og:site_name\" content=\"GUIL\" \/>\n<meta property=\"article:publisher\" content=\"https:\/\/www.facebook.com\/GUIL-lifters-1595855663880679\/?ref=br_rs\" \/>\n<meta property=\"article:modified_time\" content=\"2024-10-28T10:59:06+00:00\" \/>\n<meta property=\"og:image\" content=\"https:\/\/guil.es\/lifters\/wp-content\/uploads\/2022\/06\/Adaptador-para-montaje-de-carpas-ADT-100.jpg\" \/>\n\t<meta property=\"og:image:width\" content=\"300\" \/>\n\t<meta property=\"og:image:height\" content=\"300\" \/>\n\t<meta property=\"og:image:type\" content=\"image\/jpeg\" \/>\n<meta name=\"twitter:card\" content=\"summary_large_image\" \/>\n<meta name=\"twitter:label1\" content=\"Tiempo de lectura\" \/>\n\t<meta name=\"twitter:data1\" content=\"2 minutos\" \/>\n<!-- \/ Yoast SEO plugin. -->","yoast_head_json":{"title":"Adaptador para montaje de carpas - Ref. ADT-100 | GUIL","description":"El adaptador ADT-100 est\u00e1 especialmente dise\u00f1ado para un r\u00e1pido y f\u00e1cil montaje de carpas. 100 tiene tres ajustes de largo (90, 135 y 142 cm).","robots":{"index":"index","follow":"follow","max-snippet":"max-snippet:-1","max-image-preview":"max-image-preview:large","max-video-preview":"max-video-preview:-1"},"canonical":"https:\/\/guil.es\/lifters\/producto\/adaptador-para-montaje-de-carpas-adt-100\/","og_locale":"es_ES","og_type":"article","og_title":"Adaptador para montaje de carpas - Ref. ADT-100 | GUIL","og_description":"El adaptador ADT-100 est\u00e1 especialmente dise\u00f1ado para un r\u00e1pido y f\u00e1cil montaje de carpas. 100 tiene tres ajustes de largo (90, 135 y 142 cm).","og_url":"https:\/\/guil.es\/lifters\/producto\/adaptador-para-montaje-de-carpas-adt-100\/","og_site_name":"GUIL","article_publisher":"https:\/\/www.facebook.com\/GUIL-lifters-1595855663880679\/?ref=br_rs","article_modified_time":"2024-10-28T10:59:06+00:00","og_image":[{"width":300,"height":300,"url":"https:\/\/guil.es\/lifters\/wp-content\/uploads\/2022\/06\/Adaptador-para-montaje-de-carpas-ADT-100.jpg","type":"image\/jpeg"}],"twitter_card":"summary_large_image","twitter_misc":{"Tiempo de lectura":"2 minutos"},"schema":{"@context":"https:\/\/schema.org","@graph":[{"@type":"WebPage","@id":"https:\/\/guil.es\/lifters\/producto\/adaptador-para-montaje-de-carpas-adt-100\/","url":"https:\/\/guil.es\/lifters\/producto\/adaptador-para-montaje-de-carpas-adt-100\/","name":"Adaptador para montaje de carpas - Ref. ADT-100 | GUIL","isPartOf":{"@id":"https:\/\/guil.es\/lifters\/#website"},"datePublished":"2022-06-07T09:04:12+00:00","dateModified":"2024-10-28T10:59:06+00:00","description":"El adaptador ADT-100 est\u00e1 especialmente dise\u00f1ado para un r\u00e1pido y f\u00e1cil montaje de carpas. 100 tiene tres ajustes de largo (90, 135 y 142 cm).","breadcrumb":{"@id":"https:\/\/guil.es\/lifters\/producto\/adaptador-para-montaje-de-carpas-adt-100\/#breadcrumb"},"inLanguage":"es","potentialAction":[{"@type":"ReadAction","target":["https:\/\/guil.es\/lifters\/producto\/adaptador-para-montaje-de-carpas-adt-100\/"]}]},{"@type":"BreadcrumbList","@id":"https:\/\/guil.es\/lifters\/producto\/adaptador-para-montaje-de-carpas-adt-100\/#breadcrumb","itemListElement":[{"@type":"ListItem","position":1,"name":"Portada","item":"https:\/\/guil.es\/lifters\/"},{"@type":"ListItem","position":2,"name":"Comparativa","item":"https:\/\/guil.es\/lifters\/comparativa\/"},{"@type":"ListItem","position":3,"name":"Adaptador para montaje de carpas"}]},{"@type":"WebSite","@id":"https:\/\/guil.es\/lifters\/#website","url":"https:\/\/guil.es\/lifters\/","name":"GUIL","description":"Ingenier\u00eda para la industria","publisher":{"@id":"https:\/\/guil.es\/lifters\/#organization"},"potentialAction":[{"@type":"SearchAction","target":{"@type":"EntryPoint","urlTemplate":"https:\/\/guil.es\/lifters\/?s={search_term_string}"},"query-input":"required name=search_term_string"}],"inLanguage":"es"},{"@type":"Organization","@id":"https:\/\/guil.es\/lifters\/#organization","name":"GUIL","url":"https:\/\/guil.es\/lifters\/","sameAs":["https:\/\/www.linkedin.com\/company\/guil-lifters\/","https:\/\/www.youtube.com\/channel\/UCPO_ySVpLlTabFUBnqaL48w\/videos?view_as=subscriber","https:\/\/www.instagram.com\/guil_lifters\/","https:\/\/www.facebook.com\/GUIL-lifters-1595855663880679\/?ref=br_rs"],"logo":{"@type":"ImageObject","inLanguage":"es","@id":"https:\/\/guil.es\/lifters\/#\/schema\/logo\/image\/","url":"https:\/\/new.guil.es\/wp-content\/uploads\/2019\/05\/GUIL-TORO-Negro.jpg","contentUrl":"https:\/\/new.guil.es\/wp-content\/uploads\/2019\/05\/GUIL-TORO-Negro.jpg","width":2056,"height":498,"caption":"GUIL"},"image":{"@id":"https:\/\/guil.es\/lifters\/#\/schema\/logo\/image\/"}}]}},"_links":{"self":[{"href":"https:\/\/guil.es\/lifters\/wp-json\/wp\/v2\/product\/13453"}],"collection":[{"href":"https:\/\/guil.es\/lifters\/wp-json\/wp\/v2\/product"}],"about":[{"href":"https:\/\/guil.es\/lifters\/wp-json\/wp\/v2\/types\/product"}],"version-history":[{"count":26,"href":"https:\/\/guil.es\/lifters\/wp-json\/wp\/v2\/product\/13453\/revisions"}],"predecessor-version":[{"id":136340,"href":"https:\/\/guil.es\/lifters\/wp-json\/wp\/v2\/product\/13453\/revisions\/136340"}],"wp:featuredmedia":[{"embeddable":true,"href":"https:\/\/guil.es\/lifters\/wp-json\/wp\/v2\/media\/13469"}],"wp:attachment":[{"href":"https:\/\/guil.es\/lifters\/wp-json\/wp\/v2\/media?parent=13453"}],"wp:term":[{"taxonomy":"product_cat","embeddable":true,"href":"https:\/\/guil.es\/lifters\/wp-json\/wp\/v2\/product_cat?post=13453"},{"taxonomy":"product_tag","embeddable":true,"href":"https:\/\/guil.es\/lifters\/wp-json\/wp\/v2\/product_tag?post=13453"}],"curies":[{"name":"wp","href":"https:\/\/api.w.org\/{rel}","templated":true}]}}