{"id":138341,"date":"2025-07-07T10:15:49","date_gmt":"2025-07-07T08:15:49","guid":{"rendered":"https:\/\/guil.es\/lifters\/?post_type=product&#038;p=138341"},"modified":"2026-01-29T10:54:23","modified_gmt":"2026-01-29T09:54:23","slug":"prolongador-de-horquillas-para-elevadores-ref-act-12","status":"publish","type":"product","link":"https:\/\/guil.es\/lifters\/producto\/prolongador-de-horquillas-para-elevadores-ref-act-12\/","title":{"rendered":"Prolongador de horquillas para Elevadores"},"content":{"rendered":"<p>[vc_row king_row_type=\u00bbcontainer_full\u00bb bg_color=\u00bb#f4f4f4&#8243; css=\u00bb.vc_custom_1700130724636{background-color: #f4f4f4 !important;}\u00bb][vc_column width=\u00bb1\/12&#8243;][\/vc_column][vc_column width=\u00bb7\/12&#8243; css=\u00bb.vc_custom_1700130908576{padding-right: 15px !important;padding-left: 15px !important;}\u00bb][vc_empty_space height=\u00bb15&#8243;][vc_column_text css=\u00bb.vc_custom_1752220244059{padding-bottom: 15px !important;}\u00bb]<\/p>\n<p style=\"text-align: justify;\"><strong>\u25aa M\u00c1XIMA FUNCIONALIDAD<\/strong> Con el uso de los prolongadores de horquillas, se consigue acercar la carga y trabajar a ras de pared, facilitando el trabajo y aumentando la productividad. Estos prolongadores permiten elevar, posicionar, mantener e instalar cargas m\u00e1s voluminosas que las que admiten las horquillas est\u00e1ndar.<\/p>\n<p style=\"text-align: justify;\"><strong>\u25aa AGILIZA EL TRABAJO<\/strong> Los tubos de los prolongadores ref. ACT-12 se instalan de forma r\u00e1pida y sencilla, sin necesidad de herramientas. Esta facilidad de uso permite ahorrar tiempo y aumentar la productividad en cada operaci\u00f3n.<\/p>\n<p style=\"text-align: justify;\"><strong>\u25aa FABRICACI\u00d3N<\/strong> El adaptador ACT-12, de r\u00e1pida y sencilla instalaci\u00f3n, est\u00e1 fabricado en acero de alta resistencia y acabado con pintura texturada EPOXY anti\u00f3xido y antirrayadura. Incorpora un doble tratamiento de protecci\u00f3n, ideal para su uso intensivo tanto en interiores como en exteriores.<\/p>\n<p style=\"text-align: justify;\"><strong>\u25aa Peso Neto del juego<\/strong>: 8,44 kg (4,22 kg por unidad).<\/p>\n<p style=\"text-align: justify;\">IMPORTANTE:<\/p>\n<p style=\"text-align: justify;\">\u25e6 La capacidad de carga del elevador se reduce al utilizar los prolongadores. Por favor, consultar con f\u00e1brica para confirmar la capacidad espec\u00edfica de su modelo TORO. Tambi\u00e9n pueden encontrar esta informaci\u00f3n en la tabla de cargas incluida en el Manual del Usuario de cada elevador TORO.<\/p>\n<p style=\"text-align: justify;\">\u25e6 Siempre asegurar la carga a las horquillas.<span style=\"font-weight: 300;\"><br \/>\n<\/span><\/p>\n<p style=\"text-align: justify;\">\u25e6 Este adaptador no es v\u00e1lido para elevadores TORO Serie A y TORO Serie E.<\/p>\n<p>[\/vc_column_text][\/vc_column][vc_column width=\u00bb1\/3&#8243;][vc_single_image image=\u00bb23983&#8243; img_size=\u00bbfull\u00bb alignment=\u00bbcenter\u00bb][vc_empty_space height=\u00bb50&#8243;][\/vc_column][\/vc_row]<\/p>\n","protected":false},"excerpt":{"rendered":"<p><strong>Prolongador de horquillas para Elevadores TORO. Provisto de asas y pasadores imantados<\/strong><\/p>\n<p><strong>Prolongadores de horquillas para ampliar las horquillas de las TORO hasta 100 cm:<\/strong> Para una mayor funcionalidad, los elevadores de carga TORO pueden equiparse con los prolongadores ref. ACT-12, dise\u00f1ados para <strong>ampliar la longitud de las horquillas est\u00e1ndar de 66 cm a 1 metro de longitud<\/strong> y de esta manera, facilitar la manipulaci\u00f3n de cargas voluminosas.<\/p>\n<p><strong>M\u00c1XIMA RESISTENCIA:<\/strong> El conjunto est\u00e1 compuesto por 2 piezas que se acoplan f\u00e1cilmente sobre horquillas de 60&#215;60 mm del elevador, <strong>cubri\u00e9ndolas totalmente para una gran resistencia.<\/strong> Se fijan de forma r\u00e1pida y segura mediante pasadores de seguridad con im\u00e1n de neodimio ref. RC-100.<\/p>\n<p><strong>ASAS: <\/strong>Cada pieza incorpora un asa integrada para facilitar el transporte con una sola mano, dejando la otra libre para mayor comodidad. Las asas nos permiten fijar eslingas para asegurar la carga.<\/p>\n<p><strong>COMPATIBLES CON<\/strong>: Elevadores TORO Serie B, TORO Serie C y TORO Serie D.<\/p>\n<p>https:\/\/www.youtube.com\/watch?v=qrBHnu3xo7Q<\/p>\n<p>&nbsp;<\/p>\n","protected":false},"featured_media":139082,"template":"","meta":[],"product_cat":[204,401,376,205],"product_tag":[],"yoast_head":"<!-- This site is optimized with the Yoast SEO plugin v19.7.1 - https:\/\/yoast.com\/wordpress\/plugins\/seo\/ -->\n<title>Prolongador de horquillas para Elevadores - Ref. ACT-12 | GUIL<\/title>\n<meta name=\"description\" content=\"Los Elevadores de carga TORO se les pueden adaptar unos prolongadores para ampliar la longitud de la medida de las horquillas est\u00e1ndar.\" \/>\n<meta name=\"robots\" content=\"index, follow, max-snippet:-1, max-image-preview:large, max-video-preview:-1\" \/>\n<link rel=\"canonical\" href=\"https:\/\/guil.es\/lifters\/producto\/prolongador-de-horquillas-para-elevadores-ref-act-12\/\" \/>\n<meta property=\"og:locale\" content=\"es_ES\" \/>\n<meta property=\"og:type\" content=\"article\" \/>\n<meta property=\"og:title\" content=\"Prolongador de horquillas para Elevadores - Ref. ACT-12 | GUIL\" \/>\n<meta property=\"og:description\" content=\"Los Elevadores de carga TORO se les pueden adaptar unos prolongadores para ampliar la longitud de la medida de las horquillas est\u00e1ndar.\" \/>\n<meta property=\"og:url\" content=\"https:\/\/guil.es\/lifters\/producto\/prolongador-de-horquillas-para-elevadores-ref-act-12\/\" \/>\n<meta property=\"og:site_name\" content=\"GUIL\" \/>\n<meta property=\"article:publisher\" content=\"https:\/\/www.facebook.com\/GUIL-lifters-1595855663880679\/?ref=br_rs\" \/>\n<meta property=\"article:modified_time\" content=\"2026-01-29T09:54:23+00:00\" \/>\n<meta property=\"og:image\" content=\"https:\/\/guil.es\/lifters\/wp-content\/uploads\/2025\/07\/Prolongador-ACT-12-2026.jpg\" \/>\n\t<meta property=\"og:image:width\" content=\"265\" \/>\n\t<meta property=\"og:image:height\" content=\"265\" \/>\n\t<meta property=\"og:image:type\" content=\"image\/jpeg\" \/>\n<meta name=\"twitter:card\" content=\"summary_large_image\" \/>\n<meta name=\"twitter:label1\" content=\"Tiempo de lectura\" \/>\n\t<meta name=\"twitter:data1\" content=\"2 minutos\" \/>\n<!-- \/ Yoast SEO plugin. -->","yoast_head_json":{"title":"Prolongador de horquillas para Elevadores - Ref. ACT-12 | GUIL","description":"Los Elevadores de carga TORO se les pueden adaptar unos prolongadores para ampliar la longitud de la medida de las horquillas est\u00e1ndar.","robots":{"index":"index","follow":"follow","max-snippet":"max-snippet:-1","max-image-preview":"max-image-preview:large","max-video-preview":"max-video-preview:-1"},"canonical":"https:\/\/guil.es\/lifters\/producto\/prolongador-de-horquillas-para-elevadores-ref-act-12\/","og_locale":"es_ES","og_type":"article","og_title":"Prolongador de horquillas para Elevadores - Ref. ACT-12 | GUIL","og_description":"Los Elevadores de carga TORO se les pueden adaptar unos prolongadores para ampliar la longitud de la medida de las horquillas est\u00e1ndar.","og_url":"https:\/\/guil.es\/lifters\/producto\/prolongador-de-horquillas-para-elevadores-ref-act-12\/","og_site_name":"GUIL","article_publisher":"https:\/\/www.facebook.com\/GUIL-lifters-1595855663880679\/?ref=br_rs","article_modified_time":"2026-01-29T09:54:23+00:00","og_image":[{"width":265,"height":265,"url":"https:\/\/guil.es\/lifters\/wp-content\/uploads\/2025\/07\/Prolongador-ACT-12-2026.jpg","type":"image\/jpeg"}],"twitter_card":"summary_large_image","twitter_misc":{"Tiempo de lectura":"2 minutos"},"schema":{"@context":"https:\/\/schema.org","@graph":[{"@type":"WebPage","@id":"https:\/\/guil.es\/lifters\/producto\/prolongador-de-horquillas-para-elevadores-ref-act-12\/","url":"https:\/\/guil.es\/lifters\/producto\/prolongador-de-horquillas-para-elevadores-ref-act-12\/","name":"Prolongador de horquillas para Elevadores - Ref. ACT-12 | GUIL","isPartOf":{"@id":"https:\/\/guil.es\/lifters\/#website"},"datePublished":"2025-07-07T08:15:49+00:00","dateModified":"2026-01-29T09:54:23+00:00","description":"Los Elevadores de carga TORO se les pueden adaptar unos prolongadores para ampliar la longitud de la medida de las horquillas est\u00e1ndar.","breadcrumb":{"@id":"https:\/\/guil.es\/lifters\/producto\/prolongador-de-horquillas-para-elevadores-ref-act-12\/#breadcrumb"},"inLanguage":"es","potentialAction":[{"@type":"ReadAction","target":["https:\/\/guil.es\/lifters\/producto\/prolongador-de-horquillas-para-elevadores-ref-act-12\/"]}]},{"@type":"BreadcrumbList","@id":"https:\/\/guil.es\/lifters\/producto\/prolongador-de-horquillas-para-elevadores-ref-act-12\/#breadcrumb","itemListElement":[{"@type":"ListItem","position":1,"name":"Portada","item":"https:\/\/guil.es\/lifters\/"},{"@type":"ListItem","position":2,"name":"Comparativa","item":"https:\/\/guil.es\/lifters\/comparativa\/"},{"@type":"ListItem","position":3,"name":"Prolongador de horquillas para Elevadores"}]},{"@type":"WebSite","@id":"https:\/\/guil.es\/lifters\/#website","url":"https:\/\/guil.es\/lifters\/","name":"GUIL","description":"Ingenier\u00eda para la industria","publisher":{"@id":"https:\/\/guil.es\/lifters\/#organization"},"potentialAction":[{"@type":"SearchAction","target":{"@type":"EntryPoint","urlTemplate":"https:\/\/guil.es\/lifters\/?s={search_term_string}"},"query-input":"required name=search_term_string"}],"inLanguage":"es"},{"@type":"Organization","@id":"https:\/\/guil.es\/lifters\/#organization","name":"GUIL","url":"https:\/\/guil.es\/lifters\/","sameAs":["https:\/\/www.linkedin.com\/company\/guil-lifters\/","https:\/\/www.youtube.com\/channel\/UCPO_ySVpLlTabFUBnqaL48w\/videos?view_as=subscriber","https:\/\/www.instagram.com\/guil_lifters\/","https:\/\/www.facebook.com\/GUIL-lifters-1595855663880679\/?ref=br_rs"],"logo":{"@type":"ImageObject","inLanguage":"es","@id":"https:\/\/guil.es\/lifters\/#\/schema\/logo\/image\/","url":"https:\/\/new.guil.es\/wp-content\/uploads\/2019\/05\/GUIL-TORO-Negro.jpg","contentUrl":"https:\/\/new.guil.es\/wp-content\/uploads\/2019\/05\/GUIL-TORO-Negro.jpg","width":2056,"height":498,"caption":"GUIL"},"image":{"@id":"https:\/\/guil.es\/lifters\/#\/schema\/logo\/image\/"}}]}},"_links":{"self":[{"href":"https:\/\/guil.es\/lifters\/wp-json\/wp\/v2\/product\/138341"}],"collection":[{"href":"https:\/\/guil.es\/lifters\/wp-json\/wp\/v2\/product"}],"about":[{"href":"https:\/\/guil.es\/lifters\/wp-json\/wp\/v2\/types\/product"}],"version-history":[{"count":15,"href":"https:\/\/guil.es\/lifters\/wp-json\/wp\/v2\/product\/138341\/revisions"}],"predecessor-version":[{"id":138396,"href":"https:\/\/guil.es\/lifters\/wp-json\/wp\/v2\/product\/138341\/revisions\/138396"}],"wp:featuredmedia":[{"embeddable":true,"href":"https:\/\/guil.es\/lifters\/wp-json\/wp\/v2\/media\/139082"}],"wp:attachment":[{"href":"https:\/\/guil.es\/lifters\/wp-json\/wp\/v2\/media?parent=138341"}],"wp:term":[{"taxonomy":"product_cat","embeddable":true,"href":"https:\/\/guil.es\/lifters\/wp-json\/wp\/v2\/product_cat?post=138341"},{"taxonomy":"product_tag","embeddable":true,"href":"https:\/\/guil.es\/lifters\/wp-json\/wp\/v2\/product_tag?post=138341"}],"curies":[{"name":"wp","href":"https:\/\/api.w.org\/{rel}","templated":true}]}}