{"id":138631,"date":"2025-09-22T13:20:08","date_gmt":"2025-09-22T11:20:08","guid":{"rendered":"https:\/\/guil.es\/lifters\/?post_type=product&#038;p=138631"},"modified":"2025-09-22T13:56:15","modified_gmt":"2025-09-22T11:56:15","slug":"adaptador-multiusos-con-terminal-de-28-mm-ref-adt-28-35","status":"publish","type":"product","link":"https:\/\/guil.es\/lifters\/producto\/adaptador-multiusos-con-terminal-de-28-mm-ref-adt-28-35\/","title":{"rendered":"Adaptador multiusos con terminal de \u00d8 28 mm"},"content":{"rendered":"","protected":false},"excerpt":{"rendered":"<p><strong>Adaptador multiusos para soportes o torres con tubo de inserci\u00f3n de \u00d835 mm.<\/strong><br \/>\nProvisto de spigot de tv de \u00d816 mm.<\/p>\n<p>Este adaptador polivalente permite:<br \/>\n&#8211; Colocar un foco.<br \/>\n&#8211; Convertir un soporte\/torre con terminal macho de \u00d835 mm a terminal de 28 mm, etc.<\/p>\n<p>Por su parte superior tiene dos entradas, de \u00d828 mm y \u00d817 mm, que le convierten en un accesorio muy \u00fatil en el sector. El spigot incluido en la entrada de \u00d817 mm permite elevar los dispositivos<\/p>\n<p>Este pr\u00e1ctico adaptador m\u00faltiple ref. ADT-28\/35 est\u00e1 fabricado en aluminio con acabado en pintura negra antirrayadura. Peso Neto: 1,19 Kg<\/p>\n","protected":false},"featured_media":138639,"template":"","meta":[],"product_cat":[204,567,441],"product_tag":[],"yoast_head":"<!-- This site is optimized with the Yoast SEO plugin v19.7.1 - https:\/\/yoast.com\/wordpress\/plugins\/seo\/ -->\n<title>Adaptador multiusos con terminal de \u00d8 28 mm - Ref. ADT-28\/35 |<\/title>\n<meta name=\"description\" content=\"Adaptador multiusos para soportes o torres con tubo de inserci\u00f3n de \u00d835 mm. Provisto de spigot de tv de \u00d816 mm. Materia: Aluminio\" \/>\n<meta name=\"robots\" content=\"index, follow, max-snippet:-1, max-image-preview:large, max-video-preview:-1\" \/>\n<link rel=\"canonical\" href=\"https:\/\/guil.es\/lifters\/producto\/adaptador-multiusos-con-terminal-de-28-mm-ref-adt-28-35\/\" \/>\n<meta property=\"og:locale\" content=\"es_ES\" \/>\n<meta property=\"og:type\" content=\"article\" \/>\n<meta property=\"og:title\" content=\"Adaptador multiusos con terminal de \u00d8 28 mm - Ref. ADT-28\/35 |\" \/>\n<meta property=\"og:description\" content=\"Adaptador multiusos para soportes o torres con tubo de inserci\u00f3n de \u00d835 mm. Provisto de spigot de tv de \u00d816 mm. Materia: Aluminio\" \/>\n<meta property=\"og:url\" content=\"https:\/\/guil.es\/lifters\/producto\/adaptador-multiusos-con-terminal-de-28-mm-ref-adt-28-35\/\" \/>\n<meta property=\"og:site_name\" content=\"GUIL\" \/>\n<meta property=\"article:publisher\" content=\"https:\/\/www.facebook.com\/GUIL-lifters-1595855663880679\/?ref=br_rs\" \/>\n<meta property=\"article:modified_time\" content=\"2025-09-22T11:56:15+00:00\" \/>\n<meta property=\"og:image\" content=\"https:\/\/guil.es\/lifters\/wp-content\/uploads\/2025\/09\/Adaptador-multiusos-ADT-28_35.jpg\" \/>\n\t<meta property=\"og:image:width\" content=\"300\" \/>\n\t<meta property=\"og:image:height\" content=\"300\" \/>\n\t<meta property=\"og:image:type\" content=\"image\/jpeg\" \/>\n<meta name=\"twitter:card\" content=\"summary_large_image\" \/>\n<!-- \/ Yoast SEO plugin. -->","yoast_head_json":{"title":"Adaptador multiusos con terminal de \u00d8 28 mm - Ref. ADT-28\/35 |","description":"Adaptador multiusos para soportes o torres con tubo de inserci\u00f3n de \u00d835 mm. Provisto de spigot de tv de \u00d816 mm. Materia: Aluminio","robots":{"index":"index","follow":"follow","max-snippet":"max-snippet:-1","max-image-preview":"max-image-preview:large","max-video-preview":"max-video-preview:-1"},"canonical":"https:\/\/guil.es\/lifters\/producto\/adaptador-multiusos-con-terminal-de-28-mm-ref-adt-28-35\/","og_locale":"es_ES","og_type":"article","og_title":"Adaptador multiusos con terminal de \u00d8 28 mm - Ref. ADT-28\/35 |","og_description":"Adaptador multiusos para soportes o torres con tubo de inserci\u00f3n de \u00d835 mm. Provisto de spigot de tv de \u00d816 mm. Materia: Aluminio","og_url":"https:\/\/guil.es\/lifters\/producto\/adaptador-multiusos-con-terminal-de-28-mm-ref-adt-28-35\/","og_site_name":"GUIL","article_publisher":"https:\/\/www.facebook.com\/GUIL-lifters-1595855663880679\/?ref=br_rs","article_modified_time":"2025-09-22T11:56:15+00:00","og_image":[{"width":300,"height":300,"url":"https:\/\/guil.es\/lifters\/wp-content\/uploads\/2025\/09\/Adaptador-multiusos-ADT-28_35.jpg","type":"image\/jpeg"}],"twitter_card":"summary_large_image","schema":{"@context":"https:\/\/schema.org","@graph":[{"@type":"WebPage","@id":"https:\/\/guil.es\/lifters\/producto\/adaptador-multiusos-con-terminal-de-28-mm-ref-adt-28-35\/","url":"https:\/\/guil.es\/lifters\/producto\/adaptador-multiusos-con-terminal-de-28-mm-ref-adt-28-35\/","name":"Adaptador multiusos con terminal de \u00d8 28 mm - Ref. ADT-28\/35 |","isPartOf":{"@id":"https:\/\/guil.es\/lifters\/#website"},"datePublished":"2025-09-22T11:20:08+00:00","dateModified":"2025-09-22T11:56:15+00:00","description":"Adaptador multiusos para soportes o torres con tubo de inserci\u00f3n de \u00d835 mm. Provisto de spigot de tv de \u00d816 mm. Materia: Aluminio","breadcrumb":{"@id":"https:\/\/guil.es\/lifters\/producto\/adaptador-multiusos-con-terminal-de-28-mm-ref-adt-28-35\/#breadcrumb"},"inLanguage":"es","potentialAction":[{"@type":"ReadAction","target":["https:\/\/guil.es\/lifters\/producto\/adaptador-multiusos-con-terminal-de-28-mm-ref-adt-28-35\/"]}]},{"@type":"BreadcrumbList","@id":"https:\/\/guil.es\/lifters\/producto\/adaptador-multiusos-con-terminal-de-28-mm-ref-adt-28-35\/#breadcrumb","itemListElement":[{"@type":"ListItem","position":1,"name":"Portada","item":"https:\/\/guil.es\/lifters\/"},{"@type":"ListItem","position":2,"name":"Comparativa","item":"https:\/\/guil.es\/lifters\/comparativa\/"},{"@type":"ListItem","position":3,"name":"Adaptador multiusos con terminal de \u00d8 28 mm"}]},{"@type":"WebSite","@id":"https:\/\/guil.es\/lifters\/#website","url":"https:\/\/guil.es\/lifters\/","name":"GUIL","description":"Ingenier\u00eda para la industria","publisher":{"@id":"https:\/\/guil.es\/lifters\/#organization"},"potentialAction":[{"@type":"SearchAction","target":{"@type":"EntryPoint","urlTemplate":"https:\/\/guil.es\/lifters\/?s={search_term_string}"},"query-input":"required name=search_term_string"}],"inLanguage":"es"},{"@type":"Organization","@id":"https:\/\/guil.es\/lifters\/#organization","name":"GUIL","url":"https:\/\/guil.es\/lifters\/","sameAs":["https:\/\/www.linkedin.com\/company\/guil-lifters\/","https:\/\/www.youtube.com\/channel\/UCPO_ySVpLlTabFUBnqaL48w\/videos?view_as=subscriber","https:\/\/www.instagram.com\/guil_lifters\/","https:\/\/www.facebook.com\/GUIL-lifters-1595855663880679\/?ref=br_rs"],"logo":{"@type":"ImageObject","inLanguage":"es","@id":"https:\/\/guil.es\/lifters\/#\/schema\/logo\/image\/","url":"https:\/\/new.guil.es\/wp-content\/uploads\/2019\/05\/GUIL-TORO-Negro.jpg","contentUrl":"https:\/\/new.guil.es\/wp-content\/uploads\/2019\/05\/GUIL-TORO-Negro.jpg","width":2056,"height":498,"caption":"GUIL"},"image":{"@id":"https:\/\/guil.es\/lifters\/#\/schema\/logo\/image\/"}}]}},"_links":{"self":[{"href":"https:\/\/guil.es\/lifters\/wp-json\/wp\/v2\/product\/138631"}],"collection":[{"href":"https:\/\/guil.es\/lifters\/wp-json\/wp\/v2\/product"}],"about":[{"href":"https:\/\/guil.es\/lifters\/wp-json\/wp\/v2\/types\/product"}],"version-history":[{"count":1,"href":"https:\/\/guil.es\/lifters\/wp-json\/wp\/v2\/product\/138631\/revisions"}],"predecessor-version":[{"id":138641,"href":"https:\/\/guil.es\/lifters\/wp-json\/wp\/v2\/product\/138631\/revisions\/138641"}],"wp:featuredmedia":[{"embeddable":true,"href":"https:\/\/guil.es\/lifters\/wp-json\/wp\/v2\/media\/138639"}],"wp:attachment":[{"href":"https:\/\/guil.es\/lifters\/wp-json\/wp\/v2\/media?parent=138631"}],"wp:term":[{"taxonomy":"product_cat","embeddable":true,"href":"https:\/\/guil.es\/lifters\/wp-json\/wp\/v2\/product_cat?post=138631"},{"taxonomy":"product_tag","embeddable":true,"href":"https:\/\/guil.es\/lifters\/wp-json\/wp\/v2\/product_tag?post=138631"}],"curies":[{"name":"wp","href":"https:\/\/api.w.org\/{rel}","templated":true}]}}