{"id":138933,"date":"2026-01-07T11:15:01","date_gmt":"2026-01-07T10:15:01","guid":{"rendered":"https:\/\/guil.es\/lifters\/?post_type=product&#038;p=138933"},"modified":"2026-02-10T11:01:01","modified_gmt":"2026-02-10T10:01:01","slug":"frontis-con-expansor-de-horquillas-para-elevadores-de-carga-ref-act-15","status":"publish","type":"product","link":"https:\/\/guil.es\/lifters\/producto\/frontis-con-expansor-de-horquillas-para-elevadores-de-carga-ref-act-15\/","title":{"rendered":"Frontis con expansor de horquillas para elevadores"},"content":{"rendered":"","protected":false},"excerpt":{"rendered":"<p>Pr\u00e1ctico adaptador para una mayor estabilidad en la elevaci\u00f3n de cargas largas.<br \/>\nEs el perfecto accesorio para la instalaci\u00f3n de toldos, conductos de ventilaci\u00f3n y otros objetos largos o de gran formato.<br \/>\n<strong>Permite ampliar el ancho de las horquillas de carga hasta 98 cm.<\/strong><\/p>\n<p>Este adaptador cuenta con las siguientes referencias:<br \/>\n<strong>\u25cf ACT-15\/B:<\/strong> Cuando se utiliza en los elevadores TORO de la Serie B. Peso Neto: 9,10 Kg<br \/>\n<strong>\u25cf ACT-15\/C-D<\/strong>: Cuando se utiliza en los elevadores TORO de las Serie C y D. Peso Neto: 12,10 Kg<\/p>\n<p>El expansor de horquillas ACT-15 se puede utilizar junto con el adaptador ref. ACT-01\/L o el ACT-06, permitiendo una c\u00f3moda elevaci\u00f3n de cargas con dise\u00f1o curvo.<\/p>\n<p><strong><u>F\u00e1cil de instalar<\/u>\u00a0 \u00a0<\/strong>El expansor ACT-15 cuenta con un sistema de fijaci\u00f3n simple y eficiente, basado en la sustituci\u00f3n de un frontis por otro, lo que facilita su montaje y optimiza los tiempos de instalaci\u00f3n.<\/p>\n<p><strong><u>Maximiza las Funciones<\/u>\u00a0 \u00a0<\/strong>Este adaptador resulta especialmente \u00fatil para la elevaci\u00f3n de cargas voluminosas o con dimensiones especiales, incrementando la versatilidad del elevador y ampliando sus funciones para diferentes aplicaciones de trabajo.<\/p>\n<p><strong><u>Fabricaci\u00f3n<\/u>\u00a0 \u00a0<\/strong>El expansor, compuesto por una sola pieza fabricada en acero con acabado en pintura texturada EPOXI anti\u00f3xido\/antirrayadura con doble tratamiento para un perfecto mantenimiento durante su uso en exteriores.<\/p>\n<p>Importante: Siempre asegurar la carga a las horquillas.<\/p>\n<p><strong>Nota: \u00a0<\/strong>La capacidad de carga del elevador se reduce al utilizar los prolongadores. Por favor, consultar con f\u00e1brica para confirmar la capacidad espec\u00edfica de su modelo TORO. Tambi\u00e9n pueden encontrar esta informaci\u00f3n en la tabla de cargas incluida en el Manual del Usuario de cada elevador TORO.<\/p>\n<p>Este adaptador no es v\u00e1lido para elevadores TORO Serie A.<\/p>\n","protected":false},"featured_media":139014,"template":"","meta":[],"product_cat":[204,507,401,376,205],"product_tag":[],"yoast_head":"<!-- This site is optimized with the Yoast SEO plugin v19.7.1 - https:\/\/yoast.com\/wordpress\/plugins\/seo\/ -->\n<title>Frontis con expansor de horquillas - Ref. ACT-15 | GUIL<\/title>\n<meta name=\"description\" content=\"Es el perfecto accesorio para la instalaci\u00f3n de toldos, conductos de ventilaci\u00f3n y otros objetos largos o de gran formato.\" \/>\n<meta name=\"robots\" content=\"index, follow, max-snippet:-1, max-image-preview:large, max-video-preview:-1\" \/>\n<link rel=\"canonical\" href=\"https:\/\/guil.es\/lifters\/producto\/frontis-con-expansor-de-horquillas-para-elevadores-de-carga-ref-act-15\/\" \/>\n<meta property=\"og:locale\" content=\"es_ES\" \/>\n<meta property=\"og:type\" content=\"article\" \/>\n<meta property=\"og:title\" content=\"Frontis con expansor de horquillas - Ref. ACT-15 | GUIL\" \/>\n<meta property=\"og:description\" content=\"Es el perfecto accesorio para la instalaci\u00f3n de toldos, conductos de ventilaci\u00f3n y otros objetos largos o de gran formato.\" \/>\n<meta property=\"og:url\" content=\"https:\/\/guil.es\/lifters\/producto\/frontis-con-expansor-de-horquillas-para-elevadores-de-carga-ref-act-15\/\" \/>\n<meta property=\"og:site_name\" content=\"GUIL\" \/>\n<meta property=\"article:publisher\" content=\"https:\/\/www.facebook.com\/GUIL-lifters-1595855663880679\/?ref=br_rs\" \/>\n<meta property=\"article:modified_time\" content=\"2026-02-10T10:01:01+00:00\" \/>\n<meta property=\"og:image\" content=\"https:\/\/guil.es\/lifters\/wp-content\/uploads\/2026\/01\/2025-Expansor-horquillas-para-elevadores-TORO-ACT-14-0.jpg\" \/>\n\t<meta property=\"og:image:width\" content=\"265\" \/>\n\t<meta property=\"og:image:height\" content=\"265\" \/>\n\t<meta property=\"og:image:type\" content=\"image\/jpeg\" \/>\n<meta name=\"twitter:card\" content=\"summary_large_image\" \/>\n<!-- \/ Yoast SEO plugin. -->","yoast_head_json":{"title":"Frontis con expansor de horquillas - Ref. ACT-15 | GUIL","description":"Es el perfecto accesorio para la instalaci\u00f3n de toldos, conductos de ventilaci\u00f3n y otros objetos largos o de gran formato.","robots":{"index":"index","follow":"follow","max-snippet":"max-snippet:-1","max-image-preview":"max-image-preview:large","max-video-preview":"max-video-preview:-1"},"canonical":"https:\/\/guil.es\/lifters\/producto\/frontis-con-expansor-de-horquillas-para-elevadores-de-carga-ref-act-15\/","og_locale":"es_ES","og_type":"article","og_title":"Frontis con expansor de horquillas - Ref. ACT-15 | GUIL","og_description":"Es el perfecto accesorio para la instalaci\u00f3n de toldos, conductos de ventilaci\u00f3n y otros objetos largos o de gran formato.","og_url":"https:\/\/guil.es\/lifters\/producto\/frontis-con-expansor-de-horquillas-para-elevadores-de-carga-ref-act-15\/","og_site_name":"GUIL","article_publisher":"https:\/\/www.facebook.com\/GUIL-lifters-1595855663880679\/?ref=br_rs","article_modified_time":"2026-02-10T10:01:01+00:00","og_image":[{"width":265,"height":265,"url":"https:\/\/guil.es\/lifters\/wp-content\/uploads\/2026\/01\/2025-Expansor-horquillas-para-elevadores-TORO-ACT-14-0.jpg","type":"image\/jpeg"}],"twitter_card":"summary_large_image","schema":{"@context":"https:\/\/schema.org","@graph":[{"@type":"WebPage","@id":"https:\/\/guil.es\/lifters\/producto\/frontis-con-expansor-de-horquillas-para-elevadores-de-carga-ref-act-15\/","url":"https:\/\/guil.es\/lifters\/producto\/frontis-con-expansor-de-horquillas-para-elevadores-de-carga-ref-act-15\/","name":"Frontis con expansor de horquillas - Ref. ACT-15 | GUIL","isPartOf":{"@id":"https:\/\/guil.es\/lifters\/#website"},"datePublished":"2026-01-07T10:15:01+00:00","dateModified":"2026-02-10T10:01:01+00:00","description":"Es el perfecto accesorio para la instalaci\u00f3n de toldos, conductos de ventilaci\u00f3n y otros objetos largos o de gran formato.","breadcrumb":{"@id":"https:\/\/guil.es\/lifters\/producto\/frontis-con-expansor-de-horquillas-para-elevadores-de-carga-ref-act-15\/#breadcrumb"},"inLanguage":"es","potentialAction":[{"@type":"ReadAction","target":["https:\/\/guil.es\/lifters\/producto\/frontis-con-expansor-de-horquillas-para-elevadores-de-carga-ref-act-15\/"]}]},{"@type":"BreadcrumbList","@id":"https:\/\/guil.es\/lifters\/producto\/frontis-con-expansor-de-horquillas-para-elevadores-de-carga-ref-act-15\/#breadcrumb","itemListElement":[{"@type":"ListItem","position":1,"name":"Portada","item":"https:\/\/guil.es\/lifters\/"},{"@type":"ListItem","position":2,"name":"Comparativa","item":"https:\/\/guil.es\/lifters\/comparativa\/"},{"@type":"ListItem","position":3,"name":"Frontis con expansor de horquillas para elevadores"}]},{"@type":"WebSite","@id":"https:\/\/guil.es\/lifters\/#website","url":"https:\/\/guil.es\/lifters\/","name":"GUIL","description":"Ingenier\u00eda para la industria","publisher":{"@id":"https:\/\/guil.es\/lifters\/#organization"},"potentialAction":[{"@type":"SearchAction","target":{"@type":"EntryPoint","urlTemplate":"https:\/\/guil.es\/lifters\/?s={search_term_string}"},"query-input":"required name=search_term_string"}],"inLanguage":"es"},{"@type":"Organization","@id":"https:\/\/guil.es\/lifters\/#organization","name":"GUIL","url":"https:\/\/guil.es\/lifters\/","sameAs":["https:\/\/www.linkedin.com\/company\/guil-lifters\/","https:\/\/www.youtube.com\/channel\/UCPO_ySVpLlTabFUBnqaL48w\/videos?view_as=subscriber","https:\/\/www.instagram.com\/guil_lifters\/","https:\/\/www.facebook.com\/GUIL-lifters-1595855663880679\/?ref=br_rs"],"logo":{"@type":"ImageObject","inLanguage":"es","@id":"https:\/\/guil.es\/lifters\/#\/schema\/logo\/image\/","url":"https:\/\/new.guil.es\/wp-content\/uploads\/2019\/05\/GUIL-TORO-Negro.jpg","contentUrl":"https:\/\/new.guil.es\/wp-content\/uploads\/2019\/05\/GUIL-TORO-Negro.jpg","width":2056,"height":498,"caption":"GUIL"},"image":{"@id":"https:\/\/guil.es\/lifters\/#\/schema\/logo\/image\/"}}]}},"_links":{"self":[{"href":"https:\/\/guil.es\/lifters\/wp-json\/wp\/v2\/product\/138933"}],"collection":[{"href":"https:\/\/guil.es\/lifters\/wp-json\/wp\/v2\/product"}],"about":[{"href":"https:\/\/guil.es\/lifters\/wp-json\/wp\/v2\/types\/product"}],"version-history":[{"count":15,"href":"https:\/\/guil.es\/lifters\/wp-json\/wp\/v2\/product\/138933\/revisions"}],"predecessor-version":[{"id":139133,"href":"https:\/\/guil.es\/lifters\/wp-json\/wp\/v2\/product\/138933\/revisions\/139133"}],"wp:featuredmedia":[{"embeddable":true,"href":"https:\/\/guil.es\/lifters\/wp-json\/wp\/v2\/media\/139014"}],"wp:attachment":[{"href":"https:\/\/guil.es\/lifters\/wp-json\/wp\/v2\/media?parent=138933"}],"wp:term":[{"taxonomy":"product_cat","embeddable":true,"href":"https:\/\/guil.es\/lifters\/wp-json\/wp\/v2\/product_cat?post=138933"},{"taxonomy":"product_tag","embeddable":true,"href":"https:\/\/guil.es\/lifters\/wp-json\/wp\/v2\/product_tag?post=138933"}],"curies":[{"name":"wp","href":"https:\/\/api.w.org\/{rel}","templated":true}]}}