{"id":138937,"date":"2026-01-07T11:23:24","date_gmt":"2026-01-07T10:23:24","guid":{"rendered":"https:\/\/guil.es\/lifters\/?post_type=product&#038;p=138937"},"modified":"2026-02-06T13:28:13","modified_gmt":"2026-02-06T12:28:13","slug":"adaptador-para-la-elevacion-y-montaje-de-toldos-ref-act-14","status":"publish","type":"product","link":"https:\/\/guil.es\/lifters\/producto\/adaptador-para-la-elevacion-y-montaje-de-toldos-ref-act-14\/","title":{"rendered":"Adaptador para la elevaci\u00f3n y montaje de toldos"},"content":{"rendered":"","protected":false},"excerpt":{"rendered":"<p>Adaptador especialmente dise\u00f1ado para la instalaci\u00f3n y mantenimiento de toldos y objetos cil\u00edndricos utilizando nuestros elevadores TORO.<br \/>\nEl adaptador ACT-14 consta de una barra de carga con dos brazos desplegables dise\u00f1ados para sujetar toldos y elementos cil\u00edndricos.<br \/>\nLos elevadores GUIL tienen dise\u00f1os compactos para poder trabajar en espacios reducidos, lo que convierte al elevador y a la plataforma ACT-14 en la combinaci\u00f3n perfecta para la instalaci\u00f3n de toldos.<\/p>\n<p><strong>ADAPTADOR DE TOLDO \/ para elevadores TORO\u00a0 \u00a0<\/strong>El adaptador para la instalaci\u00f3n de toldos ha sido dise\u00f1ado para sujetar y elevar toldos, objetos cil\u00edndricos y\/o voluminosos. La carga est\u00e1 asegurada por dos brazos forrados para proteger el toldo. Sus brazos de sujeci\u00f3n se fijan mediante pomos ergon\u00f3micos met\u00e1licos, facilitando la rapidez y comodidad en el montaje.<\/p>\n<p><strong><u>No solo para la instalaci\u00f3n<\/u>\u00a0 \u00a0<\/strong>Su elevador TORO comienza a ayudarlo incluso antes de llegar al lugar de la instalaci\u00f3n: \u00a0subir un toldo u otro objecto de 4 o 5 metros por las escaleras es una tarea muy dif\u00edcil, pero con un elevador GUIL, puede levantar el toldo desde el suelo directamente hasta el balc\u00f3n\/terraza donde se va a realizar el montaje. Una vez que todo su material est\u00e9 preparado para el montaje, su elevador TORO levantar\u00e1 su toldo, p\u00e9rgola o sol\u00e1rium hasta la altura donde se necesite, y lo sustentar\u00e1 mientras se realiza la instalaci\u00f3n.<\/p>\n<p><strong><u>Dise\u00f1o plegable para transporte y almacenamiento<\/u>\u00a0 \u00a0<\/strong>Para un c\u00f3modo transporte y almacenamiento, los pomos se pueden aflojar para girar los brazos hacia el centro del adaptador, ocupando menos espacio.<\/p>\n<p><strong><u>Elevaci\u00f3n r\u00e1pida, f\u00e1cil y c\u00f3moda<\/u>\u00a0 \u00a0<\/strong>La cuna se acopla al elevador TORO y se prepara para trabajar de forma muy r\u00e1pida y sencilla. Todas las gr\u00faas GUIL son f\u00e1ciles de operar, incluso por una sola persona, y su r\u00e1pido montaje permite que se pueda comenzar a trabajar tan pronto como se llegue al sitio donde se va a realizar el montaje.<\/p>\n<p><strong>MEDIDAS Y MATERIAL:\u00a0 \u00a0<\/strong>La plataforma de carga ref. ACT-14, fabricada en acero con acabado en pintura EPOXY antirrayadura tiene las siguientes medidas de trabajo:<br \/>\n\u25cf Adaptador con brazos abiertos: 138 x 43,5 cm<br \/>\n\u25cf Adaptador con los brazos cerrados: 108 x 43,5 cm<br \/>\n\u25cf Peso neto: 7.65 kg<\/p>\n","protected":false},"featured_media":139074,"template":"","meta":[],"product_cat":[507,411,714,401,376,205],"product_tag":[],"yoast_head":"<!-- This site is optimized with the Yoast SEO plugin v19.7.1 - https:\/\/yoast.com\/wordpress\/plugins\/seo\/ -->\n<title>Adaptador para la elevaci\u00f3n y montaje de toldos - Ref. ACT-14<\/title>\n<meta name=\"description\" content=\"Adaptador para la instalaci\u00f3n de toldos ha sido dise\u00f1ada para sujetar y elevar toldos, objetos cil\u00edndricos y\/o voluminosos.\" \/>\n<meta name=\"robots\" content=\"index, follow, max-snippet:-1, max-image-preview:large, max-video-preview:-1\" \/>\n<link rel=\"canonical\" href=\"https:\/\/guil.es\/lifters\/producto\/adaptador-para-la-elevacion-y-montaje-de-toldos-ref-act-14\/\" \/>\n<meta property=\"og:locale\" content=\"es_ES\" \/>\n<meta property=\"og:type\" content=\"article\" \/>\n<meta property=\"og:title\" content=\"Adaptador para la elevaci\u00f3n y montaje de toldos - Ref. ACT-14\" \/>\n<meta property=\"og:description\" content=\"Adaptador para la instalaci\u00f3n de toldos ha sido dise\u00f1ada para sujetar y elevar toldos, objetos cil\u00edndricos y\/o voluminosos.\" \/>\n<meta property=\"og:url\" content=\"https:\/\/guil.es\/lifters\/producto\/adaptador-para-la-elevacion-y-montaje-de-toldos-ref-act-14\/\" \/>\n<meta property=\"og:site_name\" content=\"GUIL\" \/>\n<meta property=\"article:publisher\" content=\"https:\/\/www.facebook.com\/GUIL-lifters-1595855663880679\/?ref=br_rs\" \/>\n<meta property=\"article:modified_time\" content=\"2026-02-06T12:28:13+00:00\" \/>\n<meta property=\"og:image\" content=\"https:\/\/guil.es\/lifters\/wp-content\/uploads\/2026\/01\/Adpaptador-toldos-ACT-14.jpg\" \/>\n\t<meta property=\"og:image:width\" content=\"265\" \/>\n\t<meta property=\"og:image:height\" content=\"265\" \/>\n\t<meta property=\"og:image:type\" content=\"image\/jpeg\" \/>\n<meta name=\"twitter:card\" content=\"summary_large_image\" \/>\n<!-- \/ Yoast SEO plugin. -->","yoast_head_json":{"title":"Adaptador para la elevaci\u00f3n y montaje de toldos - Ref. ACT-14","description":"Adaptador para la instalaci\u00f3n de toldos ha sido dise\u00f1ada para sujetar y elevar toldos, objetos cil\u00edndricos y\/o voluminosos.","robots":{"index":"index","follow":"follow","max-snippet":"max-snippet:-1","max-image-preview":"max-image-preview:large","max-video-preview":"max-video-preview:-1"},"canonical":"https:\/\/guil.es\/lifters\/producto\/adaptador-para-la-elevacion-y-montaje-de-toldos-ref-act-14\/","og_locale":"es_ES","og_type":"article","og_title":"Adaptador para la elevaci\u00f3n y montaje de toldos - Ref. ACT-14","og_description":"Adaptador para la instalaci\u00f3n de toldos ha sido dise\u00f1ada para sujetar y elevar toldos, objetos cil\u00edndricos y\/o voluminosos.","og_url":"https:\/\/guil.es\/lifters\/producto\/adaptador-para-la-elevacion-y-montaje-de-toldos-ref-act-14\/","og_site_name":"GUIL","article_publisher":"https:\/\/www.facebook.com\/GUIL-lifters-1595855663880679\/?ref=br_rs","article_modified_time":"2026-02-06T12:28:13+00:00","og_image":[{"width":265,"height":265,"url":"https:\/\/guil.es\/lifters\/wp-content\/uploads\/2026\/01\/Adpaptador-toldos-ACT-14.jpg","type":"image\/jpeg"}],"twitter_card":"summary_large_image","schema":{"@context":"https:\/\/schema.org","@graph":[{"@type":"WebPage","@id":"https:\/\/guil.es\/lifters\/producto\/adaptador-para-la-elevacion-y-montaje-de-toldos-ref-act-14\/","url":"https:\/\/guil.es\/lifters\/producto\/adaptador-para-la-elevacion-y-montaje-de-toldos-ref-act-14\/","name":"Adaptador para la elevaci\u00f3n y montaje de toldos - Ref. ACT-14","isPartOf":{"@id":"https:\/\/guil.es\/lifters\/#website"},"datePublished":"2026-01-07T10:23:24+00:00","dateModified":"2026-02-06T12:28:13+00:00","description":"Adaptador para la instalaci\u00f3n de toldos ha sido dise\u00f1ada para sujetar y elevar toldos, objetos cil\u00edndricos y\/o voluminosos.","breadcrumb":{"@id":"https:\/\/guil.es\/lifters\/producto\/adaptador-para-la-elevacion-y-montaje-de-toldos-ref-act-14\/#breadcrumb"},"inLanguage":"es","potentialAction":[{"@type":"ReadAction","target":["https:\/\/guil.es\/lifters\/producto\/adaptador-para-la-elevacion-y-montaje-de-toldos-ref-act-14\/"]}]},{"@type":"BreadcrumbList","@id":"https:\/\/guil.es\/lifters\/producto\/adaptador-para-la-elevacion-y-montaje-de-toldos-ref-act-14\/#breadcrumb","itemListElement":[{"@type":"ListItem","position":1,"name":"Portada","item":"https:\/\/guil.es\/lifters\/"},{"@type":"ListItem","position":2,"name":"Comparativa","item":"https:\/\/guil.es\/lifters\/comparativa\/"},{"@type":"ListItem","position":3,"name":"Adaptador para la elevaci\u00f3n y montaje de toldos"}]},{"@type":"WebSite","@id":"https:\/\/guil.es\/lifters\/#website","url":"https:\/\/guil.es\/lifters\/","name":"GUIL","description":"Ingenier\u00eda para la industria","publisher":{"@id":"https:\/\/guil.es\/lifters\/#organization"},"potentialAction":[{"@type":"SearchAction","target":{"@type":"EntryPoint","urlTemplate":"https:\/\/guil.es\/lifters\/?s={search_term_string}"},"query-input":"required name=search_term_string"}],"inLanguage":"es"},{"@type":"Organization","@id":"https:\/\/guil.es\/lifters\/#organization","name":"GUIL","url":"https:\/\/guil.es\/lifters\/","sameAs":["https:\/\/www.linkedin.com\/company\/guil-lifters\/","https:\/\/www.youtube.com\/channel\/UCPO_ySVpLlTabFUBnqaL48w\/videos?view_as=subscriber","https:\/\/www.instagram.com\/guil_lifters\/","https:\/\/www.facebook.com\/GUIL-lifters-1595855663880679\/?ref=br_rs"],"logo":{"@type":"ImageObject","inLanguage":"es","@id":"https:\/\/guil.es\/lifters\/#\/schema\/logo\/image\/","url":"https:\/\/new.guil.es\/wp-content\/uploads\/2019\/05\/GUIL-TORO-Negro.jpg","contentUrl":"https:\/\/new.guil.es\/wp-content\/uploads\/2019\/05\/GUIL-TORO-Negro.jpg","width":2056,"height":498,"caption":"GUIL"},"image":{"@id":"https:\/\/guil.es\/lifters\/#\/schema\/logo\/image\/"}}]}},"_links":{"self":[{"href":"https:\/\/guil.es\/lifters\/wp-json\/wp\/v2\/product\/138937"}],"collection":[{"href":"https:\/\/guil.es\/lifters\/wp-json\/wp\/v2\/product"}],"about":[{"href":"https:\/\/guil.es\/lifters\/wp-json\/wp\/v2\/types\/product"}],"version-history":[{"count":7,"href":"https:\/\/guil.es\/lifters\/wp-json\/wp\/v2\/product\/138937\/revisions"}],"predecessor-version":[{"id":139118,"href":"https:\/\/guil.es\/lifters\/wp-json\/wp\/v2\/product\/138937\/revisions\/139118"}],"wp:featuredmedia":[{"embeddable":true,"href":"https:\/\/guil.es\/lifters\/wp-json\/wp\/v2\/media\/139074"}],"wp:attachment":[{"href":"https:\/\/guil.es\/lifters\/wp-json\/wp\/v2\/media?parent=138937"}],"wp:term":[{"taxonomy":"product_cat","embeddable":true,"href":"https:\/\/guil.es\/lifters\/wp-json\/wp\/v2\/product_cat?post=138937"},{"taxonomy":"product_tag","embeddable":true,"href":"https:\/\/guil.es\/lifters\/wp-json\/wp\/v2\/product_tag?post=138937"}],"curies":[{"name":"wp","href":"https:\/\/api.w.org\/{rel}","templated":true}]}}