{"id":138942,"date":"2026-01-07T13:16:42","date_gmt":"2026-01-07T12:16:42","guid":{"rendered":"https:\/\/guil.es\/lifters\/?post_type=product&#038;p=138942"},"modified":"2026-02-12T08:38:12","modified_gmt":"2026-02-12T07:38:12","slug":"prolongador-de-empunadura-para-elevadores-de-carga-toro-ref-cnd-01","status":"publish","type":"product","link":"https:\/\/guil.es\/lifters\/producto\/prolongador-de-empunadura-para-elevadores-de-carga-toro-ref-cnd-01\/","title":{"rendered":"Prolongador de empu\u00f1adura para Elevadores Carga TORO"},"content":{"rendered":"","protected":false},"excerpt":{"rendered":"<p>Pr\u00e1ctico adaptador que mejora la maniobrabilidad cuando las patas telesc\u00f3picas est\u00e1n dispuestas en la parte trasera del elevador.<br \/>\nEs el perfecto accesorio para poder dirigir o maniobrar el elevador TORO permitiendo una mayor comodidad de movimientos para el instalador.<br \/>\nEl prolongador se inserta en la misma cuna y se fija con el mismo pasador de seguridad imantado de neodimio de la empu\u00f1adura, manteniendo sus mismas posiciones abatibles<\/p>\n<p><b><u>Medidas:<\/u><\/b>\u00a0 9 x 5 x 105 cm &#8211;\u00a0 <span style=\"text-decoration: underline;\"><strong>Peso Neto:<\/strong><\/span> 6 kg<\/p>\n<p>https:\/\/youtu.be\/_8F8ZZpiSOA<\/p>\n<p><strong><u>Agiliza el Trabajo<\/u><\/strong>\u00a0 \u00a0El prolongador de transporte mejora la maniobrabilidad cuando el instalador requiere una mayor libertad de movimientos.<\/p>\n<p><strong><u>Fabricaci\u00f3n<\/u><\/strong>\u00a0 \u00a0El prolongador, compuesto por dos piezas, est\u00e1 fabricado en acero con acabado en pintura texturada EPOXI anti\u00f3xido\/antirrayadura con doble tratamiento para un perfecto mantenimiento durante su uso en exteriores.<\/p>\n<p>Este adaptador no es v\u00e1lido para elevadores TORO Serie A y B<\/p>\n<p>&nbsp;<\/p>\n","protected":false},"featured_media":139048,"template":"","meta":[],"product_cat":[204,507,376,205],"product_tag":[],"yoast_head":"<!-- This site is optimized with the Yoast SEO plugin v19.7.1 - https:\/\/yoast.com\/wordpress\/plugins\/seo\/ -->\n<title>Prolongador de empu\u00f1adura - Ref. CND-01 | GUIL<\/title>\n<meta name=\"description\" content=\"Prolongador para la empu\u00f1adura de los Elevadores TORO Serie C Y D (Cuando se utilizan los estabilizadores en la parte trasera)\" \/>\n<meta name=\"robots\" content=\"index, follow, max-snippet:-1, max-image-preview:large, max-video-preview:-1\" \/>\n<link rel=\"canonical\" href=\"https:\/\/guil.es\/lifters\/producto\/prolongador-de-empunadura-para-elevadores-de-carga-toro-ref-cnd-01\/\" \/>\n<meta property=\"og:locale\" content=\"es_ES\" \/>\n<meta property=\"og:type\" content=\"article\" \/>\n<meta property=\"og:title\" content=\"Prolongador de empu\u00f1adura - Ref. CND-01 | GUIL\" \/>\n<meta property=\"og:description\" content=\"Prolongador para la empu\u00f1adura de los Elevadores TORO Serie C Y D (Cuando se utilizan los estabilizadores en la parte trasera)\" \/>\n<meta property=\"og:url\" content=\"https:\/\/guil.es\/lifters\/producto\/prolongador-de-empunadura-para-elevadores-de-carga-toro-ref-cnd-01\/\" \/>\n<meta property=\"og:site_name\" content=\"GUIL\" \/>\n<meta property=\"article:publisher\" content=\"https:\/\/www.facebook.com\/GUIL-lifters-1595855663880679\/?ref=br_rs\" \/>\n<meta property=\"article:modified_time\" content=\"2026-02-12T07:38:12+00:00\" \/>\n<meta property=\"og:image\" content=\"https:\/\/guil.es\/lifters\/wp-content\/uploads\/2026\/01\/Prolongador-para-la-empunadura-CND-01-2.jpg\" \/>\n\t<meta property=\"og:image:width\" content=\"265\" \/>\n\t<meta property=\"og:image:height\" content=\"265\" \/>\n\t<meta property=\"og:image:type\" content=\"image\/jpeg\" \/>\n<meta name=\"twitter:card\" content=\"summary_large_image\" \/>\n<!-- \/ Yoast SEO plugin. -->","yoast_head_json":{"title":"Prolongador de empu\u00f1adura - Ref. CND-01 | GUIL","description":"Prolongador para la empu\u00f1adura de los Elevadores TORO Serie C Y D (Cuando se utilizan los estabilizadores en la parte trasera)","robots":{"index":"index","follow":"follow","max-snippet":"max-snippet:-1","max-image-preview":"max-image-preview:large","max-video-preview":"max-video-preview:-1"},"canonical":"https:\/\/guil.es\/lifters\/producto\/prolongador-de-empunadura-para-elevadores-de-carga-toro-ref-cnd-01\/","og_locale":"es_ES","og_type":"article","og_title":"Prolongador de empu\u00f1adura - Ref. CND-01 | GUIL","og_description":"Prolongador para la empu\u00f1adura de los Elevadores TORO Serie C Y D (Cuando se utilizan los estabilizadores en la parte trasera)","og_url":"https:\/\/guil.es\/lifters\/producto\/prolongador-de-empunadura-para-elevadores-de-carga-toro-ref-cnd-01\/","og_site_name":"GUIL","article_publisher":"https:\/\/www.facebook.com\/GUIL-lifters-1595855663880679\/?ref=br_rs","article_modified_time":"2026-02-12T07:38:12+00:00","og_image":[{"width":265,"height":265,"url":"https:\/\/guil.es\/lifters\/wp-content\/uploads\/2026\/01\/Prolongador-para-la-empunadura-CND-01-2.jpg","type":"image\/jpeg"}],"twitter_card":"summary_large_image","schema":{"@context":"https:\/\/schema.org","@graph":[{"@type":"WebPage","@id":"https:\/\/guil.es\/lifters\/producto\/prolongador-de-empunadura-para-elevadores-de-carga-toro-ref-cnd-01\/","url":"https:\/\/guil.es\/lifters\/producto\/prolongador-de-empunadura-para-elevadores-de-carga-toro-ref-cnd-01\/","name":"Prolongador de empu\u00f1adura - Ref. CND-01 | GUIL","isPartOf":{"@id":"https:\/\/guil.es\/lifters\/#website"},"datePublished":"2026-01-07T12:16:42+00:00","dateModified":"2026-02-12T07:38:12+00:00","description":"Prolongador para la empu\u00f1adura de los Elevadores TORO Serie C Y D (Cuando se utilizan los estabilizadores en la parte trasera)","breadcrumb":{"@id":"https:\/\/guil.es\/lifters\/producto\/prolongador-de-empunadura-para-elevadores-de-carga-toro-ref-cnd-01\/#breadcrumb"},"inLanguage":"es","potentialAction":[{"@type":"ReadAction","target":["https:\/\/guil.es\/lifters\/producto\/prolongador-de-empunadura-para-elevadores-de-carga-toro-ref-cnd-01\/"]}]},{"@type":"BreadcrumbList","@id":"https:\/\/guil.es\/lifters\/producto\/prolongador-de-empunadura-para-elevadores-de-carga-toro-ref-cnd-01\/#breadcrumb","itemListElement":[{"@type":"ListItem","position":1,"name":"Portada","item":"https:\/\/guil.es\/lifters\/"},{"@type":"ListItem","position":2,"name":"Comparativa","item":"https:\/\/guil.es\/lifters\/comparativa\/"},{"@type":"ListItem","position":3,"name":"Prolongador de empu\u00f1adura para Elevadores Carga TORO"}]},{"@type":"WebSite","@id":"https:\/\/guil.es\/lifters\/#website","url":"https:\/\/guil.es\/lifters\/","name":"GUIL","description":"Ingenier\u00eda para la industria","publisher":{"@id":"https:\/\/guil.es\/lifters\/#organization"},"potentialAction":[{"@type":"SearchAction","target":{"@type":"EntryPoint","urlTemplate":"https:\/\/guil.es\/lifters\/?s={search_term_string}"},"query-input":"required name=search_term_string"}],"inLanguage":"es"},{"@type":"Organization","@id":"https:\/\/guil.es\/lifters\/#organization","name":"GUIL","url":"https:\/\/guil.es\/lifters\/","sameAs":["https:\/\/www.linkedin.com\/company\/guil-lifters\/","https:\/\/www.youtube.com\/channel\/UCPO_ySVpLlTabFUBnqaL48w\/videos?view_as=subscriber","https:\/\/www.instagram.com\/guil_lifters\/","https:\/\/www.facebook.com\/GUIL-lifters-1595855663880679\/?ref=br_rs"],"logo":{"@type":"ImageObject","inLanguage":"es","@id":"https:\/\/guil.es\/lifters\/#\/schema\/logo\/image\/","url":"https:\/\/new.guil.es\/wp-content\/uploads\/2019\/05\/GUIL-TORO-Negro.jpg","contentUrl":"https:\/\/new.guil.es\/wp-content\/uploads\/2019\/05\/GUIL-TORO-Negro.jpg","width":2056,"height":498,"caption":"GUIL"},"image":{"@id":"https:\/\/guil.es\/lifters\/#\/schema\/logo\/image\/"}}]}},"_links":{"self":[{"href":"https:\/\/guil.es\/lifters\/wp-json\/wp\/v2\/product\/138942"}],"collection":[{"href":"https:\/\/guil.es\/lifters\/wp-json\/wp\/v2\/product"}],"about":[{"href":"https:\/\/guil.es\/lifters\/wp-json\/wp\/v2\/types\/product"}],"version-history":[{"count":11,"href":"https:\/\/guil.es\/lifters\/wp-json\/wp\/v2\/product\/138942\/revisions"}],"predecessor-version":[{"id":139219,"href":"https:\/\/guil.es\/lifters\/wp-json\/wp\/v2\/product\/138942\/revisions\/139219"}],"wp:featuredmedia":[{"embeddable":true,"href":"https:\/\/guil.es\/lifters\/wp-json\/wp\/v2\/media\/139048"}],"wp:attachment":[{"href":"https:\/\/guil.es\/lifters\/wp-json\/wp\/v2\/media?parent=138942"}],"wp:term":[{"taxonomy":"product_cat","embeddable":true,"href":"https:\/\/guil.es\/lifters\/wp-json\/wp\/v2\/product_cat?post=138942"},{"taxonomy":"product_tag","embeddable":true,"href":"https:\/\/guil.es\/lifters\/wp-json\/wp\/v2\/product_tag?post=138942"}],"curies":[{"name":"wp","href":"https:\/\/api.w.org\/{rel}","templated":true}]}}