{"id":139158,"date":"2026-02-10T13:34:39","date_gmt":"2026-02-10T12:34:39","guid":{"rendered":"https:\/\/guil.es\/lifters\/?post_type=product&#038;p=139158"},"modified":"2026-03-12T09:13:47","modified_gmt":"2026-03-12T08:13:47","slug":"bandeja-para-instalar-toldos800x400-mm-ref-bc-12","status":"publish","type":"product","link":"https:\/\/guil.es\/lifters\/producto\/bandeja-para-instalar-toldos800x400-mm-ref-bc-12\/","title":{"rendered":"Bandeja para instalar toldos<br>(800&#215;400 mm)"},"content":{"rendered":"<p>[vc_row king_row_type=\u00bbcontainer_full\u00bb css=\u00bb.vc_custom_1699977176048{background-color: #f4f4f4 !important;}\u00bb][vc_column width=\u00bb5\/12&#8243; css=\u00bb.vc_custom_1747305876822{margin-right: 50px !important;margin-left: 50px !important;}\u00bb][vc_column_text css=\u00bb.vc_custom_1747305066511{padding-bottom: 30px !important;}\u00bb]<\/p>\n<h4 style=\"text-align: justify;\"><span style=\"color: #000000; font-size: 14pt;\"><strong>ADAPTADOR DE TOLDO \/ PLATAFORMA DE CARGA para elevadores ELC (2 en 1)<\/strong><strong>\u00a0<\/strong><\/span><\/h4>\n<p style=\"text-align: justify;\"><span style=\"color: #000000;\">La bandeja para la instalaci\u00f3n de toldos ha sido dise\u00f1ada para sujetar y elevar toldos, objetos cil\u00edndricos y\/o voluminosos. La carga est\u00e1 asegurada por dos brazos forrados para proteger el toldo. Sus brazos de sujeci\u00f3n se fijan mediante pomos ergon\u00f3micos met\u00e1licos, facilitando la rapidez y comodidad en el montaje.<\/span><\/p>\n<p>[\/vc_column_text][vc_column_text css=\u00bb.vc_custom_1770727241266{padding-bottom: 30px !important;}\u00bb]<\/p>\n<p style=\"text-align: justify;\"><span style=\"color: #000000;\"><strong><u>&gt; Vers\u00e1til: tambi\u00e9n una bandeja de carga<\/u><\/strong><\/span><\/p>\n<p style=\"text-align: justify;\"><span style=\"color: #000000;\">La plataforma de carga BC-12 es un <strong>adaptador dos en uno<\/strong>: pudi\u00e9ndose utilizar tanto para el montaje de toldos como para la elevaci\u00f3n de otras cargas, simplemente desmontando los brazos articulados. Al quitar los brazos y fijarlos en la parte inferior de la plataforma, la bandeja para toldos se transforma en una bandeja de carga multiusos, lo que convierte al adaptador en la herramienta perfecta para la instalaci\u00f3n de toldos, as\u00ed como p\u00e9rgolas, vigas, estructuras met\u00e1licas y muchos otros objetos. Desmontar los brazos es r\u00e1pido y sencillo, y se puede hacer sin quitar el adaptador del elevador, lo que significa una m\u00ednima p\u00e9rdida de tiempo.<\/span><\/p>\n<p>[\/vc_column_text][vc_column_text]<\/p>\n<p style=\"text-align: justify;\"><span style=\"color: #000000;\"><strong>&gt; <u>No solo para la instalaci\u00f3n<\/u><\/strong><\/span><\/p>\n<p style=\"text-align: justify;\"><span style=\"color: #000000;\">Su elevador ELC comienza a ayudarlo incluso antes de llegar al lugar de la instalaci\u00f3n: \u00a0subir un toldo u otro objecto de 4 o 5 metros por las escaleras es una tarea muy dif\u00edcil, pero con un elevador GUIL, puede levantar el toldo desde el suelo directamente hasta el balc\u00f3n\/terraza donde se va a realizar el montaje. Una vez que todo su material est\u00e9 preparado para el montaje, su elevador ELC levantar\u00e1 su toldo, p\u00e9rgola o sol\u00e1rium hasta la altura donde se necesite, y lo sustentar\u00e1 mientras se realiza la instalaci\u00f3n.<\/span><\/p>\n<p>[\/vc_column_text][vc_empty_space height=\u00bb20&#8243;][\/vc_column][vc_column width=\u00bb1\/2&#8243;][vc_single_image image=\u00bb138070&#8243; img_size=\u00bbfull\u00bb css=\u00bb.vc_custom_1747305373544{padding-right: 15px !important;padding-left: 15px !important;}\u00bb][\/vc_column][\/vc_row][vc_row king_row_type=\u00bbcontainer_full\u00bb css=\u00bb.vc_custom_1747307137658{background-color: #ffffff !important;}\u00bb bg_color=\u00bb#ffffff\u00bb][vc_column width=\u00bb1\/3&#8243; css=\u00bb.vc_custom_1747307103501{margin-right: 50px !important;margin-left: 50px !important;}\u00bb][vc_empty_space][vc_empty_space][vc_column_text]<\/p>\n<p style=\"text-align: justify;\"><span style=\"color: #000000;\"><strong>&gt; <u>Dise\u00f1o plegable para transporte y almacenamiento<\/u><\/strong><\/span><\/p>\n<p style=\"text-align: justify;\"><span style=\"color: #000000;\">Para un c\u00f3modo transporte y almacenamiento, los pomos se pueden aflojar para girar los brazos hacia el centro de la plataforma, ocupando menos espacio.<\/span><\/p>\n<p>&nbsp;<\/p>\n<p style=\"text-align: justify;\"><span style=\"color: #000000;\"><strong>&gt; <u>Elevaci\u00f3n r\u00e1pida, f\u00e1cil y c\u00f3moda<\/u><\/strong><\/span><\/p>\n<p style=\"text-align: justify;\"><span style=\"color: #000000;\">La cuna se acopla al elevador ELC y se prepara para trabajar de forma muy r\u00e1pida y sencilla. Todas las gr\u00faas GUIL son f\u00e1ciles de operar, incluso por una sola persona, y su r\u00e1pido montaje permite que se pueda comenzar a trabajar tan pronto como se llegue al sitio donde se va a realizar el montaje.<\/span><\/p>\n<p>[\/vc_column_text][\/vc_column][vc_column width=\u00bb1\/4&#8243; css=\u00bb.vc_custom_1747306990273{margin-right: 50px !important;margin-left: 50px !important;}\u00bb][vc_empty_space][vc_single_image image=\u00bb23740&#8243; img_size=\u00bblarge\u00bb][\/vc_column][vc_column width=\u00bb1\/4&#8243;][vc_video link=\u00bbhttps:\/\/youtu.be\/wpYMfg2JZ6w\u00bb align=\u00bbcenter\u00bb][\/vc_column][\/vc_row]<\/p>\n","protected":false},"excerpt":{"rendered":"<p><span style=\"color: #000000;\">Bandeja especialmente dise\u00f1ada para la instalaci\u00f3n y mantenimiento de toldos y objetos cil\u00edndricos utilizando nuestros elevadores ELC.<\/span><\/p>\n<p><span style=\"color: #000000;\">El adaptador BC-12 consta de una plataforma de carga con dos brazos desplegables dise\u00f1ados para sujetar toldos y elementos cil\u00edndricos. Tambi\u00e9n se puede utilizar como plataforma est\u00e1ndar simplemente desmontando los brazos.<\/span><\/p>\n<p><span style=\"color: #000000;\">Los elevadores GUIL tienen dise\u00f1os compactos para poder trabajar en espacios reducidos, tales como balcones, terrazas, etc.; lo que convierte al elevador y a la plataforma BC-12 en la combinaci\u00f3n perfecta para la instalaci\u00f3n de toldos.<\/span><\/p>\n<h5><\/h5>\n<h5 style=\"text-align: justify;\"><strong><span style=\"color: #000000;\">Esta pr\u00e1ctica bandeja de carga tiene las siguientes referencias, dependiendo del modelo de elevador donde se instale:<\/span><\/strong><\/h5>\n<p style=\"text-align: justify;\"><span style=\"color: #000000;\">\u25aa Ref. <strong>BC-12\/M<\/strong><strong>: <\/strong>Bandeja con tubo de inserci\u00f3n de \u00d8 35 mm, dise\u00f1ada para los Elevadores Ref. <span style=\"color: #ff0000;\"><a style=\"color: #ff0000;\" href=\"https:\/\/guil.es\/lifters\/producto\/elevador-de-carga-ref-elc-720\/\" target=\"_blank\" rel=\"noopener\">ELC-720<\/a>,\u00a0<a style=\"color: #ff0000;\" href=\"https:\/\/guil.es\/lifters\/producto\/elevador-de-carga-elc-630-r\/\" target=\"_blank\" rel=\"noopener\">ELC-730\/R<\/a><\/span>, <span style=\"color: #ff0000;\"><a href=\"https:\/\/guil.es\/lifters\/en\/products\/material-lifter-ref-elc-725\/\">ELC-725<\/a>, <a href=\"https:\/\/guil.es\/lifters\/en\/products\/material-lifter-with-tray-ref-elc-725-d\/\">ELC-725\/D<\/a><\/span> y <span style=\"color: #ff0000;\"><a style=\"color: #ff0000;\" href=\"https:\/\/guil.es\/lifters\/producto\/elevador-carga-superior-ref-elc-755\/\" target=\"_blank\" rel=\"noopener\">ELC-755.<\/a><\/span> (Peso neto: 9.25 kg)<\/span><\/p>\n<p style=\"text-align: justify;\"><span style=\"color: #000000;\">\u25aa Ref. <strong>BC-12\/H<\/strong><strong>: <\/strong>Bandeja para elevadores con terminal de \u00d8 35 mm, dise\u00f1ada para los Elevadores Ref. <a href=\"https:\/\/guil.es\/lifters\/producto\/elc-700\/\">ELC-700<\/a> <span style=\"color: #727272;\">y\u00a0<\/span><a href=\"https:\/\/guil.es\/lifters\/producto\/elevador-de-carga-elc-710\/\">ELC-710<\/a> (Peso neto: 9.15 kg)<\/span><\/p>\n<p style=\"text-align: justify;\"><span style=\"color: #000000;\">\u25aa Ref. <strong>BC-12\/M2<\/strong><strong>: <\/strong>Bandeja con tubo de inserci\u00f3n de \u00d8 55 mm, dise\u00f1ada para los Elevadores Ref. <a href=\"https:\/\/guil.es\/lifters\/producto\/elevador-carga-superior-ref-elc-765\/\">ELC-765<\/a>, <a href=\"https:\/\/guil.es\/lifters\/producto\/elevador-carga-superior-ref-elc-775\/\">ELC-775<\/a> y <a href=\"https:\/\/guil.es\/lifters\/producto\/elevador-carga-superior-ref-elc-785\/\">ELC-785<\/a> (Peso neto: 9.10 kg)<\/span><\/p>\n<p style=\"text-align: justify;\"><span style=\"color: #000000;\"><strong>MEDIDAS Y MATERIAL: <\/strong>La plataforma de carga ref. BC-12, fabricada en acero con acabado en pintura EPOXY antirrayadura tiene las siguientes medidas de trabajo:<br \/>\n<\/span><span style=\"color: #000000;\"><br \/>\n\u25aa Bandeja con brazos abiertos: 128 x 43,5 cm<br \/>\n<\/span><span style=\"color: #000000;\">\u25aa Solo bandeja: 80 x 40 cm<\/span><\/p>\n<p style=\"text-align: justify;\"><span style=\"color: #000000;\">Nota: Cuando se instala en los Elevadores ELC, la altura de \u00e9stos aumenta en 50 mm.<\/span><\/p>\n","protected":false},"featured_media":139242,"template":"","meta":[],"product_cat":[506,567,441,412,845,413,533,447],"product_tag":[],"yoast_head":"<!-- This site is optimized with the Yoast SEO plugin v19.7.1 - https:\/\/yoast.com\/wordpress\/plugins\/seo\/ -->\n<title>Bandeja para instalar toldos(800x400 mm) - Ref. BC-12<\/title>\n<meta name=\"description\" content=\"La bandeja para la instalaci\u00f3n de toldos ha sido dise\u00f1ada para sujetar y elevar toldos, objetos cil\u00edndricos y\/o voluminosos.\" \/>\n<meta name=\"robots\" content=\"index, follow, max-snippet:-1, max-image-preview:large, max-video-preview:-1\" \/>\n<link rel=\"canonical\" href=\"https:\/\/guil.es\/lifters\/producto\/bandeja-para-instalar-toldos800x400-mm-ref-bc-12\/\" \/>\n<meta property=\"og:locale\" content=\"es_ES\" \/>\n<meta property=\"og:type\" content=\"article\" \/>\n<meta property=\"og:title\" content=\"Bandeja para instalar toldos(800x400 mm) - Ref. BC-12\" \/>\n<meta property=\"og:description\" content=\"La bandeja para la instalaci\u00f3n de toldos ha sido dise\u00f1ada para sujetar y elevar toldos, objetos cil\u00edndricos y\/o voluminosos.\" \/>\n<meta property=\"og:url\" content=\"https:\/\/guil.es\/lifters\/producto\/bandeja-para-instalar-toldos800x400-mm-ref-bc-12\/\" \/>\n<meta property=\"og:site_name\" content=\"GUIL\" \/>\n<meta property=\"article:publisher\" content=\"https:\/\/www.facebook.com\/GUIL-lifters-1595855663880679\/?ref=br_rs\" \/>\n<meta property=\"article:modified_time\" content=\"2026-03-12T08:13:47+00:00\" \/>\n<meta property=\"og:image\" content=\"https:\/\/guil.es\/lifters\/wp-content\/uploads\/2026\/02\/Bandeja-para-instalar-toldos-BC-12-1.jpg\" \/>\n\t<meta property=\"og:image:width\" content=\"300\" \/>\n\t<meta property=\"og:image:height\" content=\"300\" \/>\n\t<meta property=\"og:image:type\" content=\"image\/jpeg\" \/>\n<meta name=\"twitter:card\" content=\"summary_large_image\" \/>\n<meta name=\"twitter:label1\" content=\"Tiempo de lectura\" \/>\n\t<meta name=\"twitter:data1\" content=\"2 minutos\" \/>\n<!-- \/ Yoast SEO plugin. -->","yoast_head_json":{"title":"Bandeja para instalar toldos(800x400 mm) - Ref. BC-12","description":"La bandeja para la instalaci\u00f3n de toldos ha sido dise\u00f1ada para sujetar y elevar toldos, objetos cil\u00edndricos y\/o voluminosos.","robots":{"index":"index","follow":"follow","max-snippet":"max-snippet:-1","max-image-preview":"max-image-preview:large","max-video-preview":"max-video-preview:-1"},"canonical":"https:\/\/guil.es\/lifters\/producto\/bandeja-para-instalar-toldos800x400-mm-ref-bc-12\/","og_locale":"es_ES","og_type":"article","og_title":"Bandeja para instalar toldos(800x400 mm) - Ref. BC-12","og_description":"La bandeja para la instalaci\u00f3n de toldos ha sido dise\u00f1ada para sujetar y elevar toldos, objetos cil\u00edndricos y\/o voluminosos.","og_url":"https:\/\/guil.es\/lifters\/producto\/bandeja-para-instalar-toldos800x400-mm-ref-bc-12\/","og_site_name":"GUIL","article_publisher":"https:\/\/www.facebook.com\/GUIL-lifters-1595855663880679\/?ref=br_rs","article_modified_time":"2026-03-12T08:13:47+00:00","og_image":[{"width":300,"height":300,"url":"https:\/\/guil.es\/lifters\/wp-content\/uploads\/2026\/02\/Bandeja-para-instalar-toldos-BC-12-1.jpg","type":"image\/jpeg"}],"twitter_card":"summary_large_image","twitter_misc":{"Tiempo de lectura":"2 minutos"},"schema":{"@context":"https:\/\/schema.org","@graph":[{"@type":"WebPage","@id":"https:\/\/guil.es\/lifters\/producto\/bandeja-para-instalar-toldos800x400-mm-ref-bc-12\/","url":"https:\/\/guil.es\/lifters\/producto\/bandeja-para-instalar-toldos800x400-mm-ref-bc-12\/","name":"Bandeja para instalar toldos (800x400 mm) - Ref. BC-12","isPartOf":{"@id":"https:\/\/guil.es\/lifters\/#website"},"datePublished":"2026-02-10T12:34:39+00:00","dateModified":"2026-03-12T08:13:47+00:00","description":"La bandeja para la instalaci\u00f3n de toldos ha sido dise\u00f1ada para sujetar y elevar toldos, objetos cil\u00edndricos y\/o voluminosos.","breadcrumb":{"@id":"https:\/\/guil.es\/lifters\/producto\/bandeja-para-instalar-toldos800x400-mm-ref-bc-12\/#breadcrumb"},"inLanguage":"es","potentialAction":[{"@type":"ReadAction","target":["https:\/\/guil.es\/lifters\/producto\/bandeja-para-instalar-toldos800x400-mm-ref-bc-12\/"]}]},{"@type":"BreadcrumbList","@id":"https:\/\/guil.es\/lifters\/producto\/bandeja-para-instalar-toldos800x400-mm-ref-bc-12\/#breadcrumb","itemListElement":[{"@type":"ListItem","position":1,"name":"Portada","item":"https:\/\/guil.es\/lifters\/"},{"@type":"ListItem","position":2,"name":"Comparativa","item":"https:\/\/guil.es\/lifters\/comparativa\/"},{"@type":"ListItem","position":3,"name":"Bandeja para instalar toldos(800&#215;400 mm)"}]},{"@type":"WebSite","@id":"https:\/\/guil.es\/lifters\/#website","url":"https:\/\/guil.es\/lifters\/","name":"GUIL","description":"Ingenier\u00eda para la industria","publisher":{"@id":"https:\/\/guil.es\/lifters\/#organization"},"potentialAction":[{"@type":"SearchAction","target":{"@type":"EntryPoint","urlTemplate":"https:\/\/guil.es\/lifters\/?s={search_term_string}"},"query-input":"required name=search_term_string"}],"inLanguage":"es"},{"@type":"Organization","@id":"https:\/\/guil.es\/lifters\/#organization","name":"GUIL","url":"https:\/\/guil.es\/lifters\/","sameAs":["https:\/\/www.linkedin.com\/company\/guil-lifters\/","https:\/\/www.youtube.com\/channel\/UCPO_ySVpLlTabFUBnqaL48w\/videos?view_as=subscriber","https:\/\/www.instagram.com\/guil_lifters\/","https:\/\/www.facebook.com\/GUIL-lifters-1595855663880679\/?ref=br_rs"],"logo":{"@type":"ImageObject","inLanguage":"es","@id":"https:\/\/guil.es\/lifters\/#\/schema\/logo\/image\/","url":"https:\/\/new.guil.es\/wp-content\/uploads\/2019\/05\/GUIL-TORO-Negro.jpg","contentUrl":"https:\/\/new.guil.es\/wp-content\/uploads\/2019\/05\/GUIL-TORO-Negro.jpg","width":2056,"height":498,"caption":"GUIL"},"image":{"@id":"https:\/\/guil.es\/lifters\/#\/schema\/logo\/image\/"}}]}},"_links":{"self":[{"href":"https:\/\/guil.es\/lifters\/wp-json\/wp\/v2\/product\/139158"}],"collection":[{"href":"https:\/\/guil.es\/lifters\/wp-json\/wp\/v2\/product"}],"about":[{"href":"https:\/\/guil.es\/lifters\/wp-json\/wp\/v2\/types\/product"}],"version-history":[{"count":4,"href":"https:\/\/guil.es\/lifters\/wp-json\/wp\/v2\/product\/139158\/revisions"}],"predecessor-version":[{"id":139402,"href":"https:\/\/guil.es\/lifters\/wp-json\/wp\/v2\/product\/139158\/revisions\/139402"}],"wp:featuredmedia":[{"embeddable":true,"href":"https:\/\/guil.es\/lifters\/wp-json\/wp\/v2\/media\/139242"}],"wp:attachment":[{"href":"https:\/\/guil.es\/lifters\/wp-json\/wp\/v2\/media?parent=139158"}],"wp:term":[{"taxonomy":"product_cat","embeddable":true,"href":"https:\/\/guil.es\/lifters\/wp-json\/wp\/v2\/product_cat?post=139158"},{"taxonomy":"product_tag","embeddable":true,"href":"https:\/\/guil.es\/lifters\/wp-json\/wp\/v2\/product_tag?post=139158"}],"curies":[{"name":"wp","href":"https:\/\/api.w.org\/{rel}","templated":true}]}}