{"id":20889,"date":"2022-12-19T08:39:40","date_gmt":"2022-12-19T07:39:40","guid":{"rendered":"https:\/\/guil.es\/lifters\/?post_type=product&#038;p=20889"},"modified":"2023-12-20T18:00:36","modified_gmt":"2023-12-20T17:00:36","slug":"cabrestante-auto-frenable-con-dos-palancas-ref-bull500","status":"publish","type":"product","link":"https:\/\/guil.es\/lifters\/producto\/cabrestante-auto-frenable-con-dos-palancas-ref-bull500\/","title":{"rendered":"Cabrestante autofrenable con <br>dos palancas desmontables"},"content":{"rendered":"<p>[vc_row][vc_column][vc_column_text][\/vc_column_text][\/vc_column][\/vc_row][vc_row king_row_type=\u00bbcontainer_full\u00bb css=\u00bb.vc_custom_1702477812239{background-color: #f4f4f4 !important;}\u00bb][vc_column width=\u00bb1\/12&#8243;][\/vc_column][vc_column width=\u00bb1\/4&#8243;][vc_single_image image=\u00bb74033&#8243; img_size=\u00bbfull\u00bb alignment=\u00bbcenter\u00bb][\/vc_column][vc_column width=\u00bb1\/3&#8243;][vc_column_text css=\u00bb.vc_custom_1702477567563{background-color: #f4f4f4 !important;}\u00bb]<span style=\"color: #000000;\"><strong>CARACTER\u00cdSTICAS<\/strong><\/span><\/p>\n<p><span style=\"color: #000000;\">&#8211; Provisto de dos palancas ergon\u00f3micas para un mejor manejo del cabrestante.<br \/>\n&#8211; Palancas desmontables para que no se da\u00f1en en el transporte o almacenaje del cabrestante.<br \/>\n&#8211; Fabricado en acero de alta resistencia.<br \/>\n&#8211; Tratamiento de protecci\u00f3n para exteriores con doble acabado anticorrosi\u00f3n.<br \/>\n&#8211; Para usos tanto en interiores como en exteriores (industriales y dom\u00e9sticos).<br \/>\n&#8211; Todo el mecanismo del cabrestante est\u00e1 totalmente protegido para evitar cualquier da\u00f1o al usuario.<br \/>\n&#8211; Fabricaci\u00f3n espa\u00f1ola; en caso de necesidad, disponibilidad inmediata de repuestos y accesorios.<br \/>\n&#8211; Sistema de freno de carga que evita el endurecimiento de la palanca.<br \/>\n&#8211; Se puede utilizar tanto en posici\u00f3n vertical como en horizontal. Sistema r\u00e1pido de fijaci\u00f3n.<br \/>\n&#8211; Dise\u00f1o ligero y compacto para una utilizaci\u00f3n sencilla y segura en m\u00faltiples aplicaciones.<\/span>[\/vc_column_text][\/vc_column][vc_column width=\u00bb1\/4&#8243;][vc_single_image image=\u00bb74037&#8243; img_size=\u00bbfull\u00bb alignment=\u00bbcenter\u00bb][\/vc_column][\/vc_row]<\/p>\n","protected":false},"excerpt":{"rendered":"<p>Cabrestante manual autofrenable con dos palancas que garantiza una sencilla, r\u00e1pida y segura elevaci\u00f3n y arrastre de todo tipo de cargas.<\/p>\n<p>El cabrestante ref. BULL500 ha sido especialmente dise\u00f1ado para la elevaci\u00f3n de cargas cumpliendo con todos los requisitos de la norma europea EN 13157, el marcado CE y la Directiva de m\u00e1quinas.<\/p>\n<p>Nuestro cabrestante de dos manivelas, est\u00e1 dotado de sistema de freno autom\u00e1tico que evita el retroceso y paraliza la carga a la altura deseada. Gracias a su sistema de freno, cuando se deja de accionar la palanca del cabrestante, el sistema de freno bloquea la carga en su sitio, evitando el retroceso o cualquier movimiento de la misma.<\/p>\n<p>&nbsp;<\/p>\n<table class=\"table_product\" style=\"width: 106.567%;\">\n<thead>\n<tr>\n<td class=\"no_borde\" style=\"width: 31.6353%;\">ESPECIFICACIONES<\/td>\n<td class=\"no_borde\" style=\"width: 68.3647%;\"><strong>BULL500<\/strong><\/td>\n<\/tr>\n<\/thead>\n<tbody>\n<tr>\n<td style=\"width: 31.6353%;\">Carga m\u00e1xima de elevaci\u00f3n<\/td>\n<td style=\"width: 68.3647%;\"><strong>Primera capa: 1495 Kg \/ \u00daltima capa: 650 Kg<\/strong><\/td>\n<\/tr>\n<tr>\n<td style=\"width: 31.6353%;\">Carga m\u00e1xima de Arrastre<\/td>\n<td style=\"width: 68.3647%;\"><strong>1495 Kg<\/strong><\/td>\n<\/tr>\n<tr>\n<td style=\"width: 31.6353%;\">Manivelas<\/td>\n<td style=\"width: 68.3647%;\"><strong>2<\/strong><\/td>\n<\/tr>\n<tr>\n<td style=\"width: 31.6353%;\">Capacidad de tambor<\/td>\n<td style=\"width: 68.3647%;\"><strong><strong>20 m (con cable d<\/strong>e \u00d8 6 mm)<\/strong><\/td>\n<\/tr>\n<tr>\n<td style=\"width: 31.6353%;\">Peso Neto<\/td>\n<td style=\"width: 68.3647%;\"><strong>11,5 Kg<\/strong><\/td>\n<\/tr>\n<tr>\n<td style=\"width: 31.6353%;\">Normativas<\/td>\n<td style=\"width: 68.3647%;\"><strong>EN 13157 y 2006\/42\/CE<\/strong><\/td>\n<\/tr>\n<\/tbody>\n<\/table>\n","protected":false},"featured_media":20891,"template":"","meta":[],"product_cat":[860],"product_tag":[],"yoast_head":"<!-- This site is optimized with the Yoast SEO plugin v19.7.1 - https:\/\/yoast.com\/wordpress\/plugins\/seo\/ -->\n<title>Cabrestante autofrenable con 2 palancas - Ref. BULL500 | GUIL<\/title>\n<meta name=\"description\" content=\"Cabrestante manual autofrenable con dos palancas que garantiza una sencilla, r\u00e1pida y segura elevaci\u00f3n y arrastre de todo tipo de cargas.\" \/>\n<meta name=\"robots\" content=\"index, follow, max-snippet:-1, max-image-preview:large, max-video-preview:-1\" \/>\n<link rel=\"canonical\" href=\"https:\/\/guil.es\/lifters\/producto\/cabrestante-auto-frenable-con-dos-palancas-ref-bull500\/\" \/>\n<meta property=\"og:locale\" content=\"es_ES\" \/>\n<meta property=\"og:type\" content=\"article\" \/>\n<meta property=\"og:title\" content=\"Cabrestante autofrenable con 2 palancas - Ref. BULL500 | GUIL\" \/>\n<meta property=\"og:description\" content=\"Cabrestante manual autofrenable con dos palancas que garantiza una sencilla, r\u00e1pida y segura elevaci\u00f3n y arrastre de todo tipo de cargas.\" \/>\n<meta property=\"og:url\" content=\"https:\/\/guil.es\/lifters\/producto\/cabrestante-auto-frenable-con-dos-palancas-ref-bull500\/\" \/>\n<meta property=\"og:site_name\" content=\"GUIL\" \/>\n<meta property=\"article:publisher\" content=\"https:\/\/www.facebook.com\/GUIL-lifters-1595855663880679\/?ref=br_rs\" \/>\n<meta property=\"article:modified_time\" content=\"2023-12-20T17:00:36+00:00\" \/>\n<meta property=\"og:image\" content=\"https:\/\/guil.es\/lifters\/wp-content\/uploads\/2022\/12\/Cabrestante-autofrenable-BULL500.jpg\" \/>\n\t<meta property=\"og:image:width\" content=\"300\" \/>\n\t<meta property=\"og:image:height\" content=\"300\" \/>\n\t<meta property=\"og:image:type\" content=\"image\/jpeg\" \/>\n<meta name=\"twitter:card\" content=\"summary_large_image\" \/>\n<meta name=\"twitter:label1\" content=\"Tiempo de lectura\" \/>\n\t<meta name=\"twitter:data1\" content=\"1 minuto\" \/>\n<!-- \/ Yoast SEO plugin. -->","yoast_head_json":{"title":"Cabrestante autofrenable con 2 palancas - Ref. BULL500 | GUIL","description":"Cabrestante manual autofrenable con dos palancas que garantiza una sencilla, r\u00e1pida y segura elevaci\u00f3n y arrastre de todo tipo de cargas.","robots":{"index":"index","follow":"follow","max-snippet":"max-snippet:-1","max-image-preview":"max-image-preview:large","max-video-preview":"max-video-preview:-1"},"canonical":"https:\/\/guil.es\/lifters\/producto\/cabrestante-auto-frenable-con-dos-palancas-ref-bull500\/","og_locale":"es_ES","og_type":"article","og_title":"Cabrestante autofrenable con 2 palancas - Ref. BULL500 | GUIL","og_description":"Cabrestante manual autofrenable con dos palancas que garantiza una sencilla, r\u00e1pida y segura elevaci\u00f3n y arrastre de todo tipo de cargas.","og_url":"https:\/\/guil.es\/lifters\/producto\/cabrestante-auto-frenable-con-dos-palancas-ref-bull500\/","og_site_name":"GUIL","article_publisher":"https:\/\/www.facebook.com\/GUIL-lifters-1595855663880679\/?ref=br_rs","article_modified_time":"2023-12-20T17:00:36+00:00","og_image":[{"width":300,"height":300,"url":"https:\/\/guil.es\/lifters\/wp-content\/uploads\/2022\/12\/Cabrestante-autofrenable-BULL500.jpg","type":"image\/jpeg"}],"twitter_card":"summary_large_image","twitter_misc":{"Tiempo de lectura":"1 minuto"},"schema":{"@context":"https:\/\/schema.org","@graph":[{"@type":"WebPage","@id":"https:\/\/guil.es\/lifters\/producto\/cabrestante-auto-frenable-con-dos-palancas-ref-bull500\/","url":"https:\/\/guil.es\/lifters\/producto\/cabrestante-auto-frenable-con-dos-palancas-ref-bull500\/","name":"Cabrestante autofrenable con 2 palancas - Ref. BULL500 | GUIL","isPartOf":{"@id":"https:\/\/guil.es\/lifters\/#website"},"datePublished":"2022-12-19T07:39:40+00:00","dateModified":"2023-12-20T17:00:36+00:00","description":"Cabrestante manual autofrenable con dos palancas que garantiza una sencilla, r\u00e1pida y segura elevaci\u00f3n y arrastre de todo tipo de cargas.","breadcrumb":{"@id":"https:\/\/guil.es\/lifters\/producto\/cabrestante-auto-frenable-con-dos-palancas-ref-bull500\/#breadcrumb"},"inLanguage":"es","potentialAction":[{"@type":"ReadAction","target":["https:\/\/guil.es\/lifters\/producto\/cabrestante-auto-frenable-con-dos-palancas-ref-bull500\/"]}]},{"@type":"BreadcrumbList","@id":"https:\/\/guil.es\/lifters\/producto\/cabrestante-auto-frenable-con-dos-palancas-ref-bull500\/#breadcrumb","itemListElement":[{"@type":"ListItem","position":1,"name":"Portada","item":"https:\/\/guil.es\/lifters\/"},{"@type":"ListItem","position":2,"name":"Comparativa","item":"https:\/\/guil.es\/lifters\/comparativa\/"},{"@type":"ListItem","position":3,"name":"Cabrestante autofrenable con dos palancas desmontables"}]},{"@type":"WebSite","@id":"https:\/\/guil.es\/lifters\/#website","url":"https:\/\/guil.es\/lifters\/","name":"GUIL","description":"Ingenier\u00eda para la industria","publisher":{"@id":"https:\/\/guil.es\/lifters\/#organization"},"potentialAction":[{"@type":"SearchAction","target":{"@type":"EntryPoint","urlTemplate":"https:\/\/guil.es\/lifters\/?s={search_term_string}"},"query-input":"required name=search_term_string"}],"inLanguage":"es"},{"@type":"Organization","@id":"https:\/\/guil.es\/lifters\/#organization","name":"GUIL","url":"https:\/\/guil.es\/lifters\/","sameAs":["https:\/\/www.linkedin.com\/company\/guil-lifters\/","https:\/\/www.youtube.com\/channel\/UCPO_ySVpLlTabFUBnqaL48w\/videos?view_as=subscriber","https:\/\/www.instagram.com\/guil_lifters\/","https:\/\/www.facebook.com\/GUIL-lifters-1595855663880679\/?ref=br_rs"],"logo":{"@type":"ImageObject","inLanguage":"es","@id":"https:\/\/guil.es\/lifters\/#\/schema\/logo\/image\/","url":"https:\/\/new.guil.es\/wp-content\/uploads\/2019\/05\/GUIL-TORO-Negro.jpg","contentUrl":"https:\/\/new.guil.es\/wp-content\/uploads\/2019\/05\/GUIL-TORO-Negro.jpg","width":2056,"height":498,"caption":"GUIL"},"image":{"@id":"https:\/\/guil.es\/lifters\/#\/schema\/logo\/image\/"}}]}},"_links":{"self":[{"href":"https:\/\/guil.es\/lifters\/wp-json\/wp\/v2\/product\/20889"}],"collection":[{"href":"https:\/\/guil.es\/lifters\/wp-json\/wp\/v2\/product"}],"about":[{"href":"https:\/\/guil.es\/lifters\/wp-json\/wp\/v2\/types\/product"}],"version-history":[{"count":0,"href":"https:\/\/guil.es\/lifters\/wp-json\/wp\/v2\/product\/20889\/revisions"}],"wp:featuredmedia":[{"embeddable":true,"href":"https:\/\/guil.es\/lifters\/wp-json\/wp\/v2\/media\/20891"}],"wp:attachment":[{"href":"https:\/\/guil.es\/lifters\/wp-json\/wp\/v2\/media?parent=20889"}],"wp:term":[{"taxonomy":"product_cat","embeddable":true,"href":"https:\/\/guil.es\/lifters\/wp-json\/wp\/v2\/product_cat?post=20889"},{"taxonomy":"product_tag","embeddable":true,"href":"https:\/\/guil.es\/lifters\/wp-json\/wp\/v2\/product_tag?post=20889"}],"curies":[{"name":"wp","href":"https:\/\/api.w.org\/{rel}","templated":true}]}}