{"id":20902,"date":"2022-12-19T10:09:49","date_gmt":"2022-12-19T09:09:49","guid":{"rendered":"https:\/\/guil.es\/lifters\/?post_type=product&#038;p=20902"},"modified":"2025-09-01T12:48:43","modified_gmt":"2025-09-01T10:48:43","slug":"pinza-de-anclaje-para-viga-wll-2000-kg-ref-cs-10","status":"publish","type":"product","link":"https:\/\/guil.es\/lifters\/producto\/pinza-de-anclaje-para-viga-wll-2000-kg-ref-cs-10\/","title":{"rendered":"Pinza de anclaje para viga. WLL: 2000 Kg"},"content":{"rendered":"","protected":false},"excerpt":{"rendered":"<p>Pinza de anclaje para viga con una capacidad de carga de hasta 2000 kg. Tiene m\u00faltiples aplicaciones gracias a su amplio rango de abertura desde 75 hasta 230 mm.<br \/>\nNuestra pinza para vigas permite crear un punto de fijaci\u00f3n temporal o permanente para la elevaci\u00f3n de equipos (polipastos, poleas, etc.) en perfiles con forma de I o de H (vigas Tipo \u201cIPN\u201d o doble \u201cT\u201d).<\/p>\n<p>Es especialmente robusta gracias a su fabricaci\u00f3n en acero de aleaci\u00f3n de alta resistencia y su estructura reforzada.<\/p>\n<p>Su ensamblaje con torniller\u00eda permite la substituci\u00f3n de cualquier pieza en caso de necesidad.<br \/>\nLa pinza para viga CS-10 tiene un r\u00e1pido mecanismo de fijaci\u00f3n que permite ajustar, montar y desmontar la pinza muy f\u00e1cilmente.<\/p>\n<table class=\"table_product\" style=\"width: 99.7168%;\">\n<thead>\n<tr>\n<td class=\"no_borde\" style=\"width: 39.2754%;\">ESPECIFICACIONES<\/td>\n<td class=\"no_borde\" style=\"width: 54.9595%;\"><strong>CS-10<\/strong><\/td>\n<\/tr>\n<\/thead>\n<tbody>\n<tr style=\"height: 29px;\">\n<td style=\"width: 43.7248%; height: 29px; text-align: left;\" width=\"206\"><span style=\"color: #000000;\">Carga m\u00e1xima:<\/span><\/td>\n<td style=\"width: 58.4995%; height: 29px; text-align: left;\" width=\"408\"><span style=\"color: #000000;\">2000 Kg<\/span><\/td>\n<\/tr>\n<tr style=\"height: 22px;\">\n<td style=\"width: 43.7248%; text-align: left; height: 22px;\"><span style=\"color: #000000;\">Rango de apertura:<\/span><\/td>\n<td style=\"width: 58.4995%; text-align: left; height: 22px;\">de 75 a 230 mm<\/td>\n<\/tr>\n<tr style=\"height: 22px;\">\n<td style=\"width: 43.7248%; text-align: left; height: 22px;\"><span style=\"color: #000000;\">Color:<\/span><\/td>\n<td style=\"width: 58.4995%; text-align: left; height: 22px;\"><span style=\"color: #000000;\">Negro<\/span><\/td>\n<\/tr>\n<tr style=\"height: 22px;\">\n<td style=\"width: 43.7248%; text-align: left; height: 22px;\"><span style=\"color: #000000;\">Material:<\/span><\/td>\n<td style=\"width: 58.4995%; text-align: left; height: 22px;\"><span style=\"color: #000000;\">Acero<\/span><\/td>\n<\/tr>\n<tr style=\"height: 22px;\">\n<td style=\"width: 43.7248%; text-align: left; height: 22px;\"><span style=\"color: #000000;\">Peso Neto:<\/span><\/td>\n<td style=\"width: 58.4995%; text-align: left; height: 22px;\"><span style=\"color: #000000;\">5,5 kg<\/span><\/td>\n<\/tr>\n<\/tbody>\n<\/table>\n","protected":false},"featured_media":20903,"template":"","meta":[],"product_cat":[860],"product_tag":[],"yoast_head":"<!-- This site is optimized with the Yoast SEO plugin v19.7.1 - https:\/\/yoast.com\/wordpress\/plugins\/seo\/ -->\n<title>Pinza de anclaje para viga. WLL: 2000 Kg<\/title>\n<meta name=\"description\" content=\"Pinza de anclaje para viga con una capacidad de carga de hasta 2000 kg. M\u00faltiples aplicaciones gracias a su amplio rango de abertura desde 75 hasta 230 mm.\" \/>\n<meta name=\"robots\" content=\"index, follow, max-snippet:-1, max-image-preview:large, max-video-preview:-1\" \/>\n<link rel=\"canonical\" href=\"https:\/\/guil.es\/lifters\/producto\/pinza-de-anclaje-para-viga-wll-2000-kg-ref-cs-10\/\" \/>\n<meta property=\"og:locale\" content=\"es_ES\" \/>\n<meta property=\"og:type\" content=\"article\" \/>\n<meta property=\"og:title\" content=\"Pinza de anclaje para viga. WLL: 2000 Kg\" \/>\n<meta property=\"og:description\" content=\"Pinza de anclaje para viga con una capacidad de carga de hasta 2000 kg. M\u00faltiples aplicaciones gracias a su amplio rango de abertura desde 75 hasta 230 mm.\" \/>\n<meta property=\"og:url\" content=\"https:\/\/guil.es\/lifters\/producto\/pinza-de-anclaje-para-viga-wll-2000-kg-ref-cs-10\/\" \/>\n<meta property=\"og:site_name\" content=\"GUIL\" \/>\n<meta property=\"article:publisher\" content=\"https:\/\/www.facebook.com\/GUIL-lifters-1595855663880679\/?ref=br_rs\" \/>\n<meta property=\"article:modified_time\" content=\"2025-09-01T10:48:43+00:00\" \/>\n<meta property=\"og:image\" content=\"https:\/\/guil.es\/lifters\/wp-content\/uploads\/2022\/12\/Pinza-de-anclaje-CS-10.jpg\" \/>\n\t<meta property=\"og:image:width\" content=\"300\" \/>\n\t<meta property=\"og:image:height\" content=\"300\" \/>\n\t<meta property=\"og:image:type\" content=\"image\/jpeg\" \/>\n<meta name=\"twitter:card\" content=\"summary_large_image\" \/>\n<!-- \/ Yoast SEO plugin. -->","yoast_head_json":{"title":"Pinza de anclaje para viga. WLL: 2000 Kg","description":"Pinza de anclaje para viga con una capacidad de carga de hasta 2000 kg. M\u00faltiples aplicaciones gracias a su amplio rango de abertura desde 75 hasta 230 mm.","robots":{"index":"index","follow":"follow","max-snippet":"max-snippet:-1","max-image-preview":"max-image-preview:large","max-video-preview":"max-video-preview:-1"},"canonical":"https:\/\/guil.es\/lifters\/producto\/pinza-de-anclaje-para-viga-wll-2000-kg-ref-cs-10\/","og_locale":"es_ES","og_type":"article","og_title":"Pinza de anclaje para viga. WLL: 2000 Kg","og_description":"Pinza de anclaje para viga con una capacidad de carga de hasta 2000 kg. M\u00faltiples aplicaciones gracias a su amplio rango de abertura desde 75 hasta 230 mm.","og_url":"https:\/\/guil.es\/lifters\/producto\/pinza-de-anclaje-para-viga-wll-2000-kg-ref-cs-10\/","og_site_name":"GUIL","article_publisher":"https:\/\/www.facebook.com\/GUIL-lifters-1595855663880679\/?ref=br_rs","article_modified_time":"2025-09-01T10:48:43+00:00","og_image":[{"width":300,"height":300,"url":"https:\/\/guil.es\/lifters\/wp-content\/uploads\/2022\/12\/Pinza-de-anclaje-CS-10.jpg","type":"image\/jpeg"}],"twitter_card":"summary_large_image","schema":{"@context":"https:\/\/schema.org","@graph":[{"@type":"WebPage","@id":"https:\/\/guil.es\/lifters\/producto\/pinza-de-anclaje-para-viga-wll-2000-kg-ref-cs-10\/","url":"https:\/\/guil.es\/lifters\/producto\/pinza-de-anclaje-para-viga-wll-2000-kg-ref-cs-10\/","name":"Pinza de anclaje para viga. WLL: 2000 Kg","isPartOf":{"@id":"https:\/\/guil.es\/lifters\/#website"},"datePublished":"2022-12-19T09:09:49+00:00","dateModified":"2025-09-01T10:48:43+00:00","description":"Pinza de anclaje para viga con una capacidad de carga de hasta 2000 kg. M\u00faltiples aplicaciones gracias a su amplio rango de abertura desde 75 hasta 230 mm.","breadcrumb":{"@id":"https:\/\/guil.es\/lifters\/producto\/pinza-de-anclaje-para-viga-wll-2000-kg-ref-cs-10\/#breadcrumb"},"inLanguage":"es","potentialAction":[{"@type":"ReadAction","target":["https:\/\/guil.es\/lifters\/producto\/pinza-de-anclaje-para-viga-wll-2000-kg-ref-cs-10\/"]}]},{"@type":"BreadcrumbList","@id":"https:\/\/guil.es\/lifters\/producto\/pinza-de-anclaje-para-viga-wll-2000-kg-ref-cs-10\/#breadcrumb","itemListElement":[{"@type":"ListItem","position":1,"name":"Portada","item":"https:\/\/guil.es\/lifters\/"},{"@type":"ListItem","position":2,"name":"Comparativa","item":"https:\/\/guil.es\/lifters\/comparativa\/"},{"@type":"ListItem","position":3,"name":"Pinza de anclaje para viga. WLL: 2000 Kg"}]},{"@type":"WebSite","@id":"https:\/\/guil.es\/lifters\/#website","url":"https:\/\/guil.es\/lifters\/","name":"GUIL","description":"Ingenier\u00eda para la industria","publisher":{"@id":"https:\/\/guil.es\/lifters\/#organization"},"potentialAction":[{"@type":"SearchAction","target":{"@type":"EntryPoint","urlTemplate":"https:\/\/guil.es\/lifters\/?s={search_term_string}"},"query-input":"required name=search_term_string"}],"inLanguage":"es"},{"@type":"Organization","@id":"https:\/\/guil.es\/lifters\/#organization","name":"GUIL","url":"https:\/\/guil.es\/lifters\/","sameAs":["https:\/\/www.linkedin.com\/company\/guil-lifters\/","https:\/\/www.youtube.com\/channel\/UCPO_ySVpLlTabFUBnqaL48w\/videos?view_as=subscriber","https:\/\/www.instagram.com\/guil_lifters\/","https:\/\/www.facebook.com\/GUIL-lifters-1595855663880679\/?ref=br_rs"],"logo":{"@type":"ImageObject","inLanguage":"es","@id":"https:\/\/guil.es\/lifters\/#\/schema\/logo\/image\/","url":"https:\/\/new.guil.es\/wp-content\/uploads\/2019\/05\/GUIL-TORO-Negro.jpg","contentUrl":"https:\/\/new.guil.es\/wp-content\/uploads\/2019\/05\/GUIL-TORO-Negro.jpg","width":2056,"height":498,"caption":"GUIL"},"image":{"@id":"https:\/\/guil.es\/lifters\/#\/schema\/logo\/image\/"}}]}},"_links":{"self":[{"href":"https:\/\/guil.es\/lifters\/wp-json\/wp\/v2\/product\/20902"}],"collection":[{"href":"https:\/\/guil.es\/lifters\/wp-json\/wp\/v2\/product"}],"about":[{"href":"https:\/\/guil.es\/lifters\/wp-json\/wp\/v2\/types\/product"}],"version-history":[{"count":4,"href":"https:\/\/guil.es\/lifters\/wp-json\/wp\/v2\/product\/20902\/revisions"}],"predecessor-version":[{"id":138548,"href":"https:\/\/guil.es\/lifters\/wp-json\/wp\/v2\/product\/20902\/revisions\/138548"}],"wp:featuredmedia":[{"embeddable":true,"href":"https:\/\/guil.es\/lifters\/wp-json\/wp\/v2\/media\/20903"}],"wp:attachment":[{"href":"https:\/\/guil.es\/lifters\/wp-json\/wp\/v2\/media?parent=20902"}],"wp:term":[{"taxonomy":"product_cat","embeddable":true,"href":"https:\/\/guil.es\/lifters\/wp-json\/wp\/v2\/product_cat?post=20902"},{"taxonomy":"product_tag","embeddable":true,"href":"https:\/\/guil.es\/lifters\/wp-json\/wp\/v2\/product_tag?post=20902"}],"curies":[{"name":"wp","href":"https:\/\/api.w.org\/{rel}","templated":true}]}}