{"id":20927,"date":"2022-12-19T11:41:33","date_gmt":"2022-12-19T10:41:33","guid":{"rendered":"https:\/\/guil.es\/lifters\/?post_type=product&#038;p=20927"},"modified":"2025-01-16T12:32:45","modified_gmt":"2025-01-16T11:32:45","slug":"bolsa-porta-cadenas-con-doble-asa-ref-blc-01","status":"publish","type":"product","link":"https:\/\/guil.es\/lifters\/producto\/bolsa-porta-cadenas-con-doble-asa-ref-blc-01\/","title":{"rendered":"Bolsa porta cadenas<BR>con doble asa"},"content":{"rendered":"","protected":false},"excerpt":{"rendered":"<p style=\"text-align: justify;\"><strong>Dise\u00f1o reforzado con base de apoyo<\/strong><\/p>\n<p style=\"text-align: justify;\">Bolsa porta cadenas de alta calidad <strong>fabricada en<\/strong> <strong>nylon con doble costura<\/strong> para un mayor refuerzo.<br \/>\nNuestra <strong>bolsa recoge cadena<\/strong> est\u00e1 dise\u00f1ada para motores el\u00e9ctricos y polipastos con un peso de hasta 35 kg.<br \/>\nLa pr\u00e1ctica bolsa recoge cadena ref. BLC-01 tiene <strong>doble asa y<\/strong> una <strong>base interna reforzada de madera que la hace \u00fanica por su durabilidad y resistencia<\/strong>.<\/p>\n<p>&nbsp;<\/p>\n<table class=\"table_product\" style=\"width: 99.7168%;\">\n<thead>\n<tr>\n<td class=\"no_borde\" style=\"width: 39.2754%;\">ESPECIFICACIONES<\/td>\n<td class=\"no_borde\" style=\"width: 54.9595%;\"><strong>BLC-01<\/strong><\/td>\n<\/tr>\n<\/thead>\n<tbody>\n<tr>\n<td style=\"width: 39.2754%;\">Altura Interna<\/td>\n<td style=\"width: 54.9595%;\" width=\"408\"><strong>32 cm<\/strong><\/td>\n<\/tr>\n<tr>\n<td style=\"width: 39.2754%;\">Carga M\u00e1xima<\/td>\n<td style=\"width: 54.9595%;\"><strong>35 kg<\/strong><\/td>\n<\/tr>\n<tr>\n<td style=\"width: 39.2754%;\">Base<\/td>\n<td style=\"width: 54.9595%;\"><strong>\u00d8 25 cm<\/strong><\/td>\n<\/tr>\n<tr>\n<td style=\"width: 39.2754%;\">Peso Neto<\/td>\n<td style=\"width: 54.9595%;\"><strong>0,78 Kg<\/strong><\/td>\n<\/tr>\n<tr>\n<td style=\"width: 39.2754%;\">Color<\/td>\n<td style=\"width: 54.9595%;\"><strong>Negro<\/strong><\/td>\n<\/tr>\n<tr>\n<td style=\"width: 39.2754%;\">Material<\/td>\n<td style=\"width: 54.9595%;\"><strong>Nylon y Madera<\/strong><\/td>\n<\/tr>\n<\/tbody>\n<\/table>\n","protected":false},"featured_media":137322,"template":"","meta":[],"product_cat":[860],"product_tag":[],"yoast_head":"<!-- This site is optimized with the Yoast SEO plugin v19.7.1 - https:\/\/yoast.com\/wordpress\/plugins\/seo\/ -->\n<title>Bolsa porta cadenascon doble asa<\/title>\n<meta name=\"description\" content=\"Bolsa porta cadenas de alta calidad fabricada en nylon con doble costura para un mayor refuerzo. Tiene doble asa y una base interna reforzada.\" \/>\n<meta name=\"robots\" content=\"index, follow, max-snippet:-1, max-image-preview:large, max-video-preview:-1\" \/>\n<link rel=\"canonical\" href=\"https:\/\/guil.es\/lifters\/producto\/bolsa-porta-cadenas-con-doble-asa-ref-blc-01\/\" \/>\n<meta property=\"og:locale\" content=\"es_ES\" \/>\n<meta property=\"og:type\" content=\"article\" \/>\n<meta property=\"og:title\" content=\"Bolsa porta cadenascon doble asa\" \/>\n<meta property=\"og:description\" content=\"Bolsa porta cadenas de alta calidad fabricada en nylon con doble costura para un mayor refuerzo. Tiene doble asa y una base interna reforzada.\" \/>\n<meta property=\"og:url\" content=\"https:\/\/guil.es\/lifters\/producto\/bolsa-porta-cadenas-con-doble-asa-ref-blc-01\/\" \/>\n<meta property=\"og:site_name\" content=\"GUIL\" \/>\n<meta property=\"article:publisher\" content=\"https:\/\/www.facebook.com\/GUIL-lifters-1595855663880679\/?ref=br_rs\" \/>\n<meta property=\"article:modified_time\" content=\"2025-01-16T11:32:45+00:00\" \/>\n<meta property=\"og:image\" content=\"https:\/\/guil.es\/lifters\/wp-content\/uploads\/2022\/12\/Bolsa-portacadenas-BLC-01-1-5.jpg\" \/>\n\t<meta property=\"og:image:width\" content=\"300\" \/>\n\t<meta property=\"og:image:height\" content=\"300\" \/>\n\t<meta property=\"og:image:type\" content=\"image\/jpeg\" \/>\n<meta name=\"twitter:card\" content=\"summary_large_image\" \/>\n<!-- \/ Yoast SEO plugin. -->","yoast_head_json":{"title":"Bolsa porta cadenascon doble asa","description":"Bolsa porta cadenas de alta calidad fabricada en nylon con doble costura para un mayor refuerzo. Tiene doble asa y una base interna reforzada.","robots":{"index":"index","follow":"follow","max-snippet":"max-snippet:-1","max-image-preview":"max-image-preview:large","max-video-preview":"max-video-preview:-1"},"canonical":"https:\/\/guil.es\/lifters\/producto\/bolsa-porta-cadenas-con-doble-asa-ref-blc-01\/","og_locale":"es_ES","og_type":"article","og_title":"Bolsa porta cadenascon doble asa","og_description":"Bolsa porta cadenas de alta calidad fabricada en nylon con doble costura para un mayor refuerzo. Tiene doble asa y una base interna reforzada.","og_url":"https:\/\/guil.es\/lifters\/producto\/bolsa-porta-cadenas-con-doble-asa-ref-blc-01\/","og_site_name":"GUIL","article_publisher":"https:\/\/www.facebook.com\/GUIL-lifters-1595855663880679\/?ref=br_rs","article_modified_time":"2025-01-16T11:32:45+00:00","og_image":[{"width":300,"height":300,"url":"https:\/\/guil.es\/lifters\/wp-content\/uploads\/2022\/12\/Bolsa-portacadenas-BLC-01-1-5.jpg","type":"image\/jpeg"}],"twitter_card":"summary_large_image","schema":{"@context":"https:\/\/schema.org","@graph":[{"@type":"WebPage","@id":"https:\/\/guil.es\/lifters\/producto\/bolsa-porta-cadenas-con-doble-asa-ref-blc-01\/","url":"https:\/\/guil.es\/lifters\/producto\/bolsa-porta-cadenas-con-doble-asa-ref-blc-01\/","name":"Bolsa porta cadenas con doble asa","isPartOf":{"@id":"https:\/\/guil.es\/lifters\/#website"},"datePublished":"2022-12-19T10:41:33+00:00","dateModified":"2025-01-16T11:32:45+00:00","description":"Bolsa porta cadenas de alta calidad fabricada en nylon con doble costura para un mayor refuerzo. Tiene doble asa y una base interna reforzada.","breadcrumb":{"@id":"https:\/\/guil.es\/lifters\/producto\/bolsa-porta-cadenas-con-doble-asa-ref-blc-01\/#breadcrumb"},"inLanguage":"es","potentialAction":[{"@type":"ReadAction","target":["https:\/\/guil.es\/lifters\/producto\/bolsa-porta-cadenas-con-doble-asa-ref-blc-01\/"]}]},{"@type":"BreadcrumbList","@id":"https:\/\/guil.es\/lifters\/producto\/bolsa-porta-cadenas-con-doble-asa-ref-blc-01\/#breadcrumb","itemListElement":[{"@type":"ListItem","position":1,"name":"Portada","item":"https:\/\/guil.es\/lifters\/"},{"@type":"ListItem","position":2,"name":"Comparativa","item":"https:\/\/guil.es\/lifters\/comparativa\/"},{"@type":"ListItem","position":3,"name":"Bolsa porta cadenascon doble asa"}]},{"@type":"WebSite","@id":"https:\/\/guil.es\/lifters\/#website","url":"https:\/\/guil.es\/lifters\/","name":"GUIL","description":"Ingenier\u00eda para la industria","publisher":{"@id":"https:\/\/guil.es\/lifters\/#organization"},"potentialAction":[{"@type":"SearchAction","target":{"@type":"EntryPoint","urlTemplate":"https:\/\/guil.es\/lifters\/?s={search_term_string}"},"query-input":"required name=search_term_string"}],"inLanguage":"es"},{"@type":"Organization","@id":"https:\/\/guil.es\/lifters\/#organization","name":"GUIL","url":"https:\/\/guil.es\/lifters\/","sameAs":["https:\/\/www.linkedin.com\/company\/guil-lifters\/","https:\/\/www.youtube.com\/channel\/UCPO_ySVpLlTabFUBnqaL48w\/videos?view_as=subscriber","https:\/\/www.instagram.com\/guil_lifters\/","https:\/\/www.facebook.com\/GUIL-lifters-1595855663880679\/?ref=br_rs"],"logo":{"@type":"ImageObject","inLanguage":"es","@id":"https:\/\/guil.es\/lifters\/#\/schema\/logo\/image\/","url":"https:\/\/new.guil.es\/wp-content\/uploads\/2019\/05\/GUIL-TORO-Negro.jpg","contentUrl":"https:\/\/new.guil.es\/wp-content\/uploads\/2019\/05\/GUIL-TORO-Negro.jpg","width":2056,"height":498,"caption":"GUIL"},"image":{"@id":"https:\/\/guil.es\/lifters\/#\/schema\/logo\/image\/"}}]}},"_links":{"self":[{"href":"https:\/\/guil.es\/lifters\/wp-json\/wp\/v2\/product\/20927"}],"collection":[{"href":"https:\/\/guil.es\/lifters\/wp-json\/wp\/v2\/product"}],"about":[{"href":"https:\/\/guil.es\/lifters\/wp-json\/wp\/v2\/types\/product"}],"version-history":[{"count":4,"href":"https:\/\/guil.es\/lifters\/wp-json\/wp\/v2\/product\/20927\/revisions"}],"predecessor-version":[{"id":137314,"href":"https:\/\/guil.es\/lifters\/wp-json\/wp\/v2\/product\/20927\/revisions\/137314"}],"wp:featuredmedia":[{"embeddable":true,"href":"https:\/\/guil.es\/lifters\/wp-json\/wp\/v2\/media\/137322"}],"wp:attachment":[{"href":"https:\/\/guil.es\/lifters\/wp-json\/wp\/v2\/media?parent=20927"}],"wp:term":[{"taxonomy":"product_cat","embeddable":true,"href":"https:\/\/guil.es\/lifters\/wp-json\/wp\/v2\/product_cat?post=20927"},{"taxonomy":"product_tag","embeddable":true,"href":"https:\/\/guil.es\/lifters\/wp-json\/wp\/v2\/product_tag?post=20927"}],"curies":[{"name":"wp","href":"https:\/\/api.w.org\/{rel}","templated":true}]}}