{"id":20932,"date":"2022-12-19T12:22:28","date_gmt":"2022-12-19T11:22:28","guid":{"rendered":"https:\/\/guil.es\/lifters\/?post_type=product&#038;p=20932"},"modified":"2025-09-01T12:35:27","modified_gmt":"2025-09-01T10:35:27","slug":"carro-para-transporte-ref-cro-09","status":"publish","type":"product","link":"https:\/\/guil.es\/lifters\/producto\/carro-para-transporte-ref-cro-09\/","title":{"rendered":"Carro para transporte"},"content":{"rendered":"","protected":false},"excerpt":{"rendered":"<p style=\"text-align: justify;\">Carro para el transporte por una \u00fanica persona de paneles, tableros, pladur, planchas, etc.<br \/>\nMovimiento r\u00e1pido y sin esfuerzo para un transporte hasta el lugar de trabajo sin complicaciones<\/p>\n<p style=\"text-align: justify;\">El CRO-09 es un carro de gran maniobrabilidad que permite a una sola persona transportar paneles, tableros, planchas, pladur, tarimas y otros objetos, sin tener que llevar cada elemento a mano desde el almac\u00e9n hasta la zona de trabajo.<\/p>\n<p style=\"text-align: justify;\">Nuestro carro es un accesorio muy pr\u00e1ctico en obras de construcci\u00f3n, etc., ya que permite que un \u00fanico t\u00e9cnico trabaje solo, llevando el material al lugar de trabajo e instal\u00e1ndolo, o entregando componentes a sus compa\u00f1eros para que los instalen o ensamblen. La plataforma de apoyo, de 18 cm de ancho, permite transportar a la vez m\u00e1s de un panel, placa de yeso, etc.<\/p>\n<p style=\"text-align: justify;\">Este carro de acero est\u00e1 equipado con 2 ruedas de gran di\u00e1metro (\u00d8 200 mm) permiten que el carro se mueva sobre superficies irregulares sin esfuerzo.<\/p>\n<p style=\"text-align: justify;\">El asa, de dise\u00f1o desmontable, se puede instalar para diestros o zurdos, o se puede insertar completamente hacia abajo para ahorrar espacio cuando no se utiliza.<\/p>\n<table class=\"table_product\" style=\"width: 99.7168%;\">\n<thead>\n<tr>\n<td class=\"no_borde\" style=\"width: 39.2754%;\">ESPECIFICACIONES<\/td>\n<td class=\"no_borde\" style=\"width: 54.9595%;\"><strong>CRO-09<\/strong><\/td>\n<\/tr>\n<\/thead>\n<tbody>\n<tr style=\"height: 29px;\">\n<td style=\"width: 39.2754%; height: 29px; text-align: left;\" width=\"206\"><span style=\"color: #000000;\">Peso neto:<\/span><\/td>\n<td style=\"width: 54.9595%; height: 29px; text-align: left;\" width=\"408\"><span style=\"color: #000000;\">14 Kg<\/span><\/td>\n<\/tr>\n<tr style=\"height: 22px;\">\n<td style=\"width: 39.2754%; text-align: left; height: 22px;\"><span style=\"color: #000000;\">Color:<\/span><\/td>\n<td style=\"width: 54.9595%; text-align: left; height: 22px;\"><span style=\"color: #000000;\">Negro<\/span><\/td>\n<\/tr>\n<tr style=\"height: 22px;\">\n<td style=\"width: 39.2754%; text-align: left; height: 22px;\"><span style=\"color: #000000;\">Material:<\/span><\/td>\n<td style=\"width: 54.9595%; text-align: left; height: 22px;\"><span style=\"color: #000000;\">Acero<\/span><\/td>\n<\/tr>\n<tr style=\"height: 22px;\">\n<td style=\"width: 39.2754%; text-align: left; height: 22px;\"><span style=\"color: #000000;\">Ruedas:<\/span><\/td>\n<td style=\"width: 54.9595%;\">\u00d8200 mm<\/td>\n<\/tr>\n<\/tbody>\n<\/table>\n","protected":false},"featured_media":20934,"template":"","meta":[],"product_cat":[860],"product_tag":[],"yoast_head":"<!-- This site is optimized with the Yoast SEO plugin v19.7.1 - https:\/\/yoast.com\/wordpress\/plugins\/seo\/ -->\n<title>Carro para transporte<\/title>\n<meta name=\"description\" content=\"Carro para el transporte por una \u00fanica persona de paneles, tableros, pladur, planchas, etc. Movimiento r\u00e1pido y sin esfuerzo..\" \/>\n<meta name=\"robots\" content=\"index, follow, max-snippet:-1, max-image-preview:large, max-video-preview:-1\" \/>\n<link rel=\"canonical\" href=\"https:\/\/guil.es\/lifters\/producto\/carro-para-transporte-ref-cro-09\/\" \/>\n<meta property=\"og:locale\" content=\"es_ES\" \/>\n<meta property=\"og:type\" content=\"article\" \/>\n<meta property=\"og:title\" content=\"Carro para transporte\" \/>\n<meta property=\"og:description\" content=\"Carro para el transporte por una \u00fanica persona de paneles, tableros, pladur, planchas, etc. Movimiento r\u00e1pido y sin esfuerzo..\" \/>\n<meta property=\"og:url\" content=\"https:\/\/guil.es\/lifters\/producto\/carro-para-transporte-ref-cro-09\/\" \/>\n<meta property=\"og:site_name\" content=\"GUIL\" \/>\n<meta property=\"article:publisher\" content=\"https:\/\/www.facebook.com\/GUIL-lifters-1595855663880679\/?ref=br_rs\" \/>\n<meta property=\"article:modified_time\" content=\"2025-09-01T10:35:27+00:00\" \/>\n<meta name=\"twitter:card\" content=\"summary_large_image\" \/>\n<meta name=\"twitter:image\" content=\"https:\/\/guil.es\/lifters\/wp-content\/uploads\/2022\/12\/Carro-para-transportar-tarima-CRO-09.jpg\" \/>\n<!-- \/ Yoast SEO plugin. -->","yoast_head_json":{"title":"Carro para transporte","description":"Carro para el transporte por una \u00fanica persona de paneles, tableros, pladur, planchas, etc. Movimiento r\u00e1pido y sin esfuerzo..","robots":{"index":"index","follow":"follow","max-snippet":"max-snippet:-1","max-image-preview":"max-image-preview:large","max-video-preview":"max-video-preview:-1"},"canonical":"https:\/\/guil.es\/lifters\/producto\/carro-para-transporte-ref-cro-09\/","og_locale":"es_ES","og_type":"article","og_title":"Carro para transporte","og_description":"Carro para el transporte por una \u00fanica persona de paneles, tableros, pladur, planchas, etc. Movimiento r\u00e1pido y sin esfuerzo..","og_url":"https:\/\/guil.es\/lifters\/producto\/carro-para-transporte-ref-cro-09\/","og_site_name":"GUIL","article_publisher":"https:\/\/www.facebook.com\/GUIL-lifters-1595855663880679\/?ref=br_rs","article_modified_time":"2025-09-01T10:35:27+00:00","twitter_card":"summary_large_image","twitter_image":"https:\/\/guil.es\/lifters\/wp-content\/uploads\/2022\/12\/Carro-para-transportar-tarima-CRO-09.jpg","schema":{"@context":"https:\/\/schema.org","@graph":[{"@type":"WebPage","@id":"https:\/\/guil.es\/lifters\/producto\/carro-para-transporte-ref-cro-09\/","url":"https:\/\/guil.es\/lifters\/producto\/carro-para-transporte-ref-cro-09\/","name":"Carro para transporte","isPartOf":{"@id":"https:\/\/guil.es\/lifters\/#website"},"datePublished":"2022-12-19T11:22:28+00:00","dateModified":"2025-09-01T10:35:27+00:00","description":"Carro para el transporte por una \u00fanica persona de paneles, tableros, pladur, planchas, etc. Movimiento r\u00e1pido y sin esfuerzo..","breadcrumb":{"@id":"https:\/\/guil.es\/lifters\/producto\/carro-para-transporte-ref-cro-09\/#breadcrumb"},"inLanguage":"es","potentialAction":[{"@type":"ReadAction","target":["https:\/\/guil.es\/lifters\/producto\/carro-para-transporte-ref-cro-09\/"]}]},{"@type":"BreadcrumbList","@id":"https:\/\/guil.es\/lifters\/producto\/carro-para-transporte-ref-cro-09\/#breadcrumb","itemListElement":[{"@type":"ListItem","position":1,"name":"Portada","item":"https:\/\/guil.es\/lifters\/"},{"@type":"ListItem","position":2,"name":"Comparativa","item":"https:\/\/guil.es\/lifters\/comparativa\/"},{"@type":"ListItem","position":3,"name":"Carro para transporte"}]},{"@type":"WebSite","@id":"https:\/\/guil.es\/lifters\/#website","url":"https:\/\/guil.es\/lifters\/","name":"GUIL","description":"Ingenier\u00eda para la industria","publisher":{"@id":"https:\/\/guil.es\/lifters\/#organization"},"potentialAction":[{"@type":"SearchAction","target":{"@type":"EntryPoint","urlTemplate":"https:\/\/guil.es\/lifters\/?s={search_term_string}"},"query-input":"required name=search_term_string"}],"inLanguage":"es"},{"@type":"Organization","@id":"https:\/\/guil.es\/lifters\/#organization","name":"GUIL","url":"https:\/\/guil.es\/lifters\/","sameAs":["https:\/\/www.linkedin.com\/company\/guil-lifters\/","https:\/\/www.youtube.com\/channel\/UCPO_ySVpLlTabFUBnqaL48w\/videos?view_as=subscriber","https:\/\/www.instagram.com\/guil_lifters\/","https:\/\/www.facebook.com\/GUIL-lifters-1595855663880679\/?ref=br_rs"],"logo":{"@type":"ImageObject","inLanguage":"es","@id":"https:\/\/guil.es\/lifters\/#\/schema\/logo\/image\/","url":"https:\/\/new.guil.es\/wp-content\/uploads\/2019\/05\/GUIL-TORO-Negro.jpg","contentUrl":"https:\/\/new.guil.es\/wp-content\/uploads\/2019\/05\/GUIL-TORO-Negro.jpg","width":2056,"height":498,"caption":"GUIL"},"image":{"@id":"https:\/\/guil.es\/lifters\/#\/schema\/logo\/image\/"}}]}},"_links":{"self":[{"href":"https:\/\/guil.es\/lifters\/wp-json\/wp\/v2\/product\/20932"}],"collection":[{"href":"https:\/\/guil.es\/lifters\/wp-json\/wp\/v2\/product"}],"about":[{"href":"https:\/\/guil.es\/lifters\/wp-json\/wp\/v2\/types\/product"}],"version-history":[{"count":4,"href":"https:\/\/guil.es\/lifters\/wp-json\/wp\/v2\/product\/20932\/revisions"}],"predecessor-version":[{"id":138538,"href":"https:\/\/guil.es\/lifters\/wp-json\/wp\/v2\/product\/20932\/revisions\/138538"}],"wp:featuredmedia":[{"embeddable":true,"href":"https:\/\/guil.es\/lifters\/wp-json\/wp\/v2\/media\/20934"}],"wp:attachment":[{"href":"https:\/\/guil.es\/lifters\/wp-json\/wp\/v2\/media?parent=20932"}],"wp:term":[{"taxonomy":"product_cat","embeddable":true,"href":"https:\/\/guil.es\/lifters\/wp-json\/wp\/v2\/product_cat?post=20932"},{"taxonomy":"product_tag","embeddable":true,"href":"https:\/\/guil.es\/lifters\/wp-json\/wp\/v2\/product_tag?post=20932"}],"curies":[{"name":"wp","href":"https:\/\/api.w.org\/{rel}","templated":true}]}}