{"id":20938,"date":"2022-12-19T13:24:40","date_gmt":"2022-12-19T12:24:40","guid":{"rendered":"https:\/\/guil.es\/lifters\/?post_type=product&#038;p=20938"},"modified":"2025-09-01T13:59:27","modified_gmt":"2025-09-01T11:59:27","slug":"plataforma-de-trabajo","status":"publish","type":"product","link":"https:\/\/guil.es\/lifters\/producto\/plataforma-de-trabajo\/","title":{"rendered":"Plataforma de Trabajo"},"content":{"rendered":"<p>[vc_row king_row_type=\u00bbcontainer_full\u00bb][vc_column width=\u00bb1\/2&#8243; css=\u00bb.vc_custom_1671449178696{padding-top: 50px !important;padding-right: 35px !important;padding-left: 35px !important;}\u00bb][vc_column_text]<\/p>\n<p style=\"text-align: justify;\"><span style=\"color: #000000;\">Ofrecemos plataformas con varias dimensiones est\u00e1ndar: 2x1m; 2&#215;0,50m; 1x1m; 1&#215;0,50m, con posibilidad de fabricar otros tama\u00f1os bajo petici\u00f3n, y una amplia gama de patas posibles para utilizar cuando se deba elevar la plataforma a una altura determinada. Las plataformas se pueden utilizar con patas de altura fija o de altura regulable, e incluso sin patas, directamente a suelo.<\/span><\/p>\n<p style=\"text-align: justify;\"><span style=\"color: #000000;\">En GUIL desarrollamos la configuraci\u00f3n espec\u00edfica de plataforma o pasarela de trabajo requerida por cada cliente. Nuestro departamento comercial est\u00e1 a su disposici\u00f3n para asesorarle y ofrecerle la opci\u00f3n m\u00e1s adecuada para su proyecto.<\/span><\/p>\n<p style=\"text-align: justify;\"><span style=\"color: #000000;\">Para garantizar la m\u00e1xima seguridad de los operarios que utilizan las plataformas y pasarelas de trabajo, en GUIL tambi\u00e9n fabricamos: <strong>barandillas de seguridad, escaleras de acceso y rampas<\/strong>. Ofrecemos varios modelos de escaleras, y las rampas de acceso se pueden configurar en forma recta o, si es necesario, en forma de zigzag para utilizar el m\u00ednimo espacio posible.<\/span><\/p>\n<p>[\/vc_column_text][\/vc_column][vc_column width=\u00bb1\/2&#8243; css=\u00bb.vc_custom_1674213592811{padding-top: 60px !important;padding-right: 35px !important;}\u00bb][vc_single_image image=\u00bb21106&#8243; img_size=\u00bbfull\u00bb][\/vc_column][\/vc_row][vc_row king_row_type=\u00bbcontainer_full\u00bb][vc_column css=\u00bb.vc_custom_1674213604004{padding-top: 15px !important;padding-right: 35px !important;padding-left: 35px !important;}\u00bb][vc_column_text]<\/p>\n<p style=\"text-align: justify;\"><span style=\"color: #000000;\">Nuestras plataformas ofrecen una estructura fuerte y de alta resistencia y una superficie de trabajo segura y fiable para m\u00faltiples usos en el sector industrial. Los marcos y patas de las tarimas est\u00e1n fabricados en aluminio, y el tablero es 100% de madera fen\u00f3lica contrachapada de abedul con superficie antideslizante. Las patas y las propias plataformas est\u00e1n equipadas con tacos sobredimensionados de goma, un componente importante que garantiza la protecci\u00f3n contra cualquier accidente el\u00e9ctrico.<\/span><\/p>\n<p style=\"text-align: justify;\"><span style=\"color: #000000;\">P\u00f3ngase en contacto con GUIL e ind\u00edquenos sus necesidades, estaremos encantados de ofrecerles los elementos m\u00e1s adecuados para configurar su plataforma y\/o pasarela de trabajo.<\/span><\/p>\n<p>[\/vc_column_text][\/vc_column][\/vc_row]<\/p>\n","protected":false},"excerpt":{"rendered":"<p>Plataformas y pasarelas totalmente configurables para uso industrial, compuestas por m\u00f3dulos de aluminio con tablero contrachapado 100% madera de abedul. Medidas est\u00e1ndar: 2 x 1 m, 2 x 0,5 m, 1 x 1 m y 1 x 0,5 m. Disponibles patas de alturas fijas y regulables.<\/p>\n<p>Nuestras plataformas de trabajo, de gran resistencia y estabilidad,\u00a0 permiten crear superficies a nivel del suelo o elevadas, garantizando una mayor seguridad en el lugar de trabajo para innumerables tareas y operaciones.<\/p>\n<p style=\"text-align: justify;\"><span style=\"color: #000000;\">En GUIL fabricamos plataformas para multitud de aplicaciones desde hace m\u00e1s de 40 a\u00f1os, y hemos desarrollado una l\u00ednea de plataformas muy pr\u00e1cticas para el sector industrial.<\/span><\/p>\n<p style=\"text-align: justify;\"><span style=\"color: #000000;\">Entre las aplicaciones m\u00e1s comunes que se les dan a nuestras <strong>plataformas de instalaci\u00f3n industrial<\/strong>, nos gustar\u00eda destacar las siguientes:<\/span><\/p>\n<p><span style=\"color: #000000;\"><strong>\u25aa <\/strong><strong>Plataformas para plantas de montaje<\/strong>.<\/span><br \/>\n<span style=\"color: #000000;\"><strong>\u25aa <\/strong><strong>Plataformas para operadores de m\u00e1quinas<\/strong> \u2013 a ras de suelo o con patas para operar a cierta altura.<\/span><br \/>\n<span style=\"color: #000000;\"><strong>\u25aa <\/strong><strong>Mesas de trabajo<\/strong> (fijas o m\u00f3viles)<\/span><br \/>\n<span style=\"color: #000000;\"><strong>\u25aa <\/strong><strong>Plataformas para la industria alimentaria<\/strong>.<\/span><br \/>\n<span style=\"color: #000000;\"><strong>\u25aa <\/strong><strong>Plataformas o pasarelas para operaciones de control de calidad<\/strong>.<\/span><\/p>\n<p><span style=\"color: #000000;\">Nuestras plataformas no solo se utilizan para dar altura adicional a los operadores durante los procesos de producci\u00f3n, para inspecciones visuales, sino tambi\u00e9n como suelos (pisos) y pasarelas para unir diferentes estaciones de trabajo con total seguridad.<\/span><\/p>\n","protected":false},"featured_media":20946,"template":"","meta":[],"product_cat":[860],"product_tag":[],"yoast_head":"<!-- This site is optimized with the Yoast SEO plugin v19.7.1 - https:\/\/yoast.com\/wordpress\/plugins\/seo\/ -->\n<title>Plataforma de Trabajo<\/title>\n<meta name=\"description\" content=\"Plataformas \/ pasarelas de trabajo fabricadas en aluminio, con tablero contrachapado 100% madera de abedul. Disponibles patas de alturas y regulables.\" \/>\n<meta name=\"robots\" content=\"index, follow, max-snippet:-1, max-image-preview:large, max-video-preview:-1\" \/>\n<link rel=\"canonical\" href=\"https:\/\/guil.es\/lifters\/producto\/plataforma-de-trabajo\/\" \/>\n<meta property=\"og:locale\" content=\"es_ES\" \/>\n<meta property=\"og:type\" content=\"article\" \/>\n<meta property=\"og:title\" content=\"Plataforma de Trabajo\" \/>\n<meta property=\"og:description\" content=\"Plataformas \/ pasarelas de trabajo fabricadas en aluminio, con tablero contrachapado 100% madera de abedul. Disponibles patas de alturas y regulables.\" \/>\n<meta property=\"og:url\" content=\"https:\/\/guil.es\/lifters\/producto\/plataforma-de-trabajo\/\" \/>\n<meta property=\"og:site_name\" content=\"GUIL\" \/>\n<meta property=\"article:publisher\" content=\"https:\/\/www.facebook.com\/GUIL-lifters-1595855663880679\/?ref=br_rs\" \/>\n<meta property=\"article:modified_time\" content=\"2025-09-01T11:59:27+00:00\" \/>\n<meta property=\"og:image\" content=\"https:\/\/guil.es\/lifters\/wp-content\/uploads\/2022\/12\/Plataforma-de-Trabajo.jpg\" \/>\n\t<meta property=\"og:image:width\" content=\"300\" \/>\n\t<meta property=\"og:image:height\" content=\"300\" \/>\n\t<meta property=\"og:image:type\" content=\"image\/jpeg\" \/>\n<meta name=\"twitter:card\" content=\"summary_large_image\" \/>\n<meta name=\"twitter:label1\" content=\"Tiempo de lectura\" \/>\n\t<meta name=\"twitter:data1\" content=\"2 minutos\" \/>\n<!-- \/ Yoast SEO plugin. -->","yoast_head_json":{"title":"Plataforma de Trabajo","description":"Plataformas \/ pasarelas de trabajo fabricadas en aluminio, con tablero contrachapado 100% madera de abedul. Disponibles patas de alturas y regulables.","robots":{"index":"index","follow":"follow","max-snippet":"max-snippet:-1","max-image-preview":"max-image-preview:large","max-video-preview":"max-video-preview:-1"},"canonical":"https:\/\/guil.es\/lifters\/producto\/plataforma-de-trabajo\/","og_locale":"es_ES","og_type":"article","og_title":"Plataforma de Trabajo","og_description":"Plataformas \/ pasarelas de trabajo fabricadas en aluminio, con tablero contrachapado 100% madera de abedul. Disponibles patas de alturas y regulables.","og_url":"https:\/\/guil.es\/lifters\/producto\/plataforma-de-trabajo\/","og_site_name":"GUIL","article_publisher":"https:\/\/www.facebook.com\/GUIL-lifters-1595855663880679\/?ref=br_rs","article_modified_time":"2025-09-01T11:59:27+00:00","og_image":[{"width":300,"height":300,"url":"https:\/\/guil.es\/lifters\/wp-content\/uploads\/2022\/12\/Plataforma-de-Trabajo.jpg","type":"image\/jpeg"}],"twitter_card":"summary_large_image","twitter_misc":{"Tiempo de lectura":"2 minutos"},"schema":{"@context":"https:\/\/schema.org","@graph":[{"@type":"WebPage","@id":"https:\/\/guil.es\/lifters\/producto\/plataforma-de-trabajo\/","url":"https:\/\/guil.es\/lifters\/producto\/plataforma-de-trabajo\/","name":"Plataforma de Trabajo","isPartOf":{"@id":"https:\/\/guil.es\/lifters\/#website"},"datePublished":"2022-12-19T12:24:40+00:00","dateModified":"2025-09-01T11:59:27+00:00","description":"Plataformas \/ pasarelas de trabajo fabricadas en aluminio, con tablero contrachapado 100% madera de abedul. Disponibles patas de alturas y regulables.","breadcrumb":{"@id":"https:\/\/guil.es\/lifters\/producto\/plataforma-de-trabajo\/#breadcrumb"},"inLanguage":"es","potentialAction":[{"@type":"ReadAction","target":["https:\/\/guil.es\/lifters\/producto\/plataforma-de-trabajo\/"]}]},{"@type":"BreadcrumbList","@id":"https:\/\/guil.es\/lifters\/producto\/plataforma-de-trabajo\/#breadcrumb","itemListElement":[{"@type":"ListItem","position":1,"name":"Portada","item":"https:\/\/guil.es\/lifters\/"},{"@type":"ListItem","position":2,"name":"Comparativa","item":"https:\/\/guil.es\/lifters\/comparativa\/"},{"@type":"ListItem","position":3,"name":"Plataforma de Trabajo"}]},{"@type":"WebSite","@id":"https:\/\/guil.es\/lifters\/#website","url":"https:\/\/guil.es\/lifters\/","name":"GUIL","description":"Ingenier\u00eda para la industria","publisher":{"@id":"https:\/\/guil.es\/lifters\/#organization"},"potentialAction":[{"@type":"SearchAction","target":{"@type":"EntryPoint","urlTemplate":"https:\/\/guil.es\/lifters\/?s={search_term_string}"},"query-input":"required name=search_term_string"}],"inLanguage":"es"},{"@type":"Organization","@id":"https:\/\/guil.es\/lifters\/#organization","name":"GUIL","url":"https:\/\/guil.es\/lifters\/","sameAs":["https:\/\/www.linkedin.com\/company\/guil-lifters\/","https:\/\/www.youtube.com\/channel\/UCPO_ySVpLlTabFUBnqaL48w\/videos?view_as=subscriber","https:\/\/www.instagram.com\/guil_lifters\/","https:\/\/www.facebook.com\/GUIL-lifters-1595855663880679\/?ref=br_rs"],"logo":{"@type":"ImageObject","inLanguage":"es","@id":"https:\/\/guil.es\/lifters\/#\/schema\/logo\/image\/","url":"https:\/\/new.guil.es\/wp-content\/uploads\/2019\/05\/GUIL-TORO-Negro.jpg","contentUrl":"https:\/\/new.guil.es\/wp-content\/uploads\/2019\/05\/GUIL-TORO-Negro.jpg","width":2056,"height":498,"caption":"GUIL"},"image":{"@id":"https:\/\/guil.es\/lifters\/#\/schema\/logo\/image\/"}}]}},"_links":{"self":[{"href":"https:\/\/guil.es\/lifters\/wp-json\/wp\/v2\/product\/20938"}],"collection":[{"href":"https:\/\/guil.es\/lifters\/wp-json\/wp\/v2\/product"}],"about":[{"href":"https:\/\/guil.es\/lifters\/wp-json\/wp\/v2\/types\/product"}],"version-history":[{"count":2,"href":"https:\/\/guil.es\/lifters\/wp-json\/wp\/v2\/product\/20938\/revisions"}],"predecessor-version":[{"id":138564,"href":"https:\/\/guil.es\/lifters\/wp-json\/wp\/v2\/product\/20938\/revisions\/138564"}],"wp:featuredmedia":[{"embeddable":true,"href":"https:\/\/guil.es\/lifters\/wp-json\/wp\/v2\/media\/20946"}],"wp:attachment":[{"href":"https:\/\/guil.es\/lifters\/wp-json\/wp\/v2\/media?parent=20938"}],"wp:term":[{"taxonomy":"product_cat","embeddable":true,"href":"https:\/\/guil.es\/lifters\/wp-json\/wp\/v2\/product_cat?post=20938"},{"taxonomy":"product_tag","embeddable":true,"href":"https:\/\/guil.es\/lifters\/wp-json\/wp\/v2\/product_tag?post=20938"}],"curies":[{"name":"wp","href":"https:\/\/api.w.org\/{rel}","templated":true}]}}