{"id":4997,"date":"2019-01-29T12:12:06","date_gmt":"2019-01-29T11:12:06","guid":{"rendered":"http:\/\/guil-lifters.com\/?post_type=product&#038;p=4997"},"modified":"2024-06-13T09:09:17","modified_gmt":"2024-06-13T07:09:17","slug":"adaptador-cargas-diseno-curvo-bidones-ref-act-01-l","status":"publish","type":"product","link":"https:\/\/guil.es\/lifters\/producto\/adaptador-cargas-diseno-curvo-bidones-ref-act-01-l\/","title":{"rendered":"Adaptador para cargas con dise\u00f1o curvo"},"content":{"rendered":"","protected":false},"excerpt":{"rendered":"<p>Pr\u00e1ctico adaptador que permite la elevaci\u00f3n de cargas con dise\u00f1o curvo (tubos, bidones, conductos, estructuras para la construcci\u00f3n, barriles, etc.).<\/p>\n<p>Est\u00e1 compuesto por 2 piezas que se insertan en las <strong>HORQUILLAS (60&#215;60 mm)<\/strong> de los elevadores TORO y se fijan mediante pasadores de seguridad de neodimio imantado.<\/p>\n<p>Valido para elevadores <strong>TORO Serie A,<\/strong> <strong>TORO Serie B<\/strong>, <strong>TORO Serie C<\/strong> y <strong>TORO Serie D<\/strong>.<\/p>\n<p>Peso Neto: 5,90 Kg (2,95 kg \/ unidad)<\/p>\n<p>&nbsp;<\/p>\n<p><strong>\u25aa AGILIZA EL TRABAJO<\/strong><\/p>\n<p>El adaptador ACT-01\/L de r\u00e1pida y sencilla instalaci\u00f3n (sin necesidad de usar herramientas), agiliza el trabajo, con el consecuente ahorro de tiempo y aumento de la productividad.<\/p>\n<p><strong>\u25aa M\u00c1XIMA FUNCIONALIDAD<\/strong><\/p>\n<p>Permite elevar, posicionar, mantener e instalar multitud de cargas que debido a su forma curvil\u00ednea ser\u00edan dif\u00edciles de manipular.<\/p>\n<p><strong>\u25aa FABRICACI\u00d3N<\/strong><\/p>\n<p>El adaptador ACT-01\/L est\u00e1 fabricado en acero con acabado en pintura texturada EPOXI anti\u00f3xido\/antirrayadura con doble tratamiento para un perfecto mantenimiento durante su uso en exteriores.<\/p>\n","protected":false},"featured_media":24015,"template":"","meta":[],"product_cat":[204,714,401,376,205],"product_tag":[],"yoast_head":"<!-- This site is optimized with the Yoast SEO plugin v19.7.1 - https:\/\/yoast.com\/wordpress\/plugins\/seo\/ -->\n<title>Adaptador para cargas con dise\u00f1o curvo - Ref. ACT-01\/L | GUIL<\/title>\n<meta name=\"description\" content=\"Pr\u00e1ctico adaptador que permite la elevaci\u00f3n de cargas con dise\u00f1o curvo (tubos, bidones, conductos, estructuras para la construcci\u00f3n, barriles, etc.).\" \/>\n<meta name=\"robots\" content=\"index, follow, max-snippet:-1, max-image-preview:large, max-video-preview:-1\" \/>\n<link rel=\"canonical\" href=\"https:\/\/guil.es\/lifters\/producto\/adaptador-cargas-diseno-curvo-bidones-ref-act-01-l\/\" \/>\n<meta property=\"og:locale\" content=\"es_ES\" \/>\n<meta property=\"og:type\" content=\"article\" \/>\n<meta property=\"og:title\" content=\"Adaptador para cargas con dise\u00f1o curvo - Ref. ACT-01\/L | GUIL\" \/>\n<meta property=\"og:description\" content=\"Pr\u00e1ctico adaptador que permite la elevaci\u00f3n de cargas con dise\u00f1o curvo (tubos, bidones, conductos, estructuras para la construcci\u00f3n, barriles, etc.).\" \/>\n<meta property=\"og:url\" content=\"https:\/\/guil.es\/lifters\/producto\/adaptador-cargas-diseno-curvo-bidones-ref-act-01-l\/\" \/>\n<meta property=\"og:site_name\" content=\"GUIL\" \/>\n<meta property=\"article:publisher\" content=\"https:\/\/www.facebook.com\/GUIL-lifters-1595855663880679\/?ref=br_rs\" \/>\n<meta property=\"article:modified_time\" content=\"2024-06-13T07:09:17+00:00\" \/>\n<meta property=\"og:image\" content=\"https:\/\/guil.es\/lifters\/wp-content\/uploads\/2019\/01\/Adaptador-diseno-curvo-ACT-1-L.jpg\" \/>\n\t<meta property=\"og:image:width\" content=\"265\" \/>\n\t<meta property=\"og:image:height\" content=\"265\" \/>\n\t<meta property=\"og:image:type\" content=\"image\/jpeg\" \/>\n<meta name=\"twitter:card\" content=\"summary_large_image\" \/>\n<!-- \/ Yoast SEO plugin. -->","yoast_head_json":{"title":"Adaptador para cargas con dise\u00f1o curvo - Ref. ACT-01\/L | GUIL","description":"Pr\u00e1ctico adaptador que permite la elevaci\u00f3n de cargas con dise\u00f1o curvo (tubos, bidones, conductos, estructuras para la construcci\u00f3n, barriles, etc.).","robots":{"index":"index","follow":"follow","max-snippet":"max-snippet:-1","max-image-preview":"max-image-preview:large","max-video-preview":"max-video-preview:-1"},"canonical":"https:\/\/guil.es\/lifters\/producto\/adaptador-cargas-diseno-curvo-bidones-ref-act-01-l\/","og_locale":"es_ES","og_type":"article","og_title":"Adaptador para cargas con dise\u00f1o curvo - Ref. ACT-01\/L | GUIL","og_description":"Pr\u00e1ctico adaptador que permite la elevaci\u00f3n de cargas con dise\u00f1o curvo (tubos, bidones, conductos, estructuras para la construcci\u00f3n, barriles, etc.).","og_url":"https:\/\/guil.es\/lifters\/producto\/adaptador-cargas-diseno-curvo-bidones-ref-act-01-l\/","og_site_name":"GUIL","article_publisher":"https:\/\/www.facebook.com\/GUIL-lifters-1595855663880679\/?ref=br_rs","article_modified_time":"2024-06-13T07:09:17+00:00","og_image":[{"width":265,"height":265,"url":"https:\/\/guil.es\/lifters\/wp-content\/uploads\/2019\/01\/Adaptador-diseno-curvo-ACT-1-L.jpg","type":"image\/jpeg"}],"twitter_card":"summary_large_image","schema":{"@context":"https:\/\/schema.org","@graph":[{"@type":"WebPage","@id":"https:\/\/guil.es\/lifters\/producto\/adaptador-cargas-diseno-curvo-bidones-ref-act-01-l\/","url":"https:\/\/guil.es\/lifters\/producto\/adaptador-cargas-diseno-curvo-bidones-ref-act-01-l\/","name":"Adaptador para cargas con dise\u00f1o curvo - Ref. ACT-01\/L | GUIL","isPartOf":{"@id":"https:\/\/guil.es\/lifters\/#website"},"datePublished":"2019-01-29T11:12:06+00:00","dateModified":"2024-06-13T07:09:17+00:00","description":"Pr\u00e1ctico adaptador que permite la elevaci\u00f3n de cargas con dise\u00f1o curvo (tubos, bidones, conductos, estructuras para la construcci\u00f3n, barriles, etc.).","breadcrumb":{"@id":"https:\/\/guil.es\/lifters\/producto\/adaptador-cargas-diseno-curvo-bidones-ref-act-01-l\/#breadcrumb"},"inLanguage":"es","potentialAction":[{"@type":"ReadAction","target":["https:\/\/guil.es\/lifters\/producto\/adaptador-cargas-diseno-curvo-bidones-ref-act-01-l\/"]}]},{"@type":"BreadcrumbList","@id":"https:\/\/guil.es\/lifters\/producto\/adaptador-cargas-diseno-curvo-bidones-ref-act-01-l\/#breadcrumb","itemListElement":[{"@type":"ListItem","position":1,"name":"Portada","item":"https:\/\/guil.es\/lifters\/"},{"@type":"ListItem","position":2,"name":"Comparativa","item":"https:\/\/guil.es\/lifters\/comparativa\/"},{"@type":"ListItem","position":3,"name":"Adaptador para cargas con dise\u00f1o curvo"}]},{"@type":"WebSite","@id":"https:\/\/guil.es\/lifters\/#website","url":"https:\/\/guil.es\/lifters\/","name":"GUIL","description":"Ingenier\u00eda para la industria","publisher":{"@id":"https:\/\/guil.es\/lifters\/#organization"},"potentialAction":[{"@type":"SearchAction","target":{"@type":"EntryPoint","urlTemplate":"https:\/\/guil.es\/lifters\/?s={search_term_string}"},"query-input":"required name=search_term_string"}],"inLanguage":"es"},{"@type":"Organization","@id":"https:\/\/guil.es\/lifters\/#organization","name":"GUIL","url":"https:\/\/guil.es\/lifters\/","sameAs":["https:\/\/www.linkedin.com\/company\/guil-lifters\/","https:\/\/www.youtube.com\/channel\/UCPO_ySVpLlTabFUBnqaL48w\/videos?view_as=subscriber","https:\/\/www.instagram.com\/guil_lifters\/","https:\/\/www.facebook.com\/GUIL-lifters-1595855663880679\/?ref=br_rs"],"logo":{"@type":"ImageObject","inLanguage":"es","@id":"https:\/\/guil.es\/lifters\/#\/schema\/logo\/image\/","url":"https:\/\/new.guil.es\/wp-content\/uploads\/2019\/05\/GUIL-TORO-Negro.jpg","contentUrl":"https:\/\/new.guil.es\/wp-content\/uploads\/2019\/05\/GUIL-TORO-Negro.jpg","width":2056,"height":498,"caption":"GUIL"},"image":{"@id":"https:\/\/guil.es\/lifters\/#\/schema\/logo\/image\/"}}]}},"_links":{"self":[{"href":"https:\/\/guil.es\/lifters\/wp-json\/wp\/v2\/product\/4997"}],"collection":[{"href":"https:\/\/guil.es\/lifters\/wp-json\/wp\/v2\/product"}],"about":[{"href":"https:\/\/guil.es\/lifters\/wp-json\/wp\/v2\/types\/product"}],"version-history":[{"count":3,"href":"https:\/\/guil.es\/lifters\/wp-json\/wp\/v2\/product\/4997\/revisions"}],"predecessor-version":[{"id":121738,"href":"https:\/\/guil.es\/lifters\/wp-json\/wp\/v2\/product\/4997\/revisions\/121738"}],"wp:featuredmedia":[{"embeddable":true,"href":"https:\/\/guil.es\/lifters\/wp-json\/wp\/v2\/media\/24015"}],"wp:attachment":[{"href":"https:\/\/guil.es\/lifters\/wp-json\/wp\/v2\/media?parent=4997"}],"wp:term":[{"taxonomy":"product_cat","embeddable":true,"href":"https:\/\/guil.es\/lifters\/wp-json\/wp\/v2\/product_cat?post=4997"},{"taxonomy":"product_tag","embeddable":true,"href":"https:\/\/guil.es\/lifters\/wp-json\/wp\/v2\/product_tag?post=4997"}],"curies":[{"name":"wp","href":"https:\/\/api.w.org\/{rel}","templated":true}]}}