{"id":5000,"date":"2019-01-29T12:13:08","date_gmt":"2019-01-29T11:13:08","guid":{"rendered":"http:\/\/guil-lifters.com\/?post_type=product&#038;p=5000"},"modified":"2023-11-21T11:20:39","modified_gmt":"2023-11-21T10:20:39","slug":"bandeja-contrapeso-para-elevadores-ref-cb-01","status":"publish","type":"product","link":"https:\/\/guil.es\/lifters\/producto\/bandeja-contrapeso-para-elevadores-ref-cb-01\/","title":{"rendered":"Bandeja contrapeso para Elevadores TORO"},"content":{"rendered":"","protected":false},"excerpt":{"rendered":"<p>La Bandeja contrapeso para Elevadores es de acero (color rojo). Sirve para colocaci\u00f3n de contrapesos y est\u00e1 dise\u00f1ada para los Elevadores TORO de las Serie B, C y D.<br \/>\nEste pr\u00e1ctico contenedor tiene una capacidad para 5 contrapesos<a href=\"https:\/\/guil.es\/lifters\/producto\/contrapeso-elevadora-de-carga-ref-cw-01-20\/\">\u00a0Ref. CW-01\u00a0<\/a>\u00a0Y adem\u00e1s, tiene la ventaja de tener una r\u00e1pida y f\u00e1cil colocaci\u00f3n mediante pasadores imantados. Tambi\u00e9n dispone de 2 asas para un c\u00f3modo manejo del mismo.<\/p>\n<p>&gt; Medidas: 670 x 270 mm (medida interior)<br \/>\n&gt; Peso:\u00a0 \u00a0 \u00a0 14,5 Kg<br \/>\n&gt; Material:\u00a0 Acero<br \/>\n&gt; Color:\u00a0 <strong>Rojo<\/strong><\/p>\n<p><img loading=\"lazy\" class=\"aligncenter wp-image-24312 size-full\" src=\"https:\/\/guil.es\/lifters\/wp-content\/uploads\/2019\/01\/Medidas-Bandeja-Contrapeso-CB-01.jpg\" alt=\"\" width=\"500\" height=\"368\" srcset=\"https:\/\/guil.es\/lifters\/wp-content\/uploads\/2019\/01\/Medidas-Bandeja-Contrapeso-CB-01.jpg 500w, https:\/\/guil.es\/lifters\/wp-content\/uploads\/2019\/01\/Medidas-Bandeja-Contrapeso-CB-01-300x221.jpg 300w\" sizes=\"(max-width: 500px) 100vw, 500px\" \/><\/p>\n","protected":false},"featured_media":24297,"template":"","meta":[],"product_cat":[204,401,376,205],"product_tag":[],"yoast_head":"<!-- This site is optimized with the Yoast SEO plugin v19.7.1 - https:\/\/yoast.com\/wordpress\/plugins\/seo\/ -->\n<title>Bandeja contrapeso para Elevadores TORO - Ref. CB-01 | GUIL<\/title>\n<meta name=\"description\" content=\"La Bandeja contrapeso para Elevadores es de acero (color rojo). Sirve para colocaci\u00f3n de contrapesos y est\u00e1 dise\u00f1ada para los Elevadores TORO.\" \/>\n<meta name=\"robots\" content=\"index, follow, max-snippet:-1, max-image-preview:large, max-video-preview:-1\" \/>\n<link rel=\"canonical\" href=\"https:\/\/guil.es\/lifters\/producto\/bandeja-contrapeso-para-elevadores-ref-cb-01\/\" \/>\n<meta property=\"og:locale\" content=\"es_ES\" \/>\n<meta property=\"og:type\" content=\"article\" \/>\n<meta property=\"og:title\" content=\"Bandeja contrapeso para Elevadores TORO - Ref. CB-01 | GUIL\" \/>\n<meta property=\"og:description\" content=\"La Bandeja contrapeso para Elevadores es de acero (color rojo). Sirve para colocaci\u00f3n de contrapesos y est\u00e1 dise\u00f1ada para los Elevadores TORO.\" \/>\n<meta property=\"og:url\" content=\"https:\/\/guil.es\/lifters\/producto\/bandeja-contrapeso-para-elevadores-ref-cb-01\/\" \/>\n<meta property=\"og:site_name\" content=\"GUIL\" \/>\n<meta property=\"article:publisher\" content=\"https:\/\/www.facebook.com\/GUIL-lifters-1595855663880679\/?ref=br_rs\" \/>\n<meta property=\"article:modified_time\" content=\"2023-11-21T10:20:39+00:00\" \/>\n<meta property=\"og:image\" content=\"https:\/\/guil.es\/lifters\/wp-content\/uploads\/2019\/01\/Bandeja-Contrapeso-CB-01-4.jpg\" \/>\n\t<meta property=\"og:image:width\" content=\"265\" \/>\n\t<meta property=\"og:image:height\" content=\"265\" \/>\n\t<meta property=\"og:image:type\" content=\"image\/jpeg\" \/>\n<meta name=\"twitter:card\" content=\"summary_large_image\" \/>\n<!-- \/ Yoast SEO plugin. -->","yoast_head_json":{"title":"Bandeja contrapeso para Elevadores TORO - Ref. CB-01 | GUIL","description":"La Bandeja contrapeso para Elevadores es de acero (color rojo). Sirve para colocaci\u00f3n de contrapesos y est\u00e1 dise\u00f1ada para los Elevadores TORO.","robots":{"index":"index","follow":"follow","max-snippet":"max-snippet:-1","max-image-preview":"max-image-preview:large","max-video-preview":"max-video-preview:-1"},"canonical":"https:\/\/guil.es\/lifters\/producto\/bandeja-contrapeso-para-elevadores-ref-cb-01\/","og_locale":"es_ES","og_type":"article","og_title":"Bandeja contrapeso para Elevadores TORO - Ref. CB-01 | GUIL","og_description":"La Bandeja contrapeso para Elevadores es de acero (color rojo). Sirve para colocaci\u00f3n de contrapesos y est\u00e1 dise\u00f1ada para los Elevadores TORO.","og_url":"https:\/\/guil.es\/lifters\/producto\/bandeja-contrapeso-para-elevadores-ref-cb-01\/","og_site_name":"GUIL","article_publisher":"https:\/\/www.facebook.com\/GUIL-lifters-1595855663880679\/?ref=br_rs","article_modified_time":"2023-11-21T10:20:39+00:00","og_image":[{"width":265,"height":265,"url":"https:\/\/guil.es\/lifters\/wp-content\/uploads\/2019\/01\/Bandeja-Contrapeso-CB-01-4.jpg","type":"image\/jpeg"}],"twitter_card":"summary_large_image","schema":{"@context":"https:\/\/schema.org","@graph":[{"@type":"WebPage","@id":"https:\/\/guil.es\/lifters\/producto\/bandeja-contrapeso-para-elevadores-ref-cb-01\/","url":"https:\/\/guil.es\/lifters\/producto\/bandeja-contrapeso-para-elevadores-ref-cb-01\/","name":"Bandeja contrapeso para Elevadores TORO - Ref. CB-01 | GUIL","isPartOf":{"@id":"https:\/\/guil.es\/lifters\/#website"},"datePublished":"2019-01-29T11:13:08+00:00","dateModified":"2023-11-21T10:20:39+00:00","description":"La Bandeja contrapeso para Elevadores es de acero (color rojo). Sirve para colocaci\u00f3n de contrapesos y est\u00e1 dise\u00f1ada para los Elevadores TORO.","breadcrumb":{"@id":"https:\/\/guil.es\/lifters\/producto\/bandeja-contrapeso-para-elevadores-ref-cb-01\/#breadcrumb"},"inLanguage":"es","potentialAction":[{"@type":"ReadAction","target":["https:\/\/guil.es\/lifters\/producto\/bandeja-contrapeso-para-elevadores-ref-cb-01\/"]}]},{"@type":"BreadcrumbList","@id":"https:\/\/guil.es\/lifters\/producto\/bandeja-contrapeso-para-elevadores-ref-cb-01\/#breadcrumb","itemListElement":[{"@type":"ListItem","position":1,"name":"Portada","item":"https:\/\/guil.es\/lifters\/"},{"@type":"ListItem","position":2,"name":"Comparativa","item":"https:\/\/guil.es\/lifters\/comparativa\/"},{"@type":"ListItem","position":3,"name":"Bandeja contrapeso para Elevadores TORO"}]},{"@type":"WebSite","@id":"https:\/\/guil.es\/lifters\/#website","url":"https:\/\/guil.es\/lifters\/","name":"GUIL","description":"Ingenier\u00eda para la industria","publisher":{"@id":"https:\/\/guil.es\/lifters\/#organization"},"potentialAction":[{"@type":"SearchAction","target":{"@type":"EntryPoint","urlTemplate":"https:\/\/guil.es\/lifters\/?s={search_term_string}"},"query-input":"required name=search_term_string"}],"inLanguage":"es"},{"@type":"Organization","@id":"https:\/\/guil.es\/lifters\/#organization","name":"GUIL","url":"https:\/\/guil.es\/lifters\/","sameAs":["https:\/\/www.linkedin.com\/company\/guil-lifters\/","https:\/\/www.youtube.com\/channel\/UCPO_ySVpLlTabFUBnqaL48w\/videos?view_as=subscriber","https:\/\/www.instagram.com\/guil_lifters\/","https:\/\/www.facebook.com\/GUIL-lifters-1595855663880679\/?ref=br_rs"],"logo":{"@type":"ImageObject","inLanguage":"es","@id":"https:\/\/guil.es\/lifters\/#\/schema\/logo\/image\/","url":"https:\/\/new.guil.es\/wp-content\/uploads\/2019\/05\/GUIL-TORO-Negro.jpg","contentUrl":"https:\/\/new.guil.es\/wp-content\/uploads\/2019\/05\/GUIL-TORO-Negro.jpg","width":2056,"height":498,"caption":"GUIL"},"image":{"@id":"https:\/\/guil.es\/lifters\/#\/schema\/logo\/image\/"}}]}},"_links":{"self":[{"href":"https:\/\/guil.es\/lifters\/wp-json\/wp\/v2\/product\/5000"}],"collection":[{"href":"https:\/\/guil.es\/lifters\/wp-json\/wp\/v2\/product"}],"about":[{"href":"https:\/\/guil.es\/lifters\/wp-json\/wp\/v2\/types\/product"}],"version-history":[{"count":0,"href":"https:\/\/guil.es\/lifters\/wp-json\/wp\/v2\/product\/5000\/revisions"}],"wp:featuredmedia":[{"embeddable":true,"href":"https:\/\/guil.es\/lifters\/wp-json\/wp\/v2\/media\/24297"}],"wp:attachment":[{"href":"https:\/\/guil.es\/lifters\/wp-json\/wp\/v2\/media?parent=5000"}],"wp:term":[{"taxonomy":"product_cat","embeddable":true,"href":"https:\/\/guil.es\/lifters\/wp-json\/wp\/v2\/product_cat?post=5000"},{"taxonomy":"product_tag","embeddable":true,"href":"https:\/\/guil.es\/lifters\/wp-json\/wp\/v2\/product_tag?post=5000"}],"curies":[{"name":"wp","href":"https:\/\/api.w.org\/{rel}","templated":true}]}}