{"id":5284,"date":"2019-02-20T12:58:58","date_gmt":"2019-02-20T11:58:58","guid":{"rendered":"http:\/\/guil-lifters.com\/?post_type=product&#038;p=5284"},"modified":"2024-04-26T08:13:07","modified_gmt":"2024-04-26T06:13:07","slug":"convierte-elevador-manual-en-electrico-ref-electric","status":"publish","type":"product","link":"https:\/\/guil.es\/lifters\/producto\/convierte-elevador-manual-en-electrico-ref-electric\/","title":{"rendered":"Sistema de Elevaci\u00f3n El\u00e9ctrico <br>2 Sistemas en 1"},"content":{"rendered":"<p>[vc_row king_row_type=\u00bbcontainer_full\u00bb css=\u00bb.vc_custom_1700490506149{padding-top: 0px !important;background-color: #f4f4f4 !important;}\u00bb][vc_column width=\u00bb5\/12&#8243;][vc_single_image image=\u00bb74253&#8243; img_size=\u00bbfull\u00bb css=\u00bb.vc_custom_1704714443553{padding-right: 15px !important;padding-left: 15px !important;}\u00bb][\/vc_column][vc_column width=\u00bb1\/3&#8243;][vc_column_text css=\u00bb.vc_custom_1714111772033{padding-right: 35px !important;padding-left: 35px !important;}\u00bb]<\/p>\n<p style=\"text-align: left;\"><span style=\"color: #000000;\">El sistema \u201c<strong>ELECTRIC<\/strong>\u201d de r\u00e1pida y sencilla instalaci\u00f3n, tiene las siguientes referencias dependiendo de la serie de elevador TORO en el que se vaya a utilizar:<\/span><\/p>\n<p>[\/vc_column_text][vc_column_text css=\u00bb.vc_custom_1704714471935{padding-top: 20px !important;padding-right: 35px !important;padding-left: 35px !important;}\u00bb]<\/p>\n<p style=\"text-align: justify;\"><span style=\"color: #000000;\">\u25aa\u00a0Elevadores <strong>TORO Serie B <\/strong>&#8211; ref.<strong> ELECTRIC-B\/2 <\/strong>&#8211; <\/span>Juego de Sistema El\u00e9ctrico de Elevaci\u00f3n para elevadores TORO de la Serie-B.<br \/>\nIncluye sustituci\u00f3n del cabrestante BULL300-D por el modelo AL-KO 901 (de una palanca). (Peso Neto: 7,30 kg &#8211; sin cabrestante).<\/p>\n<p style=\"text-align: justify;\"><span style=\"color: #000000;\">\u25aa Elevadores <strong>TORO Serie C<\/strong>\u00a0\u2014 ref.<strong>ELECTRIC-C\/2 <\/strong>&#8211; J<\/span>uego de Sistema El\u00e9ctrico de Elevaci\u00f3n para elevadores TORO de la Serie-C y -E<strong>.<br \/>\n<\/strong>\u00a0 Incluye sustituci\u00f3n del cabrestante BULL400-D por el modelo AL-KO 901 (de una palanca) (Peso Neto: 7,30 kg &#8211; sin cabrestante).<\/p>\n<p style=\"text-align: justify;\"><span style=\"color: #000000;\">\u25aa Elevadores <strong>TORO Serie D<\/strong>\u00a0\u2014 ref.<strong>ELECTRIC-D\/2<\/strong>\u00a0&#8211; <\/span>Juego de Sistema El\u00e9ctrico de Elevaci\u00f3n para elevadores TORO de la Serie-D. (Peso: 7,10 kg &#8211; sin cabrestante).<br \/>\n<span style=\"color: #000000;\">\u00a0 NOTA: Al utilizar el sistema el\u00e9ctrico, los modelos TORO de la serie D tienen una capacidad de carga m\u00e1xima de 350 kg.<\/span><\/p>\n<p>[\/vc_column_text][\/vc_column][vc_column width=\u00bb1\/4&#8243;][vc_empty_space height=\u00bb20&#8243;][vc_video link=\u00bbhttps:\/\/youtu.be\/2NcGetNABg8&#8243; el_width=\u00bb90&#8243; align=\u00bbcenter\u00bb][\/vc_column][\/vc_row][vc_row king_row_type=\u00bbcontainer_full\u00bb css=\u00bb.vc_custom_1700490551066{padding-top: 0px !important;background-color: #f4f4f4 !important;}\u00bb][vc_column][vc_empty_space][\/vc_column][\/vc_row]<\/p>\n","protected":false},"excerpt":{"rendered":"<p>Pr\u00e1ctico y seguro sistema que permite elevar las torres TORO de manera el\u00e9ctrica (TORO de las Series B, C y D); convirtiendo las torres manuales en torres el\u00e9ctricas.<\/p>\n<p style=\"text-align: justify;\"><span style=\"color: #000000;\">El sistema \u201c<strong>ELECTRIC<\/strong>\u201d es un complemento muy \u00fatil que permite agilizar y facilitar la elevaci\u00f3n de las torres TORO garantizando m\u00e1xima seguridad en todo momento.<\/span><\/p>\n<p style=\"text-align: justify;\"><span style=\"color: #000000;\">El conjunto est\u00e1 <strong>compuesto por un taladro industrial<\/strong>, marca <strong>METABO<\/strong> (Germany), un <strong>reductor de potencia<\/strong> y un <strong>adaptador para su fijaci\u00f3n al cabrestante<\/strong> del elevador.<\/span><\/p>\n<p style=\"text-align: justify;\"><span style=\"color: #000000;\">El adaptador asegura un agarre firme y seguro del taladro, por lo que no se requiere que el usuario lo mantenga sujeto, <strong>permitiendo trabajar con una sola mano<\/strong>.<\/span><\/p>\n<p style=\"text-align: justify;\"><span style=\"color: #000000;\">El sistema ELECTRIC tiene dos importantes <strong>ventajas<\/strong>:<\/span><\/p>\n<p style=\"text-align: justify;\"><span style=\"color: #000000;\">\u2022 <strong>Tener un dispositivo dual: en caso de fallo en el suministro el\u00e9ctrico puedes volver a colocar la manivela en el cabrestante y utilizarlo de forma manual.<\/strong><\/span><br \/>\n<span style=\"color: #000000;\">\u2022 <strong>Trabajar de una manera r\u00e1pida y sin esfuerzos.<\/strong><\/span><\/p>\n<p style=\"text-align: center;\"><iframe src=\"\/\/www.youtube.com\/embed\/n0XRN9mOndc?list=PLaEnWuMb37rA8Fsf85QobaQLpqR_I2GIt&amp;index=11\" width=\"500\" height=\"280\" allowfullscreen=\"allowfullscreen\"><\/iframe><\/p>\n","protected":false},"featured_media":24235,"template":"","meta":[],"product_cat":[204,740,401,376,205,858],"product_tag":[],"yoast_head":"<!-- This site is optimized with the Yoast SEO plugin v19.7.1 - https:\/\/yoast.com\/wordpress\/plugins\/seo\/ -->\n<title>Sistema de Elevaci\u00f3n El\u00e9ctrico 2 Sistemas en 1 | GUIL<\/title>\n<meta name=\"description\" content=\"Pr\u00e1ctico y seguro sistema que permite elevar las torres TORO de manera el\u00e9ctrica convirtiendo las torres manuales en torres el\u00e9ctricas.\" \/>\n<meta name=\"robots\" content=\"index, follow, max-snippet:-1, max-image-preview:large, max-video-preview:-1\" \/>\n<link rel=\"canonical\" href=\"https:\/\/guil.es\/lifters\/producto\/convierte-elevador-manual-en-electrico-ref-electric\/\" \/>\n<meta property=\"og:locale\" content=\"es_ES\" \/>\n<meta property=\"og:type\" content=\"article\" \/>\n<meta property=\"og:title\" content=\"Sistema de Elevaci\u00f3n El\u00e9ctrico 2 Sistemas en 1 | GUIL\" \/>\n<meta property=\"og:description\" content=\"Pr\u00e1ctico y seguro sistema que permite elevar las torres TORO de manera el\u00e9ctrica convirtiendo las torres manuales en torres el\u00e9ctricas.\" \/>\n<meta property=\"og:url\" content=\"https:\/\/guil.es\/lifters\/producto\/convierte-elevador-manual-en-electrico-ref-electric\/\" \/>\n<meta property=\"og:site_name\" content=\"GUIL\" \/>\n<meta property=\"article:publisher\" content=\"https:\/\/www.facebook.com\/GUIL-lifters-1595855663880679\/?ref=br_rs\" \/>\n<meta property=\"article:modified_time\" content=\"2024-04-26T06:13:07+00:00\" \/>\n<meta property=\"og:image\" content=\"https:\/\/guil.es\/lifters\/wp-content\/uploads\/2019\/02\/Sistema-Electrico-ELECTRIC-1.jpg\" \/>\n\t<meta property=\"og:image:width\" content=\"265\" \/>\n\t<meta property=\"og:image:height\" content=\"265\" \/>\n\t<meta property=\"og:image:type\" content=\"image\/jpeg\" \/>\n<meta name=\"twitter:card\" content=\"summary_large_image\" \/>\n<meta name=\"twitter:label1\" content=\"Tiempo de lectura\" \/>\n\t<meta name=\"twitter:data1\" content=\"1 minuto\" \/>\n<!-- \/ Yoast SEO plugin. -->","yoast_head_json":{"title":"Sistema de Elevaci\u00f3n El\u00e9ctrico 2 Sistemas en 1 | GUIL","description":"Pr\u00e1ctico y seguro sistema que permite elevar las torres TORO de manera el\u00e9ctrica convirtiendo las torres manuales en torres el\u00e9ctricas.","robots":{"index":"index","follow":"follow","max-snippet":"max-snippet:-1","max-image-preview":"max-image-preview:large","max-video-preview":"max-video-preview:-1"},"canonical":"https:\/\/guil.es\/lifters\/producto\/convierte-elevador-manual-en-electrico-ref-electric\/","og_locale":"es_ES","og_type":"article","og_title":"Sistema de Elevaci\u00f3n El\u00e9ctrico 2 Sistemas en 1 | GUIL","og_description":"Pr\u00e1ctico y seguro sistema que permite elevar las torres TORO de manera el\u00e9ctrica convirtiendo las torres manuales en torres el\u00e9ctricas.","og_url":"https:\/\/guil.es\/lifters\/producto\/convierte-elevador-manual-en-electrico-ref-electric\/","og_site_name":"GUIL","article_publisher":"https:\/\/www.facebook.com\/GUIL-lifters-1595855663880679\/?ref=br_rs","article_modified_time":"2024-04-26T06:13:07+00:00","og_image":[{"width":265,"height":265,"url":"https:\/\/guil.es\/lifters\/wp-content\/uploads\/2019\/02\/Sistema-Electrico-ELECTRIC-1.jpg","type":"image\/jpeg"}],"twitter_card":"summary_large_image","twitter_misc":{"Tiempo de lectura":"1 minuto"},"schema":{"@context":"https:\/\/schema.org","@graph":[{"@type":"WebPage","@id":"https:\/\/guil.es\/lifters\/producto\/convierte-elevador-manual-en-electrico-ref-electric\/","url":"https:\/\/guil.es\/lifters\/producto\/convierte-elevador-manual-en-electrico-ref-electric\/","name":"Sistema de Elevaci\u00f3n El\u00e9ctrico 2 Sistemas en 1 | GUIL","isPartOf":{"@id":"https:\/\/guil.es\/lifters\/#website"},"datePublished":"2019-02-20T11:58:58+00:00","dateModified":"2024-04-26T06:13:07+00:00","description":"Pr\u00e1ctico y seguro sistema que permite elevar las torres TORO de manera el\u00e9ctrica convirtiendo las torres manuales en torres el\u00e9ctricas.","breadcrumb":{"@id":"https:\/\/guil.es\/lifters\/producto\/convierte-elevador-manual-en-electrico-ref-electric\/#breadcrumb"},"inLanguage":"es","potentialAction":[{"@type":"ReadAction","target":["https:\/\/guil.es\/lifters\/producto\/convierte-elevador-manual-en-electrico-ref-electric\/"]}]},{"@type":"BreadcrumbList","@id":"https:\/\/guil.es\/lifters\/producto\/convierte-elevador-manual-en-electrico-ref-electric\/#breadcrumb","itemListElement":[{"@type":"ListItem","position":1,"name":"Portada","item":"https:\/\/guil.es\/lifters\/"},{"@type":"ListItem","position":2,"name":"Comparativa","item":"https:\/\/guil.es\/lifters\/comparativa\/"},{"@type":"ListItem","position":3,"name":"Sistema de Elevaci\u00f3n El\u00e9ctrico 2 Sistemas en 1"}]},{"@type":"WebSite","@id":"https:\/\/guil.es\/lifters\/#website","url":"https:\/\/guil.es\/lifters\/","name":"GUIL","description":"Ingenier\u00eda para la industria","publisher":{"@id":"https:\/\/guil.es\/lifters\/#organization"},"potentialAction":[{"@type":"SearchAction","target":{"@type":"EntryPoint","urlTemplate":"https:\/\/guil.es\/lifters\/?s={search_term_string}"},"query-input":"required name=search_term_string"}],"inLanguage":"es"},{"@type":"Organization","@id":"https:\/\/guil.es\/lifters\/#organization","name":"GUIL","url":"https:\/\/guil.es\/lifters\/","sameAs":["https:\/\/www.linkedin.com\/company\/guil-lifters\/","https:\/\/www.youtube.com\/channel\/UCPO_ySVpLlTabFUBnqaL48w\/videos?view_as=subscriber","https:\/\/www.instagram.com\/guil_lifters\/","https:\/\/www.facebook.com\/GUIL-lifters-1595855663880679\/?ref=br_rs"],"logo":{"@type":"ImageObject","inLanguage":"es","@id":"https:\/\/guil.es\/lifters\/#\/schema\/logo\/image\/","url":"https:\/\/new.guil.es\/wp-content\/uploads\/2019\/05\/GUIL-TORO-Negro.jpg","contentUrl":"https:\/\/new.guil.es\/wp-content\/uploads\/2019\/05\/GUIL-TORO-Negro.jpg","width":2056,"height":498,"caption":"GUIL"},"image":{"@id":"https:\/\/guil.es\/lifters\/#\/schema\/logo\/image\/"}}]}},"_links":{"self":[{"href":"https:\/\/guil.es\/lifters\/wp-json\/wp\/v2\/product\/5284"}],"collection":[{"href":"https:\/\/guil.es\/lifters\/wp-json\/wp\/v2\/product"}],"about":[{"href":"https:\/\/guil.es\/lifters\/wp-json\/wp\/v2\/types\/product"}],"version-history":[{"count":6,"href":"https:\/\/guil.es\/lifters\/wp-json\/wp\/v2\/product\/5284\/revisions"}],"predecessor-version":[{"id":121520,"href":"https:\/\/guil.es\/lifters\/wp-json\/wp\/v2\/product\/5284\/revisions\/121520"}],"wp:featuredmedia":[{"embeddable":true,"href":"https:\/\/guil.es\/lifters\/wp-json\/wp\/v2\/media\/24235"}],"wp:attachment":[{"href":"https:\/\/guil.es\/lifters\/wp-json\/wp\/v2\/media?parent=5284"}],"wp:term":[{"taxonomy":"product_cat","embeddable":true,"href":"https:\/\/guil.es\/lifters\/wp-json\/wp\/v2\/product_cat?post=5284"},{"taxonomy":"product_tag","embeddable":true,"href":"https:\/\/guil.es\/lifters\/wp-json\/wp\/v2\/product_tag?post=5284"}],"curies":[{"name":"wp","href":"https:\/\/api.w.org\/{rel}","templated":true}]}}