{"id":5307,"date":"2019-02-20T13:05:05","date_gmt":"2019-02-20T12:05:05","guid":{"rendered":"http:\/\/guil-lifters.com\/?post_type=product&#038;p=5307"},"modified":"2023-11-15T17:45:52","modified_gmt":"2023-11-15T16:45:52","slug":"plataforma-para-elevadores-ref-act-04-l","status":"publish","type":"product","link":"https:\/\/guil.es\/lifters\/producto\/plataforma-para-elevadores-ref-act-04-l\/","title":{"rendered":"Plataforma para Elevadores<br>(630&#215;500 mm)"},"content":{"rendered":"","protected":false},"excerpt":{"rendered":"<p><strong>Eleva tus cargas con la Plataforma para Elevadores<\/strong><\/p>\n<p>La bandeja de carga es perfecta para elevar cargas con medidas irregulares. Esta pr\u00e1ctica plataforma de aluminio se inserta en las <strong>HORQUILLAS de 60&#215;60 mm<\/strong> de los elevadores TORO y se fija mediante pasadores de seguridad de neodimio imantado.<br \/>\n&gt; Peso Neto: 4,5 kg<\/p>\n<p>El adaptador es v\u00e1lido para elevadores:<br \/>\n<strong>TORO Serie A (NEW 2020)<\/strong>\u00a0<strong>TORO Serie B<\/strong>,\u00a0<strong>TORO Serie C<\/strong>\u00a0y\u00a0<strong>TORO Serie D<\/strong>.<\/p>\n<p><strong>\u25aa\u00a0Agiliza el Trabajo<\/strong><\/p>\n<p>La Plataforma ACT-04\/L, de r\u00e1pida y sencilla colocaci\u00f3n (sin necesidad de usar herramientas), tambi\u00e9n se puede emplear como mesa de apoyo, agilizando el trabajo, con el consecuente ahorro de tiempo y el aumento de la productividad.<\/p>\n<p><strong>\u25aa\u00a0M\u00e1xima funcionalidad<\/strong><\/p>\n<p>Permite transportar, elevar, colocar e instalar multitud de cargas que debido a su peso y a su forma irregular ser\u00edan dif\u00edciles de manipular.<br \/>\nSe puede utilizar como mesa de trabajo para reparaci\u00f3n de cargas pesadas (bobinas, motores,..)<\/p>\n<p><strong>\u25aa\u00a0Fabricaci\u00f3n<\/strong><\/p>\n<p>La Plataforma para Elevadores &#8211; Ref. ACT-04\/L de carga est\u00e1 fabricada en aluminio de chapa damero, evitando cualquier problema de oxidaci\u00f3n. Su dise\u00f1o estriado hace que la carga no deslice.<\/p>\n<p>&nbsp;<\/p>\n","protected":false},"featured_media":23944,"template":"","meta":[],"product_cat":[204,714,401,376,205],"product_tag":[],"yoast_head":"<!-- This site is optimized with the Yoast SEO plugin v19.7.1 - https:\/\/yoast.com\/wordpress\/plugins\/seo\/ -->\n<title>Plataforma para Elevadores(630x500 mm) - Ref. ACT-04\/L | GUIL<\/title>\n<meta name=\"description\" content=\"Plataforma para Elevadores - Ref. ACT-04\/L. Adaptador para Torre elevadora de carga. Elevaci\u00f3n de todo tipo de materiales y cargas.\" \/>\n<meta name=\"robots\" content=\"index, follow, max-snippet:-1, max-image-preview:large, max-video-preview:-1\" \/>\n<link rel=\"canonical\" href=\"https:\/\/guil.es\/lifters\/producto\/plataforma-para-elevadores-ref-act-04-l\/\" \/>\n<meta property=\"og:locale\" content=\"es_ES\" \/>\n<meta property=\"og:type\" content=\"article\" \/>\n<meta property=\"og:title\" content=\"Plataforma para Elevadores(630x500 mm) - Ref. ACT-04\/L | GUIL\" \/>\n<meta property=\"og:description\" content=\"Plataforma para Elevadores - Ref. ACT-04\/L. Adaptador para Torre elevadora de carga. Elevaci\u00f3n de todo tipo de materiales y cargas.\" \/>\n<meta property=\"og:url\" content=\"https:\/\/guil.es\/lifters\/producto\/plataforma-para-elevadores-ref-act-04-l\/\" \/>\n<meta property=\"og:site_name\" content=\"GUIL\" \/>\n<meta property=\"article:publisher\" content=\"https:\/\/www.facebook.com\/GUIL-lifters-1595855663880679\/?ref=br_rs\" \/>\n<meta property=\"article:modified_time\" content=\"2023-11-15T16:45:52+00:00\" \/>\n<meta property=\"og:image\" content=\"https:\/\/guil.es\/lifters\/wp-content\/uploads\/2019\/02\/Plataforma-de-carga-ACT-04-L.jpg\" \/>\n\t<meta property=\"og:image:width\" content=\"265\" \/>\n\t<meta property=\"og:image:height\" content=\"265\" \/>\n\t<meta property=\"og:image:type\" content=\"image\/jpeg\" \/>\n<meta name=\"twitter:card\" content=\"summary_large_image\" \/>\n<!-- \/ Yoast SEO plugin. -->","yoast_head_json":{"title":"Plataforma para Elevadores(630x500 mm) - Ref. ACT-04\/L | GUIL","description":"Plataforma para Elevadores - Ref. ACT-04\/L. Adaptador para Torre elevadora de carga. Elevaci\u00f3n de todo tipo de materiales y cargas.","robots":{"index":"index","follow":"follow","max-snippet":"max-snippet:-1","max-image-preview":"max-image-preview:large","max-video-preview":"max-video-preview:-1"},"canonical":"https:\/\/guil.es\/lifters\/producto\/plataforma-para-elevadores-ref-act-04-l\/","og_locale":"es_ES","og_type":"article","og_title":"Plataforma para Elevadores(630x500 mm) - Ref. ACT-04\/L | GUIL","og_description":"Plataforma para Elevadores - Ref. ACT-04\/L. Adaptador para Torre elevadora de carga. Elevaci\u00f3n de todo tipo de materiales y cargas.","og_url":"https:\/\/guil.es\/lifters\/producto\/plataforma-para-elevadores-ref-act-04-l\/","og_site_name":"GUIL","article_publisher":"https:\/\/www.facebook.com\/GUIL-lifters-1595855663880679\/?ref=br_rs","article_modified_time":"2023-11-15T16:45:52+00:00","og_image":[{"width":265,"height":265,"url":"https:\/\/guil.es\/lifters\/wp-content\/uploads\/2019\/02\/Plataforma-de-carga-ACT-04-L.jpg","type":"image\/jpeg"}],"twitter_card":"summary_large_image","schema":{"@context":"https:\/\/schema.org","@graph":[{"@type":"WebPage","@id":"https:\/\/guil.es\/lifters\/producto\/plataforma-para-elevadores-ref-act-04-l\/","url":"https:\/\/guil.es\/lifters\/producto\/plataforma-para-elevadores-ref-act-04-l\/","name":"Plataforma para Elevadores (630x500 mm) - Ref. ACT-04\/L | GUIL","isPartOf":{"@id":"https:\/\/guil.es\/lifters\/#website"},"datePublished":"2019-02-20T12:05:05+00:00","dateModified":"2023-11-15T16:45:52+00:00","description":"Plataforma para Elevadores - Ref. ACT-04\/L. Adaptador para Torre elevadora de carga. Elevaci\u00f3n de todo tipo de materiales y cargas.","breadcrumb":{"@id":"https:\/\/guil.es\/lifters\/producto\/plataforma-para-elevadores-ref-act-04-l\/#breadcrumb"},"inLanguage":"es","potentialAction":[{"@type":"ReadAction","target":["https:\/\/guil.es\/lifters\/producto\/plataforma-para-elevadores-ref-act-04-l\/"]}]},{"@type":"BreadcrumbList","@id":"https:\/\/guil.es\/lifters\/producto\/plataforma-para-elevadores-ref-act-04-l\/#breadcrumb","itemListElement":[{"@type":"ListItem","position":1,"name":"Portada","item":"https:\/\/guil.es\/lifters\/"},{"@type":"ListItem","position":2,"name":"Comparativa","item":"https:\/\/guil.es\/lifters\/comparativa\/"},{"@type":"ListItem","position":3,"name":"Plataforma para Elevadores(630&#215;500 mm)"}]},{"@type":"WebSite","@id":"https:\/\/guil.es\/lifters\/#website","url":"https:\/\/guil.es\/lifters\/","name":"GUIL","description":"Ingenier\u00eda para la industria","publisher":{"@id":"https:\/\/guil.es\/lifters\/#organization"},"potentialAction":[{"@type":"SearchAction","target":{"@type":"EntryPoint","urlTemplate":"https:\/\/guil.es\/lifters\/?s={search_term_string}"},"query-input":"required name=search_term_string"}],"inLanguage":"es"},{"@type":"Organization","@id":"https:\/\/guil.es\/lifters\/#organization","name":"GUIL","url":"https:\/\/guil.es\/lifters\/","sameAs":["https:\/\/www.linkedin.com\/company\/guil-lifters\/","https:\/\/www.youtube.com\/channel\/UCPO_ySVpLlTabFUBnqaL48w\/videos?view_as=subscriber","https:\/\/www.instagram.com\/guil_lifters\/","https:\/\/www.facebook.com\/GUIL-lifters-1595855663880679\/?ref=br_rs"],"logo":{"@type":"ImageObject","inLanguage":"es","@id":"https:\/\/guil.es\/lifters\/#\/schema\/logo\/image\/","url":"https:\/\/new.guil.es\/wp-content\/uploads\/2019\/05\/GUIL-TORO-Negro.jpg","contentUrl":"https:\/\/new.guil.es\/wp-content\/uploads\/2019\/05\/GUIL-TORO-Negro.jpg","width":2056,"height":498,"caption":"GUIL"},"image":{"@id":"https:\/\/guil.es\/lifters\/#\/schema\/logo\/image\/"}}]}},"_links":{"self":[{"href":"https:\/\/guil.es\/lifters\/wp-json\/wp\/v2\/product\/5307"}],"collection":[{"href":"https:\/\/guil.es\/lifters\/wp-json\/wp\/v2\/product"}],"about":[{"href":"https:\/\/guil.es\/lifters\/wp-json\/wp\/v2\/types\/product"}],"version-history":[{"count":0,"href":"https:\/\/guil.es\/lifters\/wp-json\/wp\/v2\/product\/5307\/revisions"}],"wp:featuredmedia":[{"embeddable":true,"href":"https:\/\/guil.es\/lifters\/wp-json\/wp\/v2\/media\/23944"}],"wp:attachment":[{"href":"https:\/\/guil.es\/lifters\/wp-json\/wp\/v2\/media?parent=5307"}],"wp:term":[{"taxonomy":"product_cat","embeddable":true,"href":"https:\/\/guil.es\/lifters\/wp-json\/wp\/v2\/product_cat?post=5307"},{"taxonomy":"product_tag","embeddable":true,"href":"https:\/\/guil.es\/lifters\/wp-json\/wp\/v2\/product_tag?post=5307"}],"curies":[{"name":"wp","href":"https:\/\/api.w.org\/{rel}","templated":true}]}}