{"id":5313,"date":"2019-02-20T13:06:41","date_gmt":"2019-02-20T12:06:41","guid":{"rendered":"http:\/\/guil-lifters.com\/?post_type=product&#038;p=5313"},"modified":"2024-07-29T11:06:12","modified_gmt":"2024-07-29T09:06:12","slug":"conversor-elevador-grua-movil-ref-act-05","status":"publish","type":"product","link":"https:\/\/guil.es\/lifters\/producto\/conversor-elevador-grua-movil-ref-act-05\/","title":{"rendered":"Conversor de Elevador <br>en Gr\u00faa M\u00f3vil"},"content":{"rendered":"","protected":false},"excerpt":{"rendered":"<p>Pr\u00e1ctico adaptador-pluma que permite convertir al Elevador TORO en una gr\u00faa m\u00f3vil.<\/p>\n<p>El Conversor Elevador-Gr\u00faa M\u00f3vil \u2013 Ref. ACT-05 est\u00e1 especialmente dise\u00f1ado para la elevaci\u00f3n de cargas donde se requiere un elevador con gran capacidad de carga y adem\u00e1s que se pueda aproximar al m\u00e1ximo al lugar de trabajo.<\/p>\n<p><span style=\"color: #000000;\">Este pr\u00e1ctico brazo de gran resistencia de carga se fija directamente al carro del elevador mediante torniller\u00eda de M12 (incluida); no es necesario el uso de las horquillas.<\/span><\/p>\n<p><span style=\"color: #000000;\"><strong>IMPORTANTE:<\/strong>\u00a0Si se va a utilizar el Elevador \u00fanicamente con el adaptador ref. ACT-05 y por lo tanto no se va a hacer uso de las horquillas, ind\u00edquelo y el elevador se suministrar\u00e1 con el adaptador en lugar de las horquillas (no se cobrar\u00e1 el adaptador).<\/span><\/p>\n<p><span style=\"color: #000000;\">El adaptador tiene las siguientes referencias, dependiendo del modelo de elevador.<\/span><\/p>\n<p><span style=\"color: #000000;\">&#8211; Elevadores <strong>TORO Serie A<\/strong>\u00a0: Adaptador\u00a0<strong>Ref. ACT-05\/B-2<\/strong>\u00a0\u2013 Peso Neto: 4,50 kg<br \/>\n<\/span><span style=\"color: #000000;\">&#8211; Elevadores <strong>TORO Serie B<\/strong>\u00a0: Adaptador\u00a0<strong>Ref. ACT-05\/B-2<\/strong>\u00a0\u2013 Peso Neto: 4,50 kg<\/span><br \/>\n<span style=\"color: #000000;\">&#8211; Elevadores\u00a0<strong>TORO Serie C<\/strong>\u00a0: Adaptador\u00a0<strong>Ref. ACT-05\/C-D<\/strong>\u00a0\u2013 Peso Neto: 7,50 kg<\/span><br \/>\n<span style=\"color: #000000;\">&#8211; Elevadores\u00a0<strong>TORO Serie D<\/strong>\u00a0: Adaptador\u00a0<strong>Ref. ACT-05\/C-D<\/strong>\u00a0\u2013 Peso Neto: 7,50 kg<\/span><\/p>\n<p><span style=\"color: #000000;\"><strong>Este adaptador no es v\u00e1lido para elevadores de la Serie E<\/strong><\/span><span style=\"color: #000000;\"><strong>.<br \/>\n<\/strong><\/span><span style=\"color: #000000;\"><strong>Nota:\u00a0<\/strong>La capacidad de carga de la gr\u00faa se reduce cuando se utiliza este brazo-gancho.<\/span><\/p>\n<p><span style=\"color: #000000;\"><strong>\u25aa MAXIMIZA LAS FUNCIONES<\/strong><\/span><\/p>\n<p><span style=\"color: #000000;\">El Brazo-Gancho ref. ACT-05, permite la elevaci\u00f3n e instalaci\u00f3n de lunas colocando un adaptador de ventosas.<\/span><\/p>\n<p><span style=\"color: #000000;\">Este accesorio tambi\u00e9n se utiliza para la elevaci\u00f3n de motores, polipastos, herramientas, cortacircuitos\u2026 maximizando las funciones del elevador.<\/span><\/p>\n<p><span style=\"color: #000000;\">Si se va a utilizar este adaptador y necesita insertar las patas delanteras en la parte trasera de la torre, se debe colocar contrapesos. GUIL fabrica una pr\u00e1ctica bandeja ref. CB-01 y contrapesos ref. CW-01.<\/span><\/p>\n<p><span style=\"color: #000000;\"><strong>\u25aa FABRICACI\u00d3N<\/strong><\/span><\/p>\n<p><span style=\"color: #000000;\">El brazo-gancho est\u00e1 fabricado en acero con acabado en pintura texturada EPOXY antirralladura con doble tratamiento para un perfecto mantenimiento durante su uso en exteriores.<\/span><\/p>\n","protected":false},"featured_media":24100,"template":"","meta":[],"product_cat":[204,411,714,401,376,205],"product_tag":[],"yoast_head":"<!-- This site is optimized with the Yoast SEO plugin v19.7.1 - https:\/\/yoast.com\/wordpress\/plugins\/seo\/ -->\n<title>Conversor de Elevador en Gr\u00faa M\u00f3vil - Ref. ACT-05 | GUIL<\/title>\n<meta name=\"description\" content=\"Conversor Elevador-Gr\u00faa M\u00f3vil - Ref. ACT-05. Convierte tu torre elevadora en una gr\u00faa m\u00f3vil con nuestro gancho Conversor.\" \/>\n<meta name=\"robots\" content=\"index, follow, max-snippet:-1, max-image-preview:large, max-video-preview:-1\" \/>\n<link rel=\"canonical\" href=\"https:\/\/guil.es\/lifters\/producto\/conversor-elevador-grua-movil-ref-act-05\/\" \/>\n<meta property=\"og:locale\" content=\"es_ES\" \/>\n<meta property=\"og:type\" content=\"article\" \/>\n<meta property=\"og:title\" content=\"Conversor de Elevador en Gr\u00faa M\u00f3vil - Ref. ACT-05 | GUIL\" \/>\n<meta property=\"og:description\" content=\"Conversor Elevador-Gr\u00faa M\u00f3vil - Ref. ACT-05. Convierte tu torre elevadora en una gr\u00faa m\u00f3vil con nuestro gancho Conversor.\" \/>\n<meta property=\"og:url\" content=\"https:\/\/guil.es\/lifters\/producto\/conversor-elevador-grua-movil-ref-act-05\/\" \/>\n<meta property=\"og:site_name\" content=\"GUIL\" \/>\n<meta property=\"article:publisher\" content=\"https:\/\/www.facebook.com\/GUIL-lifters-1595855663880679\/?ref=br_rs\" \/>\n<meta property=\"article:modified_time\" content=\"2024-07-29T09:06:12+00:00\" \/>\n<meta property=\"og:image\" content=\"https:\/\/guil.es\/lifters\/wp-content\/uploads\/2019\/02\/Pluma-con-gancho-ACT-05-12.jpg\" \/>\n\t<meta property=\"og:image:width\" content=\"265\" \/>\n\t<meta property=\"og:image:height\" content=\"265\" \/>\n\t<meta property=\"og:image:type\" content=\"image\/jpeg\" \/>\n<meta name=\"twitter:card\" content=\"summary_large_image\" \/>\n<!-- \/ Yoast SEO plugin. -->","yoast_head_json":{"title":"Conversor de Elevador en Gr\u00faa M\u00f3vil - Ref. ACT-05 | GUIL","description":"Conversor Elevador-Gr\u00faa M\u00f3vil - Ref. ACT-05. Convierte tu torre elevadora en una gr\u00faa m\u00f3vil con nuestro gancho Conversor.","robots":{"index":"index","follow":"follow","max-snippet":"max-snippet:-1","max-image-preview":"max-image-preview:large","max-video-preview":"max-video-preview:-1"},"canonical":"https:\/\/guil.es\/lifters\/producto\/conversor-elevador-grua-movil-ref-act-05\/","og_locale":"es_ES","og_type":"article","og_title":"Conversor de Elevador en Gr\u00faa M\u00f3vil - Ref. ACT-05 | GUIL","og_description":"Conversor Elevador-Gr\u00faa M\u00f3vil - Ref. ACT-05. Convierte tu torre elevadora en una gr\u00faa m\u00f3vil con nuestro gancho Conversor.","og_url":"https:\/\/guil.es\/lifters\/producto\/conversor-elevador-grua-movil-ref-act-05\/","og_site_name":"GUIL","article_publisher":"https:\/\/www.facebook.com\/GUIL-lifters-1595855663880679\/?ref=br_rs","article_modified_time":"2024-07-29T09:06:12+00:00","og_image":[{"width":265,"height":265,"url":"https:\/\/guil.es\/lifters\/wp-content\/uploads\/2019\/02\/Pluma-con-gancho-ACT-05-12.jpg","type":"image\/jpeg"}],"twitter_card":"summary_large_image","schema":{"@context":"https:\/\/schema.org","@graph":[{"@type":"WebPage","@id":"https:\/\/guil.es\/lifters\/producto\/conversor-elevador-grua-movil-ref-act-05\/","url":"https:\/\/guil.es\/lifters\/producto\/conversor-elevador-grua-movil-ref-act-05\/","name":"Conversor de Elevador en Gr\u00faa M\u00f3vil - Ref. ACT-05 | GUIL","isPartOf":{"@id":"https:\/\/guil.es\/lifters\/#website"},"datePublished":"2019-02-20T12:06:41+00:00","dateModified":"2024-07-29T09:06:12+00:00","description":"Conversor Elevador-Gr\u00faa M\u00f3vil - Ref. ACT-05. Convierte tu torre elevadora en una gr\u00faa m\u00f3vil con nuestro gancho Conversor.","breadcrumb":{"@id":"https:\/\/guil.es\/lifters\/producto\/conversor-elevador-grua-movil-ref-act-05\/#breadcrumb"},"inLanguage":"es","potentialAction":[{"@type":"ReadAction","target":["https:\/\/guil.es\/lifters\/producto\/conversor-elevador-grua-movil-ref-act-05\/"]}]},{"@type":"BreadcrumbList","@id":"https:\/\/guil.es\/lifters\/producto\/conversor-elevador-grua-movil-ref-act-05\/#breadcrumb","itemListElement":[{"@type":"ListItem","position":1,"name":"Portada","item":"https:\/\/guil.es\/lifters\/"},{"@type":"ListItem","position":2,"name":"Comparativa","item":"https:\/\/guil.es\/lifters\/comparativa\/"},{"@type":"ListItem","position":3,"name":"Conversor de Elevador en Gr\u00faa M\u00f3vil"}]},{"@type":"WebSite","@id":"https:\/\/guil.es\/lifters\/#website","url":"https:\/\/guil.es\/lifters\/","name":"GUIL","description":"Ingenier\u00eda para la industria","publisher":{"@id":"https:\/\/guil.es\/lifters\/#organization"},"potentialAction":[{"@type":"SearchAction","target":{"@type":"EntryPoint","urlTemplate":"https:\/\/guil.es\/lifters\/?s={search_term_string}"},"query-input":"required name=search_term_string"}],"inLanguage":"es"},{"@type":"Organization","@id":"https:\/\/guil.es\/lifters\/#organization","name":"GUIL","url":"https:\/\/guil.es\/lifters\/","sameAs":["https:\/\/www.linkedin.com\/company\/guil-lifters\/","https:\/\/www.youtube.com\/channel\/UCPO_ySVpLlTabFUBnqaL48w\/videos?view_as=subscriber","https:\/\/www.instagram.com\/guil_lifters\/","https:\/\/www.facebook.com\/GUIL-lifters-1595855663880679\/?ref=br_rs"],"logo":{"@type":"ImageObject","inLanguage":"es","@id":"https:\/\/guil.es\/lifters\/#\/schema\/logo\/image\/","url":"https:\/\/new.guil.es\/wp-content\/uploads\/2019\/05\/GUIL-TORO-Negro.jpg","contentUrl":"https:\/\/new.guil.es\/wp-content\/uploads\/2019\/05\/GUIL-TORO-Negro.jpg","width":2056,"height":498,"caption":"GUIL"},"image":{"@id":"https:\/\/guil.es\/lifters\/#\/schema\/logo\/image\/"}}]}},"_links":{"self":[{"href":"https:\/\/guil.es\/lifters\/wp-json\/wp\/v2\/product\/5313"}],"collection":[{"href":"https:\/\/guil.es\/lifters\/wp-json\/wp\/v2\/product"}],"about":[{"href":"https:\/\/guil.es\/lifters\/wp-json\/wp\/v2\/types\/product"}],"version-history":[{"count":1,"href":"https:\/\/guil.es\/lifters\/wp-json\/wp\/v2\/product\/5313\/revisions"}],"predecessor-version":[{"id":134669,"href":"https:\/\/guil.es\/lifters\/wp-json\/wp\/v2\/product\/5313\/revisions\/134669"}],"wp:featuredmedia":[{"embeddable":true,"href":"https:\/\/guil.es\/lifters\/wp-json\/wp\/v2\/media\/24100"}],"wp:attachment":[{"href":"https:\/\/guil.es\/lifters\/wp-json\/wp\/v2\/media?parent=5313"}],"wp:term":[{"taxonomy":"product_cat","embeddable":true,"href":"https:\/\/guil.es\/lifters\/wp-json\/wp\/v2\/product_cat?post=5313"},{"taxonomy":"product_tag","embeddable":true,"href":"https:\/\/guil.es\/lifters\/wp-json\/wp\/v2\/product_tag?post=5313"}],"curies":[{"name":"wp","href":"https:\/\/api.w.org\/{rel}","templated":true}]}}