{"id":5316,"date":"2019-02-20T13:07:18","date_gmt":"2019-02-20T12:07:18","guid":{"rendered":"http:\/\/guil-lifters.com\/?post_type=product&#038;p=5316"},"modified":"2026-02-26T13:17:26","modified_gmt":"2026-02-26T12:17:26","slug":"adaptador-para-instalar-persianas-y-puertas-enrollables-ref-act-06","status":"publish","type":"product","link":"https:\/\/guil.es\/lifters\/producto\/adaptador-para-instalar-persianas-y-puertas-enrollables-ref-act-06\/","title":{"rendered":"Adaptador para persianas <br>y puertas enrollables"},"content":{"rendered":"","protected":false},"excerpt":{"rendered":"<p>Pr\u00e1ctico adaptador para elevar cargas que para su instalaci\u00f3n requieran de una ayuda con ruedas, tales como persianas, puertas met\u00e1licas enrollables, etc. (Peso Neto: 8,60 Kg)<\/p>\n<p>Est\u00e1 compuesto por 4 piezas con ruedas que se insertan en las <strong>HORQUILLAS de 60&#215;60 mm<\/strong> de los elevadores TORO.\u00a0 As\u00ed pues, cada una de ellas se fija de manera independiente a la altura de las horquillas donde se requiera, dependiendo del tama\u00f1o de la carga a elevar.<\/p>\n<p><strong>\u25ba <\/strong><strong>IMPORTANTE: <\/strong>Para su correcto funcionamiento:<br \/>\n<span style=\"border-image: initial; border: 1px solid black;\"><strong>\u00a0 la carga debe descansar entre las ruedas del adaptador, sin apoyar en la horquilla.\u00a0<\/strong><\/span><\/p>\n<p>Tambi\u00e9n es v\u00e1lido para elevadores<strong> TORO Serie A (NEW 2020), TORO Serie B, TORO Serie C <\/strong>y<strong> TORO Serie D.<\/strong><\/p>\n<p><strong>\u25aa M\u00c1XIMA FUNCIONALIDAD<\/strong><\/p>\n<p>Permite elevar, posicionar y mantener multitud de cargas que debido a su forma curvil\u00ednea ser\u00edan dif\u00edciles de instalar.<\/p>\n<p>Con el adaptador ACT-06 se consigue que la instalaci\u00f3n de persianas y puertas enrollables sea mucho m\u00e1s \u00e1gil. Sus cuatro ruedas permiten que la carga a elevar pueda girar agilizando su instalaci\u00f3n.<\/p>\n<p><strong>\u25aa AGILIZA EL TRABAJO<\/strong><\/p>\n<p>Los cuatro adaptadores con las ruedas se instalan r\u00e1pida y sencillamente (sin necesidad de usar herramientas), facilitando el trabajo, con el consecuente ahorro de tiempo y aumento de la productividad.<\/p>\n<p>\u25aa <strong>FABRICACI\u00d3N<\/strong><\/p>\n<p>El Adaptador Persianas Puertas Enrollables ACT-06, de r\u00e1pida y sencilla instalaci\u00f3n, est\u00e1 provisto de cuatro ruedas reforzadas de \u00d8200mm con adaptadores fabricados en acero con acabado en pintura texturada EPOXY anti\u00f3xido\/antirralladura con doble tratamiento para un perfecto mantenimiento durante su uso en exteriores.<\/p>\n","protected":false},"featured_media":137240,"template":"","meta":[],"product_cat":[204,714,401,376,205],"product_tag":[],"yoast_head":"<!-- This site is optimized with the Yoast SEO plugin v19.7.1 - https:\/\/yoast.com\/wordpress\/plugins\/seo\/ -->\n<title>Adaptador para persianas y puertas enrollables-Ref. ACT-06 | GUIL<\/title>\n<meta name=\"description\" content=\"Pr\u00e1ctico adaptador para elevar cargas que para su instalaci\u00f3n requieran de una ayuda con ruedas, tales como persianas, puertas met\u00e1licas enrollables, etc.\" \/>\n<meta name=\"robots\" content=\"index, follow, max-snippet:-1, max-image-preview:large, max-video-preview:-1\" \/>\n<link rel=\"canonical\" href=\"https:\/\/guil.es\/lifters\/producto\/adaptador-para-instalar-persianas-y-puertas-enrollables-ref-act-06\/\" \/>\n<meta property=\"og:locale\" content=\"es_ES\" \/>\n<meta property=\"og:type\" content=\"article\" \/>\n<meta property=\"og:title\" content=\"Adaptador para persianas y puertas enrollables-Ref. ACT-06 | GUIL\" \/>\n<meta property=\"og:description\" content=\"Pr\u00e1ctico adaptador para elevar cargas que para su instalaci\u00f3n requieran de una ayuda con ruedas, tales como persianas, puertas met\u00e1licas enrollables, etc.\" \/>\n<meta property=\"og:url\" content=\"https:\/\/guil.es\/lifters\/producto\/adaptador-para-instalar-persianas-y-puertas-enrollables-ref-act-06\/\" \/>\n<meta property=\"og:site_name\" content=\"GUIL\" \/>\n<meta property=\"article:publisher\" content=\"https:\/\/www.facebook.com\/GUIL-lifters-1595855663880679\/?ref=br_rs\" \/>\n<meta property=\"article:modified_time\" content=\"2026-02-26T12:17:26+00:00\" \/>\n<meta property=\"og:image\" content=\"https:\/\/guil.es\/lifters\/wp-content\/uploads\/2019\/02\/Adaptador-persianas-ACT-06-9.jpg\" \/>\n\t<meta property=\"og:image:width\" content=\"265\" \/>\n\t<meta property=\"og:image:height\" content=\"265\" \/>\n\t<meta property=\"og:image:type\" content=\"image\/jpeg\" \/>\n<meta name=\"twitter:card\" content=\"summary_large_image\" \/>\n<!-- \/ Yoast SEO plugin. -->","yoast_head_json":{"title":"Adaptador para persianas y puertas enrollables-Ref. ACT-06 | GUIL","description":"Pr\u00e1ctico adaptador para elevar cargas que para su instalaci\u00f3n requieran de una ayuda con ruedas, tales como persianas, puertas met\u00e1licas enrollables, etc.","robots":{"index":"index","follow":"follow","max-snippet":"max-snippet:-1","max-image-preview":"max-image-preview:large","max-video-preview":"max-video-preview:-1"},"canonical":"https:\/\/guil.es\/lifters\/producto\/adaptador-para-instalar-persianas-y-puertas-enrollables-ref-act-06\/","og_locale":"es_ES","og_type":"article","og_title":"Adaptador para persianas y puertas enrollables-Ref. ACT-06 | GUIL","og_description":"Pr\u00e1ctico adaptador para elevar cargas que para su instalaci\u00f3n requieran de una ayuda con ruedas, tales como persianas, puertas met\u00e1licas enrollables, etc.","og_url":"https:\/\/guil.es\/lifters\/producto\/adaptador-para-instalar-persianas-y-puertas-enrollables-ref-act-06\/","og_site_name":"GUIL","article_publisher":"https:\/\/www.facebook.com\/GUIL-lifters-1595855663880679\/?ref=br_rs","article_modified_time":"2026-02-26T12:17:26+00:00","og_image":[{"width":265,"height":265,"url":"https:\/\/guil.es\/lifters\/wp-content\/uploads\/2019\/02\/Adaptador-persianas-ACT-06-9.jpg","type":"image\/jpeg"}],"twitter_card":"summary_large_image","schema":{"@context":"https:\/\/schema.org","@graph":[{"@type":"WebPage","@id":"https:\/\/guil.es\/lifters\/producto\/adaptador-para-instalar-persianas-y-puertas-enrollables-ref-act-06\/","url":"https:\/\/guil.es\/lifters\/producto\/adaptador-para-instalar-persianas-y-puertas-enrollables-ref-act-06\/","name":"Adaptador para persianas y puertas enrollables-Ref. ACT-06 | GUIL","isPartOf":{"@id":"https:\/\/guil.es\/lifters\/#website"},"datePublished":"2019-02-20T12:07:18+00:00","dateModified":"2026-02-26T12:17:26+00:00","description":"Pr\u00e1ctico adaptador para elevar cargas que para su instalaci\u00f3n requieran de una ayuda con ruedas, tales como persianas, puertas met\u00e1licas enrollables, etc.","breadcrumb":{"@id":"https:\/\/guil.es\/lifters\/producto\/adaptador-para-instalar-persianas-y-puertas-enrollables-ref-act-06\/#breadcrumb"},"inLanguage":"es","potentialAction":[{"@type":"ReadAction","target":["https:\/\/guil.es\/lifters\/producto\/adaptador-para-instalar-persianas-y-puertas-enrollables-ref-act-06\/"]}]},{"@type":"BreadcrumbList","@id":"https:\/\/guil.es\/lifters\/producto\/adaptador-para-instalar-persianas-y-puertas-enrollables-ref-act-06\/#breadcrumb","itemListElement":[{"@type":"ListItem","position":1,"name":"Portada","item":"https:\/\/guil.es\/lifters\/"},{"@type":"ListItem","position":2,"name":"Comparativa","item":"https:\/\/guil.es\/lifters\/comparativa\/"},{"@type":"ListItem","position":3,"name":"Adaptador para persianas y puertas enrollables"}]},{"@type":"WebSite","@id":"https:\/\/guil.es\/lifters\/#website","url":"https:\/\/guil.es\/lifters\/","name":"GUIL","description":"Ingenier\u00eda para la industria","publisher":{"@id":"https:\/\/guil.es\/lifters\/#organization"},"potentialAction":[{"@type":"SearchAction","target":{"@type":"EntryPoint","urlTemplate":"https:\/\/guil.es\/lifters\/?s={search_term_string}"},"query-input":"required name=search_term_string"}],"inLanguage":"es"},{"@type":"Organization","@id":"https:\/\/guil.es\/lifters\/#organization","name":"GUIL","url":"https:\/\/guil.es\/lifters\/","sameAs":["https:\/\/www.linkedin.com\/company\/guil-lifters\/","https:\/\/www.youtube.com\/channel\/UCPO_ySVpLlTabFUBnqaL48w\/videos?view_as=subscriber","https:\/\/www.instagram.com\/guil_lifters\/","https:\/\/www.facebook.com\/GUIL-lifters-1595855663880679\/?ref=br_rs"],"logo":{"@type":"ImageObject","inLanguage":"es","@id":"https:\/\/guil.es\/lifters\/#\/schema\/logo\/image\/","url":"https:\/\/new.guil.es\/wp-content\/uploads\/2019\/05\/GUIL-TORO-Negro.jpg","contentUrl":"https:\/\/new.guil.es\/wp-content\/uploads\/2019\/05\/GUIL-TORO-Negro.jpg","width":2056,"height":498,"caption":"GUIL"},"image":{"@id":"https:\/\/guil.es\/lifters\/#\/schema\/logo\/image\/"}}]}},"_links":{"self":[{"href":"https:\/\/guil.es\/lifters\/wp-json\/wp\/v2\/product\/5316"}],"collection":[{"href":"https:\/\/guil.es\/lifters\/wp-json\/wp\/v2\/product"}],"about":[{"href":"https:\/\/guil.es\/lifters\/wp-json\/wp\/v2\/types\/product"}],"version-history":[{"count":14,"href":"https:\/\/guil.es\/lifters\/wp-json\/wp\/v2\/product\/5316\/revisions"}],"predecessor-version":[{"id":139267,"href":"https:\/\/guil.es\/lifters\/wp-json\/wp\/v2\/product\/5316\/revisions\/139267"}],"wp:featuredmedia":[{"embeddable":true,"href":"https:\/\/guil.es\/lifters\/wp-json\/wp\/v2\/media\/137240"}],"wp:attachment":[{"href":"https:\/\/guil.es\/lifters\/wp-json\/wp\/v2\/media?parent=5316"}],"wp:term":[{"taxonomy":"product_cat","embeddable":true,"href":"https:\/\/guil.es\/lifters\/wp-json\/wp\/v2\/product_cat?post=5316"},{"taxonomy":"product_tag","embeddable":true,"href":"https:\/\/guil.es\/lifters\/wp-json\/wp\/v2\/product_tag?post=5316"}],"curies":[{"name":"wp","href":"https:\/\/api.w.org\/{rel}","templated":true}]}}