{"id":5322,"date":"2019-02-20T13:09:29","date_gmt":"2019-02-20T12:09:29","guid":{"rendered":"http:\/\/guil-lifters.com\/?post_type=product&#038;p=5322"},"modified":"2026-03-12T09:24:46","modified_gmt":"2026-03-12T08:24:46","slug":"adaptador-torres-elevadoras-ref-r-720","status":"publish","type":"product","link":"https:\/\/guil.es\/lifters\/producto\/adaptador-torres-elevadoras-ref-r-720\/","title":{"rendered":"Ruedas para Elevadores de Carga Ref. ELC-720"},"content":{"rendered":"","protected":false},"excerpt":{"rendered":"<p>Juego de 4 adaptadores con ruedas para facilitar el uso y transporte de la torre\u00a0<a href=\"https:\/\/guil.es\/lifters\/producto\/elevador-de-carga-ref-elc-720\/\">ELC-720<\/a><\/p>\n<p>Cada adaptador tiene 2 ruedas dobles giratorias (1 con freno).<\/p>\n<p>&gt; Peso neto: 3.36 Kg (0.84 kg\/unidad)<\/p>\n<p>Colocando el Adaptador para Torres Elevadoras Ref. R-720,\u00a0 el transporte de la misma se hace mucho m\u00e1s sencillo. Adem\u00e1s, la colocaci\u00f3n del mismo es muy sencilla y se hace muy r\u00e1pidamente.<\/p>\n<p>El adaptador R-720 est\u00e1 fabricado en acero con acabado en pintura (EPOXI) antirrayadura.<\/p>\n<p>&nbsp;<\/p>\n<p>https:\/\/www.youtube.com\/watch?v=BEBsb0yTbIw<\/p>\n","protected":false},"featured_media":23804,"template":"","meta":[],"product_cat":[204,412],"product_tag":[],"yoast_head":"<!-- This site is optimized with the Yoast SEO plugin v19.7.1 - https:\/\/yoast.com\/wordpress\/plugins\/seo\/ -->\n<title>Ruedas para Elevadores de Carga Ref. ELC-720 - Ref. R-720 | GUIL<\/title>\n<meta name=\"description\" content=\"Adaptador para Torres Elevadoras Ref. R-720. Adaptador con ruedas para Torres elevadoras de carga frontal. Adaptador para Torres Elevadoras Ref. R-720\" \/>\n<meta name=\"robots\" content=\"index, follow, max-snippet:-1, max-image-preview:large, max-video-preview:-1\" \/>\n<link rel=\"canonical\" href=\"https:\/\/guil.es\/lifters\/producto\/adaptador-torres-elevadoras-ref-r-720\/\" \/>\n<meta property=\"og:locale\" content=\"es_ES\" \/>\n<meta property=\"og:type\" content=\"article\" \/>\n<meta property=\"og:title\" content=\"Ruedas para Elevadores de Carga Ref. ELC-720 - Ref. R-720 | GUIL\" \/>\n<meta property=\"og:description\" content=\"Adaptador para Torres Elevadoras Ref. R-720. Adaptador con ruedas para Torres elevadoras de carga frontal. Adaptador para Torres Elevadoras Ref. R-720\" \/>\n<meta property=\"og:url\" content=\"https:\/\/guil.es\/lifters\/producto\/adaptador-torres-elevadoras-ref-r-720\/\" \/>\n<meta property=\"og:site_name\" content=\"GUIL\" \/>\n<meta property=\"article:publisher\" content=\"https:\/\/www.facebook.com\/GUIL-lifters-1595855663880679\/?ref=br_rs\" \/>\n<meta property=\"article:modified_time\" content=\"2026-03-12T08:24:46+00:00\" \/>\n<meta property=\"og:image\" content=\"https:\/\/guil.es\/lifters\/wp-content\/uploads\/2019\/02\/Adaptador-Ruedas-R-720.jpg\" \/>\n\t<meta property=\"og:image:width\" content=\"300\" \/>\n\t<meta property=\"og:image:height\" content=\"300\" \/>\n\t<meta property=\"og:image:type\" content=\"image\/jpeg\" \/>\n<meta name=\"twitter:card\" content=\"summary_large_image\" \/>\n<!-- \/ Yoast SEO plugin. -->","yoast_head_json":{"title":"Ruedas para Elevadores de Carga Ref. ELC-720 - Ref. R-720 | GUIL","description":"Adaptador para Torres Elevadoras Ref. R-720. Adaptador con ruedas para Torres elevadoras de carga frontal. Adaptador para Torres Elevadoras Ref. R-720","robots":{"index":"index","follow":"follow","max-snippet":"max-snippet:-1","max-image-preview":"max-image-preview:large","max-video-preview":"max-video-preview:-1"},"canonical":"https:\/\/guil.es\/lifters\/producto\/adaptador-torres-elevadoras-ref-r-720\/","og_locale":"es_ES","og_type":"article","og_title":"Ruedas para Elevadores de Carga Ref. ELC-720 - Ref. R-720 | GUIL","og_description":"Adaptador para Torres Elevadoras Ref. R-720. Adaptador con ruedas para Torres elevadoras de carga frontal. Adaptador para Torres Elevadoras Ref. R-720","og_url":"https:\/\/guil.es\/lifters\/producto\/adaptador-torres-elevadoras-ref-r-720\/","og_site_name":"GUIL","article_publisher":"https:\/\/www.facebook.com\/GUIL-lifters-1595855663880679\/?ref=br_rs","article_modified_time":"2026-03-12T08:24:46+00:00","og_image":[{"width":300,"height":300,"url":"https:\/\/guil.es\/lifters\/wp-content\/uploads\/2019\/02\/Adaptador-Ruedas-R-720.jpg","type":"image\/jpeg"}],"twitter_card":"summary_large_image","schema":{"@context":"https:\/\/schema.org","@graph":[{"@type":"WebPage","@id":"https:\/\/guil.es\/lifters\/producto\/adaptador-torres-elevadoras-ref-r-720\/","url":"https:\/\/guil.es\/lifters\/producto\/adaptador-torres-elevadoras-ref-r-720\/","name":"Ruedas para Elevadores de Carga Ref. ELC-720 - Ref. R-720 | GUIL","isPartOf":{"@id":"https:\/\/guil.es\/lifters\/#website"},"datePublished":"2019-02-20T12:09:29+00:00","dateModified":"2026-03-12T08:24:46+00:00","description":"Adaptador para Torres Elevadoras Ref. R-720. Adaptador con ruedas para Torres elevadoras de carga frontal. Adaptador para Torres Elevadoras Ref. R-720","breadcrumb":{"@id":"https:\/\/guil.es\/lifters\/producto\/adaptador-torres-elevadoras-ref-r-720\/#breadcrumb"},"inLanguage":"es","potentialAction":[{"@type":"ReadAction","target":["https:\/\/guil.es\/lifters\/producto\/adaptador-torres-elevadoras-ref-r-720\/"]}]},{"@type":"BreadcrumbList","@id":"https:\/\/guil.es\/lifters\/producto\/adaptador-torres-elevadoras-ref-r-720\/#breadcrumb","itemListElement":[{"@type":"ListItem","position":1,"name":"Portada","item":"https:\/\/guil.es\/lifters\/"},{"@type":"ListItem","position":2,"name":"Comparativa","item":"https:\/\/guil.es\/lifters\/comparativa\/"},{"@type":"ListItem","position":3,"name":"Ruedas para Elevadores de Carga Ref. ELC-720"}]},{"@type":"WebSite","@id":"https:\/\/guil.es\/lifters\/#website","url":"https:\/\/guil.es\/lifters\/","name":"GUIL","description":"Ingenier\u00eda para la industria","publisher":{"@id":"https:\/\/guil.es\/lifters\/#organization"},"potentialAction":[{"@type":"SearchAction","target":{"@type":"EntryPoint","urlTemplate":"https:\/\/guil.es\/lifters\/?s={search_term_string}"},"query-input":"required name=search_term_string"}],"inLanguage":"es"},{"@type":"Organization","@id":"https:\/\/guil.es\/lifters\/#organization","name":"GUIL","url":"https:\/\/guil.es\/lifters\/","sameAs":["https:\/\/www.linkedin.com\/company\/guil-lifters\/","https:\/\/www.youtube.com\/channel\/UCPO_ySVpLlTabFUBnqaL48w\/videos?view_as=subscriber","https:\/\/www.instagram.com\/guil_lifters\/","https:\/\/www.facebook.com\/GUIL-lifters-1595855663880679\/?ref=br_rs"],"logo":{"@type":"ImageObject","inLanguage":"es","@id":"https:\/\/guil.es\/lifters\/#\/schema\/logo\/image\/","url":"https:\/\/new.guil.es\/wp-content\/uploads\/2019\/05\/GUIL-TORO-Negro.jpg","contentUrl":"https:\/\/new.guil.es\/wp-content\/uploads\/2019\/05\/GUIL-TORO-Negro.jpg","width":2056,"height":498,"caption":"GUIL"},"image":{"@id":"https:\/\/guil.es\/lifters\/#\/schema\/logo\/image\/"}}]}},"_links":{"self":[{"href":"https:\/\/guil.es\/lifters\/wp-json\/wp\/v2\/product\/5322"}],"collection":[{"href":"https:\/\/guil.es\/lifters\/wp-json\/wp\/v2\/product"}],"about":[{"href":"https:\/\/guil.es\/lifters\/wp-json\/wp\/v2\/types\/product"}],"version-history":[{"count":2,"href":"https:\/\/guil.es\/lifters\/wp-json\/wp\/v2\/product\/5322\/revisions"}],"predecessor-version":[{"id":139408,"href":"https:\/\/guil.es\/lifters\/wp-json\/wp\/v2\/product\/5322\/revisions\/139408"}],"wp:featuredmedia":[{"embeddable":true,"href":"https:\/\/guil.es\/lifters\/wp-json\/wp\/v2\/media\/23804"}],"wp:attachment":[{"href":"https:\/\/guil.es\/lifters\/wp-json\/wp\/v2\/media?parent=5322"}],"wp:term":[{"taxonomy":"product_cat","embeddable":true,"href":"https:\/\/guil.es\/lifters\/wp-json\/wp\/v2\/product_cat?post=5322"},{"taxonomy":"product_tag","embeddable":true,"href":"https:\/\/guil.es\/lifters\/wp-json\/wp\/v2\/product_tag?post=5322"}],"curies":[{"name":"wp","href":"https:\/\/api.w.org\/{rel}","templated":true}]}}