{"id":7263,"date":"2019-05-21T17:59:55","date_gmt":"2019-05-21T15:59:55","guid":{"rendered":"https:\/\/guil-lifters.com\/?post_type=product&#038;p=7263"},"modified":"2023-11-17T11:51:01","modified_gmt":"2023-11-17T10:51:01","slug":"adaptador-para-colocar-iluminacion-ref-act-07","status":"publish","type":"product","link":"https:\/\/guil.es\/lifters\/producto\/adaptador-para-colocar-iluminacion-ref-act-07\/","title":{"rendered":"Adaptador para <br>colocar iluminaci\u00f3n"},"content":{"rendered":"","protected":false},"excerpt":{"rendered":"<p><span style=\"font-size: 11pt;\">El Adaptador Ref. ACT-07 ha sido dise\u00f1ado para colocar iluminaci\u00f3n en los elevadores GUIL. Por un lado es un Adaptador para colocar iluminaci\u00f3n en las torres elevadoras<strong>\u00a0<a href=\"https:\/\/guil.es\/lifters\/categoria-producto\/torres-carga-suelo\/\">TORO<\/a><\/strong> de la <strong>Serie A (NEW 2020), B, C, D<\/strong> . Y por otro lado es un\u00a0Adaptador para colocar iluminaci\u00f3n en los elevadores de carga superior\u00a0<strong><a href=\"https:\/\/guil.es\/lifters\/categoria-producto\/torres-carga-superior\/\">ELC<\/a>\u00a0<\/strong>con tubo de \u00d8 35 m. Es un complemento indispensable para la iluminaci\u00f3n en grandes y peque\u00f1as construcciones.\u00a0<\/span><\/p>\n<p>Peso neto: <strong>3,80 Kg<\/strong><\/p>\n<p><img loading=\"lazy\" class=\"wp-image-24149 size-full aligncenter\" src=\"https:\/\/guil.es\/lifters\/wp-content\/uploads\/2019\/05\/Adaptador-para-focos-ACT-07-.jpg\" alt=\"\" width=\"408\" height=\"500\" srcset=\"https:\/\/guil.es\/lifters\/wp-content\/uploads\/2019\/05\/Adaptador-para-focos-ACT-07-.jpg 408w, https:\/\/guil.es\/lifters\/wp-content\/uploads\/2019\/05\/Adaptador-para-focos-ACT-07--245x300.jpg 245w\" sizes=\"(max-width: 408px) 100vw, 408px\" \/><\/p>\n","protected":false},"featured_media":24144,"template":"","meta":[],"product_cat":[204,411,714,401,376,205],"product_tag":[],"yoast_head":"<!-- This site is optimized with the Yoast SEO plugin v19.7.1 - https:\/\/yoast.com\/wordpress\/plugins\/seo\/ -->\n<title>Adaptador para colocar iluminaci\u00f3n - Ref. ACT-07 | GUIL<\/title>\n<meta name=\"description\" content=\"El Adaptador para colocar iluminaci\u00f3n - Ref. ACT-07 es compatible con las elevadoras de carga Toro serie B,C y D as\u00ed como la l\u00ednea de ELC.\" \/>\n<meta name=\"robots\" content=\"index, follow, max-snippet:-1, max-image-preview:large, max-video-preview:-1\" \/>\n<link rel=\"canonical\" href=\"https:\/\/guil.es\/lifters\/producto\/adaptador-para-colocar-iluminacion-ref-act-07\/\" \/>\n<meta property=\"og:locale\" content=\"es_ES\" \/>\n<meta property=\"og:type\" content=\"article\" \/>\n<meta property=\"og:title\" content=\"Adaptador para colocar iluminaci\u00f3n - Ref. ACT-07 | GUIL\" \/>\n<meta property=\"og:description\" content=\"El Adaptador para colocar iluminaci\u00f3n - Ref. ACT-07 es compatible con las elevadoras de carga Toro serie B,C y D as\u00ed como la l\u00ednea de ELC.\" \/>\n<meta property=\"og:url\" content=\"https:\/\/guil.es\/lifters\/producto\/adaptador-para-colocar-iluminacion-ref-act-07\/\" \/>\n<meta property=\"og:site_name\" content=\"GUIL\" \/>\n<meta property=\"article:publisher\" content=\"https:\/\/www.facebook.com\/GUIL-lifters-1595855663880679\/?ref=br_rs\" \/>\n<meta property=\"article:modified_time\" content=\"2023-11-17T10:51:01+00:00\" \/>\n<meta property=\"og:image\" content=\"https:\/\/guil.es\/lifters\/wp-content\/uploads\/2019\/05\/Adaptador-para-focos-ACT-07-1.jpg\" \/>\n\t<meta property=\"og:image:width\" content=\"265\" \/>\n\t<meta property=\"og:image:height\" content=\"265\" \/>\n\t<meta property=\"og:image:type\" content=\"image\/jpeg\" \/>\n<meta name=\"twitter:card\" content=\"summary_large_image\" \/>\n<!-- \/ Yoast SEO plugin. -->","yoast_head_json":{"title":"Adaptador para colocar iluminaci\u00f3n - Ref. ACT-07 | GUIL","description":"El Adaptador para colocar iluminaci\u00f3n - Ref. ACT-07 es compatible con las elevadoras de carga Toro serie B,C y D as\u00ed como la l\u00ednea de ELC.","robots":{"index":"index","follow":"follow","max-snippet":"max-snippet:-1","max-image-preview":"max-image-preview:large","max-video-preview":"max-video-preview:-1"},"canonical":"https:\/\/guil.es\/lifters\/producto\/adaptador-para-colocar-iluminacion-ref-act-07\/","og_locale":"es_ES","og_type":"article","og_title":"Adaptador para colocar iluminaci\u00f3n - Ref. ACT-07 | GUIL","og_description":"El Adaptador para colocar iluminaci\u00f3n - Ref. ACT-07 es compatible con las elevadoras de carga Toro serie B,C y D as\u00ed como la l\u00ednea de ELC.","og_url":"https:\/\/guil.es\/lifters\/producto\/adaptador-para-colocar-iluminacion-ref-act-07\/","og_site_name":"GUIL","article_publisher":"https:\/\/www.facebook.com\/GUIL-lifters-1595855663880679\/?ref=br_rs","article_modified_time":"2023-11-17T10:51:01+00:00","og_image":[{"width":265,"height":265,"url":"https:\/\/guil.es\/lifters\/wp-content\/uploads\/2019\/05\/Adaptador-para-focos-ACT-07-1.jpg","type":"image\/jpeg"}],"twitter_card":"summary_large_image","schema":{"@context":"https:\/\/schema.org","@graph":[{"@type":"WebPage","@id":"https:\/\/guil.es\/lifters\/producto\/adaptador-para-colocar-iluminacion-ref-act-07\/","url":"https:\/\/guil.es\/lifters\/producto\/adaptador-para-colocar-iluminacion-ref-act-07\/","name":"Adaptador para colocar iluminaci\u00f3n - Ref. ACT-07 | GUIL","isPartOf":{"@id":"https:\/\/guil.es\/lifters\/#website"},"datePublished":"2019-05-21T15:59:55+00:00","dateModified":"2023-11-17T10:51:01+00:00","description":"El Adaptador para colocar iluminaci\u00f3n - Ref. ACT-07 es compatible con las elevadoras de carga Toro serie B,C y D as\u00ed como la l\u00ednea de ELC.","breadcrumb":{"@id":"https:\/\/guil.es\/lifters\/producto\/adaptador-para-colocar-iluminacion-ref-act-07\/#breadcrumb"},"inLanguage":"es","potentialAction":[{"@type":"ReadAction","target":["https:\/\/guil.es\/lifters\/producto\/adaptador-para-colocar-iluminacion-ref-act-07\/"]}]},{"@type":"BreadcrumbList","@id":"https:\/\/guil.es\/lifters\/producto\/adaptador-para-colocar-iluminacion-ref-act-07\/#breadcrumb","itemListElement":[{"@type":"ListItem","position":1,"name":"Portada","item":"https:\/\/guil.es\/lifters\/"},{"@type":"ListItem","position":2,"name":"Comparativa","item":"https:\/\/guil.es\/lifters\/comparativa\/"},{"@type":"ListItem","position":3,"name":"Adaptador para colocar iluminaci\u00f3n"}]},{"@type":"WebSite","@id":"https:\/\/guil.es\/lifters\/#website","url":"https:\/\/guil.es\/lifters\/","name":"GUIL","description":"Ingenier\u00eda para la industria","publisher":{"@id":"https:\/\/guil.es\/lifters\/#organization"},"potentialAction":[{"@type":"SearchAction","target":{"@type":"EntryPoint","urlTemplate":"https:\/\/guil.es\/lifters\/?s={search_term_string}"},"query-input":"required name=search_term_string"}],"inLanguage":"es"},{"@type":"Organization","@id":"https:\/\/guil.es\/lifters\/#organization","name":"GUIL","url":"https:\/\/guil.es\/lifters\/","sameAs":["https:\/\/www.linkedin.com\/company\/guil-lifters\/","https:\/\/www.youtube.com\/channel\/UCPO_ySVpLlTabFUBnqaL48w\/videos?view_as=subscriber","https:\/\/www.instagram.com\/guil_lifters\/","https:\/\/www.facebook.com\/GUIL-lifters-1595855663880679\/?ref=br_rs"],"logo":{"@type":"ImageObject","inLanguage":"es","@id":"https:\/\/guil.es\/lifters\/#\/schema\/logo\/image\/","url":"https:\/\/new.guil.es\/wp-content\/uploads\/2019\/05\/GUIL-TORO-Negro.jpg","contentUrl":"https:\/\/new.guil.es\/wp-content\/uploads\/2019\/05\/GUIL-TORO-Negro.jpg","width":2056,"height":498,"caption":"GUIL"},"image":{"@id":"https:\/\/guil.es\/lifters\/#\/schema\/logo\/image\/"}}]}},"_links":{"self":[{"href":"https:\/\/guil.es\/lifters\/wp-json\/wp\/v2\/product\/7263"}],"collection":[{"href":"https:\/\/guil.es\/lifters\/wp-json\/wp\/v2\/product"}],"about":[{"href":"https:\/\/guil.es\/lifters\/wp-json\/wp\/v2\/types\/product"}],"version-history":[{"count":0,"href":"https:\/\/guil.es\/lifters\/wp-json\/wp\/v2\/product\/7263\/revisions"}],"wp:featuredmedia":[{"embeddable":true,"href":"https:\/\/guil.es\/lifters\/wp-json\/wp\/v2\/media\/24144"}],"wp:attachment":[{"href":"https:\/\/guil.es\/lifters\/wp-json\/wp\/v2\/media?parent=7263"}],"wp:term":[{"taxonomy":"product_cat","embeddable":true,"href":"https:\/\/guil.es\/lifters\/wp-json\/wp\/v2\/product_cat?post=7263"},{"taxonomy":"product_tag","embeddable":true,"href":"https:\/\/guil.es\/lifters\/wp-json\/wp\/v2\/product_tag?post=7263"}],"curies":[{"name":"wp","href":"https:\/\/api.w.org\/{rel}","templated":true}]}}