{"id":7935,"date":"2019-11-04T12:27:49","date_gmt":"2019-11-04T11:27:49","guid":{"rendered":"https:\/\/guil-lifters.com\/?post_type=product&#038;p=7935"},"modified":"2026-03-12T09:15:16","modified_gmt":"2026-03-12T08:15:16","slug":"bandeja-para-elevadora-ref-bc-07","status":"publish","type":"product","link":"https:\/\/guil.es\/lifters\/producto\/bandeja-para-elevadora-ref-bc-07\/","title":{"rendered":"Bandeja plegable de aluminio<br>(450&#215;435 mm)"},"content":{"rendered":"","protected":false},"excerpt":{"rendered":"<p style=\"text-align: justify;\"><span style=\"color: #000000;\"><strong>Bandeja para elevadora Ref. BC-07, fabricada en aluminio con dise\u00f1o plegable.<\/strong><\/span><\/p>\n<p style=\"text-align: justify;\"><span style=\"color: #000000;\">Bandeja para elevadora Ref. BC-07 est\u00e1 fabricada en aluminio y es un complemento perfecto que todo profesional debe tener en cuenta.<br \/>\nSiempre priorizando la seguridad en su trabajo y ofreciendo la m\u00e1xima calidad en todos nuestros fabricados.<br \/>\n<\/span><\/p>\n<p style=\"color: #333333; font-style: normal; text-align: justify;\"><span style=\"color: #000000;\">\u25aa Ref. <strong>BC-07\/M<\/strong><\/span><br \/>\nBandeja de aluminio con tubo de inserci\u00f3n de \u00d8 35 mm (macho), (dise\u00f1o plegable). Para elevadores de carga \u00a0<a href=\"https:\/\/guil.es\/lifters\/producto\/elevador-de-carga-ref-elc-720\/\">ELC-720<\/a>, <a href=\"https:\/\/guil.es\/lifters\/en\/products\/material-lifters-elc-730-r\/\">ELC-730\/R<\/a>, <a href=\"https:\/\/guil.es\/lifters\/en\/products\/material-lifter-ref-elc-725\/\">ELC-725<\/a>, <a href=\"https:\/\/guil.es\/lifters\/en\/products\/material-lifter-with-tray-ref-elc-725-d\/\">ELC-725\/D<\/a> y\u00a0<a href=\"https:\/\/guil.es\/lifters\/producto\/elevador-carga-superior-ref-elc-755\/\">ELC-755<\/a> &#8211; Peso Neto: 2,75 Kg<br \/>\n<span style=\"color: #000000;\">&gt; Medidas bandeja plegada: 450 x 230 x 150 mm<\/span><br \/>\n<span style=\"color: #000000;\">&gt; Medidas bandeja desplegada: 450 x 435 x 140 mm<\/span><\/p>\n<p style=\"text-align: justify;\"><span style=\"color: #727272;\"><span style=\"color: #000000;\">\u25aa Ref. <strong>BC-07\/H<br \/>\n<\/strong>Bandeja de aluminio para tubo de inserci\u00f3n de \u00d8 35 mm (hembra), (dise\u00f1o plegable). Para los elevadores de carga <a href=\"https:\/\/guil-lifters.com\/producto\/elc-700\/\">ELC-700<\/a>\u00a0y\u00a0<a href=\"https:\/\/guil-lifters.com\/producto\/elevador-de-carga-elc-710\/\">ELC-710<\/a> &#8211; Peso Neto: 2,85 Kg<br \/>\n<\/span><\/span><\/p>\n<p>El adaptador BC-07\u00a0est\u00e1 fabricado en acero con acabado en pintura (EPOXI) antirrayadura.<br \/>\n<span style=\"color: #000000;\">&gt; Medidas bandeja plegada: 450 x 230 x 150 mm<\/span><br \/>\n<span style=\"color: #000000;\">&gt; Medidas bandeja desplegada: 450 x 435 x 140 mm<\/span><\/p>\n<p>https:\/\/www.youtube.com\/watch?v=A_CrD1TkO0o<\/p>\n","protected":false},"featured_media":23667,"template":"","meta":[],"product_cat":[204,567,441,412,845,413,533],"product_tag":[540,542,564,541],"yoast_head":"<!-- This site is optimized with the Yoast SEO plugin v19.7.1 - https:\/\/yoast.com\/wordpress\/plugins\/seo\/ -->\n<title>Bandeja plegable de aluminio(450x435 mm) - Ref. BC-07 | GUIL<\/title>\n<meta name=\"description\" content=\"Bandeja para elevadora\u00a0Ref. BC-07 est\u00e1 fabricada en aluminio y es un complemento perfecto que todo profesional debe tener en cuenta.\" \/>\n<meta name=\"robots\" content=\"index, follow, max-snippet:-1, max-image-preview:large, max-video-preview:-1\" \/>\n<link rel=\"canonical\" href=\"https:\/\/guil.es\/lifters\/producto\/bandeja-para-elevadora-ref-bc-07\/\" \/>\n<meta property=\"og:locale\" content=\"es_ES\" \/>\n<meta property=\"og:type\" content=\"article\" \/>\n<meta property=\"og:title\" content=\"Bandeja plegable de aluminio(450x435 mm) - Ref. BC-07 | GUIL\" \/>\n<meta property=\"og:description\" content=\"Bandeja para elevadora\u00a0Ref. BC-07 est\u00e1 fabricada en aluminio y es un complemento perfecto que todo profesional debe tener en cuenta.\" \/>\n<meta property=\"og:url\" content=\"https:\/\/guil.es\/lifters\/producto\/bandeja-para-elevadora-ref-bc-07\/\" \/>\n<meta property=\"og:site_name\" content=\"GUIL\" \/>\n<meta property=\"article:publisher\" content=\"https:\/\/www.facebook.com\/GUIL-lifters-1595855663880679\/?ref=br_rs\" \/>\n<meta property=\"article:modified_time\" content=\"2026-03-12T08:15:16+00:00\" \/>\n<meta property=\"og:image\" content=\"https:\/\/guil.es\/lifters\/wp-content\/uploads\/2019\/11\/Bandeja-para-Elevador-de-Carga-BC-07-10.jpg\" \/>\n\t<meta property=\"og:image:width\" content=\"300\" \/>\n\t<meta property=\"og:image:height\" content=\"300\" \/>\n\t<meta property=\"og:image:type\" content=\"image\/jpeg\" \/>\n<meta name=\"twitter:card\" content=\"summary_large_image\" \/>\n<!-- \/ Yoast SEO plugin. -->","yoast_head_json":{"title":"Bandeja plegable de aluminio(450x435 mm) - Ref. BC-07 | GUIL","description":"Bandeja para elevadora\u00a0Ref. BC-07 est\u00e1 fabricada en aluminio y es un complemento perfecto que todo profesional debe tener en cuenta.","robots":{"index":"index","follow":"follow","max-snippet":"max-snippet:-1","max-image-preview":"max-image-preview:large","max-video-preview":"max-video-preview:-1"},"canonical":"https:\/\/guil.es\/lifters\/producto\/bandeja-para-elevadora-ref-bc-07\/","og_locale":"es_ES","og_type":"article","og_title":"Bandeja plegable de aluminio(450x435 mm) - Ref. BC-07 | GUIL","og_description":"Bandeja para elevadora\u00a0Ref. BC-07 est\u00e1 fabricada en aluminio y es un complemento perfecto que todo profesional debe tener en cuenta.","og_url":"https:\/\/guil.es\/lifters\/producto\/bandeja-para-elevadora-ref-bc-07\/","og_site_name":"GUIL","article_publisher":"https:\/\/www.facebook.com\/GUIL-lifters-1595855663880679\/?ref=br_rs","article_modified_time":"2026-03-12T08:15:16+00:00","og_image":[{"width":300,"height":300,"url":"https:\/\/guil.es\/lifters\/wp-content\/uploads\/2019\/11\/Bandeja-para-Elevador-de-Carga-BC-07-10.jpg","type":"image\/jpeg"}],"twitter_card":"summary_large_image","schema":{"@context":"https:\/\/schema.org","@graph":[{"@type":"WebPage","@id":"https:\/\/guil.es\/lifters\/producto\/bandeja-para-elevadora-ref-bc-07\/","url":"https:\/\/guil.es\/lifters\/producto\/bandeja-para-elevadora-ref-bc-07\/","name":"Bandeja plegable de aluminio (450x435 mm) - Ref. BC-07 | GUIL","isPartOf":{"@id":"https:\/\/guil.es\/lifters\/#website"},"datePublished":"2019-11-04T11:27:49+00:00","dateModified":"2026-03-12T08:15:16+00:00","description":"Bandeja para elevadora\u00a0Ref. BC-07 est\u00e1 fabricada en aluminio y es un complemento perfecto que todo profesional debe tener en cuenta.","breadcrumb":{"@id":"https:\/\/guil.es\/lifters\/producto\/bandeja-para-elevadora-ref-bc-07\/#breadcrumb"},"inLanguage":"es","potentialAction":[{"@type":"ReadAction","target":["https:\/\/guil.es\/lifters\/producto\/bandeja-para-elevadora-ref-bc-07\/"]}]},{"@type":"BreadcrumbList","@id":"https:\/\/guil.es\/lifters\/producto\/bandeja-para-elevadora-ref-bc-07\/#breadcrumb","itemListElement":[{"@type":"ListItem","position":1,"name":"Portada","item":"https:\/\/guil.es\/lifters\/"},{"@type":"ListItem","position":2,"name":"Comparativa","item":"https:\/\/guil.es\/lifters\/comparativa\/"},{"@type":"ListItem","position":3,"name":"Bandeja plegable de aluminio(450&#215;435 mm)"}]},{"@type":"WebSite","@id":"https:\/\/guil.es\/lifters\/#website","url":"https:\/\/guil.es\/lifters\/","name":"GUIL","description":"Ingenier\u00eda para la industria","publisher":{"@id":"https:\/\/guil.es\/lifters\/#organization"},"potentialAction":[{"@type":"SearchAction","target":{"@type":"EntryPoint","urlTemplate":"https:\/\/guil.es\/lifters\/?s={search_term_string}"},"query-input":"required name=search_term_string"}],"inLanguage":"es"},{"@type":"Organization","@id":"https:\/\/guil.es\/lifters\/#organization","name":"GUIL","url":"https:\/\/guil.es\/lifters\/","sameAs":["https:\/\/www.linkedin.com\/company\/guil-lifters\/","https:\/\/www.youtube.com\/channel\/UCPO_ySVpLlTabFUBnqaL48w\/videos?view_as=subscriber","https:\/\/www.instagram.com\/guil_lifters\/","https:\/\/www.facebook.com\/GUIL-lifters-1595855663880679\/?ref=br_rs"],"logo":{"@type":"ImageObject","inLanguage":"es","@id":"https:\/\/guil.es\/lifters\/#\/schema\/logo\/image\/","url":"https:\/\/new.guil.es\/wp-content\/uploads\/2019\/05\/GUIL-TORO-Negro.jpg","contentUrl":"https:\/\/new.guil.es\/wp-content\/uploads\/2019\/05\/GUIL-TORO-Negro.jpg","width":2056,"height":498,"caption":"GUIL"},"image":{"@id":"https:\/\/guil.es\/lifters\/#\/schema\/logo\/image\/"}}]}},"_links":{"self":[{"href":"https:\/\/guil.es\/lifters\/wp-json\/wp\/v2\/product\/7935"}],"collection":[{"href":"https:\/\/guil.es\/lifters\/wp-json\/wp\/v2\/product"}],"about":[{"href":"https:\/\/guil.es\/lifters\/wp-json\/wp\/v2\/types\/product"}],"version-history":[{"count":3,"href":"https:\/\/guil.es\/lifters\/wp-json\/wp\/v2\/product\/7935\/revisions"}],"predecessor-version":[{"id":139404,"href":"https:\/\/guil.es\/lifters\/wp-json\/wp\/v2\/product\/7935\/revisions\/139404"}],"wp:featuredmedia":[{"embeddable":true,"href":"https:\/\/guil.es\/lifters\/wp-json\/wp\/v2\/media\/23667"}],"wp:attachment":[{"href":"https:\/\/guil.es\/lifters\/wp-json\/wp\/v2\/media?parent=7935"}],"wp:term":[{"taxonomy":"product_cat","embeddable":true,"href":"https:\/\/guil.es\/lifters\/wp-json\/wp\/v2\/product_cat?post=7935"},{"taxonomy":"product_tag","embeddable":true,"href":"https:\/\/guil.es\/lifters\/wp-json\/wp\/v2\/product_tag?post=7935"}],"curies":[{"name":"wp","href":"https:\/\/api.w.org\/{rel}","templated":true}]}}