{"id":9124,"date":"2019-12-12T13:07:09","date_gmt":"2019-12-12T12:07:09","guid":{"rendered":"https:\/\/guil-lifters.com\/?post_type=product&#038;p=9124"},"modified":"2024-01-22T11:45:42","modified_gmt":"2024-01-22T10:45:42","slug":"adaptador-para-colocar-iluminacion-en-los-elevadores-ref-act-07","status":"publish","type":"product","link":"https:\/\/guil.es\/lifters\/producto\/adaptador-para-colocar-iluminacion-en-los-elevadores-ref-act-07\/","title":{"rendered":"Adaptador para <br>colocar iluminaci\u00f3n"},"content":{"rendered":"<p>[vc_row css=\u00bb.vc_custom_1575978741116{margin-top: 20px !important;}\u00bb][vc_column][\/vc_column][\/vc_row]<\/p>\n","protected":false},"excerpt":{"rendered":"<p><span style=\"font-size: 11pt;\">El Adaptador- Ref. ACT-07 ha sido dise\u00f1ado\u00a0 para colocar iluminaci\u00f3n en los elevadores GUIL. Por un lado es un Adaptador para colocar iluminaci\u00f3n para las torres elevadoras<strong>\u00a0<a href=\"https:\/\/guil.es\/lifters\/categoria-producto\/torres-carga-suelo\/\">TORO<\/a><\/strong> de la serie B, C, D. Y por otro lado es un\u00a0Adaptador para colocar iluminaci\u00f3n para los elevadores de carga superior\u00a0<strong><a href=\"https:\/\/guil.es\/lifters\/categoria-producto\/torres-carga-superior\/\">ELC<\/a>\u00a0<\/strong>con tubo de \u00d8 35 m. Es un complemento indispensable para la iluminaci\u00f3n en grandes y peque\u00f1as construcciones.\u00a0<\/span><\/p>\n<p>Peso Neto: <strong>3,80 Kg<\/strong><\/p>\n<p>&nbsp;<\/p>\n<p>&nbsp;<\/p>\n<p>Consulta todos los adaptadores para<strong> torres elevadoras\u00a0ELC<\/strong>\u00a0<a href=\"https:\/\/guil.es\/lifters\/categoria-producto\/accesorios\/adaptadores-y-accesorios-elc\/\">aqu\u00ed<\/a>.<\/p>\n<div class=\"wpb_text_column wpb_content_element vc_custom_1569578502773\">\n<div class=\"wpb_wrapper\">\n<p>Consulta nuestra gama\u00a0<strong>ELC<\/strong>\u00a0(Elevaci\u00f3n de carga superior)\u00a0<a href=\"https:\/\/guil.es\/lifters\/categoria-producto\/torres-carga-superior\/\">aqu\u00ed\u00a0<\/a><\/p>\n<p>Para ver toda nuestra gama de torres elevadoras de carga frontal (es decir, desde el suelo)\u00a0<strong>TORO<\/strong>\u00a0pincha\u00a0<a href=\"https:\/\/guil.es\/lifters\/categoria-producto\/torres-carga-suelo\/\">aqu\u00ed\u00a0<\/a><\/p>\n<p>Sigue todas nuestras novedades de torres elevadoras en\u00a0<a href=\"https:\/\/www.instagram.com\/guil_lifters\/\">Instagram<\/a>\u00a0o\u00a0<a href=\"https:\/\/www.facebook.com\/GUIL-lifters-1595855663880679\/?view_public_for=1595855663880679\">Facebook<\/a>.<\/p>\n<\/div>\n<\/div>\n","protected":false},"featured_media":73856,"template":"","meta":[],"product_cat":[204,506,412,845,413],"product_tag":[],"yoast_head":"<!-- This site is optimized with the Yoast SEO plugin v19.7.1 - https:\/\/yoast.com\/wordpress\/plugins\/seo\/ -->\n<title>Adaptador para colocar iluminaci\u00f3n - Ref. ACT-07 | GUIL<\/title>\n<meta name=\"description\" content=\"El Adaptador para colocar iluminaci\u00f3n - Ref. ACT-07 es compatible con las elevadoras de carga Toro serie B,C y D as\u00ed como la l\u00ednea de ELC.\" \/>\n<meta name=\"robots\" content=\"index, follow, max-snippet:-1, max-image-preview:large, max-video-preview:-1\" \/>\n<link rel=\"canonical\" href=\"https:\/\/guil.es\/lifters\/producto\/adaptador-para-colocar-iluminacion-en-los-elevadores-ref-act-07\/\" \/>\n<meta property=\"og:locale\" content=\"es_ES\" \/>\n<meta property=\"og:type\" content=\"article\" \/>\n<meta property=\"og:title\" content=\"Adaptador para colocar iluminaci\u00f3n - Ref. ACT-07 | GUIL\" \/>\n<meta property=\"og:description\" content=\"El Adaptador para colocar iluminaci\u00f3n - Ref. ACT-07 es compatible con las elevadoras de carga Toro serie B,C y D as\u00ed como la l\u00ednea de ELC.\" \/>\n<meta property=\"og:url\" content=\"https:\/\/guil.es\/lifters\/producto\/adaptador-para-colocar-iluminacion-en-los-elevadores-ref-act-07\/\" \/>\n<meta property=\"og:site_name\" content=\"GUIL\" \/>\n<meta property=\"article:publisher\" content=\"https:\/\/www.facebook.com\/GUIL-lifters-1595855663880679\/?ref=br_rs\" \/>\n<meta property=\"article:modified_time\" content=\"2024-01-22T10:45:42+00:00\" \/>\n<meta property=\"og:image\" content=\"https:\/\/guil.es\/lifters\/wp-content\/uploads\/2019\/12\/Adaptor-ACT-07.jpg\" \/>\n\t<meta property=\"og:image:width\" content=\"300\" \/>\n\t<meta property=\"og:image:height\" content=\"300\" \/>\n\t<meta property=\"og:image:type\" content=\"image\/jpeg\" \/>\n<meta name=\"twitter:card\" content=\"summary_large_image\" \/>\n<meta name=\"twitter:label1\" content=\"Tiempo de lectura\" \/>\n\t<meta name=\"twitter:data1\" content=\"1 minuto\" \/>\n<!-- \/ Yoast SEO plugin. -->","yoast_head_json":{"title":"Adaptador para colocar iluminaci\u00f3n - Ref. ACT-07 | GUIL","description":"El Adaptador para colocar iluminaci\u00f3n - Ref. ACT-07 es compatible con las elevadoras de carga Toro serie B,C y D as\u00ed como la l\u00ednea de ELC.","robots":{"index":"index","follow":"follow","max-snippet":"max-snippet:-1","max-image-preview":"max-image-preview:large","max-video-preview":"max-video-preview:-1"},"canonical":"https:\/\/guil.es\/lifters\/producto\/adaptador-para-colocar-iluminacion-en-los-elevadores-ref-act-07\/","og_locale":"es_ES","og_type":"article","og_title":"Adaptador para colocar iluminaci\u00f3n - Ref. ACT-07 | GUIL","og_description":"El Adaptador para colocar iluminaci\u00f3n - Ref. ACT-07 es compatible con las elevadoras de carga Toro serie B,C y D as\u00ed como la l\u00ednea de ELC.","og_url":"https:\/\/guil.es\/lifters\/producto\/adaptador-para-colocar-iluminacion-en-los-elevadores-ref-act-07\/","og_site_name":"GUIL","article_publisher":"https:\/\/www.facebook.com\/GUIL-lifters-1595855663880679\/?ref=br_rs","article_modified_time":"2024-01-22T10:45:42+00:00","og_image":[{"width":300,"height":300,"url":"https:\/\/guil.es\/lifters\/wp-content\/uploads\/2019\/12\/Adaptor-ACT-07.jpg","type":"image\/jpeg"}],"twitter_card":"summary_large_image","twitter_misc":{"Tiempo de lectura":"1 minuto"},"schema":{"@context":"https:\/\/schema.org","@graph":[{"@type":"WebPage","@id":"https:\/\/guil.es\/lifters\/producto\/adaptador-para-colocar-iluminacion-en-los-elevadores-ref-act-07\/","url":"https:\/\/guil.es\/lifters\/producto\/adaptador-para-colocar-iluminacion-en-los-elevadores-ref-act-07\/","name":"Adaptador para colocar iluminaci\u00f3n - Ref. ACT-07 | GUIL","isPartOf":{"@id":"https:\/\/guil.es\/lifters\/#website"},"datePublished":"2019-12-12T12:07:09+00:00","dateModified":"2024-01-22T10:45:42+00:00","description":"El Adaptador para colocar iluminaci\u00f3n - Ref. ACT-07 es compatible con las elevadoras de carga Toro serie B,C y D as\u00ed como la l\u00ednea de ELC.","breadcrumb":{"@id":"https:\/\/guil.es\/lifters\/producto\/adaptador-para-colocar-iluminacion-en-los-elevadores-ref-act-07\/#breadcrumb"},"inLanguage":"es","potentialAction":[{"@type":"ReadAction","target":["https:\/\/guil.es\/lifters\/producto\/adaptador-para-colocar-iluminacion-en-los-elevadores-ref-act-07\/"]}]},{"@type":"BreadcrumbList","@id":"https:\/\/guil.es\/lifters\/producto\/adaptador-para-colocar-iluminacion-en-los-elevadores-ref-act-07\/#breadcrumb","itemListElement":[{"@type":"ListItem","position":1,"name":"Portada","item":"https:\/\/guil.es\/lifters\/"},{"@type":"ListItem","position":2,"name":"Comparativa","item":"https:\/\/guil.es\/lifters\/comparativa\/"},{"@type":"ListItem","position":3,"name":"Adaptador para colocar iluminaci\u00f3n"}]},{"@type":"WebSite","@id":"https:\/\/guil.es\/lifters\/#website","url":"https:\/\/guil.es\/lifters\/","name":"GUIL","description":"Ingenier\u00eda para la industria","publisher":{"@id":"https:\/\/guil.es\/lifters\/#organization"},"potentialAction":[{"@type":"SearchAction","target":{"@type":"EntryPoint","urlTemplate":"https:\/\/guil.es\/lifters\/?s={search_term_string}"},"query-input":"required name=search_term_string"}],"inLanguage":"es"},{"@type":"Organization","@id":"https:\/\/guil.es\/lifters\/#organization","name":"GUIL","url":"https:\/\/guil.es\/lifters\/","sameAs":["https:\/\/www.linkedin.com\/company\/guil-lifters\/","https:\/\/www.youtube.com\/channel\/UCPO_ySVpLlTabFUBnqaL48w\/videos?view_as=subscriber","https:\/\/www.instagram.com\/guil_lifters\/","https:\/\/www.facebook.com\/GUIL-lifters-1595855663880679\/?ref=br_rs"],"logo":{"@type":"ImageObject","inLanguage":"es","@id":"https:\/\/guil.es\/lifters\/#\/schema\/logo\/image\/","url":"https:\/\/new.guil.es\/wp-content\/uploads\/2019\/05\/GUIL-TORO-Negro.jpg","contentUrl":"https:\/\/new.guil.es\/wp-content\/uploads\/2019\/05\/GUIL-TORO-Negro.jpg","width":2056,"height":498,"caption":"GUIL"},"image":{"@id":"https:\/\/guil.es\/lifters\/#\/schema\/logo\/image\/"}}]}},"_links":{"self":[{"href":"https:\/\/guil.es\/lifters\/wp-json\/wp\/v2\/product\/9124"}],"collection":[{"href":"https:\/\/guil.es\/lifters\/wp-json\/wp\/v2\/product"}],"about":[{"href":"https:\/\/guil.es\/lifters\/wp-json\/wp\/v2\/types\/product"}],"version-history":[{"count":0,"href":"https:\/\/guil.es\/lifters\/wp-json\/wp\/v2\/product\/9124\/revisions"}],"wp:featuredmedia":[{"embeddable":true,"href":"https:\/\/guil.es\/lifters\/wp-json\/wp\/v2\/media\/73856"}],"wp:attachment":[{"href":"https:\/\/guil.es\/lifters\/wp-json\/wp\/v2\/media?parent=9124"}],"wp:term":[{"taxonomy":"product_cat","embeddable":true,"href":"https:\/\/guil.es\/lifters\/wp-json\/wp\/v2\/product_cat?post=9124"},{"taxonomy":"product_tag","embeddable":true,"href":"https:\/\/guil.es\/lifters\/wp-json\/wp\/v2\/product_tag?post=9124"}],"curies":[{"name":"wp","href":"https:\/\/api.w.org\/{rel}","templated":true}]}}